{"id":8385,"date":"2023-04-02T16:31:08","date_gmt":"2023-04-02T16:31:08","guid":{"rendered":"https:\/\/cancerfertilityandme.org.uk\/fruchtbarkeitserhaltende-verfahren-bei-bestimmten-krebsarten\/"},"modified":"2026-02-03T12:42:49","modified_gmt":"2026-02-03T12:42:49","slug":"fruchtbarkeitserhaltende-verfahren-bei-bestimmten-krebsarten","status":"publish","type":"page","link":"https:\/\/cancerfertilityandme.org.uk\/de\/junge-frauen\/erhaltung-der-fruchtbarkeit\/fruchtbarkeitserhaltende-verfahren-bei-bestimmten-krebsarten\/","title":{"rendered":"Fruchtbarkeitserhaltende Verfahren bei bestimmten Krebsarten"},"content":{"rendered":"\t\t<div data-elementor-type=\"wp-page\" data-elementor-id=\"8385\" class=\"elementor elementor-8385 elementor-7759\" data-elementor-post-type=\"page\">\n\t\t\t\t<main class=\"elementor-element elementor-element-7ee869af e-flex e-con-boxed e-con e-parent\" data-id=\"7ee869af\" data-element_type=\"container\" data-e-type=\"container\">\n\t\t\t\t\t<div class=\"e-con-inner\">\n\t\t<div class=\"elementor-element elementor-element-4b7d4066 e-con-full e-flex e-con e-child\" data-id=\"4b7d4066\" data-element_type=\"container\" data-e-type=\"container\">\n\t\t\t\t<div class=\"elementor-element elementor-element-2e20a840 elementor-widget elementor-widget-text-editor\" data-id=\"2e20a840\" data-element_type=\"widget\" data-e-type=\"widget\" data-widget_type=\"text-editor.default\">\n\t\t\t\t<div class=\"elementor-widget-container\">\n\t\t\t\t\t\t\t\t\t<h2>Fruchtbarkeitserhaltende Verfahren bei bestimmten Krebsarten<\/h2><p><strong>Wenn bei Ihnen Geb\u00e4rmutterhalskrebs diagnostiziert wurde oder Sie mit einer Strahlentherapie im Beckenbereich behandelt werden, stehen Ihnen neben den auf den vorhergehenden Seiten beschriebenen M\u00f6glichkeiten zur Erhaltung der Fruchtbarkeit m\u00f6glicherweise auch spezielle Behandlungen zur Verf\u00fcgung, die die Fruchtbarkeit erhalten k\u00f6nnen. Das Krebsteam spricht mit den Frauen \u00fcber diese fruchtbarkeitserhaltenden Verfahren als Teil ihrer Krebsbehandlung. <\/strong><\/p><p><strong>Trachelectomy<\/strong><\/p><p>Die Trachelektomie ist ein chirurgischer Eingriff zur Entfernung von Krebs aus dem Geb\u00e4rmutterhals. Dabei werden der Geb\u00e4rmutterhals, der obere Teil der Vagina und die Lymphdr\u00fcsen im Becken entnommen. Die Geb\u00e4rmutter bleibt erhalten. <\/p><p>Dies kann eine Option sein, wenn bei Ihnen Geb\u00e4rmutterhalskrebs im Fr\u00fchstadium diagnostiziert wurde. Zu den Nebenwirkungen k\u00f6nnen Blutungen und Infektionen sowie Blutgerinnsel in den Venen (Thrombose) geh\u00f6ren. Chirurgische Nebenwirkungen k\u00f6nnen ein Schnitt im Darm oder in der Blase sein, der weitere Blasenprobleme verursacht, sowie Probleme mit der Menstruation. Es handelt sich um einen tageschirurgischen Eingriff, der keine Verz\u00f6gerung der Krebsbehandlung zur Folge hat.   <\/p><p>Eine Trachelektomie gibt einer jungen Frau mit Geb\u00e4rmutterhalskrebs im Fr\u00fchstadium die Chance, nach der Krebsbehandlung ein Baby zu bekommen. Bei Frauen, die nach dem Eingriff schwanger werden, besteht das Risiko einer Fehl- oder Fr\u00fchgeburt. Das Baby muss per Kaiserschnitt entbunden werden. Studien haben gezeigt, dass eine Trachelektomie keinen Einfluss auf das Risiko eines erneuten Auftretens des Krebses hat.   <\/p><p><strong>Eierstockverlagerung<\/strong><\/p><p>Die Eierstockverlagerung ist ein chirurgischer Eingriff, bei dem die Eierst\u00f6cke aus dem Bereich der Strahlentherapie entfernt werden. Dies kann eine Option sein, wenn Sie eine Strahlentherapie im Beckenbereich erhalten. <\/p><p>Zu den Nebenwirkungen k\u00f6nnen Verletzungen der inneren Organe geh\u00f6ren. Es handelt sich um einen ambulanten Eingriff, der keine Verz\u00f6gerung der Krebsbehandlung zur Folge hat. Es ist nicht bekannt, ob die Eierstockverpflanzung einer Frau nach einer Krebsbehandlung hilft, ein Kind zu bekommen. Studien haben gezeigt, dass die Eierstockverlagerung keinen Einfluss auf die Wahrscheinlichkeit hat, dass der Krebs zur\u00fcckkehrt. Sie sch\u00fctzt die Eierst\u00f6cke nicht vor den Auswirkungen der Chemotherapie.    <\/p><p><strong>Abschirmung der Eierst\u00f6cke<\/strong><\/p><p>Die Abschirmung der Eierst\u00f6cke sch\u00fctzt die Eierst\u00f6cke w\u00e4hrend der Strahlentherapie. Dies kann eine Option sein, wenn Sie eine Strahlentherapie im Beckenbereich erhalten. W\u00e4hrend der Bestrahlung wird eine Schutzh\u00fclle an der Au\u00dfenseite des K\u00f6rpers \u00fcber dem Bereich der Eierst\u00f6cke angebracht.  <\/p><p>Nach der Strahlenbehandlung k\u00f6nnen Sie sofort nach Hause gehen. Durch die Abschirmung wird die Krebsbehandlung nicht verz\u00f6gert. Auch wenn Ihnen dies angeboten wird, deuten die Daten darauf hin, dass die Abschirmung der Eierst\u00f6cke w\u00e4hrend der Strahlentherapie einen schlechten Schutz f\u00fcr die Eierst\u00f6cke bietet.  <\/p><p>Die Chancen, nach einer Krebsbehandlung ein Kind zu bekommen, sind nicht bekannt. Es ist noch nicht bekannt, ob sich die Abschirmung der Eierst\u00f6cke auf die Wahrscheinlichkeit auswirkt, dass der Krebs w\u00e4chst oder wiederkehrt. Sie sch\u00fctzt die Eierst\u00f6cke nicht vor den Auswirkungen der Chemotherapie.  <\/p>\t\t\t\t\t\t\t\t<\/div>\n\t\t\t\t<\/div>\n\t\t\t\t<\/div>\n\t\t<div class=\"elementor-element elementor-element-621436b2 e-con-full e-flex e-con e-child\" data-id=\"621436b2\" data-element_type=\"container\" data-e-type=\"container\">\n\t\t<div class=\"elementor-element elementor-element-7f887a8d e-con-full e-flex e-con e-child\" data-id=\"7f887a8d\" data-element_type=\"container\" data-e-type=\"container\">\n\t\t\t\t<div class=\"elementor-element elementor-element-386f9261 elementor-widget elementor-widget-image\" data-id=\"386f9261\" data-element_type=\"widget\" data-e-type=\"widget\" data-widget_type=\"image.default\">\n\t\t\t\t<div class=\"elementor-widget-container\">\n\t\t\t\t\t\t\t\t\t\t\t\t\t\t\t\t<a href=\"http:\/\/.\/\">\n\t\t\t\t\t\t\t<img decoding=\"async\" width=\"200\" height=\"200\" src=\"https:\/\/cancerfertilityandme.org.uk\/wp-content\/uploads\/cancerfertilityandme-logo-header-young-women.png\" class=\"attachment-full size-full wp-image-3191\" alt=\"\" srcset=\"https:\/\/cancerfertilityandme.org.uk\/wp-content\/uploads\/cancerfertilityandme-logo-header-young-women.png 200w, https:\/\/cancerfertilityandme.org.uk\/wp-content\/uploads\/cancerfertilityandme-logo-header-young-women-150x150.png 150w, https:\/\/cancerfertilityandme.org.uk\/wp-content\/uploads\/elementor\/thumbs\/cancerfertilityandme-logo-header-young-women-r4vfcv1ro149or8nkxzol3x986uodd6lq6no4gpb6w.png 100w\" sizes=\"(max-width: 200px) 100vw, 200px\" \/>\t\t\t\t\t\t\t\t<\/a>\n\t\t\t\t\t\t\t\t\t\t\t\t\t\t\t<\/div>\n\t\t\t\t<\/div>\n\t\t\t\t<\/div>\n\t\t<div class=\"elementor-element elementor-element-61a813ad e-con-full e-flex e-con e-child\" data-id=\"61a813ad\" data-element_type=\"container\" data-e-type=\"container\">\n\t\t\t\t<div class=\"elementor-element elementor-element-46390266 elementor-widget elementor-widget-heading\" data-id=\"46390266\" data-element_type=\"widget\" data-e-type=\"widget\" data-widget_type=\"heading.default\">\n\t\t\t\t<div class=\"elementor-widget-container\">\n\t\t\t\t\t<h3 class=\"elementor-heading-title elementor-size-default\">\u00dcber folgenden Link gelangen Sie zu weiteren Informationen<\/h3>\t\t\t\t<\/div>\n\t\t\t\t<\/div>\n\t\t\t\t<div class=\"elementor-element elementor-element-54ac4883 elementor-nav-menu--dropdown-none elementor-widget elementor-widget-nav-menu\" data-id=\"54ac4883\" data-element_type=\"widget\" data-e-type=\"widget\" data-settings=\"{&quot;layout&quot;:&quot;vertical&quot;,&quot;submenu_icon&quot;:{&quot;value&quot;:&quot;&lt;svg aria-hidden=\\&quot;true\\&quot; class=\\&quot;e-font-icon-svg e-fas-caret-down\\&quot; viewBox=\\&quot;0 0 320 512\\&quot; xmlns=\\&quot;http:\\\/\\\/www.w3.org\\\/2000\\\/svg\\&quot;&gt;&lt;path d=\\&quot;M31.3 192h257.3c17.8 0 26.7 21.5 14.1 34.1L174.1 354.8c-7.8 7.8-20.5 7.8-28.3 0L17.2 226.1C4.6 213.5 13.5 192 31.3 192z\\&quot;&gt;&lt;\\\/path&gt;&lt;\\\/svg&gt;&quot;,&quot;library&quot;:&quot;fa-solid&quot;}}\" data-widget_type=\"nav-menu.default\">\n\t\t\t\t<div class=\"elementor-widget-container\">\n\t\t\t\t\t\t\t\t<nav aria-label=\"Menu\" class=\"elementor-nav-menu--main elementor-nav-menu__container elementor-nav-menu--layout-vertical e--pointer-none\">\n\t\t\t\t<ul id=\"menu-1-54ac4883\" class=\"elementor-nav-menu sm-vertical\"><li class=\"menu-item menu-item-type-post_type menu-item-object-page menu-item-8511\"><a href=\"https:\/\/cancerfertilityandme.org.uk\/young-women\/fertility-preservation\/\" class=\"elementor-item\">Erhaltung der Fruchtbarkeit<\/a><\/li>\n<li class=\"menu-item menu-item-type-post_type menu-item-object-page menu-item-8514\"><a href=\"https:\/\/cancerfertilityandme.org.uk\/young-women\/fertility-preservation\/no-fertility-preservation\/\" class=\"elementor-item\">Keine Fruchtbarkeitserhaltung<\/a><\/li>\n<li class=\"menu-item menu-item-type-post_type menu-item-object-page menu-item-8512\"><a href=\"https:\/\/cancerfertilityandme.org.uk\/young-women\/fertility-preservation\/egg-freezing\/\" class=\"elementor-item\">Einfrieren von Eizellen<\/a><\/li>\n<li class=\"menu-item menu-item-type-post_type menu-item-object-page menu-item-8513\"><a href=\"https:\/\/cancerfertilityandme.org.uk\/young-women\/fertility-preservation\/embryo-freezing\/\" class=\"elementor-item\">Einfrieren von Embryonen<\/a><\/li>\n<li class=\"menu-item menu-item-type-post_type menu-item-object-page menu-item-8518\"><a href=\"https:\/\/cancerfertilityandme.org.uk\/young-women\/fertility-preservation\/ovarian-tissue-freezing\/\" class=\"elementor-item\">Einfrieren von Eierstockgewebe<\/a><\/li>\n<li class=\"menu-item menu-item-type-post_type menu-item-object-page menu-item-8515\"><a href=\"https:\/\/cancerfertilityandme.org.uk\/young-women\/fertility-preservation\/ovarian-suppression\/\" class=\"elementor-item\">Unterdr\u00fcckung der Eierst\u00f6cke<\/a><\/li>\n<li class=\"menu-item menu-item-type-post_type menu-item-object-page menu-item-8519\"><a href=\"https:\/\/cancerfertilityandme.org.uk\/young-women\/fertility-preservation\/fertility-sparing-procedures\/\" class=\"elementor-item\">Fruchtbarkeitserhaltende Verfahren bei bestimmten Krebsarten<\/a><\/li>\n<li class=\"menu-item menu-item-type-post_type menu-item-object-page menu-item-8520\"><a href=\"https:\/\/cancerfertilityandme.org.uk\/young-women\/fertility-preservation\/financial-costs\/\" class=\"elementor-item\">Finanzielle Kosten<\/a><\/li>\n<li class=\"menu-item menu-item-type-post_type menu-item-object-page menu-item-8521\"><a href=\"https:\/\/cancerfertilityandme.org.uk\/young-women\/fertility-preservation\/summary-of-options\/\" class=\"elementor-item\">Zusammenfassung der Optionen<\/a><\/li>\n<li class=\"menu-item menu-item-type-post_type menu-item-object-page menu-item-8522\"><a href=\"https:\/\/cancerfertilityandme.org.uk\/young-women\/fertility-preservation\/questions-to-ask-about-fertility-preservation\/\" class=\"elementor-item\">Fragen an das Krebsteam und das Fertilit\u00e4tsbehandlungsteam<\/a><\/li>\n<\/ul>\t\t\t<\/nav>\n\t\t\t\t\t\t<nav class=\"elementor-nav-menu--dropdown elementor-nav-menu__container\" aria-hidden=\"true\">\n\t\t\t\t<ul id=\"menu-2-54ac4883\" class=\"elementor-nav-menu sm-vertical\"><li class=\"menu-item menu-item-type-post_type menu-item-object-page menu-item-8511\"><a href=\"https:\/\/cancerfertilityandme.org.uk\/young-women\/fertility-preservation\/\" class=\"elementor-item\" tabindex=\"-1\">Erhaltung der Fruchtbarkeit<\/a><\/li>\n<li class=\"menu-item menu-item-type-post_type menu-item-object-page menu-item-8514\"><a href=\"https:\/\/cancerfertilityandme.org.uk\/young-women\/fertility-preservation\/no-fertility-preservation\/\" class=\"elementor-item\" tabindex=\"-1\">Keine Fruchtbarkeitserhaltung<\/a><\/li>\n<li class=\"menu-item menu-item-type-post_type menu-item-object-page menu-item-8512\"><a href=\"https:\/\/cancerfertilityandme.org.uk\/young-women\/fertility-preservation\/egg-freezing\/\" class=\"elementor-item\" tabindex=\"-1\">Einfrieren von Eizellen<\/a><\/li>\n<li class=\"menu-item menu-item-type-post_type menu-item-object-page menu-item-8513\"><a href=\"https:\/\/cancerfertilityandme.org.uk\/young-women\/fertility-preservation\/embryo-freezing\/\" class=\"elementor-item\" tabindex=\"-1\">Einfrieren von Embryonen<\/a><\/li>\n<li class=\"menu-item menu-item-type-post_type menu-item-object-page menu-item-8518\"><a href=\"https:\/\/cancerfertilityandme.org.uk\/young-women\/fertility-preservation\/ovarian-tissue-freezing\/\" class=\"elementor-item\" tabindex=\"-1\">Einfrieren von Eierstockgewebe<\/a><\/li>\n<li class=\"menu-item menu-item-type-post_type menu-item-object-page menu-item-8515\"><a href=\"https:\/\/cancerfertilityandme.org.uk\/young-women\/fertility-preservation\/ovarian-suppression\/\" class=\"elementor-item\" tabindex=\"-1\">Unterdr\u00fcckung der Eierst\u00f6cke<\/a><\/li>\n<li class=\"menu-item menu-item-type-post_type menu-item-object-page menu-item-8519\"><a href=\"https:\/\/cancerfertilityandme.org.uk\/young-women\/fertility-preservation\/fertility-sparing-procedures\/\" class=\"elementor-item\" tabindex=\"-1\">Fruchtbarkeitserhaltende Verfahren bei bestimmten Krebsarten<\/a><\/li>\n<li class=\"menu-item menu-item-type-post_type menu-item-object-page menu-item-8520\"><a href=\"https:\/\/cancerfertilityandme.org.uk\/young-women\/fertility-preservation\/financial-costs\/\" class=\"elementor-item\" tabindex=\"-1\">Finanzielle Kosten<\/a><\/li>\n<li class=\"menu-item menu-item-type-post_type menu-item-object-page menu-item-8521\"><a href=\"https:\/\/cancerfertilityandme.org.uk\/young-women\/fertility-preservation\/summary-of-options\/\" class=\"elementor-item\" tabindex=\"-1\">Zusammenfassung der Optionen<\/a><\/li>\n<li class=\"menu-item menu-item-type-post_type menu-item-object-page menu-item-8522\"><a href=\"https:\/\/cancerfertilityandme.org.uk\/young-women\/fertility-preservation\/questions-to-ask-about-fertility-preservation\/\" class=\"elementor-item\" tabindex=\"-1\">Fragen an das Krebsteam und das Fertilit\u00e4tsbehandlungsteam<\/a><\/li>\n<\/ul>\t\t\t<\/nav>\n\t\t\t\t\t\t<\/div>\n\t\t\t\t<\/div>\n\t\t\t\t<\/div>\n\t\t\t\t<\/div>\n\t\t\t\t\t<\/div>\n\t\t\t\t<\/main>\n\t\t\t\t<\/div>\n\t\t","protected":false},"excerpt":{"rendered":"<p>Fruchtbarkeitserhaltende Verfahren bei bestimmten Krebsarten Wenn bei Ihnen Geb\u00e4rmutterhalskrebs diagnostiziert wurde oder Sie mit einer Strahlentherapie im Beckenbereich behandelt werden, stehen Ihnen neben den auf den vorhergehenden Seiten beschriebenen M\u00f6glichkeiten zur Erhaltung der Fruchtbarkeit m\u00f6glicherweise auch spezielle Behandlungen zur Verf\u00fcgung, die die Fruchtbarkeit erhalten k\u00f6nnen. Das Krebsteam spricht mit den Frauen \u00fcber diese fruchtbarkeitserhaltenden Verfahren [&hellip;]<\/p>\n","protected":false},"author":1,"featured_media":0,"parent":8375,"menu_order":0,"comment_status":"open","ping_status":"closed","template":"","meta":{"footnotes":""},"class_list":["post-8385","page","type-page","status-publish","hentry"],"_links":{"self":[{"href":"https:\/\/cancerfertilityandme.org.uk\/de\/wp-json\/wp\/v2\/pages\/8385","targetHints":{"allow":["GET"]}}],"collection":[{"href":"https:\/\/cancerfertilityandme.org.uk\/de\/wp-json\/wp\/v2\/pages"}],"about":[{"href":"https:\/\/cancerfertilityandme.org.uk\/de\/wp-json\/wp\/v2\/types\/page"}],"author":[{"embeddable":true,"href":"https:\/\/cancerfertilityandme.org.uk\/de\/wp-json\/wp\/v2\/users\/1"}],"replies":[{"embeddable":true,"href":"https:\/\/cancerfertilityandme.org.uk\/de\/wp-json\/wp\/v2\/comments?post=8385"}],"version-history":[{"count":2,"href":"https:\/\/cancerfertilityandme.org.uk\/de\/wp-json\/wp\/v2\/pages\/8385\/revisions"}],"predecessor-version":[{"id":10139,"href":"https:\/\/cancerfertilityandme.org.uk\/de\/wp-json\/wp\/v2\/pages\/8385\/revisions\/10139"}],"up":[{"embeddable":true,"href":"https:\/\/cancerfertilityandme.org.uk\/de\/wp-json\/wp\/v2\/pages\/8375"}],"wp:attachment":[{"href":"https:\/\/cancerfertilityandme.org.uk\/de\/wp-json\/wp\/v2\/media?parent=8385"}],"curies":[{"name":"wp","href":"https:\/\/api.w.org\/{rel}","templated":true}]}}