{"id":8379,"date":"2023-04-02T16:26:55","date_gmt":"2023-04-02T16:26:55","guid":{"rendered":"https:\/\/cancerfertilityandme.org.uk\/einfrieren-von-embryonen\/"},"modified":"2026-02-03T11:18:43","modified_gmt":"2026-02-03T11:18:43","slug":"einfrieren-von-embryonen","status":"publish","type":"page","link":"https:\/\/cancerfertilityandme.org.uk\/de\/junge-frauen\/erhaltung-der-fruchtbarkeit\/einfrieren-von-embryonen\/","title":{"rendered":"Einfrieren von Embryonen"},"content":{"rendered":"\t\t<div data-elementor-type=\"wp-page\" data-elementor-id=\"8379\" class=\"elementor elementor-8379 elementor-7753\" data-elementor-post-type=\"page\">\n\t\t\t\t<main class=\"elementor-element elementor-element-3921228b e-flex e-con-boxed e-con e-parent\" data-id=\"3921228b\" data-element_type=\"container\" data-e-type=\"container\">\n\t\t\t\t\t<div class=\"e-con-inner\">\n\t\t<div class=\"elementor-element elementor-element-64c428c e-con-full e-flex e-con e-child\" data-id=\"64c428c\" data-element_type=\"container\" data-e-type=\"container\">\n\t\t\t\t<div class=\"elementor-element elementor-element-68b74dc8 elementor-widget elementor-widget-text-editor\" data-id=\"68b74dc8\" data-element_type=\"widget\" data-e-type=\"widget\" data-widget_type=\"text-editor.default\">\n\t\t\t\t<div class=\"elementor-widget-container\">\n\t\t\t\t\t\t\t\t\t<h2>Einfrieren von Embryonen<\/h2><p>Bei dieser Option werden reife Eizellen aus den Eierst\u00f6cken der Frau entnommen und durch In-vitro-Fertilisation (IVF) mit Spermien befruchtet. Dies geschieht in einem Labor. Die befruchteten Eizellen (Embryonen) werden dann eingefroren und zur sp\u00e4teren Verwendung gelagert. Wenn eine Frau bereit ist, schwanger zu werden, werden die gelagerten Embryonen wieder in die Geb\u00e4rmutter eingesetzt.   <\/p><p><strong>F\u00fcr wen ist sie geeignet?<\/strong><\/p><p>Frauen, die die Pubert\u00e4t durchlaufen haben und:<\/p><ul><li>Die Zeit haben, einen Zyklus der Fruchtbarkeitsbehandlung zu durchlaufen, bevor sie mit der Krebsbehandlung beginnen.<\/li><li>Einen m\u00e4nnlichen Partner haben, da f\u00fcr die Befruchtung der Eizelle sowohl Ei- als auch Samenzellen erforderlich sind.<\/li><\/ul><p><strong>Wie l\u00e4uft die Behandlung ab?<\/strong><\/p><p>Sie m\u00fcssen \u00fcber einen Zeitraum von etwa 2 Wochen Hormoninjektionen erhalten, um die Eierst\u00f6cke zu stimulieren (Stimulation der Eierst\u00f6cke). Anschlie\u00dfend werden mit einer feinen Nadel, die durch die Scheidenwand bis zu den Eierst\u00f6cken eingef\u00fchrt wird, Eizellen entnommen. Dies geschieht unter Narkose. M\u00f6glicherweise k\u00f6nnen Sie einige Stunden sp\u00e4ter nach Hause gehen.  <\/p><p>Wenn Sie in einer Beziehung leben und einen Embryo mit Ihrem m\u00e4nnlichen Partner erzeugen und aufbewahren wollen, ben\u00f6tigen Sie die Zustimmung Ihres Partners, bevor die Embryonen verwendet werden k\u00f6nnen. Das ist wichtig, den falls Sie sich sp\u00e4ter trennen sollten, m\u00f6chte er unter Umst\u00e4nden vielleicht nicht, dass Sie die eingelagerten Embryonen verwenden werden. <\/p><p>Wenn Sie keinen m\u00e4nnlichen Partner haben, ist die Verwendung von Spendersamen eine Option. If you choose this option, it is important to know that the donor can change their mind, and not allow use of any embryos made using their sperm. Eingefrorene Embryonen k\u00f6nnen 10 Jahre lang gelagert werden. In manchen F\u00e4llen kann diese Zeitspanne um weitere 10 Jahre verl\u00e4ngert werden  <\/p><p><strong>Wie hoch ist die Wahrscheinlichkeit, nach dem Einfrieren von Embryonen ein Kind zu bekommen?<\/strong><\/p><p>Die Zahl der Krebspatienten, die eingefrorene Embryonen verwendet haben, ist gering. Es ist schwer zu sagen, wie wahrscheinlich es ist, dass das Einfrieren von Embryonen zu einer Lebendgeburt f\u00fchrt.<\/p><p>Die meisten Daten stammen von Frauen ohne Krebs, die einen eingefrorenen Embryo verwendet haben, um ein Kind zu bekommen.<\/p><p>The chance of success with embryo freezing depends on how many eggs are obtained, because these are then fertilised to make embryos before being frozen. Wenn einer jungen Frau unter 35 Jahren zehn Eizellen entnommen und befruchtet werden, um Embryonen zu bilden, betr\u00e4gt die Wahrscheinlichkeit, dass sie ein Kind bekommt, 5 zu 10 (50 %). Die Chance, nach dem Einfrieren von Embryonen ein Baby zu bekommen, h\u00e4ngt von folgenden Faktoren ab:  <\/p><p>Ihr Alter zum Zeitpunkt der Entnahme der Eizellen. Frauen, die j\u00fcnger als 35 Jahre alt sind, haben eine h\u00f6here Chance.<\/p><ul><li>Die Anzahl der entnommenen Eizellen.<\/li><li>Die Anzahl und Qualit\u00e4t der eingefrorenen Embryonen.<\/li><li>Die Gesundheit der Spermien Ihres Partners.<\/li><li>Die Fruchtbarkeitsklinik, in der das Einfrieren von Embryonen durchgef\u00fchrt wurde.<\/li><\/ul><p>Weitere Informationen \u00fcber die durchschnittlichen nationalen Erfolgsraten und die Anzahl der erfolgreichen Lebendgeburten f\u00fcr jede zugelassene Fruchtbarkeitsklinik finden Sie auf der Webseite der HFEA <a href=\"https:\/\/www.hfea.gov.uk\/\" target=\"_blank\" rel=\"noopener\">www.hfea.gov.uk<\/a>.<\/p><p><strong>Hat diese Option Auswirkungen auf die Gesundheit des Babys?<\/strong><\/p><p>Nein, die Daten deuten darauf hin, dass die Gesundheit eines Babys, das mit gefrorenen Eizellen geboren wird, nicht beeintr\u00e4chtigt wird.<\/p><p><strong>Gibt es Nebenwirkungen der Fruchtbarkeitsbehandlung, die beim Einfrieren von Embryonen eingesetzt wird?<\/strong><\/p><p>Die zur Stimulation der Eierst\u00f6cke verwendeten Fruchtbarkeitsmedikamente k\u00f6nnen Nebenwirkungen wie Kopfschmerzen, Stimmungsschwankungen, Hitzewallungen und Hautreizungen verursachen. Die Fruchtbarkeitsmedikamente k\u00f6nnen auch dazu f\u00fchren, dass die Eierst\u00f6cke \u00fcberreagieren, was zu einem sogenannten OHSS f\u00fchren kann. Sobald Sie mit der Behandlung beginnen, sollten Sie sich bei Ihrem Fruchtbarkeitsteam \u00fcber die Symptome dieses Zustands informieren und fragen, wie Sie sich im Bedarfsfall an das Team wenden k\u00f6nnen.  <\/p><p>Wenn die Eierst\u00f6cke dazu angeregt werden, viele Eizellen zu produzieren, steigt der Hormonspiegel des \u00d6strogens an. Dies k\u00f6nnte ein Risiko f\u00fcr Frauen darstellen, die einen \u00f6strogenempfindlichen Brustkrebs haben. Diesen Frauen kann ein Medikament namens Letrozol (Femara) verabreicht werden.  <\/p><p>Bei der Entnahme der Eizellen besteht das Risiko von Blutungen, Infektionen und Einstichen in den Darm, was jedoch selten vorkommt.<\/p><p>F\u00fcr Frauen mit Beckenkrebs besteht m\u00f6glicherweise ein Risiko, da nach der Eizellentnahme Krebszellen aus dem Eierstock in den Bauchraum gelangen k\u00f6nnen.<\/p><p>Wenn mehr als ein Embryo ersetzt wird, besteht die M\u00f6glichkeit von Mehrlingsgeburten (Zwillinge, Drillinge). Bei allen Schwangerschaften besteht das Risiko einer Fehlgeburt und einer Eileiterschwangerschaft (eine Schwangerschaft au\u00dferhalb der Geb\u00e4rmutter). <\/p><p>Eine IVF-Behandlung kann k\u00f6rperlich und seelisch anstrengend sein, und es kann sein, dass keine Schwangerschaft eintritt.<\/p><p><strong>Kann diese Option den Beginn meiner Krebsbehandlung verz\u00f6gern?<\/strong><\/p><p>Vom Beginn der Stimulation der Eierst\u00f6cke bis zur Entnahme der Eizellen vergehen etwa zwei Wochen. Dies kann zu einer Verz\u00f6gerung des Beginns Ihrer Krebsbehandlung f\u00fchren. <\/p><p>Das Einfrieren von Embryonen ist f\u00fcr junge Frauen mit bestimmten Krebsarten (z. B. Leuk\u00e4mie) m\u00f6glicherweise keine Option, da sie m\u00f6glicherweise sofort mit der Krebsbehandlung beginnen m\u00fcssen.<br>Wenn bei Ihnen ein OHSS auftritt, kann dies den Beginn der Krebsbehandlung verz\u00f6gern.<\/p><p><strong>Beeinflusst diese Option mein Risiko, dass der Krebs zur\u00fcckkommt?<\/strong><\/p><p>Es gibt keine Daten, die darauf schlie\u00dfen lassen, dass das Einfrieren von Embryonen die Wahrscheinlichkeit beeinflusst, dass Krebserkrankungen wachsen oder zur\u00fcckkehren.<\/p>\t\t\t\t\t\t\t\t<\/div>\n\t\t\t\t<\/div>\n\t\t\t\t<\/div>\n\t\t<div class=\"elementor-element elementor-element-1a21ec4f e-con-full e-flex e-con e-child\" data-id=\"1a21ec4f\" data-element_type=\"container\" data-e-type=\"container\">\n\t\t<div class=\"elementor-element elementor-element-1530b0ac e-con-full e-flex e-con e-child\" data-id=\"1530b0ac\" data-element_type=\"container\" data-e-type=\"container\">\n\t\t\t\t<div class=\"elementor-element elementor-element-66dbd65d elementor-widget elementor-widget-image\" data-id=\"66dbd65d\" data-element_type=\"widget\" data-e-type=\"widget\" data-widget_type=\"image.default\">\n\t\t\t\t<div class=\"elementor-widget-container\">\n\t\t\t\t\t\t\t\t\t\t\t\t\t\t\t\t<a href=\"http:\/\/.\/\">\n\t\t\t\t\t\t\t<img decoding=\"async\" width=\"200\" height=\"200\" src=\"https:\/\/cancerfertilityandme.org.uk\/wp-content\/uploads\/cancerfertilityandme-logo-header-young-women.png\" class=\"attachment-full size-full wp-image-3191\" alt=\"\" srcset=\"https:\/\/cancerfertilityandme.org.uk\/wp-content\/uploads\/cancerfertilityandme-logo-header-young-women.png 200w, https:\/\/cancerfertilityandme.org.uk\/wp-content\/uploads\/cancerfertilityandme-logo-header-young-women-150x150.png 150w, https:\/\/cancerfertilityandme.org.uk\/wp-content\/uploads\/elementor\/thumbs\/cancerfertilityandme-logo-header-young-women-r4vfcv1ro149or8nkxzol3x986uodd6lq6no4gpb6w.png 100w\" sizes=\"(max-width: 200px) 100vw, 200px\" \/>\t\t\t\t\t\t\t\t<\/a>\n\t\t\t\t\t\t\t\t\t\t\t\t\t\t\t<\/div>\n\t\t\t\t<\/div>\n\t\t\t\t<\/div>\n\t\t<div class=\"elementor-element elementor-element-757e1ba6 e-con-full e-flex e-con e-child\" data-id=\"757e1ba6\" data-element_type=\"container\" data-e-type=\"container\">\n\t\t\t\t<div class=\"elementor-element elementor-element-33e9af33 elementor-widget elementor-widget-heading\" data-id=\"33e9af33\" data-element_type=\"widget\" data-e-type=\"widget\" data-widget_type=\"heading.default\">\n\t\t\t\t<div class=\"elementor-widget-container\">\n\t\t\t\t\t<h3 class=\"elementor-heading-title elementor-size-default\">\u00dcber folgenden Link gelangen Sie zu weiteren Informationen<\/h3>\t\t\t\t<\/div>\n\t\t\t\t<\/div>\n\t\t\t\t<div class=\"elementor-element elementor-element-485aaf1f elementor-nav-menu--dropdown-none elementor-widget elementor-widget-nav-menu\" data-id=\"485aaf1f\" data-element_type=\"widget\" data-e-type=\"widget\" data-settings=\"{&quot;layout&quot;:&quot;vertical&quot;,&quot;submenu_icon&quot;:{&quot;value&quot;:&quot;&lt;svg aria-hidden=\\&quot;true\\&quot; class=\\&quot;e-font-icon-svg e-fas-caret-down\\&quot; viewBox=\\&quot;0 0 320 512\\&quot; xmlns=\\&quot;http:\\\/\\\/www.w3.org\\\/2000\\\/svg\\&quot;&gt;&lt;path d=\\&quot;M31.3 192h257.3c17.8 0 26.7 21.5 14.1 34.1L174.1 354.8c-7.8 7.8-20.5 7.8-28.3 0L17.2 226.1C4.6 213.5 13.5 192 31.3 192z\\&quot;&gt;&lt;\\\/path&gt;&lt;\\\/svg&gt;&quot;,&quot;library&quot;:&quot;fa-solid&quot;}}\" data-widget_type=\"nav-menu.default\">\n\t\t\t\t<div class=\"elementor-widget-container\">\n\t\t\t\t\t\t\t\t<nav aria-label=\"Menu\" class=\"elementor-nav-menu--main elementor-nav-menu__container elementor-nav-menu--layout-vertical e--pointer-none\">\n\t\t\t\t<ul id=\"menu-1-485aaf1f\" class=\"elementor-nav-menu sm-vertical\"><li class=\"menu-item menu-item-type-post_type menu-item-object-page menu-item-8511\"><a href=\"https:\/\/cancerfertilityandme.org.uk\/young-women\/fertility-preservation\/\" class=\"elementor-item\">Erhaltung der Fruchtbarkeit<\/a><\/li>\n<li class=\"menu-item menu-item-type-post_type menu-item-object-page menu-item-8514\"><a href=\"https:\/\/cancerfertilityandme.org.uk\/young-women\/fertility-preservation\/no-fertility-preservation\/\" class=\"elementor-item\">Keine Fruchtbarkeitserhaltung<\/a><\/li>\n<li class=\"menu-item menu-item-type-post_type menu-item-object-page menu-item-8512\"><a href=\"https:\/\/cancerfertilityandme.org.uk\/young-women\/fertility-preservation\/egg-freezing\/\" class=\"elementor-item\">Einfrieren von Eizellen<\/a><\/li>\n<li class=\"menu-item menu-item-type-post_type menu-item-object-page menu-item-8513\"><a href=\"https:\/\/cancerfertilityandme.org.uk\/young-women\/fertility-preservation\/embryo-freezing\/\" class=\"elementor-item\">Einfrieren von Embryonen<\/a><\/li>\n<li class=\"menu-item menu-item-type-post_type menu-item-object-page menu-item-8518\"><a href=\"https:\/\/cancerfertilityandme.org.uk\/young-women\/fertility-preservation\/ovarian-tissue-freezing\/\" class=\"elementor-item\">Einfrieren von Eierstockgewebe<\/a><\/li>\n<li class=\"menu-item menu-item-type-post_type menu-item-object-page menu-item-8515\"><a href=\"https:\/\/cancerfertilityandme.org.uk\/young-women\/fertility-preservation\/ovarian-suppression\/\" class=\"elementor-item\">Unterdr\u00fcckung der Eierst\u00f6cke<\/a><\/li>\n<li class=\"menu-item menu-item-type-post_type menu-item-object-page menu-item-8519\"><a href=\"https:\/\/cancerfertilityandme.org.uk\/young-women\/fertility-preservation\/fertility-sparing-procedures\/\" class=\"elementor-item\">Fruchtbarkeitserhaltende Verfahren bei bestimmten Krebsarten<\/a><\/li>\n<li class=\"menu-item menu-item-type-post_type menu-item-object-page menu-item-8520\"><a href=\"https:\/\/cancerfertilityandme.org.uk\/young-women\/fertility-preservation\/financial-costs\/\" class=\"elementor-item\">Finanzielle Kosten<\/a><\/li>\n<li class=\"menu-item menu-item-type-post_type menu-item-object-page menu-item-8521\"><a href=\"https:\/\/cancerfertilityandme.org.uk\/young-women\/fertility-preservation\/summary-of-options\/\" class=\"elementor-item\">Zusammenfassung der Optionen<\/a><\/li>\n<li class=\"menu-item menu-item-type-post_type menu-item-object-page menu-item-8522\"><a href=\"https:\/\/cancerfertilityandme.org.uk\/young-women\/fertility-preservation\/questions-to-ask-about-fertility-preservation\/\" class=\"elementor-item\">Fragen an das Krebsteam und das Fertilit\u00e4tsbehandlungsteam<\/a><\/li>\n<\/ul>\t\t\t<\/nav>\n\t\t\t\t\t\t<nav class=\"elementor-nav-menu--dropdown elementor-nav-menu__container\" aria-hidden=\"true\">\n\t\t\t\t<ul id=\"menu-2-485aaf1f\" class=\"elementor-nav-menu sm-vertical\"><li class=\"menu-item menu-item-type-post_type menu-item-object-page menu-item-8511\"><a href=\"https:\/\/cancerfertilityandme.org.uk\/young-women\/fertility-preservation\/\" class=\"elementor-item\" tabindex=\"-1\">Erhaltung der Fruchtbarkeit<\/a><\/li>\n<li class=\"menu-item menu-item-type-post_type menu-item-object-page menu-item-8514\"><a href=\"https:\/\/cancerfertilityandme.org.uk\/young-women\/fertility-preservation\/no-fertility-preservation\/\" class=\"elementor-item\" tabindex=\"-1\">Keine Fruchtbarkeitserhaltung<\/a><\/li>\n<li class=\"menu-item menu-item-type-post_type menu-item-object-page menu-item-8512\"><a href=\"https:\/\/cancerfertilityandme.org.uk\/young-women\/fertility-preservation\/egg-freezing\/\" class=\"elementor-item\" tabindex=\"-1\">Einfrieren von Eizellen<\/a><\/li>\n<li class=\"menu-item menu-item-type-post_type menu-item-object-page menu-item-8513\"><a href=\"https:\/\/cancerfertilityandme.org.uk\/young-women\/fertility-preservation\/embryo-freezing\/\" class=\"elementor-item\" tabindex=\"-1\">Einfrieren von Embryonen<\/a><\/li>\n<li class=\"menu-item menu-item-type-post_type menu-item-object-page menu-item-8518\"><a href=\"https:\/\/cancerfertilityandme.org.uk\/young-women\/fertility-preservation\/ovarian-tissue-freezing\/\" class=\"elementor-item\" tabindex=\"-1\">Einfrieren von Eierstockgewebe<\/a><\/li>\n<li class=\"menu-item menu-item-type-post_type menu-item-object-page menu-item-8515\"><a href=\"https:\/\/cancerfertilityandme.org.uk\/young-women\/fertility-preservation\/ovarian-suppression\/\" class=\"elementor-item\" tabindex=\"-1\">Unterdr\u00fcckung der Eierst\u00f6cke<\/a><\/li>\n<li class=\"menu-item menu-item-type-post_type menu-item-object-page menu-item-8519\"><a href=\"https:\/\/cancerfertilityandme.org.uk\/young-women\/fertility-preservation\/fertility-sparing-procedures\/\" class=\"elementor-item\" tabindex=\"-1\">Fruchtbarkeitserhaltende Verfahren bei bestimmten Krebsarten<\/a><\/li>\n<li class=\"menu-item menu-item-type-post_type menu-item-object-page menu-item-8520\"><a href=\"https:\/\/cancerfertilityandme.org.uk\/young-women\/fertility-preservation\/financial-costs\/\" class=\"elementor-item\" tabindex=\"-1\">Finanzielle Kosten<\/a><\/li>\n<li class=\"menu-item menu-item-type-post_type menu-item-object-page menu-item-8521\"><a href=\"https:\/\/cancerfertilityandme.org.uk\/young-women\/fertility-preservation\/summary-of-options\/\" class=\"elementor-item\" tabindex=\"-1\">Zusammenfassung der Optionen<\/a><\/li>\n<li class=\"menu-item menu-item-type-post_type menu-item-object-page menu-item-8522\"><a href=\"https:\/\/cancerfertilityandme.org.uk\/young-women\/fertility-preservation\/questions-to-ask-about-fertility-preservation\/\" class=\"elementor-item\" tabindex=\"-1\">Fragen an das Krebsteam und das Fertilit\u00e4tsbehandlungsteam<\/a><\/li>\n<\/ul>\t\t\t<\/nav>\n\t\t\t\t\t\t<\/div>\n\t\t\t\t<\/div>\n\t\t\t\t<\/div>\n\t\t\t\t<\/div>\n\t\t\t\t\t<\/div>\n\t\t\t\t<\/main>\n\t\t\t\t<\/div>\n\t\t","protected":false},"excerpt":{"rendered":"<p>Einfrieren von Embryonen Bei dieser Option werden reife Eizellen aus den Eierst\u00f6cken der Frau entnommen und durch In-vitro-Fertilisation (IVF) mit Spermien befruchtet. Dies geschieht in einem Labor. Die befruchteten Eizellen (Embryonen) werden dann eingefroren und zur sp\u00e4teren Verwendung gelagert. Wenn eine Frau bereit ist, schwanger zu werden, werden die gelagerten Embryonen wieder in die Geb\u00e4rmutter [&hellip;]<\/p>\n","protected":false},"author":1,"featured_media":0,"parent":8375,"menu_order":0,"comment_status":"open","ping_status":"closed","template":"","meta":{"footnotes":""},"class_list":["post-8379","page","type-page","status-publish","hentry"],"_links":{"self":[{"href":"https:\/\/cancerfertilityandme.org.uk\/de\/wp-json\/wp\/v2\/pages\/8379","targetHints":{"allow":["GET"]}}],"collection":[{"href":"https:\/\/cancerfertilityandme.org.uk\/de\/wp-json\/wp\/v2\/pages"}],"about":[{"href":"https:\/\/cancerfertilityandme.org.uk\/de\/wp-json\/wp\/v2\/types\/page"}],"author":[{"embeddable":true,"href":"https:\/\/cancerfertilityandme.org.uk\/de\/wp-json\/wp\/v2\/users\/1"}],"replies":[{"embeddable":true,"href":"https:\/\/cancerfertilityandme.org.uk\/de\/wp-json\/wp\/v2\/comments?post=8379"}],"version-history":[{"count":2,"href":"https:\/\/cancerfertilityandme.org.uk\/de\/wp-json\/wp\/v2\/pages\/8379\/revisions"}],"predecessor-version":[{"id":10132,"href":"https:\/\/cancerfertilityandme.org.uk\/de\/wp-json\/wp\/v2\/pages\/8379\/revisions\/10132"}],"up":[{"embeddable":true,"href":"https:\/\/cancerfertilityandme.org.uk\/de\/wp-json\/wp\/v2\/pages\/8375"}],"wp:attachment":[{"href":"https:\/\/cancerfertilityandme.org.uk\/de\/wp-json\/wp\/v2\/media?parent=8379"}],"curies":[{"name":"wp","href":"https:\/\/api.w.org\/{rel}","templated":true}]}}