{"id":8377,"date":"2023-04-02T16:26:01","date_gmt":"2023-04-02T16:26:01","guid":{"rendered":"https:\/\/cancerfertilityandme.org.uk\/einfrieren-von-eizellen\/"},"modified":"2026-01-30T14:48:10","modified_gmt":"2026-01-30T14:48:10","slug":"einfrieren-von-eizellen","status":"publish","type":"page","link":"https:\/\/cancerfertilityandme.org.uk\/de\/junge-frauen\/erhaltung-der-fruchtbarkeit\/einfrieren-von-eizellen\/","title":{"rendered":"Einfrieren von Eizellen"},"content":{"rendered":"\t\t<div data-elementor-type=\"wp-page\" data-elementor-id=\"8377\" class=\"elementor elementor-8377 elementor-7751\" data-elementor-post-type=\"page\">\n\t\t\t\t<main class=\"elementor-element elementor-element-5d1c6a0f e-flex e-con-boxed e-con e-parent\" data-id=\"5d1c6a0f\" data-element_type=\"container\" data-e-type=\"container\">\n\t\t\t\t\t<div class=\"e-con-inner\">\n\t\t<div class=\"elementor-element elementor-element-3e5f9a8a e-con-full e-flex e-con e-child\" data-id=\"3e5f9a8a\" data-element_type=\"container\" data-e-type=\"container\">\n\t\t\t\t<div class=\"elementor-element elementor-element-23ff4d9e elementor-widget elementor-widget-text-editor\" data-id=\"23ff4d9e\" data-element_type=\"widget\" data-e-type=\"widget\" data-widget_type=\"text-editor.default\">\n\t\t\t\t<div class=\"elementor-widget-container\">\n\t\t\t\t\t\t\t\t\t<h2>Einfrieren von Eizellen<\/h2><p><strong>Bei dieser Option werden reife Eizellen aus den Eierst\u00f6cken entnommen und eingefroren. Dieses Verfahren wird manchmal auch als \u201eEizellenbanking\u201c bezeichnet. Wenn die Frau bereit ist, schwanger zu werden, werden die eingefrorenen Eizellen mit Spermien befruchtet und wieder in die Geb\u00e4rmutter eingesetzt.  <\/strong><\/p><p><strong>F\u00fcr wen ist sie geeignet?<\/strong><\/p><p>Frauen, die ihre Fruchtbarkeit bewahren wollen, die die Pubert\u00e4t durchlaufen haben. Sie k\u00f6nnen auch: <\/p><ul><li>Sie wollen keinen Partner oder Spendersamen verwenden<\/li><li>Die sich aufgrund ihres Glaubens nicht f\u00fcr das Einfrieren von Embryonen entscheiden wollen.<\/li><li>Die Zeit haben, einen Zyklus der Fruchtbarkeitsbehandlung zu durchlaufen, bevor sie mit der Krebsbehandlung beginnen.<\/li><\/ul><p>Bei einigen Frauen, die Krebs im Becken haben, ist das Einfrieren von Eizellen wegen der Gefahr einer Ausbreitung des Krebses m\u00f6glicherweise nicht sicher.<\/p><p><strong>Wie l\u00e4uft die Behandlung ab?<\/strong><\/p><p>Sie m\u00fcssen \u00fcber einen Zeitraum von etwa 2 Wochen Hormoninjektionen erhalten, um die Eierst\u00f6cke zu stimulieren (Stimulation der Eierst\u00f6cke). Anschlie\u00dfend werden mit einer feinen Nadel, die durch die Scheidenwand bis zu den Eierst\u00f6cken eingef\u00fchrt wird, Eizellen entnommen. Dies geschieht unter Narkose. M\u00f6glicherweise k\u00f6nnen Sie einige Stunden sp\u00e4ter nach Hause gehen.  <\/p><p>Da das Einfrieren von Eizellen nur die Frau betrifft, muss der Partner nicht zustimmen, die gelagerten Eizellen in Zukunft zu verwenden. Eingefrorene Eizellen k\u00f6nnen 10 Jahre lang gelagert werden. Diese Zeitspanne kann in manchen F\u00e4llen um weitere 10 Jahre verl\u00e4ngert werden <\/p><p><strong>Wie hoch ist die Wahrscheinlichkeit, nach dem Einfrieren von Eizellen ein Kind zu bekommen?<\/strong><\/p><p>Die Zahl der Krebspatientinnen, die eingefrorene Eizellen verwendet haben, ist gering. Die meisten Daten stammen von Frauen ohne Krebs, die ihre eigenen eingefrorenen Eizellen oder eingefrorene Spendereier verwendet haben, um ein Kind zu bekommen. <\/p><p>Die Chancen nach dem Einfrieren von Eizellen ein Kind zu bekommen, h\u00e4ngt von einer Reihe von Faktoren ab.<\/p><ul><li>Ihr Alter zum Zeitpunkt der Entnahme der Eizellen. Frauen, die j\u00fcnger als 35 Jahre alt sind, haben eine h\u00f6here Chance.<\/li><li>Die Anzahl der entnommenen Eizellen. Frauen, denen mehr Eizellen entnommen werden, haben eine h\u00f6here Chance.<\/li><li>Die Fruchtbarkeitsklinik, in der das Einfrieren von Eizellen durchgef\u00fchrt wurde.<\/li><li>Die Anwendung des langsamen Einfrierens oder der Vitrifikation zum Einfrieren und Lagern der Eizellen. Die Vitrifikation hat eine h\u00f6here Erfolgsquote.<\/li><\/ul><p>Wenn eine junge Frau unter 35 Jahren 10 Eizellen einlagert, hat sie eine Chance von 4 zu 10 (40%), ein Baby zu bekommen. Einige junge Frauen k\u00f6nnen m\u00f6glicherweise nicht mehr als 10 Eizellen einfrieren, wodurch sich die Chancen auf ein Baby verringern. Vielleicht sehen Sie auch anderswo Erfolgsquoten, die niedriger erscheinen. Diese niedrigeren Erfolgsquoten k\u00f6nnen auf einen Zyklus der IVF-Behandlung mit weniger eingefrorenen Eizellen zur\u00fcckgef\u00fchrt werden.   <\/p><p>Weitere Informationen \u00fcber die durchschnittlichen nationalen Erfolgsraten und die Anzahl der erfolgreichen Lebendgeburten f\u00fcr jede zugelassene Fruchtbarkeitsklinik finden Sie auf der Webseite HFEA (<a href=\"https:\/\/www.hfea.gov.uk\/\" target=\"_blank\" rel=\"noopener\">www.hfea.gov.uk)<\/a><\/p><p><strong>Hat diese Option Auswirkungen auf die Gesundheit des Babys?<\/strong><\/p><p>Nein, die Daten deuten darauf hin, dass die Gesundheit eines Babys, das mit gefrorenen Eizellen geboren wird, nicht beeintr\u00e4chtigt wird.<\/p><p><strong>Gibt es Nebenwirkungen der Fruchtbarkeitsbehandlung, die beim Einfrieren von Eizellen auftreten k\u00f6nnen?<\/strong><\/p><p>Die zur Stimulation der Eierst\u00f6cke verwendeten Fruchtbarkeitsmedikamente k\u00f6nnen Nebenwirkungen wie Kopfschmerzen, Stimmungsschwankungen, Hitzewallungen und Hautreizungen verursachen. Die Fruchtbarkeitsmedikamente k\u00f6nnen auch dazu f\u00fchren, dass die Eierst\u00f6cke \u00fcberreagieren, was zu einem so genannten ovariellen \u00dcberstimulationssyndrom (OHSS) f\u00fchren kann. Erkundigen Sie sich zu Beginn Ihrer Behandlung bei Ihrem Kinderwunschteam nach den Symptomen dieses Zustands und wie Sie sich im Bedarfsfall an das Team wenden k\u00f6nnen.  <\/p><p>Wenn die Eierst\u00f6cke dazu angeregt werden, viele Eizellen zu produzieren, steigt der Hormonspiegel des \u00d6strogens an. Dies k\u00f6nnte ein Risiko f\u00fcr Frauen darstellen, die einen \u00f6strogenempfindlichen Brustkrebs haben. Diesen Frauen kann ein Medikament namens Letrozol (Femara) verabreicht werden.  <\/p><p>Bei der Entnahme der Eizellen besteht das Risiko von Blutungen, Infektionen und Einstichen in den Darm, was jedoch selten vorkommt.<br>F\u00fcr Frauen mit Beckenkrebs besteht m\u00f6glicherweise ein Risiko, da nach der Eizellentnahme Krebszellen aus dem Eierstock in den Bauchraum gelangen k\u00f6nnen.<\/p><p><strong>Kann diese Option den Beginn meiner Krebsbehandlung verz\u00f6gern?<\/strong><\/p><p>Vom Beginn der Stimulation der Eierst\u00f6cke bis zur Entnahme der Eizellen vergehen etwa zwei Wochen. Dies kann zu einer Verz\u00f6gerung des Beginns Ihrer Krebsbehandlung f\u00fchren. <\/p><p>Das Einfrieren von Eizellen kommt f\u00fcr Frauen mit Krebserkrankungen wie Leuk\u00e4mie, einigen Lymphomen und Sarkomen m\u00f6glicherweise nicht in Frage, da sie sofort behandelt werden m\u00fcssen. Wenn bei Ihnen ein OHSS auftritt, kann dies den Beginn der Krebsbehandlung verz\u00f6gern. <\/p><p><strong>Beeinflusst diese Option mein Risiko, dass der Krebs zur\u00fcckkommt?<\/strong><\/p><p>Es gibt keine Daten, die darauf hindeuten, dass das Einfrieren von Eizellen das Risiko eines erneuten Auftretens von Krebs beeinflusst.<\/p>\t\t\t\t\t\t\t\t<\/div>\n\t\t\t\t<\/div>\n\t\t\t\t<\/div>\n\t\t<div class=\"elementor-element elementor-element-e43bed7 e-con-full e-flex e-con e-child\" data-id=\"e43bed7\" data-element_type=\"container\" data-e-type=\"container\">\n\t\t<div class=\"elementor-element elementor-element-16240a94 e-con-full e-flex e-con e-child\" data-id=\"16240a94\" data-element_type=\"container\" data-e-type=\"container\">\n\t\t\t\t<div class=\"elementor-element elementor-element-12f97895 elementor-widget elementor-widget-image\" data-id=\"12f97895\" data-element_type=\"widget\" data-e-type=\"widget\" data-widget_type=\"image.default\">\n\t\t\t\t<div class=\"elementor-widget-container\">\n\t\t\t\t\t\t\t\t\t\t\t\t\t\t\t\t<a href=\"http:\/\/.\/\">\n\t\t\t\t\t\t\t<img decoding=\"async\" width=\"200\" height=\"200\" src=\"https:\/\/cancerfertilityandme.org.uk\/wp-content\/uploads\/cancerfertilityandme-logo-header-young-women.png\" class=\"attachment-full size-full wp-image-3191\" alt=\"\" srcset=\"https:\/\/cancerfertilityandme.org.uk\/wp-content\/uploads\/cancerfertilityandme-logo-header-young-women.png 200w, https:\/\/cancerfertilityandme.org.uk\/wp-content\/uploads\/cancerfertilityandme-logo-header-young-women-150x150.png 150w, https:\/\/cancerfertilityandme.org.uk\/wp-content\/uploads\/elementor\/thumbs\/cancerfertilityandme-logo-header-young-women-r4vfcv1ro149or8nkxzol3x986uodd6lq6no4gpb6w.png 100w\" sizes=\"(max-width: 200px) 100vw, 200px\" \/>\t\t\t\t\t\t\t\t<\/a>\n\t\t\t\t\t\t\t\t\t\t\t\t\t\t\t<\/div>\n\t\t\t\t<\/div>\n\t\t\t\t<\/div>\n\t\t<div class=\"elementor-element elementor-element-439b1874 e-con-full e-flex e-con e-child\" data-id=\"439b1874\" data-element_type=\"container\" data-e-type=\"container\">\n\t\t\t\t<div class=\"elementor-element elementor-element-4cb143 elementor-widget elementor-widget-heading\" data-id=\"4cb143\" data-element_type=\"widget\" data-e-type=\"widget\" data-widget_type=\"heading.default\">\n\t\t\t\t<div class=\"elementor-widget-container\">\n\t\t\t\t\t<h3 class=\"elementor-heading-title elementor-size-default\">\u00dcber folgenden Link gelangen Sie zu weiteren Informationen<\/h3>\t\t\t\t<\/div>\n\t\t\t\t<\/div>\n\t\t\t\t<div class=\"elementor-element elementor-element-1d9006c8 elementor-nav-menu--dropdown-none elementor-widget elementor-widget-nav-menu\" data-id=\"1d9006c8\" data-element_type=\"widget\" data-e-type=\"widget\" data-settings=\"{&quot;layout&quot;:&quot;vertical&quot;,&quot;submenu_icon&quot;:{&quot;value&quot;:&quot;&lt;svg aria-hidden=\\&quot;true\\&quot; class=\\&quot;e-font-icon-svg e-fas-caret-down\\&quot; viewBox=\\&quot;0 0 320 512\\&quot; xmlns=\\&quot;http:\\\/\\\/www.w3.org\\\/2000\\\/svg\\&quot;&gt;&lt;path d=\\&quot;M31.3 192h257.3c17.8 0 26.7 21.5 14.1 34.1L174.1 354.8c-7.8 7.8-20.5 7.8-28.3 0L17.2 226.1C4.6 213.5 13.5 192 31.3 192z\\&quot;&gt;&lt;\\\/path&gt;&lt;\\\/svg&gt;&quot;,&quot;library&quot;:&quot;fa-solid&quot;}}\" data-widget_type=\"nav-menu.default\">\n\t\t\t\t<div class=\"elementor-widget-container\">\n\t\t\t\t\t\t\t\t<nav aria-label=\"Menu\" class=\"elementor-nav-menu--main elementor-nav-menu__container elementor-nav-menu--layout-vertical e--pointer-none\">\n\t\t\t\t<ul id=\"menu-1-1d9006c8\" class=\"elementor-nav-menu sm-vertical\"><li class=\"menu-item menu-item-type-post_type menu-item-object-page menu-item-8511\"><a href=\"https:\/\/cancerfertilityandme.org.uk\/young-women\/fertility-preservation\/\" class=\"elementor-item\">Erhaltung der Fruchtbarkeit<\/a><\/li>\n<li class=\"menu-item menu-item-type-post_type menu-item-object-page menu-item-8514\"><a href=\"https:\/\/cancerfertilityandme.org.uk\/young-women\/fertility-preservation\/no-fertility-preservation\/\" class=\"elementor-item\">Keine Fruchtbarkeitserhaltung<\/a><\/li>\n<li class=\"menu-item menu-item-type-post_type menu-item-object-page menu-item-8512\"><a href=\"https:\/\/cancerfertilityandme.org.uk\/young-women\/fertility-preservation\/egg-freezing\/\" class=\"elementor-item\">Einfrieren von Eizellen<\/a><\/li>\n<li class=\"menu-item menu-item-type-post_type menu-item-object-page menu-item-8513\"><a href=\"https:\/\/cancerfertilityandme.org.uk\/young-women\/fertility-preservation\/embryo-freezing\/\" class=\"elementor-item\">Einfrieren von Embryonen<\/a><\/li>\n<li class=\"menu-item menu-item-type-post_type menu-item-object-page menu-item-8518\"><a href=\"https:\/\/cancerfertilityandme.org.uk\/young-women\/fertility-preservation\/ovarian-tissue-freezing\/\" class=\"elementor-item\">Einfrieren von Eierstockgewebe<\/a><\/li>\n<li class=\"menu-item menu-item-type-post_type menu-item-object-page menu-item-8515\"><a href=\"https:\/\/cancerfertilityandme.org.uk\/young-women\/fertility-preservation\/ovarian-suppression\/\" class=\"elementor-item\">Unterdr\u00fcckung der Eierst\u00f6cke<\/a><\/li>\n<li class=\"menu-item menu-item-type-post_type menu-item-object-page menu-item-8519\"><a href=\"https:\/\/cancerfertilityandme.org.uk\/young-women\/fertility-preservation\/fertility-sparing-procedures\/\" class=\"elementor-item\">Fruchtbarkeitserhaltende Verfahren bei bestimmten Krebsarten<\/a><\/li>\n<li class=\"menu-item menu-item-type-post_type menu-item-object-page menu-item-8520\"><a href=\"https:\/\/cancerfertilityandme.org.uk\/young-women\/fertility-preservation\/financial-costs\/\" class=\"elementor-item\">Finanzielle Kosten<\/a><\/li>\n<li class=\"menu-item menu-item-type-post_type menu-item-object-page menu-item-8521\"><a href=\"https:\/\/cancerfertilityandme.org.uk\/young-women\/fertility-preservation\/summary-of-options\/\" class=\"elementor-item\">Zusammenfassung der Optionen<\/a><\/li>\n<li class=\"menu-item menu-item-type-post_type menu-item-object-page menu-item-8522\"><a href=\"https:\/\/cancerfertilityandme.org.uk\/young-women\/fertility-preservation\/questions-to-ask-about-fertility-preservation\/\" class=\"elementor-item\">Fragen an das Krebsteam und das Fertilit\u00e4tsbehandlungsteam<\/a><\/li>\n<\/ul>\t\t\t<\/nav>\n\t\t\t\t\t\t<nav class=\"elementor-nav-menu--dropdown elementor-nav-menu__container\" aria-hidden=\"true\">\n\t\t\t\t<ul id=\"menu-2-1d9006c8\" class=\"elementor-nav-menu sm-vertical\"><li class=\"menu-item menu-item-type-post_type menu-item-object-page menu-item-8511\"><a href=\"https:\/\/cancerfertilityandme.org.uk\/young-women\/fertility-preservation\/\" class=\"elementor-item\" tabindex=\"-1\">Erhaltung der Fruchtbarkeit<\/a><\/li>\n<li class=\"menu-item menu-item-type-post_type menu-item-object-page menu-item-8514\"><a href=\"https:\/\/cancerfertilityandme.org.uk\/young-women\/fertility-preservation\/no-fertility-preservation\/\" class=\"elementor-item\" tabindex=\"-1\">Keine Fruchtbarkeitserhaltung<\/a><\/li>\n<li class=\"menu-item menu-item-type-post_type menu-item-object-page menu-item-8512\"><a href=\"https:\/\/cancerfertilityandme.org.uk\/young-women\/fertility-preservation\/egg-freezing\/\" class=\"elementor-item\" tabindex=\"-1\">Einfrieren von Eizellen<\/a><\/li>\n<li class=\"menu-item menu-item-type-post_type menu-item-object-page menu-item-8513\"><a href=\"https:\/\/cancerfertilityandme.org.uk\/young-women\/fertility-preservation\/embryo-freezing\/\" class=\"elementor-item\" tabindex=\"-1\">Einfrieren von Embryonen<\/a><\/li>\n<li class=\"menu-item menu-item-type-post_type menu-item-object-page menu-item-8518\"><a href=\"https:\/\/cancerfertilityandme.org.uk\/young-women\/fertility-preservation\/ovarian-tissue-freezing\/\" class=\"elementor-item\" tabindex=\"-1\">Einfrieren von Eierstockgewebe<\/a><\/li>\n<li class=\"menu-item menu-item-type-post_type menu-item-object-page menu-item-8515\"><a href=\"https:\/\/cancerfertilityandme.org.uk\/young-women\/fertility-preservation\/ovarian-suppression\/\" class=\"elementor-item\" tabindex=\"-1\">Unterdr\u00fcckung der Eierst\u00f6cke<\/a><\/li>\n<li class=\"menu-item menu-item-type-post_type menu-item-object-page menu-item-8519\"><a href=\"https:\/\/cancerfertilityandme.org.uk\/young-women\/fertility-preservation\/fertility-sparing-procedures\/\" class=\"elementor-item\" tabindex=\"-1\">Fruchtbarkeitserhaltende Verfahren bei bestimmten Krebsarten<\/a><\/li>\n<li class=\"menu-item menu-item-type-post_type menu-item-object-page menu-item-8520\"><a href=\"https:\/\/cancerfertilityandme.org.uk\/young-women\/fertility-preservation\/financial-costs\/\" class=\"elementor-item\" tabindex=\"-1\">Finanzielle Kosten<\/a><\/li>\n<li class=\"menu-item menu-item-type-post_type menu-item-object-page menu-item-8521\"><a href=\"https:\/\/cancerfertilityandme.org.uk\/young-women\/fertility-preservation\/summary-of-options\/\" class=\"elementor-item\" tabindex=\"-1\">Zusammenfassung der Optionen<\/a><\/li>\n<li class=\"menu-item menu-item-type-post_type menu-item-object-page menu-item-8522\"><a href=\"https:\/\/cancerfertilityandme.org.uk\/young-women\/fertility-preservation\/questions-to-ask-about-fertility-preservation\/\" class=\"elementor-item\" tabindex=\"-1\">Fragen an das Krebsteam und das Fertilit\u00e4tsbehandlungsteam<\/a><\/li>\n<\/ul>\t\t\t<\/nav>\n\t\t\t\t\t\t<\/div>\n\t\t\t\t<\/div>\n\t\t\t\t<\/div>\n\t\t\t\t<\/div>\n\t\t\t\t\t<\/div>\n\t\t\t\t<\/main>\n\t\t\t\t<\/div>\n\t\t","protected":false},"excerpt":{"rendered":"<p>Einfrieren von Eizellen Bei dieser Option werden reife Eizellen aus den Eierst\u00f6cken entnommen und eingefroren. Dieses Verfahren wird manchmal auch als \u201eEizellenbanking\u201c bezeichnet. Wenn die Frau bereit ist, schwanger zu werden, werden die eingefrorenen Eizellen mit Spermien befruchtet und wieder in die Geb\u00e4rmutter eingesetzt. F\u00fcr wen ist sie geeignet? Frauen, die ihre Fruchtbarkeit bewahren wollen, [&hellip;]<\/p>\n","protected":false},"author":1,"featured_media":0,"parent":8375,"menu_order":0,"comment_status":"open","ping_status":"closed","template":"","meta":{"footnotes":""},"class_list":["post-8377","page","type-page","status-publish","hentry"],"_links":{"self":[{"href":"https:\/\/cancerfertilityandme.org.uk\/de\/wp-json\/wp\/v2\/pages\/8377","targetHints":{"allow":["GET"]}}],"collection":[{"href":"https:\/\/cancerfertilityandme.org.uk\/de\/wp-json\/wp\/v2\/pages"}],"about":[{"href":"https:\/\/cancerfertilityandme.org.uk\/de\/wp-json\/wp\/v2\/types\/page"}],"author":[{"embeddable":true,"href":"https:\/\/cancerfertilityandme.org.uk\/de\/wp-json\/wp\/v2\/users\/1"}],"replies":[{"embeddable":true,"href":"https:\/\/cancerfertilityandme.org.uk\/de\/wp-json\/wp\/v2\/comments?post=8377"}],"version-history":[{"count":2,"href":"https:\/\/cancerfertilityandme.org.uk\/de\/wp-json\/wp\/v2\/pages\/8377\/revisions"}],"predecessor-version":[{"id":10123,"href":"https:\/\/cancerfertilityandme.org.uk\/de\/wp-json\/wp\/v2\/pages\/8377\/revisions\/10123"}],"up":[{"embeddable":true,"href":"https:\/\/cancerfertilityandme.org.uk\/de\/wp-json\/wp\/v2\/pages\/8375"}],"wp:attachment":[{"href":"https:\/\/cancerfertilityandme.org.uk\/de\/wp-json\/wp\/v2\/media?parent=8377"}],"curies":[{"name":"wp","href":"https:\/\/api.w.org\/{rel}","templated":true}]}}