{"id":8376,"date":"2023-04-02T16:24:37","date_gmt":"2023-04-02T16:24:37","guid":{"rendered":"https:\/\/cancerfertilityandme.org.uk\/keine-fruchtbarkeitserhaltung\/"},"modified":"2026-02-03T13:52:42","modified_gmt":"2026-02-03T13:52:42","slug":"keine-fruchtbarkeitserhaltung","status":"publish","type":"page","link":"https:\/\/cancerfertilityandme.org.uk\/de\/junge-frauen\/erhaltung-der-fruchtbarkeit\/keine-fruchtbarkeitserhaltung\/","title":{"rendered":"Keine Fruchtbarkeitserhaltung"},"content":{"rendered":"\t\t<div data-elementor-type=\"wp-page\" data-elementor-id=\"8376\" class=\"elementor elementor-8376 elementor-7750\" data-elementor-post-type=\"page\">\n\t\t\t\t<main class=\"elementor-element elementor-element-54382f91 e-flex e-con-boxed e-con e-parent\" data-id=\"54382f91\" data-element_type=\"container\" data-e-type=\"container\">\n\t\t\t\t\t<div class=\"e-con-inner\">\n\t\t<div class=\"elementor-element elementor-element-1d7b13e0 e-con-full e-flex e-con e-child\" data-id=\"1d7b13e0\" data-element_type=\"container\" data-e-type=\"container\">\n\t\t\t\t<div class=\"elementor-element elementor-element-a214ff7 elementor-widget elementor-widget-text-editor\" data-id=\"a214ff7\" data-element_type=\"widget\" data-e-type=\"widget\" data-widget_type=\"text-editor.default\">\n\t\t\t\t<div class=\"elementor-widget-container\">\n\t\t\t\t\t\t\t\t\t<h2>Keine Fruchtbarkeitserhaltung<\/h2><p><strong>Diese Option bedeutet, dass man sich vor Beginn der Krebsbehandlung gegen eine Behandlung zur Erhaltung der Fruchtbarkeit entscheidet.<\/strong><\/p><p><strong>Versuchen Sie sich zu erinnern\u2026<\/strong><\/p><ul><li>Nicht alle Frauen, die eine Krebstherapie beginnen, m\u00f6chten eine Behandlung zur Erhaltung ihrer Fruchtbarkeit durchf\u00fchren lassen.<\/li><li>Nicht alle Frauen sind aufgrund ihrer Krebsart und ihres Krebsstadiums in der Lage, ihre Fruchtbarkeit zu erhalten.<\/li><\/ul><p><strong>F\u00fcr wen ist sie geeignet?<\/strong><\/p><p>Frauen die:<\/p><ul><li>Bereit sind, abzuwarten, ob ihre Fruchtbarkeit nach einer Krebsbehandlung auf nat\u00fcrliche Weise zur\u00fcckkehrt.<\/li><li>Die sicher sind, dass sie nach der Krebsbehandlung nicht schwanger werden wollen.<\/li><li>Die sich sicher sind, dass ihre Famillienplanung abgeschlossen ist.<\/li><li>Ihnen stehen keine Optionen zur Erhaltung der Fruchtbarkeit zur Verf\u00fcgung.<\/li><li>Sie haben einen schnell wachsenden Krebs und m\u00fcssen sofort mit der Krebsbehandlung beginnen.<\/li><\/ul><p>Oft wird empfohlen, mindestens zwei Jahre nach Abschluss der Krebsbehandlung zu warten, bevor man schwanger wird. In den ersten zwei Jahren nach der Diagnose ist die Wahrscheinlichkeit gr\u00f6\u00dfer, dass der Krebs wiederkehrt. <\/p><p><strong>Was ist damit verbunden?<\/strong><\/p><p>Es gibt keine zus\u00e4tzlichen Verfahren. Die Behandlung beinhaltet, dass Sie Ihre Krebsbehandlung fortsetzen und w\u00e4hrend der Behandlung Verh\u00fctungsmethoden verwenden. <\/p><p><strong>Wie hoch ist die Chance, nach der Krebsbehandlung ein Kind zu bekommen?<\/strong><\/p><p>Die Chancen in der Zukunft ein Kind zu bekommen, h\u00e4ngt davon ab, wie Ihre Eierst\u00f6cke durch die Krebsbehandlung beeintr\u00e4chtigt wurden. Manche Frauen werden nach einer Krebsbehandlung auf nat\u00fcrliche Weise schwanger, ohne dass die Fruchtbarkeit erhalten werden muss. Wenn jedoch eine Krebsbehandlung dazu f\u00fchrt, dass eine vorzeitige Ovarialinsuffizienz (POI) einsetzt, kann dies bedeuten, dass Sie m\u00f6glicherweise keine nat\u00fcrliche Schwangerschaft erleben k\u00f6nnen.  <\/p><p><strong>Wird diese Option die Gesundheit des Babys beeintr\u00e4chtigen?<\/strong><\/p><p>Nein, die Gesundheit eines zuk\u00fcnftigen Babys wird nicht beeintr\u00e4chtigt.<\/p><p><strong>Gibt es Nebenwirkungen, wenn keine Fruchtbarkeitsbehandlung durchgef\u00fchrt wird?<\/strong><\/p><p>Sie werden keine Nebenwirkungen der Fruchtbarkeitsbehandlung haben.<\/p><p><strong>Kann diese Option den Beginn meiner Krebsbehandlung verz\u00f6gern?<\/strong><\/p><p>Nein, diese Option wird den Beginn der Krebsbehandlung nicht verz\u00f6gern.<\/p>\t\t\t\t\t\t\t\t<\/div>\n\t\t\t\t<\/div>\n\t\t\t\t<\/div>\n\t\t<div class=\"elementor-element elementor-element-4d6fc1b e-con-full e-flex e-con e-child\" data-id=\"4d6fc1b\" data-element_type=\"container\" data-e-type=\"container\">\n\t\t<div class=\"elementor-element elementor-element-3756a1d6 e-con-full e-flex e-con e-child\" data-id=\"3756a1d6\" data-element_type=\"container\" data-e-type=\"container\">\n\t\t\t\t<div class=\"elementor-element elementor-element-4810c801 elementor-widget elementor-widget-image\" data-id=\"4810c801\" data-element_type=\"widget\" data-e-type=\"widget\" data-widget_type=\"image.default\">\n\t\t\t\t<div class=\"elementor-widget-container\">\n\t\t\t\t\t\t\t\t\t\t\t\t\t\t\t\t<a href=\"http:\/\/.\/\">\n\t\t\t\t\t\t\t<img decoding=\"async\" width=\"200\" height=\"200\" src=\"https:\/\/cancerfertilityandme.org.uk\/wp-content\/uploads\/cancerfertilityandme-logo-header-young-women.png\" class=\"attachment-full size-full wp-image-3191\" alt=\"\" srcset=\"https:\/\/cancerfertilityandme.org.uk\/wp-content\/uploads\/cancerfertilityandme-logo-header-young-women.png 200w, https:\/\/cancerfertilityandme.org.uk\/wp-content\/uploads\/cancerfertilityandme-logo-header-young-women-150x150.png 150w, https:\/\/cancerfertilityandme.org.uk\/wp-content\/uploads\/elementor\/thumbs\/cancerfertilityandme-logo-header-young-women-r4vfcv1ro149or8nkxzol3x986uodd6lq6no4gpb6w.png 100w\" sizes=\"(max-width: 200px) 100vw, 200px\" \/>\t\t\t\t\t\t\t\t<\/a>\n\t\t\t\t\t\t\t\t\t\t\t\t\t\t\t<\/div>\n\t\t\t\t<\/div>\n\t\t\t\t<\/div>\n\t\t<div class=\"elementor-element elementor-element-53afe45b e-con-full e-flex e-con e-child\" data-id=\"53afe45b\" data-element_type=\"container\" data-e-type=\"container\">\n\t\t\t\t<div class=\"elementor-element elementor-element-c96f037 elementor-widget elementor-widget-heading\" data-id=\"c96f037\" data-element_type=\"widget\" data-e-type=\"widget\" data-widget_type=\"heading.default\">\n\t\t\t\t<div class=\"elementor-widget-container\">\n\t\t\t\t\t<h3 class=\"elementor-heading-title elementor-size-default\">\u00dcber folgenden Link gelangen Sie zu weiteren Informationen<\/h3>\t\t\t\t<\/div>\n\t\t\t\t<\/div>\n\t\t\t\t<div class=\"elementor-element elementor-element-4e6e8850 elementor-nav-menu--dropdown-none elementor-widget elementor-widget-nav-menu\" data-id=\"4e6e8850\" data-element_type=\"widget\" data-e-type=\"widget\" data-settings=\"{&quot;layout&quot;:&quot;vertical&quot;,&quot;submenu_icon&quot;:{&quot;value&quot;:&quot;&lt;svg aria-hidden=\\&quot;true\\&quot; class=\\&quot;e-font-icon-svg e-fas-caret-down\\&quot; viewBox=\\&quot;0 0 320 512\\&quot; xmlns=\\&quot;http:\\\/\\\/www.w3.org\\\/2000\\\/svg\\&quot;&gt;&lt;path d=\\&quot;M31.3 192h257.3c17.8 0 26.7 21.5 14.1 34.1L174.1 354.8c-7.8 7.8-20.5 7.8-28.3 0L17.2 226.1C4.6 213.5 13.5 192 31.3 192z\\&quot;&gt;&lt;\\\/path&gt;&lt;\\\/svg&gt;&quot;,&quot;library&quot;:&quot;fa-solid&quot;}}\" data-widget_type=\"nav-menu.default\">\n\t\t\t\t<div class=\"elementor-widget-container\">\n\t\t\t\t\t\t\t\t<nav aria-label=\"Menu\" class=\"elementor-nav-menu--main elementor-nav-menu__container elementor-nav-menu--layout-vertical e--pointer-none\">\n\t\t\t\t<ul id=\"menu-1-4e6e8850\" class=\"elementor-nav-menu sm-vertical\"><li class=\"menu-item menu-item-type-post_type menu-item-object-page menu-item-8511\"><a href=\"https:\/\/cancerfertilityandme.org.uk\/young-women\/fertility-preservation\/\" class=\"elementor-item\">Erhaltung der Fruchtbarkeit<\/a><\/li>\n<li class=\"menu-item menu-item-type-post_type menu-item-object-page menu-item-8514\"><a href=\"https:\/\/cancerfertilityandme.org.uk\/young-women\/fertility-preservation\/no-fertility-preservation\/\" class=\"elementor-item\">Keine Fruchtbarkeitserhaltung<\/a><\/li>\n<li class=\"menu-item menu-item-type-post_type menu-item-object-page menu-item-8512\"><a href=\"https:\/\/cancerfertilityandme.org.uk\/young-women\/fertility-preservation\/egg-freezing\/\" class=\"elementor-item\">Einfrieren von Eizellen<\/a><\/li>\n<li class=\"menu-item menu-item-type-post_type menu-item-object-page menu-item-8513\"><a href=\"https:\/\/cancerfertilityandme.org.uk\/young-women\/fertility-preservation\/embryo-freezing\/\" class=\"elementor-item\">Einfrieren von Embryonen<\/a><\/li>\n<li class=\"menu-item menu-item-type-post_type menu-item-object-page menu-item-8518\"><a href=\"https:\/\/cancerfertilityandme.org.uk\/young-women\/fertility-preservation\/ovarian-tissue-freezing\/\" class=\"elementor-item\">Einfrieren von Eierstockgewebe<\/a><\/li>\n<li class=\"menu-item menu-item-type-post_type menu-item-object-page menu-item-8515\"><a href=\"https:\/\/cancerfertilityandme.org.uk\/young-women\/fertility-preservation\/ovarian-suppression\/\" class=\"elementor-item\">Unterdr\u00fcckung der Eierst\u00f6cke<\/a><\/li>\n<li class=\"menu-item menu-item-type-post_type menu-item-object-page menu-item-8519\"><a href=\"https:\/\/cancerfertilityandme.org.uk\/young-women\/fertility-preservation\/fertility-sparing-procedures\/\" class=\"elementor-item\">Fruchtbarkeitserhaltende Verfahren bei bestimmten Krebsarten<\/a><\/li>\n<li class=\"menu-item menu-item-type-post_type menu-item-object-page menu-item-8520\"><a href=\"https:\/\/cancerfertilityandme.org.uk\/young-women\/fertility-preservation\/financial-costs\/\" class=\"elementor-item\">Finanzielle Kosten<\/a><\/li>\n<li class=\"menu-item menu-item-type-post_type menu-item-object-page menu-item-8521\"><a href=\"https:\/\/cancerfertilityandme.org.uk\/young-women\/fertility-preservation\/summary-of-options\/\" class=\"elementor-item\">Zusammenfassung der Optionen<\/a><\/li>\n<li class=\"menu-item menu-item-type-post_type menu-item-object-page menu-item-8522\"><a href=\"https:\/\/cancerfertilityandme.org.uk\/young-women\/fertility-preservation\/questions-to-ask-about-fertility-preservation\/\" class=\"elementor-item\">Fragen an das Krebsteam und das Fertilit\u00e4tsbehandlungsteam<\/a><\/li>\n<\/ul>\t\t\t<\/nav>\n\t\t\t\t\t\t<nav class=\"elementor-nav-menu--dropdown elementor-nav-menu__container\" aria-hidden=\"true\">\n\t\t\t\t<ul id=\"menu-2-4e6e8850\" class=\"elementor-nav-menu sm-vertical\"><li class=\"menu-item menu-item-type-post_type menu-item-object-page menu-item-8511\"><a href=\"https:\/\/cancerfertilityandme.org.uk\/young-women\/fertility-preservation\/\" class=\"elementor-item\" tabindex=\"-1\">Erhaltung der Fruchtbarkeit<\/a><\/li>\n<li class=\"menu-item menu-item-type-post_type menu-item-object-page menu-item-8514\"><a href=\"https:\/\/cancerfertilityandme.org.uk\/young-women\/fertility-preservation\/no-fertility-preservation\/\" class=\"elementor-item\" tabindex=\"-1\">Keine Fruchtbarkeitserhaltung<\/a><\/li>\n<li class=\"menu-item menu-item-type-post_type menu-item-object-page menu-item-8512\"><a href=\"https:\/\/cancerfertilityandme.org.uk\/young-women\/fertility-preservation\/egg-freezing\/\" class=\"elementor-item\" tabindex=\"-1\">Einfrieren von Eizellen<\/a><\/li>\n<li class=\"menu-item menu-item-type-post_type menu-item-object-page menu-item-8513\"><a href=\"https:\/\/cancerfertilityandme.org.uk\/young-women\/fertility-preservation\/embryo-freezing\/\" class=\"elementor-item\" tabindex=\"-1\">Einfrieren von Embryonen<\/a><\/li>\n<li class=\"menu-item menu-item-type-post_type menu-item-object-page menu-item-8518\"><a href=\"https:\/\/cancerfertilityandme.org.uk\/young-women\/fertility-preservation\/ovarian-tissue-freezing\/\" class=\"elementor-item\" tabindex=\"-1\">Einfrieren von Eierstockgewebe<\/a><\/li>\n<li class=\"menu-item menu-item-type-post_type menu-item-object-page menu-item-8515\"><a href=\"https:\/\/cancerfertilityandme.org.uk\/young-women\/fertility-preservation\/ovarian-suppression\/\" class=\"elementor-item\" tabindex=\"-1\">Unterdr\u00fcckung der Eierst\u00f6cke<\/a><\/li>\n<li class=\"menu-item menu-item-type-post_type menu-item-object-page menu-item-8519\"><a href=\"https:\/\/cancerfertilityandme.org.uk\/young-women\/fertility-preservation\/fertility-sparing-procedures\/\" class=\"elementor-item\" tabindex=\"-1\">Fruchtbarkeitserhaltende Verfahren bei bestimmten Krebsarten<\/a><\/li>\n<li class=\"menu-item menu-item-type-post_type menu-item-object-page menu-item-8520\"><a href=\"https:\/\/cancerfertilityandme.org.uk\/young-women\/fertility-preservation\/financial-costs\/\" class=\"elementor-item\" tabindex=\"-1\">Finanzielle Kosten<\/a><\/li>\n<li class=\"menu-item menu-item-type-post_type menu-item-object-page menu-item-8521\"><a href=\"https:\/\/cancerfertilityandme.org.uk\/young-women\/fertility-preservation\/summary-of-options\/\" class=\"elementor-item\" tabindex=\"-1\">Zusammenfassung der Optionen<\/a><\/li>\n<li class=\"menu-item menu-item-type-post_type menu-item-object-page menu-item-8522\"><a href=\"https:\/\/cancerfertilityandme.org.uk\/young-women\/fertility-preservation\/questions-to-ask-about-fertility-preservation\/\" class=\"elementor-item\" tabindex=\"-1\">Fragen an das Krebsteam und das Fertilit\u00e4tsbehandlungsteam<\/a><\/li>\n<\/ul>\t\t\t<\/nav>\n\t\t\t\t\t\t<\/div>\n\t\t\t\t<\/div>\n\t\t\t\t<\/div>\n\t\t\t\t<\/div>\n\t\t\t\t\t<\/div>\n\t\t\t\t<\/main>\n\t\t\t\t<\/div>\n\t\t","protected":false},"excerpt":{"rendered":"<p>Keine Fruchtbarkeitserhaltung Diese Option bedeutet, dass man sich vor Beginn der Krebsbehandlung gegen eine Behandlung zur Erhaltung der Fruchtbarkeit entscheidet. Versuchen Sie sich zu erinnern\u2026 Nicht alle Frauen, die eine Krebstherapie beginnen, m\u00f6chten eine Behandlung zur Erhaltung ihrer Fruchtbarkeit durchf\u00fchren lassen. Nicht alle Frauen sind aufgrund ihrer Krebsart und ihres Krebsstadiums in der Lage, ihre [&hellip;]<\/p>\n","protected":false},"author":1,"featured_media":0,"parent":8375,"menu_order":0,"comment_status":"open","ping_status":"closed","template":"","meta":{"footnotes":""},"class_list":["post-8376","page","type-page","status-publish","hentry"],"_links":{"self":[{"href":"https:\/\/cancerfertilityandme.org.uk\/de\/wp-json\/wp\/v2\/pages\/8376","targetHints":{"allow":["GET"]}}],"collection":[{"href":"https:\/\/cancerfertilityandme.org.uk\/de\/wp-json\/wp\/v2\/pages"}],"about":[{"href":"https:\/\/cancerfertilityandme.org.uk\/de\/wp-json\/wp\/v2\/types\/page"}],"author":[{"embeddable":true,"href":"https:\/\/cancerfertilityandme.org.uk\/de\/wp-json\/wp\/v2\/users\/1"}],"replies":[{"embeddable":true,"href":"https:\/\/cancerfertilityandme.org.uk\/de\/wp-json\/wp\/v2\/comments?post=8376"}],"version-history":[{"count":2,"href":"https:\/\/cancerfertilityandme.org.uk\/de\/wp-json\/wp\/v2\/pages\/8376\/revisions"}],"predecessor-version":[{"id":10148,"href":"https:\/\/cancerfertilityandme.org.uk\/de\/wp-json\/wp\/v2\/pages\/8376\/revisions\/10148"}],"up":[{"embeddable":true,"href":"https:\/\/cancerfertilityandme.org.uk\/de\/wp-json\/wp\/v2\/pages\/8375"}],"wp:attachment":[{"href":"https:\/\/cancerfertilityandme.org.uk\/de\/wp-json\/wp\/v2\/media?parent=8376"}],"curies":[{"name":"wp","href":"https:\/\/api.w.org\/{rel}","templated":true}]}}