{"id":8362,"date":"2023-04-03T09:24:33","date_gmt":"2023-04-03T09:24:33","guid":{"rendered":"https:\/\/cancerfertilityandme.org.uk\/benutzung-dieser-webseite\/"},"modified":"2025-11-17T11:04:52","modified_gmt":"2025-11-17T11:04:52","slug":"benutzung-dieser-webseite","status":"publish","type":"page","link":"https:\/\/cancerfertilityandme.org.uk\/de\/junge-frauen\/informationen-ueber-diese-webseite\/benutzung-dieser-webseite\/","title":{"rendered":"Diese Website benutzen"},"content":{"rendered":"\t\t<div data-elementor-type=\"wp-page\" data-elementor-id=\"8362\" class=\"elementor elementor-8362 elementor-7775\" data-elementor-post-type=\"page\">\n\t\t\t\t<main class=\"elementor-element elementor-element-30e26b6c e-flex e-con-boxed e-con e-parent\" data-id=\"30e26b6c\" data-element_type=\"container\" data-e-type=\"container\">\n\t\t\t\t\t<div class=\"e-con-inner\">\n\t\t<div class=\"elementor-element elementor-element-65df7344 e-con-full e-flex e-con e-child\" data-id=\"65df7344\" data-element_type=\"container\" data-e-type=\"container\">\n\t\t\t\t<div class=\"elementor-element elementor-element-1f35ebad elementor-widget elementor-widget-text-editor\" data-id=\"1f35ebad\" data-element_type=\"widget\" data-e-type=\"widget\" data-widget_type=\"text-editor.default\">\n\t\t\t\t<div class=\"elementor-widget-container\">\n\t\t\t\t\t\t\t\t\t<h2>Diese Webseite soll Ihnen bei Ihrer Entscheidung helfen<\/h2><p>\u201cIch denke an in f\u00fcnf Jahren, was ist mit in zehn Jahren? Und wie sieht es in der Zukunft aus?\u201d<br>Eine 25 j\u00e4hrige junge Frau mit Eierstockkrebs<\/p><p><strong>Diese Webseite soll krebskranken Menschen helfen, Entscheidungen \u00fcber den Erhalt ihrer Fruchtbarkeit zu treffen bevor sie ihre Krebsbehandlung beginnen.<\/strong><\/p><ul><li><strong>Erfahren Sie<\/strong> mehr \u00fcber die verschiedenen M\u00f6glichkeiten der Fruchtbarkeitserhaltung.<\/li><li><strong>\u00dcberlegen Sie<\/strong>, ob die Fruchtbarkeitserhaltung f\u00fcr Sie eine Option sein k\u00f6nnte.<\/li><li><strong>\u00dcberlegen Sie<\/strong>, was f\u00fcr Ihr Leben jetzt und in der Zukunft wichtig ist.<\/li><li><strong>Sprechen Sie<\/strong> mit Ihrem Krebsteam und Ihrem Fertilit\u00e4tsbehandlungsteam, w\u00e4hrend Sie Ihre Entscheidung treffen.<\/li><li><strong>Besprechen Sie<\/strong> mit Ihrem Krebsteam und Ihrem Fertilit\u00e4tsbehandlungsteam die Folgen und Vorteile jeglicher Entscheidungen, die Sie treffen.<\/li><\/ul><p>\u201c\u201eSie hat viele meiner Fragen beantwortet. Sie hat mir geholfen, meine Behandlung und meine Optionen besser zu verstehen. Sie hat Fragen beantwortete, die ich nicht unbedingt stellen w\u00fcrde, sie gab mir Informationen, von denen ich nicht dachte, dass ich sie wissen m\u00fcsste. Sie dr\u00e4ngte mich nicht in eine bestimmte Richtung. Sie war sehr objektiv, sie war deutlich mit dem was sie vermittelte, und versuchte nicht zu \u00fcberzeugen dass eine Option besser sei als eine Andere. Sie hat nur Fakten aufgef\u00fchrt und erkl\u00e4rte, was diese bedeuteten, und es lie\u00df mich entscheiden, ob ich es gut fand oder nicht.\u201c\u201d<br>Eine 20-j\u00e4hrige junge Frau mit Lymphom.<\/p><p><strong>Hinweise helfen Ihnen sich durch die Webseite zu navigieren.<\/strong><\/p><ul><li>Das Inhaltsverzeichnis zeigt Ihnen wo sie die Bereiche zur Krebsbehandlung, zu Fruchtbarkeitsproblemen, Entscheidungen zur Erhaltung der Fruchtbarkeit und zur Familienplanung finden k\u00f6nnen.<\/li><li>Entscheidungsbilder verdeutlichen, welche Entscheidungen Frauen vor, w\u00e4hrend und nach einer Krebsbehandlung treffen k\u00f6nnen.<\/li><li>Tabellen beschreiben die Merkmale der verschiedenen Optionen zur Fruchtbarkeitserhaltung nebeneinander, damit Sie vergleichen k\u00f6nnen, was bei jeder Option gleich oder anders ist.<\/li><li>Fragen, die Sie Ihrem Krebsteam und Ihrem Fertilit\u00e4tsbehandlungsteam stellen k\u00f6nnen.<\/li><li>Gibt Ihnen Anregungen, was Sie Ihr Krebsteam und\/oder Ihr Fertilit\u00e4tsbehandlungsteam fragen k\u00f6nnten.<\/li><li>Fragen \u00fcber \u201emeine Wertvorstellungen\u201c sollen Ihen helfen, dar\u00fcber nachzudenken, welche Option der Fertilit\u00e4tserhaltung zu diesem Zeitpunkt am besten in Ihr Leben passt.<\/li><li>Das Glossar erkl\u00e4rt die Bedeutung der Begriffe, die bei der Diskussion \u00fcber Krebs und seine Behandlung, Fruchtbarkeit und Fruchtbarkeitserhalt verwendet werden.<\/li><\/ul><p><strong>Bitte beachten Sie<\/strong><\/p><ol><li>Manche, aber nicht alle Frauen, die wegen einer Krebserkrankung behandelt werden, werden in Zukunft ein Fruchtbarkeitsproblem haben.<\/li><li>Manche der Verfahren zur Erhaltubg der Fruchtbarkeit sind nicht f\u00fcr alle jungen Frauen geeignet.<\/li><li>Manche auf dieser Webseite beschriebenen Verfahren zur Erhaltung der Fruchtbarkeit sind nicht in allen Fruchtbarkeitskliniken verf\u00fcgbar.<\/li><\/ol>\t\t\t\t\t\t\t\t<\/div>\n\t\t\t\t<\/div>\n\t\t\t\t<\/div>\n\t\t<div class=\"elementor-element elementor-element-b1afa93 e-con-full e-flex e-con e-child\" data-id=\"b1afa93\" data-element_type=\"container\" data-e-type=\"container\">\n\t\t<div class=\"elementor-element elementor-element-6a4613ad e-con-full e-flex e-con e-child\" data-id=\"6a4613ad\" data-element_type=\"container\" data-e-type=\"container\">\n\t\t\t\t<div class=\"elementor-element elementor-element-14f5e2a8 elementor-widget elementor-widget-image\" data-id=\"14f5e2a8\" data-element_type=\"widget\" data-e-type=\"widget\" data-widget_type=\"image.default\">\n\t\t\t\t<div class=\"elementor-widget-container\">\n\t\t\t\t\t\t\t\t\t\t\t\t\t\t\t\t<a href=\"http:\/\/.\/\">\n\t\t\t\t\t\t\t<img decoding=\"async\" width=\"200\" height=\"200\" src=\"https:\/\/cancerfertilityandme.org.uk\/wp-content\/uploads\/cancerfertilityandme-logo-header-young-women.png\" class=\"attachment-full size-full wp-image-3191\" alt=\"\" srcset=\"https:\/\/cancerfertilityandme.org.uk\/wp-content\/uploads\/cancerfertilityandme-logo-header-young-women.png 200w, https:\/\/cancerfertilityandme.org.uk\/wp-content\/uploads\/cancerfertilityandme-logo-header-young-women-150x150.png 150w, https:\/\/cancerfertilityandme.org.uk\/wp-content\/uploads\/elementor\/thumbs\/cancerfertilityandme-logo-header-young-women-r4vfcv1ro149or8nkxzol3x986uodd6lq6no4gpb6w.png 100w\" sizes=\"(max-width: 200px) 100vw, 200px\" \/>\t\t\t\t\t\t\t\t<\/a>\n\t\t\t\t\t\t\t\t\t\t\t\t\t\t\t<\/div>\n\t\t\t\t<\/div>\n\t\t\t\t<\/div>\n\t\t<div class=\"elementor-element elementor-element-55791adf e-con-full e-flex e-con e-child\" data-id=\"55791adf\" data-element_type=\"container\" data-e-type=\"container\">\n\t\t\t\t<div class=\"elementor-element elementor-element-6a885291 elementor-widget elementor-widget-heading\" data-id=\"6a885291\" data-element_type=\"widget\" data-e-type=\"widget\" data-widget_type=\"heading.default\">\n\t\t\t\t<div class=\"elementor-widget-container\">\n\t\t\t\t\t<h3 class=\"elementor-heading-title elementor-size-default\">\u00dcber folgenden Link gelangen Sie zu weiteren Informationen<\/h3>\t\t\t\t<\/div>\n\t\t\t\t<\/div>\n\t\t\t\t<div class=\"elementor-element elementor-element-17ab66f5 elementor-nav-menu--dropdown-none elementor-widget elementor-widget-nav-menu\" data-id=\"17ab66f5\" data-element_type=\"widget\" data-e-type=\"widget\" data-settings=\"{&quot;layout&quot;:&quot;vertical&quot;,&quot;submenu_icon&quot;:{&quot;value&quot;:&quot;&lt;svg aria-hidden=\\&quot;true\\&quot; class=\\&quot;e-font-icon-svg e-fas-caret-down\\&quot; viewBox=\\&quot;0 0 320 512\\&quot; xmlns=\\&quot;http:\\\/\\\/www.w3.org\\\/2000\\\/svg\\&quot;&gt;&lt;path d=\\&quot;M31.3 192h257.3c17.8 0 26.7 21.5 14.1 34.1L174.1 354.8c-7.8 7.8-20.5 7.8-28.3 0L17.2 226.1C4.6 213.5 13.5 192 31.3 192z\\&quot;&gt;&lt;\\\/path&gt;&lt;\\\/svg&gt;&quot;,&quot;library&quot;:&quot;fa-solid&quot;}}\" data-widget_type=\"nav-menu.default\">\n\t\t\t\t<div class=\"elementor-widget-container\">\n\t\t\t\t\t\t\t\t<nav aria-label=\"Menu\" class=\"elementor-nav-menu--main elementor-nav-menu__container elementor-nav-menu--layout-vertical e--pointer-none\">\n\t\t\t\t<ul id=\"menu-1-17ab66f5\" class=\"elementor-nav-menu sm-vertical\"><li class=\"menu-item menu-item-type-post_type menu-item-object-page menu-item-8474\"><a href=\"https:\/\/cancerfertilityandme.org.uk\/young-women\/about-this-project\/\" class=\"elementor-item\">\u00dcber dieses Projekt<\/a><\/li>\n<li class=\"menu-item menu-item-type-post_type menu-item-object-page menu-item-8477\"><a href=\"https:\/\/cancerfertilityandme.org.uk\/young-women\/about-this-project\/using-this-website\/\" class=\"elementor-item\">Diese Website benutzen<\/a><\/li>\n<li class=\"menu-item menu-item-type-post_type menu-item-object-page menu-item-8476\"><a href=\"https:\/\/cancerfertilityandme.org.uk\/young-women\/about-this-project\/linking-fertility-options\/\" class=\"elementor-item\">Verkn\u00fcpfung von Fruchtbarkeitsoptionen<\/a><\/li>\n<li class=\"menu-item menu-item-type-post_type menu-item-object-page menu-item-10564\"><a href=\"https:\/\/cancerfertilityandme.org.uk\/glossary\/\" class=\"elementor-item\">Glossar<\/a><\/li>\n<\/ul>\t\t\t<\/nav>\n\t\t\t\t\t\t<nav class=\"elementor-nav-menu--dropdown elementor-nav-menu__container\" aria-hidden=\"true\">\n\t\t\t\t<ul id=\"menu-2-17ab66f5\" class=\"elementor-nav-menu sm-vertical\"><li class=\"menu-item menu-item-type-post_type menu-item-object-page menu-item-8474\"><a href=\"https:\/\/cancerfertilityandme.org.uk\/young-women\/about-this-project\/\" class=\"elementor-item\" tabindex=\"-1\">\u00dcber dieses Projekt<\/a><\/li>\n<li class=\"menu-item menu-item-type-post_type menu-item-object-page menu-item-8477\"><a href=\"https:\/\/cancerfertilityandme.org.uk\/young-women\/about-this-project\/using-this-website\/\" class=\"elementor-item\" tabindex=\"-1\">Diese Website benutzen<\/a><\/li>\n<li class=\"menu-item menu-item-type-post_type menu-item-object-page menu-item-8476\"><a href=\"https:\/\/cancerfertilityandme.org.uk\/young-women\/about-this-project\/linking-fertility-options\/\" class=\"elementor-item\" tabindex=\"-1\">Verkn\u00fcpfung von Fruchtbarkeitsoptionen<\/a><\/li>\n<li class=\"menu-item menu-item-type-post_type menu-item-object-page menu-item-10564\"><a href=\"https:\/\/cancerfertilityandme.org.uk\/glossary\/\" class=\"elementor-item\" tabindex=\"-1\">Glossar<\/a><\/li>\n<\/ul>\t\t\t<\/nav>\n\t\t\t\t\t\t<\/div>\n\t\t\t\t<\/div>\n\t\t\t\t<\/div>\n\t\t\t\t<\/div>\n\t\t\t\t\t<\/div>\n\t\t\t\t<\/main>\n\t\t\t\t<\/div>\n\t\t","protected":false},"excerpt":{"rendered":"<p>Diese Webseite soll Ihnen bei Ihrer Entscheidung helfen \u201cIch denke an in f\u00fcnf Jahren, was ist mit in zehn Jahren? Und wie sieht es in der Zukunft aus?\u201dEine 25 j\u00e4hrige junge Frau mit Eierstockkrebs Diese Webseite soll krebskranken Menschen helfen, Entscheidungen \u00fcber den Erhalt ihrer Fruchtbarkeit zu treffen bevor sie ihre Krebsbehandlung beginnen. Erfahren Sie [&hellip;]<\/p>\n","protected":false},"author":1,"featured_media":0,"parent":8361,"menu_order":0,"comment_status":"open","ping_status":"closed","template":"","meta":{"footnotes":""},"class_list":["post-8362","page","type-page","status-publish","hentry"],"_links":{"self":[{"href":"https:\/\/cancerfertilityandme.org.uk\/de\/wp-json\/wp\/v2\/pages\/8362","targetHints":{"allow":["GET"]}}],"collection":[{"href":"https:\/\/cancerfertilityandme.org.uk\/de\/wp-json\/wp\/v2\/pages"}],"about":[{"href":"https:\/\/cancerfertilityandme.org.uk\/de\/wp-json\/wp\/v2\/types\/page"}],"author":[{"embeddable":true,"href":"https:\/\/cancerfertilityandme.org.uk\/de\/wp-json\/wp\/v2\/users\/1"}],"replies":[{"embeddable":true,"href":"https:\/\/cancerfertilityandme.org.uk\/de\/wp-json\/wp\/v2\/comments?post=8362"}],"version-history":[{"count":3,"href":"https:\/\/cancerfertilityandme.org.uk\/de\/wp-json\/wp\/v2\/pages\/8362\/revisions"}],"predecessor-version":[{"id":9677,"href":"https:\/\/cancerfertilityandme.org.uk\/de\/wp-json\/wp\/v2\/pages\/8362\/revisions\/9677"}],"up":[{"embeddable":true,"href":"https:\/\/cancerfertilityandme.org.uk\/de\/wp-json\/wp\/v2\/pages\/8361"}],"wp:attachment":[{"href":"https:\/\/cancerfertilityandme.org.uk\/de\/wp-json\/wp\/v2\/media?parent=8362"}],"curies":[{"name":"wp","href":"https:\/\/api.w.org\/{rel}","templated":true}]}}