{"id":8361,"date":"2023-04-03T09:01:57","date_gmt":"2023-04-03T09:01:57","guid":{"rendered":"https:\/\/cancerfertilityandme.org.uk\/informationen-ueber-diese-webseite\/"},"modified":"2026-03-10T11:47:27","modified_gmt":"2026-03-10T11:47:27","slug":"informationen-ueber-diese-webseite","status":"publish","type":"page","link":"https:\/\/cancerfertilityandme.org.uk\/de\/junge-frauen\/informationen-ueber-diese-webseite\/","title":{"rendered":"\u00dcber dieses Projekt"},"content":{"rendered":"\t\t<div data-elementor-type=\"wp-page\" data-elementor-id=\"8361\" class=\"elementor elementor-8361 elementor-7774\" data-elementor-post-type=\"page\">\n\t\t\t\t<main class=\"elementor-element elementor-element-4a68a2b7 e-flex e-con-boxed e-con e-parent\" data-id=\"4a68a2b7\" data-element_type=\"container\" data-e-type=\"container\">\n\t\t\t\t\t<div class=\"e-con-inner\">\n\t\t<div class=\"elementor-element elementor-element-bf63f4d e-con-full e-flex e-con e-child\" data-id=\"bf63f4d\" data-element_type=\"container\" data-e-type=\"container\">\n\t\t\t\t<div class=\"elementor-element elementor-element-437ce504 elementor-widget elementor-widget-text-editor\" data-id=\"437ce504\" data-element_type=\"widget\" data-e-type=\"widget\" data-widget_type=\"text-editor.default\">\n\t\t\t\t<div class=\"elementor-widget-container\">\n\t\t\t\t\t\t\t\t\t<h2>Informationen \u00fcber die Webseite \u201eKrebs, Fruchtbarkeit und ich\u201c als Entscheidungshilfe<\/h2>\n<strong>Wenn Sie eine Krebsdiagnose erhalten haben, wird Ihnen vieles durch den Kopfen gehen. Sie werden wahrscheinlich eine ganze Reihe von Gef\u00fchlen und Emotionen von dem Zeitpunkt der Diagnose durchleben, und Sie werden wahrscheinlich viele Fragen haben. <\/strong>\n\n<strong>Krebs und seine Behandlung k\u00f6nnen die Fruchtbarkeit und die Chancen, dass Sie in Zukunft schwanger werden beeinflussen.<\/strong>\n\nDiese Informationen sind unter Umst\u00e4nden neu f\u00fcr Sie. Oder Sie sind sich dessen vielleicht schon bewusst und fragen sich ob Sie noch in der Lage sein werden, eine Familie zu gr\u00fcnden. Ob Kinderkriegen definitiv auf Ihren Pl\u00e4nen steht, oder ob Ihnen das alles noch zu weit weg erscheint, um dies wirklich zu entscheiden, finden Sie auf dieser Webseite Informationen, die Ihnen helfen sollen, \u00fcber die Erhaltung der Fruchtbarkeit nachzudenken. Fruchtbarkeitserhaltung sind Behandlungen, die M\u00e4dchen und jungen Frauen mit Krebs eine h\u00f6here Chance geben, schwanger zu werden und ein Kind zu bekommen, nachdem sie eine Krebsbehandlung erhalten haben. Wir hoffen, dass diese Webseite Ihnen helfen wird mehr \u00fcber die Erhaltung der Fruchtbarkeit zu erfahren. Obwohl die Entscheidungen pers\u00f6nlich sind und die Beschl\u00fcsse, die Sie treffen, ganz allein Ihre sind, hoffen wir, dass diese Webseite Sie dabei unterst\u00fctzt herauszufinden welche Optionen zur Verf\u00fcgung stehen und Ihnen hilft die beste Entscheidung f\u00fcr Sie zu treffen.     \n\n<blockquote>\u201cIch war eine lange Zeit unsicher, aber als ich die Entscheidung getroffen hatte, war ich mir sicher, dass es das war was ich wollte. Und ich bin froh, denn es war die richtige Entscheidung.\u201c<br><br>Eine 20-j\u00e4hrige junge Frau mit Lymphom.<\/blockquote>\n\n<b>Diese Webseite enth\u00e4lt Informationen, die Ihnen helfen soll:<\/b>\n<ul>\n \t<li>Mehr dar\u00fcber zu erfahren, wie Krebsbehandlungen Fruchtbarkeitsprobleme bei Frauen verursachen k\u00f6nnen.<\/li>\n \t<li>Mehr dar\u00fcber zu erfahren, wie krebskranke Frauen ihre Fruchtbarkeit erhalten k\u00f6nnen, bevor sie eine Krebsbehandlung beginnen.<\/li>\n \t<li>Zu verstehen, welche Optionen zur Erhaltung der Fruchtbarkeit am besten in Ihr Leben passen.<\/li>\n \t<li>Entscheidungen zur Familienplanung w\u00e4hrend, und nach der Krebsbehandlung zu verstehen.<\/li>\n<\/ul>\n<strong>Diese Webseite k\u00f6nnte f\u00fcr Sie hilfreich sein, wenn:<\/strong>\n<ul>\n \t<li>Bei Ihnen vor kurzem Krebs diagnostiziert wurde.<\/li>\n \t<li>Sie vielleicht schwanger werden m\u00f6chten und versuchen, nach Abschluss der Krebsbehandlung ein Kind zu bekommen.<\/li>\n \t<li>Sie m\u00f6chten mehr \u00fcber Behandlungsmethoden zur Erhaltung der Fruchtbarkeit erfahren.<\/li>\n \t<li>Sie mehr Informationen erhalten m\u00f6chten, um eine Entscheidung \u00fcber die Erhaltung Ihrer Fruchtbarkeit zu treffen.<\/li>\n<\/ul>\t\t\t\t\t\t\t\t<\/div>\n\t\t\t\t<\/div>\n\t\t\t\t<\/div>\n\t\t<div class=\"elementor-element elementor-element-4c2a2e61 e-con-full e-flex e-con e-child\" data-id=\"4c2a2e61\" data-element_type=\"container\" data-e-type=\"container\">\n\t\t<div class=\"elementor-element elementor-element-4cf1ed17 e-con-full e-flex e-con e-child\" data-id=\"4cf1ed17\" data-element_type=\"container\" data-e-type=\"container\">\n\t\t\t\t<div class=\"elementor-element elementor-element-4147e412 elementor-widget elementor-widget-image\" data-id=\"4147e412\" data-element_type=\"widget\" data-e-type=\"widget\" data-widget_type=\"image.default\">\n\t\t\t\t<div class=\"elementor-widget-container\">\n\t\t\t\t\t\t\t\t\t\t\t\t\t\t\t\t<a href=\"http:\/\/.\/\">\n\t\t\t\t\t\t\t<img decoding=\"async\" width=\"200\" height=\"200\" src=\"https:\/\/cancerfertilityandme.org.uk\/wp-content\/uploads\/cancerfertilityandme-logo-header-young-women.png\" class=\"attachment-full size-full wp-image-3191\" alt=\"\" srcset=\"https:\/\/cancerfertilityandme.org.uk\/wp-content\/uploads\/cancerfertilityandme-logo-header-young-women.png 200w, https:\/\/cancerfertilityandme.org.uk\/wp-content\/uploads\/cancerfertilityandme-logo-header-young-women-150x150.png 150w, https:\/\/cancerfertilityandme.org.uk\/wp-content\/uploads\/elementor\/thumbs\/cancerfertilityandme-logo-header-young-women-r4vfcv1ro149or8nkxzol3x986uodd6lq6no4gpb6w.png 100w\" sizes=\"(max-width: 200px) 100vw, 200px\" \/>\t\t\t\t\t\t\t\t<\/a>\n\t\t\t\t\t\t\t\t\t\t\t\t\t\t\t<\/div>\n\t\t\t\t<\/div>\n\t\t\t\t<\/div>\n\t\t<div class=\"elementor-element elementor-element-429ad59f e-con-full e-flex e-con e-child\" data-id=\"429ad59f\" data-element_type=\"container\" data-e-type=\"container\">\n\t\t\t\t<div class=\"elementor-element elementor-element-68253d98 elementor-widget elementor-widget-heading\" data-id=\"68253d98\" data-element_type=\"widget\" data-e-type=\"widget\" data-widget_type=\"heading.default\">\n\t\t\t\t<div class=\"elementor-widget-container\">\n\t\t\t\t\t<h3 class=\"elementor-heading-title elementor-size-default\">\u00dcber folgenden Link gelangen Sie zu weiteren Informationen<\/h3>\t\t\t\t<\/div>\n\t\t\t\t<\/div>\n\t\t\t\t<div class=\"elementor-element elementor-element-4eaf61a0 elementor-nav-menu--dropdown-none elementor-widget elementor-widget-nav-menu\" data-id=\"4eaf61a0\" data-element_type=\"widget\" data-e-type=\"widget\" data-settings=\"{&quot;layout&quot;:&quot;vertical&quot;,&quot;submenu_icon&quot;:{&quot;value&quot;:&quot;&lt;svg aria-hidden=\\&quot;true\\&quot; class=\\&quot;e-font-icon-svg e-fas-caret-down\\&quot; viewBox=\\&quot;0 0 320 512\\&quot; xmlns=\\&quot;http:\\\/\\\/www.w3.org\\\/2000\\\/svg\\&quot;&gt;&lt;path d=\\&quot;M31.3 192h257.3c17.8 0 26.7 21.5 14.1 34.1L174.1 354.8c-7.8 7.8-20.5 7.8-28.3 0L17.2 226.1C4.6 213.5 13.5 192 31.3 192z\\&quot;&gt;&lt;\\\/path&gt;&lt;\\\/svg&gt;&quot;,&quot;library&quot;:&quot;fa-solid&quot;}}\" data-widget_type=\"nav-menu.default\">\n\t\t\t\t<div class=\"elementor-widget-container\">\n\t\t\t\t\t\t\t\t<nav aria-label=\"Menu\" class=\"elementor-nav-menu--main elementor-nav-menu__container elementor-nav-menu--layout-vertical e--pointer-none\">\n\t\t\t\t<ul id=\"menu-1-4eaf61a0\" class=\"elementor-nav-menu sm-vertical\"><li class=\"menu-item menu-item-type-post_type menu-item-object-page menu-item-8474\"><a href=\"https:\/\/cancerfertilityandme.org.uk\/young-women\/about-this-project\/\" class=\"elementor-item\">\u00dcber dieses Projekt<\/a><\/li>\n<li class=\"menu-item menu-item-type-post_type menu-item-object-page menu-item-8477\"><a href=\"https:\/\/cancerfertilityandme.org.uk\/young-women\/about-this-project\/using-this-website\/\" class=\"elementor-item\">Diese Website benutzen<\/a><\/li>\n<li class=\"menu-item menu-item-type-post_type menu-item-object-page menu-item-8476\"><a href=\"https:\/\/cancerfertilityandme.org.uk\/young-women\/about-this-project\/linking-fertility-options\/\" class=\"elementor-item\">Verkn\u00fcpfung von Fruchtbarkeitsoptionen<\/a><\/li>\n<li class=\"menu-item menu-item-type-post_type menu-item-object-page menu-item-10564\"><a href=\"https:\/\/cancerfertilityandme.org.uk\/glossary\/\" class=\"elementor-item\">Glossar<\/a><\/li>\n<\/ul>\t\t\t<\/nav>\n\t\t\t\t\t\t<nav class=\"elementor-nav-menu--dropdown elementor-nav-menu__container\" aria-hidden=\"true\">\n\t\t\t\t<ul id=\"menu-2-4eaf61a0\" class=\"elementor-nav-menu sm-vertical\"><li class=\"menu-item menu-item-type-post_type menu-item-object-page menu-item-8474\"><a href=\"https:\/\/cancerfertilityandme.org.uk\/young-women\/about-this-project\/\" class=\"elementor-item\" tabindex=\"-1\">\u00dcber dieses Projekt<\/a><\/li>\n<li class=\"menu-item menu-item-type-post_type menu-item-object-page menu-item-8477\"><a href=\"https:\/\/cancerfertilityandme.org.uk\/young-women\/about-this-project\/using-this-website\/\" class=\"elementor-item\" tabindex=\"-1\">Diese Website benutzen<\/a><\/li>\n<li class=\"menu-item menu-item-type-post_type menu-item-object-page menu-item-8476\"><a href=\"https:\/\/cancerfertilityandme.org.uk\/young-women\/about-this-project\/linking-fertility-options\/\" class=\"elementor-item\" tabindex=\"-1\">Verkn\u00fcpfung von Fruchtbarkeitsoptionen<\/a><\/li>\n<li class=\"menu-item menu-item-type-post_type menu-item-object-page menu-item-10564\"><a href=\"https:\/\/cancerfertilityandme.org.uk\/glossary\/\" class=\"elementor-item\" tabindex=\"-1\">Glossar<\/a><\/li>\n<\/ul>\t\t\t<\/nav>\n\t\t\t\t\t\t<\/div>\n\t\t\t\t<\/div>\n\t\t\t\t<\/div>\n\t\t\t\t<\/div>\n\t\t\t\t\t<\/div>\n\t\t\t\t<\/main>\n\t\t\t\t<\/div>\n\t\t","protected":false},"excerpt":{"rendered":"<p>Informationen \u00fcber die Webseite \u201eKrebs, Fruchtbarkeit und ich\u201c als Entscheidungshilfe Wenn Sie eine Krebsdiagnose erhalten haben, wird Ihnen vieles durch den Kopfen gehen. Sie werden wahrscheinlich eine ganze Reihe von Gef\u00fchlen und Emotionen von dem Zeitpunkt der Diagnose durchleben, und Sie werden wahrscheinlich viele Fragen haben. Krebs und seine Behandlung k\u00f6nnen die Fruchtbarkeit und die [&hellip;]<\/p>\n","protected":false},"author":1,"featured_media":0,"parent":8355,"menu_order":0,"comment_status":"open","ping_status":"closed","template":"","meta":{"footnotes":""},"class_list":["post-8361","page","type-page","status-publish","hentry"],"_links":{"self":[{"href":"https:\/\/cancerfertilityandme.org.uk\/de\/wp-json\/wp\/v2\/pages\/8361","targetHints":{"allow":["GET"]}}],"collection":[{"href":"https:\/\/cancerfertilityandme.org.uk\/de\/wp-json\/wp\/v2\/pages"}],"about":[{"href":"https:\/\/cancerfertilityandme.org.uk\/de\/wp-json\/wp\/v2\/types\/page"}],"author":[{"embeddable":true,"href":"https:\/\/cancerfertilityandme.org.uk\/de\/wp-json\/wp\/v2\/users\/1"}],"replies":[{"embeddable":true,"href":"https:\/\/cancerfertilityandme.org.uk\/de\/wp-json\/wp\/v2\/comments?post=8361"}],"version-history":[{"count":6,"href":"https:\/\/cancerfertilityandme.org.uk\/de\/wp-json\/wp\/v2\/pages\/8361\/revisions"}],"predecessor-version":[{"id":11200,"href":"https:\/\/cancerfertilityandme.org.uk\/de\/wp-json\/wp\/v2\/pages\/8361\/revisions\/11200"}],"up":[{"embeddable":true,"href":"https:\/\/cancerfertilityandme.org.uk\/de\/wp-json\/wp\/v2\/pages\/8355"}],"wp:attachment":[{"href":"https:\/\/cancerfertilityandme.org.uk\/de\/wp-json\/wp\/v2\/media?parent=8361"}],"curies":[{"name":"wp","href":"https:\/\/api.w.org\/{rel}","templated":true}]}}