{"id":8357,"date":"2023-04-02T15:36:14","date_gmt":"2023-04-02T15:36:14","guid":{"rendered":"https:\/\/cancerfertilityandme.org.uk\/krebs-und-fruchtbarkeit\/"},"modified":"2026-03-10T13:16:24","modified_gmt":"2026-03-10T13:16:24","slug":"krebs-und-fruchtbarkeit","status":"publish","type":"page","link":"https:\/\/cancerfertilityandme.org.uk\/de\/junge-frauen\/krebs-und-fruchtbarkeit\/","title":{"rendered":"Krebs und Fruchtbarkeit"},"content":{"rendered":"\t\t<div data-elementor-type=\"wp-page\" data-elementor-id=\"8357\" class=\"elementor elementor-8357 elementor-7729\" data-elementor-post-type=\"page\">\n\t\t\t\t<main class=\"elementor-element elementor-element-44a9b619 e-flex e-con-boxed e-con e-parent\" data-id=\"44a9b619\" data-element_type=\"container\" data-e-type=\"container\">\n\t\t\t\t\t<div class=\"e-con-inner\">\n\t\t<div class=\"elementor-element elementor-element-15b1e5fa e-con-full e-flex e-con e-child\" data-id=\"15b1e5fa\" data-element_type=\"container\" data-e-type=\"container\">\n\t\t\t\t<div class=\"elementor-element elementor-element-4fe71deb elementor-widget elementor-widget-text-editor\" data-id=\"4fe71deb\" data-element_type=\"widget\" data-e-type=\"widget\" data-widget_type=\"text-editor.default\">\n\t\t\t\t<div class=\"elementor-widget-container\">\n\t\t\t\t\t\t\t\t\t<h2>Wie Krebsbehandlungen die Fruchtbarkeit beeinflussen<\/h2><p><strong>Als Krebs werden Krankheiten bezeichnet, die dadurch entstehen, dass sich die Zellen des K\u00f6rpers unaufh\u00f6rlich teilen<\/strong><\/p><p>Wucherungen bilden und in Teile des K\u00f6rpers wandern, wo sie nicht gebraucht werden.<\/p><p>Krebsbehandlungen zielen darauf ab, den Krebs zu entfernen und sein Wiederauftreten zu verhindern. Die wichtigsten Krebsbehandlungen sind Chemotherapie, Strahlentherapie, Operation, Hormontherapie und gezielte Arzneimitteltherapie. <\/p><p>Die meisten Krebsbehandlungen haben Nebenwirkungen, die dadurch verursacht werden, dass die Behandlungen gesundes Gewebe angreifen. Viele Nebenwirkungen treten nur f\u00fcr kurze Zeit w\u00e4hrend und nach der Behandlung auf. Einige Nebenwirkungen halten l\u00e4nger an und k\u00f6nnen die Gesundheit eines Menschen f\u00fcr den Rest seines Lebens beeintr\u00e4chtigen. Bei Frauen kann eine dieser Nebenwirkungen eine verminderte Fruchtbarkeit sein, was bedeutet, dass eine Frau in der Zukunft m\u00f6glicherweise nicht mehr schwanger werden kann.  <\/p><p>Die Teile des weiblichen K\u00f6rpers, die an der Fruchtbarkeit beteiligt sind, werden als das \u201eFortpflanzungssystem\u201c bezeichnet.<\/p>\t\t\t\t\t\t\t\t<\/div>\n\t\t\t\t<\/div>\n\t\t\t\t<div class=\"elementor-element elementor-element-c591403 elementor-widget elementor-widget-image\" data-id=\"c591403\" data-element_type=\"widget\" data-e-type=\"widget\" data-widget_type=\"image.default\">\n\t\t\t\t<div class=\"elementor-widget-container\">\n\t\t\t\t\t\t\t\t\t\t\t\t\t\t\t<img fetchpriority=\"high\" decoding=\"async\" width=\"736\" height=\"585\" src=\"https:\/\/cancerfertilityandme.org.uk\/wp-content\/uploads\/diagram-femaile-reproductive-system@2x.png\" class=\"attachment-large size-large wp-image-11228\" alt=\"Die wichtigsten Teile des Fortpflanzungssystems sind:\" srcset=\"https:\/\/cancerfertilityandme.org.uk\/wp-content\/uploads\/diagram-femaile-reproductive-system@2x.png 736w, https:\/\/cancerfertilityandme.org.uk\/wp-content\/uploads\/diagram-femaile-reproductive-system@2x-300x238.png 300w\" sizes=\"(max-width: 736px) 100vw, 736px\" \/>\t\t\t\t\t\t\t\t\t\t\t\t\t\t\t<\/div>\n\t\t\t\t<\/div>\n\t\t\t\t<div class=\"elementor-element elementor-element-c503139 elementor-widget elementor-widget-text-editor\" data-id=\"c503139\" data-element_type=\"widget\" data-e-type=\"widget\" data-widget_type=\"text-editor.default\">\n\t\t\t\t<div class=\"elementor-widget-container\">\n\t\t\t\t\t\t\t\t\t<p>Die wichtigsten Teile des Fortpflanzungssystems sind:<\/p><ol><li><strong>Eierst\u00f6cke<\/strong> \u2013 diese beiden Organe befinden sich auf beiden Seiten der Geb\u00e4rmutter im K\u00f6rper der Frau zwischen den H\u00fcften (Becken). Die Eierst\u00f6cke produzieren die Eizellen und die Hormone, die f\u00fcr die Zeugung eines Kindes erforderlich sind. Diese Eizellen wandern durch die Eileiter in die Geb\u00e4rmutter.  <\/li><li><strong>Eizelle <\/strong>(Oozyte) \u2013 die weibliche Geschlechtszelle, die sich nach der Befruchtung mit Spermien zu einem Baby entwickeln kann.<\/li><li><strong>Eileiter <\/strong>\u2013 die beiden Eileiter, die die Eierst\u00f6cke mit der Geb\u00e4rmutter verbinden; hier wird die Eizelle von den Spermien des Mannes befruchtet.<\/li><li><strong>Geb\u00e4rmutter <\/strong>(Uterus)- sie befindet sich im Becken und ist der Ort, an dem sich die Schwangerschaft entwickelt.<\/li><li><strong>Geb\u00e4rmutterhals <\/strong>(Cervix) \u2013 die \u00d6ffnung zur Geb\u00e4rmutter, durch die das Menstruationsblut den K\u00f6rper verl\u00e4sst (Periode) und die Frau geb\u00e4ren kann.<\/li><li><strong>Vagina <\/strong>(Geburtskanal) \u2013 die \u00d6ffnung zwischen dem unteren Teil des Geb\u00e4rmutterhalses und der Au\u00dfenseite des K\u00f6rpers.<\/li><li><strong>Vulva<\/strong>\u2013 der \u00e4u\u00dfere Bereich der Vagina.<\/li><\/ol><p><strong>Krebsbehandlungen k\u00f6nnen sich auf die Fruchtbarkeit auswirken:<\/strong><\/p><ul><li>Sch\u00e4digung oder Verringerung der Anzahl der in den Eierst\u00f6cken gespeicherten Eizellen.<\/li><li>Sch\u00e4digung oder Verringerung der Anzahl der in den Eierst\u00f6cken gespeicherten Eizellen.<\/li><li>Die Entfernung oder Besch\u00e4digung eines Teils des weiblichen Fortpflanzungssystems.<\/li><\/ul><p>Wie sich Krebsbehandlungen auf die Fruchtbarkeit auswirken, h\u00e4ngt von der Art der Krebserkrankung und der Behandlung ab, die Sie erhalten.<\/p><p>Nicht alle Frauen, die sich einer Krebsbehandlung unterziehen, werden in Zukunft ein Fruchtbarkeitsproblem haben<\/p>\t\t\t\t\t\t\t\t<\/div>\n\t\t\t\t<\/div>\n\t\t\t\t<\/div>\n\t\t<div class=\"elementor-element elementor-element-39c9f397 e-con-full e-flex e-con e-child\" data-id=\"39c9f397\" data-element_type=\"container\" data-e-type=\"container\">\n\t\t<div class=\"elementor-element elementor-element-59edae77 e-con-full e-flex e-con e-child\" data-id=\"59edae77\" data-element_type=\"container\" data-e-type=\"container\">\n\t\t\t\t<div class=\"elementor-element elementor-element-6cd8fdd9 elementor-widget elementor-widget-image\" data-id=\"6cd8fdd9\" data-element_type=\"widget\" data-e-type=\"widget\" data-widget_type=\"image.default\">\n\t\t\t\t<div class=\"elementor-widget-container\">\n\t\t\t\t\t\t\t\t\t\t\t\t\t\t\t\t<a href=\"http:\/\/.\/\">\n\t\t\t\t\t\t\t<img decoding=\"async\" width=\"200\" height=\"200\" src=\"https:\/\/cancerfertilityandme.org.uk\/wp-content\/uploads\/cancerfertilityandme-logo-header-young-women.png\" class=\"attachment-full size-full wp-image-3191\" alt=\"\" srcset=\"https:\/\/cancerfertilityandme.org.uk\/wp-content\/uploads\/cancerfertilityandme-logo-header-young-women.png 200w, https:\/\/cancerfertilityandme.org.uk\/wp-content\/uploads\/cancerfertilityandme-logo-header-young-women-150x150.png 150w, https:\/\/cancerfertilityandme.org.uk\/wp-content\/uploads\/elementor\/thumbs\/cancerfertilityandme-logo-header-young-women-r4vfcv1ro149or8nkxzol3x986uodd6lq6no4gpb6w.png 100w\" sizes=\"(max-width: 200px) 100vw, 200px\" \/>\t\t\t\t\t\t\t\t<\/a>\n\t\t\t\t\t\t\t\t\t\t\t\t\t\t\t<\/div>\n\t\t\t\t<\/div>\n\t\t\t\t<\/div>\n\t\t<div class=\"elementor-element elementor-element-6089d09b e-con-full e-flex e-con e-child\" data-id=\"6089d09b\" data-element_type=\"container\" data-e-type=\"container\">\n\t\t\t\t<div class=\"elementor-element elementor-element-7a4826aa elementor-widget elementor-widget-heading\" data-id=\"7a4826aa\" data-element_type=\"widget\" data-e-type=\"widget\" data-widget_type=\"heading.default\">\n\t\t\t\t<div class=\"elementor-widget-container\">\n\t\t\t\t\t<h3 class=\"elementor-heading-title elementor-size-default\">\u00dcber folgenden Link gelangen Sie zu weiteren Informationen<\/h3>\t\t\t\t<\/div>\n\t\t\t\t<\/div>\n\t\t\t\t<div class=\"elementor-element elementor-element-79ec685c elementor-nav-menu--dropdown-none elementor-widget elementor-widget-nav-menu\" data-id=\"79ec685c\" data-element_type=\"widget\" data-e-type=\"widget\" data-settings=\"{&quot;layout&quot;:&quot;vertical&quot;,&quot;submenu_icon&quot;:{&quot;value&quot;:&quot;&lt;svg aria-hidden=\\&quot;true\\&quot; class=\\&quot;e-font-icon-svg e-fas-caret-down\\&quot; viewBox=\\&quot;0 0 320 512\\&quot; xmlns=\\&quot;http:\\\/\\\/www.w3.org\\\/2000\\\/svg\\&quot;&gt;&lt;path d=\\&quot;M31.3 192h257.3c17.8 0 26.7 21.5 14.1 34.1L174.1 354.8c-7.8 7.8-20.5 7.8-28.3 0L17.2 226.1C4.6 213.5 13.5 192 31.3 192z\\&quot;&gt;&lt;\\\/path&gt;&lt;\\\/svg&gt;&quot;,&quot;library&quot;:&quot;fa-solid&quot;}}\" data-widget_type=\"nav-menu.default\">\n\t\t\t\t<div class=\"elementor-widget-container\">\n\t\t\t\t\t\t\t\t<nav aria-label=\"Menu\" class=\"elementor-nav-menu--main elementor-nav-menu__container elementor-nav-menu--layout-vertical e--pointer-none\">\n\t\t\t\t<ul id=\"menu-1-79ec685c\" class=\"elementor-nav-menu sm-vertical\"><li class=\"menu-item menu-item-type-post_type menu-item-object-page menu-item-8491\"><a href=\"https:\/\/cancerfertilityandme.org.uk\/young-women\/cancer-and-fertility\/\" class=\"elementor-item\">Krebs und Fruchtbarkeit<\/a><\/li>\n<li class=\"menu-item menu-item-type-post_type menu-item-object-page menu-item-8494\"><a href=\"https:\/\/cancerfertilityandme.org.uk\/young-women\/cancer-and-fertility\/introduction\/\" class=\"elementor-item\">Einf\u00fchrung<\/a><\/li>\n<li class=\"menu-item menu-item-type-post_type menu-item-object-page menu-item-8492\"><a href=\"https:\/\/cancerfertilityandme.org.uk\/young-women\/cancer-and-fertility\/chemotherapy\/\" class=\"elementor-item\">Chemotherapy<\/a><\/li>\n<li class=\"menu-item menu-item-type-post_type menu-item-object-page menu-item-8495\"><a href=\"https:\/\/cancerfertilityandme.org.uk\/young-women\/cancer-and-fertility\/radiotherapy\/\" class=\"elementor-item\">Strahlentherapie<\/a><\/li>\n<li class=\"menu-item menu-item-type-post_type menu-item-object-page menu-item-8496\"><a href=\"https:\/\/cancerfertilityandme.org.uk\/young-women\/cancer-and-fertility\/surgery\/\" class=\"elementor-item\">Chirurgie<\/a><\/li>\n<li class=\"menu-item menu-item-type-post_type menu-item-object-page menu-item-8493\"><a href=\"https:\/\/cancerfertilityandme.org.uk\/young-women\/cancer-and-fertility\/hormone-therapy\/\" class=\"elementor-item\">Hormontherapie<\/a><\/li>\n<li class=\"menu-item menu-item-type-post_type menu-item-object-page menu-item-8497\"><a href=\"https:\/\/cancerfertilityandme.org.uk\/young-women\/cancer-and-fertility\/targeted-drug-therapies\/\" class=\"elementor-item\">Zielgerichtete medikament\u00f6se Therapien<\/a><\/li>\n<li class=\"menu-item menu-item-type-post_type menu-item-object-page menu-item-8499\"><a href=\"https:\/\/cancerfertilityandme.org.uk\/young-women\/cancer-and-fertility\/other-cancer-treatments\/\" class=\"elementor-item\">Andere Krebsbehandlungen<\/a><\/li>\n<li class=\"menu-item menu-item-type-post_type menu-item-object-page menu-item-8498\"><a href=\"https:\/\/cancerfertilityandme.org.uk\/young-women\/cancer-and-fertility\/questions-to-ask-about-cancer-and-fertility\/\" class=\"elementor-item\">Zu stellende Fragen<\/a><\/li>\n<\/ul>\t\t\t<\/nav>\n\t\t\t\t\t\t<nav class=\"elementor-nav-menu--dropdown elementor-nav-menu__container\" aria-hidden=\"true\">\n\t\t\t\t<ul id=\"menu-2-79ec685c\" class=\"elementor-nav-menu sm-vertical\"><li class=\"menu-item menu-item-type-post_type menu-item-object-page menu-item-8491\"><a href=\"https:\/\/cancerfertilityandme.org.uk\/young-women\/cancer-and-fertility\/\" class=\"elementor-item\" tabindex=\"-1\">Krebs und Fruchtbarkeit<\/a><\/li>\n<li class=\"menu-item menu-item-type-post_type menu-item-object-page menu-item-8494\"><a href=\"https:\/\/cancerfertilityandme.org.uk\/young-women\/cancer-and-fertility\/introduction\/\" class=\"elementor-item\" tabindex=\"-1\">Einf\u00fchrung<\/a><\/li>\n<li class=\"menu-item menu-item-type-post_type menu-item-object-page menu-item-8492\"><a href=\"https:\/\/cancerfertilityandme.org.uk\/young-women\/cancer-and-fertility\/chemotherapy\/\" class=\"elementor-item\" tabindex=\"-1\">Chemotherapy<\/a><\/li>\n<li class=\"menu-item menu-item-type-post_type menu-item-object-page menu-item-8495\"><a href=\"https:\/\/cancerfertilityandme.org.uk\/young-women\/cancer-and-fertility\/radiotherapy\/\" class=\"elementor-item\" tabindex=\"-1\">Strahlentherapie<\/a><\/li>\n<li class=\"menu-item menu-item-type-post_type menu-item-object-page menu-item-8496\"><a href=\"https:\/\/cancerfertilityandme.org.uk\/young-women\/cancer-and-fertility\/surgery\/\" class=\"elementor-item\" tabindex=\"-1\">Chirurgie<\/a><\/li>\n<li class=\"menu-item menu-item-type-post_type menu-item-object-page menu-item-8493\"><a href=\"https:\/\/cancerfertilityandme.org.uk\/young-women\/cancer-and-fertility\/hormone-therapy\/\" class=\"elementor-item\" tabindex=\"-1\">Hormontherapie<\/a><\/li>\n<li class=\"menu-item menu-item-type-post_type menu-item-object-page menu-item-8497\"><a href=\"https:\/\/cancerfertilityandme.org.uk\/young-women\/cancer-and-fertility\/targeted-drug-therapies\/\" class=\"elementor-item\" tabindex=\"-1\">Zielgerichtete medikament\u00f6se Therapien<\/a><\/li>\n<li class=\"menu-item menu-item-type-post_type menu-item-object-page menu-item-8499\"><a href=\"https:\/\/cancerfertilityandme.org.uk\/young-women\/cancer-and-fertility\/other-cancer-treatments\/\" class=\"elementor-item\" tabindex=\"-1\">Andere Krebsbehandlungen<\/a><\/li>\n<li class=\"menu-item menu-item-type-post_type menu-item-object-page menu-item-8498\"><a href=\"https:\/\/cancerfertilityandme.org.uk\/young-women\/cancer-and-fertility\/questions-to-ask-about-cancer-and-fertility\/\" class=\"elementor-item\" tabindex=\"-1\">Zu stellende Fragen<\/a><\/li>\n<\/ul>\t\t\t<\/nav>\n\t\t\t\t\t\t<\/div>\n\t\t\t\t<\/div>\n\t\t\t\t<\/div>\n\t\t\t\t<\/div>\n\t\t\t\t\t<\/div>\n\t\t\t\t<\/main>\n\t\t\t\t<\/div>\n\t\t","protected":false},"excerpt":{"rendered":"<p>Wie Krebsbehandlungen die Fruchtbarkeit beeinflussen Als Krebs werden Krankheiten bezeichnet, die dadurch entstehen, dass sich die Zellen des K\u00f6rpers unaufh\u00f6rlich teilen Wucherungen bilden und in Teile des K\u00f6rpers wandern, wo sie nicht gebraucht werden. Krebsbehandlungen zielen darauf ab, den Krebs zu entfernen und sein Wiederauftreten zu verhindern. Die wichtigsten Krebsbehandlungen sind Chemotherapie, Strahlentherapie, Operation, Hormontherapie [&hellip;]<\/p>\n","protected":false},"author":1,"featured_media":11228,"parent":8355,"menu_order":0,"comment_status":"open","ping_status":"closed","template":"","meta":{"footnotes":""},"class_list":["post-8357","page","type-page","status-publish","has-post-thumbnail","hentry"],"_links":{"self":[{"href":"https:\/\/cancerfertilityandme.org.uk\/de\/wp-json\/wp\/v2\/pages\/8357","targetHints":{"allow":["GET"]}}],"collection":[{"href":"https:\/\/cancerfertilityandme.org.uk\/de\/wp-json\/wp\/v2\/pages"}],"about":[{"href":"https:\/\/cancerfertilityandme.org.uk\/de\/wp-json\/wp\/v2\/types\/page"}],"author":[{"embeddable":true,"href":"https:\/\/cancerfertilityandme.org.uk\/de\/wp-json\/wp\/v2\/users\/1"}],"replies":[{"embeddable":true,"href":"https:\/\/cancerfertilityandme.org.uk\/de\/wp-json\/wp\/v2\/comments?post=8357"}],"version-history":[{"count":9,"href":"https:\/\/cancerfertilityandme.org.uk\/de\/wp-json\/wp\/v2\/pages\/8357\/revisions"}],"predecessor-version":[{"id":11233,"href":"https:\/\/cancerfertilityandme.org.uk\/de\/wp-json\/wp\/v2\/pages\/8357\/revisions\/11233"}],"up":[{"embeddable":true,"href":"https:\/\/cancerfertilityandme.org.uk\/de\/wp-json\/wp\/v2\/pages\/8355"}],"wp:featuredmedia":[{"embeddable":true,"href":"https:\/\/cancerfertilityandme.org.uk\/de\/wp-json\/wp\/v2\/media\/11228"}],"wp:attachment":[{"href":"https:\/\/cancerfertilityandme.org.uk\/de\/wp-json\/wp\/v2\/media?parent=8357"}],"curies":[{"name":"wp","href":"https:\/\/api.w.org\/{rel}","templated":true}]}}