{"id":8355,"date":"2023-04-02T20:13:57","date_gmt":"2023-04-02T20:13:57","guid":{"rendered":"https:\/\/cancerfertilityandme.org.uk\/home\/"},"modified":"2026-04-16T09:42:52","modified_gmt":"2026-04-16T09:42:52","slug":"junge-frauen","status":"publish","type":"page","link":"https:\/\/cancerfertilityandme.org.uk\/de\/junge-frauen\/","title":{"rendered":"Junge Frauen"},"content":{"rendered":"\t\t<div data-elementor-type=\"wp-page\" data-elementor-id=\"8355\" class=\"elementor elementor-8355 elementor-7772\" data-elementor-post-type=\"page\">\n\t\t\t\t<main class=\"elementor-element elementor-element-7b1dc26c e-flex e-con-boxed e-con e-parent\" data-id=\"7b1dc26c\" data-element_type=\"container\" data-e-type=\"container\">\n\t\t\t\t\t<div class=\"e-con-inner\">\n\t\t<div class=\"elementor-element elementor-element-5c46d531 e-con-full e-flex e-con e-child\" data-id=\"5c46d531\" data-element_type=\"container\" data-e-type=\"container\">\n\t\t<div class=\"elementor-element elementor-element-710c060 e-con-full e-flex e-con e-child\" data-id=\"710c060\" data-element_type=\"container\" data-e-type=\"container\">\n\t\t\t\t<div class=\"elementor-element elementor-element-40d27a95 elementor-widget elementor-widget-text-editor\" data-id=\"40d27a95\" data-element_type=\"widget\" data-e-type=\"widget\" data-widget_type=\"text-editor.default\">\n\t\t\t\t<div class=\"elementor-widget-container\">\n\t\t\t\t\t\t\t\t\t<p>Diese Website wurde f\u00fcr Frauen mit Krebs entwickelt. Krebsbehandlungen k\u00f6nnen die Fruchtbarkeit und die Chancen auf eine k\u00fcnftige Schwangerschaft beeintr\u00e4chtigen. <\/p>\n<p>Sie soll Frauen helfen, \u00fcber die Behandlungen nachzudenken, die dazu beitragen k\u00f6nnen, ihre Fruchtbarkeit zu erhalten. Sie soll Frauen helfen, \u00fcber die Behandlungen nachzudenken, die dazu beitragen k\u00f6nnen, ihre Fruchtbarkeit zu erhalten. Wir hoffen, dass diese Webseite Ihnen helfen wird, die f\u00fcr Sie besten Entscheidungen zu treffen.  <\/p>\n<p>Sie k\u00f6nnen <a href=\"\/contact\">hier <\/a>Feedback zu dieser Website hinterlassen.<br><\/p>\t\t\t\t\t\t\t\t<\/div>\n\t\t\t\t<\/div>\n\t\t\t\t<div class=\"elementor-element elementor-element-d3d7d08 elementor-position-inline-start elementor-view-default elementor-mobile-position-block-start elementor-widget elementor-widget-icon-box\" data-id=\"d3d7d08\" data-element_type=\"widget\" data-e-type=\"widget\" data-widget_type=\"icon-box.default\">\n\t\t\t\t<div class=\"elementor-widget-container\">\n\t\t\t\t\t\t\t<div class=\"elementor-icon-box-wrapper\">\n\n\t\t\t\t\t\t<div class=\"elementor-icon-box-icon\">\n\t\t\t\t<a href=\"https:\/\/cancerfertilityandme.org.uk\/de\/junge-frauen\/nuetzliche-kontakte-2\/cfm-broschuere-herunterladen-auf-englisch-2\/\" class=\"elementor-icon\" tabindex=\"-1\" aria-label=\"Sie k\u00f6nnen eine PDF-Version der Brosch\u00fcre hier herunterladen (auf Englisch)\">\n\t\t\t\t<svg aria-hidden=\"true\" class=\"e-font-icon-svg e-far-file-pdf\" viewBox=\"0 0 384 512\" xmlns=\"http:\/\/www.w3.org\/2000\/svg\"><path d=\"M369.9 97.9L286 14C277 5 264.8-.1 252.1-.1H48C21.5 0 0 21.5 0 48v416c0 26.5 21.5 48 48 48h288c26.5 0 48-21.5 48-48V131.9c0-12.7-5.1-25-14.1-34zM332.1 128H256V51.9l76.1 76.1zM48 464V48h160v104c0 13.3 10.7 24 24 24h104v288H48zm250.2-143.7c-12.2-12-47-8.7-64.4-6.5-17.2-10.5-28.7-25-36.8-46.3 3.9-16.1 10.1-40.6 5.4-56-4.2-26.2-37.8-23.6-42.6-5.9-4.4 16.1-.4 38.5 7 67.1-10 23.9-24.9 56-35.4 74.4-20 10.3-47 26.2-51 46.2-3.3 15.8 26 55.2 76.1-31.2 22.4-7.4 46.8-16.5 68.4-20.1 18.9 10.2 41 17 55.8 17 25.5 0 28-28.2 17.5-38.7zm-198.1 77.8c5.1-13.7 24.5-29.5 30.4-35-19 30.3-30.4 35.7-30.4 35zm81.6-190.6c7.4 0 6.7 32.1 1.8 40.8-4.4-13.9-4.3-40.8-1.8-40.8zm-24.4 136.6c9.7-16.9 18-37 24.7-54.7 8.3 15.1 18.9 27.2 30.1 35.5-20.8 4.3-38.9 13.1-54.8 19.2zm131.6-5s-5 6-37.3-7.8c35.1-2.6 40.9 5.4 37.3 7.8z\"><\/path><\/svg>\t\t\t\t<\/a>\n\t\t\t<\/div>\n\t\t\t\n\t\t\t\t\t\t<div class=\"elementor-icon-box-content\">\n\n\t\t\t\t\t\t\t\t\t<h3 class=\"elementor-icon-box-title\">\n\t\t\t\t\t\t<a href=\"https:\/\/cancerfertilityandme.org.uk\/de\/junge-frauen\/nuetzliche-kontakte-2\/cfm-broschuere-herunterladen-auf-englisch-2\/\" >\n\t\t\t\t\t\t\tSie k\u00f6nnen eine PDF-Version der Brosch\u00fcre hier herunterladen (auf Englisch)\t\t\t\t\t\t<\/a>\n\t\t\t\t\t<\/h3>\n\t\t\t\t\n\t\t\t\t\n\t\t\t<\/div>\n\t\t\t\n\t\t<\/div>\n\t\t\t\t\t\t<\/div>\n\t\t\t\t<\/div>\n\t\t\t\t<\/div>\n\t\t<div class=\"elementor-element elementor-element-58c364b0 e-con-full e-flex e-con e-child\" data-id=\"58c364b0\" data-element_type=\"container\" data-e-type=\"container\" data-settings=\"{&quot;background_background&quot;:&quot;classic&quot;}\">\n\t\t\t\t<div class=\"elementor-element elementor-element-5c74fc8d elementor-widget elementor-widget-image\" data-id=\"5c74fc8d\" data-element_type=\"widget\" data-e-type=\"widget\" data-widget_type=\"image.default\">\n\t\t\t\t<div class=\"elementor-widget-container\">\n\t\t\t\t\t\t\t\t\t\t\t\t\t\t\t<img decoding=\"async\" width=\"200\" height=\"200\" src=\"https:\/\/cancerfertilityandme.org.uk\/wp-content\/uploads\/cancerfertilityandme-logo-header-young-women.png\" class=\"attachment-large size-large wp-image-3191\" alt=\"\" srcset=\"https:\/\/cancerfertilityandme.org.uk\/wp-content\/uploads\/cancerfertilityandme-logo-header-young-women.png 200w, https:\/\/cancerfertilityandme.org.uk\/wp-content\/uploads\/cancerfertilityandme-logo-header-young-women-150x150.png 150w, https:\/\/cancerfertilityandme.org.uk\/wp-content\/uploads\/elementor\/thumbs\/cancerfertilityandme-logo-header-young-women-r4vfcv1ro149or8nkxzol3x986uodd6lq6no4gpb6w.png 100w\" sizes=\"(max-width: 200px) 100vw, 200px\" \/>\t\t\t\t\t\t\t\t\t\t\t\t\t\t\t<\/div>\n\t\t\t\t<\/div>\n\t\t\t\t<div class=\"elementor-element elementor-element-30c2fbca elementor-widget elementor-widget-image\" data-id=\"30c2fbca\" data-element_type=\"widget\" data-e-type=\"widget\" data-widget_type=\"image.default\">\n\t\t\t\t<div class=\"elementor-widget-container\">\n\t\t\t\t\t\t\t\t\t\t\t\t\t\t\t<img decoding=\"async\" width=\"300\" height=\"101\" src=\"https:\/\/cancerfertilityandme.org.uk\/wp-content\/uploads\/YCR-logo-300x101-1.png\" class=\"attachment-large size-large wp-image-6731\" alt=\"\" \/>\t\t\t\t\t\t\t\t\t\t\t\t\t\t\t<\/div>\n\t\t\t\t<\/div>\n\t\t\t\t<\/div>\n\t\t\t\t<\/div>\n\t\t<div class=\"elementor-element elementor-element-7433442e e-grid e-con-full e-con e-child\" data-id=\"7433442e\" data-element_type=\"container\" data-e-type=\"container\" data-settings=\"{&quot;animation&quot;:&quot;none&quot;}\">\n\t\t<a class=\"elementor-element elementor-element-764c5bc e-con-full tile e-flex elementor-invisible e-con e-child\" data-id=\"764c5bc\" data-element_type=\"container\" data-e-type=\"container\" data-settings=\"{&quot;background_background&quot;:&quot;classic&quot;,&quot;animation&quot;:&quot;zoomIn&quot;,&quot;animation_delay&quot;:200}\" href=\"https:\/\/cancerfertilityandme.org.uk\/de\/junge-frauen\/informationen-ueber-diese-webseite\/\">\n\t\t\t\t<div class=\"elementor-element elementor-element-7952d728 elementor-widget elementor-widget-heading\" data-id=\"7952d728\" data-element_type=\"widget\" data-e-type=\"widget\" data-widget_type=\"heading.default\">\n\t\t\t\t<div class=\"elementor-widget-container\">\n\t\t\t\t\t<h3 class=\"elementor-heading-title elementor-size-default\">\u00dcber die CFM Webseite<\/h3>\t\t\t\t<\/div>\n\t\t\t\t<\/div>\n\t\t\t\t<div class=\"elementor-element elementor-element-37dc3b31 elementor-widget elementor-widget-image\" data-id=\"37dc3b31\" data-element_type=\"widget\" data-e-type=\"widget\" data-widget_type=\"image.default\">\n\t\t\t\t<div class=\"elementor-widget-container\">\n\t\t\t\t\t\t\t\t\t\t\t\t\t\t\t<img decoding=\"async\" width=\"128\" height=\"91\" src=\"https:\/\/cancerfertilityandme.org.uk\/wp-content\/uploads\/icon-about-site_s1-v2-2.png\" class=\"attachment-large size-large wp-image-6667\" alt=\"\" \/>\t\t\t\t\t\t\t\t\t\t\t\t\t\t\t<\/div>\n\t\t\t\t<\/div>\n\t\t\t\t<\/a>\n\t\t<a class=\"elementor-element elementor-element-1e9b2daf e-con-full tile e-flex elementor-invisible e-con e-child\" data-id=\"1e9b2daf\" data-element_type=\"container\" data-e-type=\"container\" data-settings=\"{&quot;background_background&quot;:&quot;classic&quot;,&quot;animation&quot;:&quot;zoomIn&quot;,&quot;animation_delay&quot;:400}\" href=\"https:\/\/cancerfertilityandme.org.uk\/de\/junge-frauen\/krebs-und-fruchtbarkeit\/\">\n\t\t\t\t<div class=\"elementor-element elementor-element-2345d109 elementor-widget elementor-widget-heading\" data-id=\"2345d109\" data-element_type=\"widget\" data-e-type=\"widget\" data-widget_type=\"heading.default\">\n\t\t\t\t<div class=\"elementor-widget-container\">\n\t\t\t\t\t<h3 class=\"elementor-heading-title elementor-size-default\">\u00dcber Krebs &amp; Fruchtbarkeit<\/h3>\t\t\t\t<\/div>\n\t\t\t\t<\/div>\n\t\t\t\t<div class=\"elementor-element elementor-element-63b8f389 elementor-widget elementor-widget-image\" data-id=\"63b8f389\" data-element_type=\"widget\" data-e-type=\"widget\" data-widget_type=\"image.default\">\n\t\t\t\t<div class=\"elementor-widget-container\">\n\t\t\t\t\t\t\t\t\t\t\t\t\t\t\t<img loading=\"lazy\" decoding=\"async\" width=\"128\" height=\"91\" src=\"https:\/\/cancerfertilityandme.org.uk\/wp-content\/uploads\/icon-fertility_s1-v2-2.png\" class=\"attachment-large size-large wp-image-6675\" alt=\"\" \/>\t\t\t\t\t\t\t\t\t\t\t\t\t\t\t<\/div>\n\t\t\t\t<\/div>\n\t\t\t\t<\/a>\n\t\t<a class=\"elementor-element elementor-element-5f72b083 e-con-full tile e-flex elementor-invisible e-con e-child\" data-id=\"5f72b083\" data-element_type=\"container\" data-e-type=\"container\" data-settings=\"{&quot;background_background&quot;:&quot;classic&quot;,&quot;animation&quot;:&quot;zoomIn&quot;,&quot;animation_delay&quot;:600}\" href=\"https:\/\/cancerfertilityandme.org.uk\/de\/junge-frauen\/erhaltung-der-fruchtbarkeit\/\">\n\t\t\t\t<div class=\"elementor-element elementor-element-991137e elementor-widget elementor-widget-heading\" data-id=\"991137e\" data-element_type=\"widget\" data-e-type=\"widget\" data-widget_type=\"heading.default\">\n\t\t\t\t<div class=\"elementor-widget-container\">\n\t\t\t\t\t<h3 class=\"elementor-heading-title elementor-size-default\">Erhaltung der Fruchtbarkeit<\/h3>\t\t\t\t<\/div>\n\t\t\t\t<\/div>\n\t\t\t\t<div class=\"elementor-element elementor-element-49ebbb79 elementor-widget elementor-widget-image\" data-id=\"49ebbb79\" data-element_type=\"widget\" data-e-type=\"widget\" data-widget_type=\"image.default\">\n\t\t\t\t<div class=\"elementor-widget-container\">\n\t\t\t\t\t\t\t\t\t\t\t\t\t\t\t<img loading=\"lazy\" decoding=\"async\" width=\"129\" height=\"91\" src=\"https:\/\/cancerfertilityandme.org.uk\/wp-content\/uploads\/icon-preservation_s1-v2-2.png\" class=\"attachment-large size-large wp-image-6683\" alt=\"\" \/>\t\t\t\t\t\t\t\t\t\t\t\t\t\t\t<\/div>\n\t\t\t\t<\/div>\n\t\t\t\t<\/a>\n\t\t<a class=\"elementor-element elementor-element-229ad64c e-con-full tile e-flex elementor-invisible e-con e-child\" data-id=\"229ad64c\" data-element_type=\"container\" data-e-type=\"container\" data-settings=\"{&quot;background_background&quot;:&quot;classic&quot;,&quot;animation&quot;:&quot;zoomIn&quot;,&quot;animation_delay&quot;:800}\" href=\"https:\/\/cancerfertilityandme.org.uk\/de\/junge-frauen\/erhaltung-der-fruchtbarkeit\/finanzielle-kosten\/\">\n\t\t\t\t<div class=\"elementor-element elementor-element-e1e731c elementor-widget elementor-widget-heading\" data-id=\"e1e731c\" data-element_type=\"widget\" data-e-type=\"widget\" data-widget_type=\"heading.default\">\n\t\t\t\t<div class=\"elementor-widget-container\">\n\t\t\t\t\t<h3 class=\"elementor-heading-title elementor-size-default\">Finanzielle Angelegenheiten<\/h3>\t\t\t\t<\/div>\n\t\t\t\t<\/div>\n\t\t\t\t<div class=\"elementor-element elementor-element-5ab8556 elementor-widget elementor-widget-image\" data-id=\"5ab8556\" data-element_type=\"widget\" data-e-type=\"widget\" data-widget_type=\"image.default\">\n\t\t\t\t<div class=\"elementor-widget-container\">\n\t\t\t\t\t\t\t\t\t\t\t\t\t\t\t<img loading=\"lazy\" decoding=\"async\" width=\"128\" height=\"91\" src=\"https:\/\/cancerfertilityandme.org.uk\/wp-content\/uploads\/icon-financial_s1-v2-2.png\" class=\"attachment-large size-large wp-image-6691\" alt=\"\" \/>\t\t\t\t\t\t\t\t\t\t\t\t\t\t\t<\/div>\n\t\t\t\t<\/div>\n\t\t\t\t<\/a>\n\t\t<a class=\"elementor-element elementor-element-fd21f77 e-con-full tile e-flex elementor-invisible e-con e-child\" data-id=\"fd21f77\" data-element_type=\"container\" data-e-type=\"container\" data-settings=\"{&quot;background_background&quot;:&quot;classic&quot;,&quot;animation&quot;:&quot;zoomIn&quot;,&quot;animation_delay&quot;:1000}\" href=\"https:\/\/cancerfertilityandme.org.uk\/de\/junge-frauen\/entscheidung-ueber-den-erhalt-der-fruchtbarkeit\/\">\n\t\t\t\t<div class=\"elementor-element elementor-element-78abe697 elementor-widget elementor-widget-heading\" data-id=\"78abe697\" data-element_type=\"widget\" data-e-type=\"widget\" data-widget_type=\"heading.default\">\n\t\t\t\t<div class=\"elementor-widget-container\">\n\t\t\t\t\t<h3 class=\"elementor-heading-title elementor-size-default\">Ihre Entscheidungen treffen<\/h3>\t\t\t\t<\/div>\n\t\t\t\t<\/div>\n\t\t\t\t<div class=\"elementor-element elementor-element-8f419e6 elementor-widget elementor-widget-image\" data-id=\"8f419e6\" data-element_type=\"widget\" data-e-type=\"widget\" data-widget_type=\"image.default\">\n\t\t\t\t<div class=\"elementor-widget-container\">\n\t\t\t\t\t\t\t\t\t\t\t\t\t\t\t<img loading=\"lazy\" decoding=\"async\" width=\"129\" height=\"91\" src=\"https:\/\/cancerfertilityandme.org.uk\/wp-content\/uploads\/icon-decisions_s1-v2-2.png\" class=\"attachment-large size-large wp-image-6699\" alt=\"\" \/>\t\t\t\t\t\t\t\t\t\t\t\t\t\t\t<\/div>\n\t\t\t\t<\/div>\n\t\t\t\t<\/a>\n\t\t<a class=\"elementor-element elementor-element-37d4fb0b e-con-full tile e-flex elementor-invisible e-con e-child\" data-id=\"37d4fb0b\" data-element_type=\"container\" data-e-type=\"container\" data-settings=\"{&quot;background_background&quot;:&quot;classic&quot;,&quot;animation&quot;:&quot;zoomIn&quot;,&quot;animation_delay&quot;:1200}\" href=\"https:\/\/cancerfertilityandme.org.uk\/de\/junge-frauen\/empfaengnisverhuetung-und-familienplanung\/\">\n\t\t\t\t<div class=\"elementor-element elementor-element-4110f64e elementor-widget elementor-widget-heading\" data-id=\"4110f64e\" data-element_type=\"widget\" data-e-type=\"widget\" data-widget_type=\"heading.default\">\n\t\t\t\t<div class=\"elementor-widget-container\">\n\t\t\t\t\t<h3 class=\"elementor-heading-title elementor-size-default\">Empf\u00e4ngnisverh\u00fctung &amp; Familienplanung<\/h3>\t\t\t\t<\/div>\n\t\t\t\t<\/div>\n\t\t\t\t<div class=\"elementor-element elementor-element-4fdc0a0c elementor-widget elementor-widget-image\" data-id=\"4fdc0a0c\" data-element_type=\"widget\" data-e-type=\"widget\" data-widget_type=\"image.default\">\n\t\t\t\t<div class=\"elementor-widget-container\">\n\t\t\t\t\t\t\t\t\t\t\t\t\t\t\t<img loading=\"lazy\" decoding=\"async\" width=\"128\" height=\"91\" src=\"https:\/\/cancerfertilityandme.org.uk\/wp-content\/uploads\/icon-family_s1-v2-2.png\" class=\"attachment-large size-large wp-image-6707\" alt=\"\" \/>\t\t\t\t\t\t\t\t\t\t\t\t\t\t\t<\/div>\n\t\t\t\t<\/div>\n\t\t\t\t<\/a>\n\t\t<a class=\"elementor-element elementor-element-395387a5 e-con-full tile e-flex elementor-invisible e-con e-child\" data-id=\"395387a5\" data-element_type=\"container\" data-e-type=\"container\" data-settings=\"{&quot;background_background&quot;:&quot;classic&quot;,&quot;animation&quot;:&quot;zoomIn&quot;,&quot;animation_delay&quot;:1400}\" href=\"https:\/\/cancerfertilityandme.org.uk\/de\/junge-frauen\/erhaltung-der-fruchtbarkeit\/zusammenfassung-der-optionen-zur-fruchtbarkeitserhaltung\/\">\n\t\t\t\t<div class=\"elementor-element elementor-element-53d48b35 elementor-widget elementor-widget-heading\" data-id=\"53d48b35\" data-element_type=\"widget\" data-e-type=\"widget\" data-widget_type=\"heading.default\">\n\t\t\t\t<div class=\"elementor-widget-container\">\n\t\t\t\t\t<h3 class=\"elementor-heading-title elementor-size-default\">Zusammenfassung der Optionen<\/h3>\t\t\t\t<\/div>\n\t\t\t\t<\/div>\n\t\t\t\t<div class=\"elementor-element elementor-element-6e616c00 elementor-widget elementor-widget-image\" data-id=\"6e616c00\" data-element_type=\"widget\" data-e-type=\"widget\" data-widget_type=\"image.default\">\n\t\t\t\t<div class=\"elementor-widget-container\">\n\t\t\t\t\t\t\t\t\t\t\t\t\t\t\t<img loading=\"lazy\" decoding=\"async\" width=\"128\" height=\"91\" src=\"https:\/\/cancerfertilityandme.org.uk\/wp-content\/uploads\/icon-summary_s1-v2-2.png\" class=\"attachment-large size-large wp-image-6715\" alt=\"\" \/>\t\t\t\t\t\t\t\t\t\t\t\t\t\t\t<\/div>\n\t\t\t\t<\/div>\n\t\t\t\t<\/a>\n\t\t<a class=\"elementor-element elementor-element-1cf351e8 e-con-full tile e-flex elementor-invisible e-con e-child\" data-id=\"1cf351e8\" data-element_type=\"container\" data-e-type=\"container\" data-settings=\"{&quot;background_background&quot;:&quot;classic&quot;,&quot;animation&quot;:&quot;zoomIn&quot;,&quot;animation_delay&quot;:1600}\" href=\"https:\/\/cancerfertilityandme.org.uk\/de\/junge-frauen\/nuetzliche-kontakte-2\/\">\n\t\t\t\t<div class=\"elementor-element elementor-element-8d4b6c3 elementor-widget elementor-widget-heading\" data-id=\"8d4b6c3\" data-element_type=\"widget\" data-e-type=\"widget\" data-widget_type=\"heading.default\">\n\t\t\t\t<div class=\"elementor-widget-container\">\n\t\t\t\t\t<h3 class=\"elementor-heading-title elementor-size-default\">Weitere Information<\/h3>\t\t\t\t<\/div>\n\t\t\t\t<\/div>\n\t\t\t\t<div class=\"elementor-element elementor-element-24999a76 elementor-widget elementor-widget-image\" data-id=\"24999a76\" data-element_type=\"widget\" data-e-type=\"widget\" data-widget_type=\"image.default\">\n\t\t\t\t<div class=\"elementor-widget-container\">\n\t\t\t\t\t\t\t\t\t\t\t\t\t\t\t<img loading=\"lazy\" decoding=\"async\" width=\"129\" height=\"91\" src=\"https:\/\/cancerfertilityandme.org.uk\/wp-content\/uploads\/icon-info_s1-v2-2.png\" class=\"attachment-large size-large wp-image-6723\" alt=\"\" \/>\t\t\t\t\t\t\t\t\t\t\t\t\t\t\t<\/div>\n\t\t\t\t<\/div>\n\t\t\t\t<\/a>\n\t\t\t\t<\/div>\n\t\t\t\t\t<\/div>\n\t\t\t\t<\/main>\n\t\t\t\t<\/div>\n\t\t","protected":false},"excerpt":{"rendered":"<p>Diese Website wurde f\u00fcr Frauen mit Krebs entwickelt. Krebsbehandlungen k\u00f6nnen die Fruchtbarkeit und die Chancen auf eine k\u00fcnftige Schwangerschaft beeintr\u00e4chtigen. Sie soll Frauen helfen, \u00fcber die Behandlungen nachzudenken, die dazu beitragen k\u00f6nnen, ihre Fruchtbarkeit zu erhalten. Sie soll Frauen helfen, \u00fcber die Behandlungen nachzudenken, die dazu beitragen k\u00f6nnen, ihre Fruchtbarkeit zu erhalten. Wir hoffen, dass [&hellip;]<\/p>\n","protected":false},"author":1,"featured_media":0,"parent":0,"menu_order":0,"comment_status":"open","ping_status":"closed","template":"","meta":{"footnotes":""},"class_list":["post-8355","page","type-page","status-publish","hentry"],"_links":{"self":[{"href":"https:\/\/cancerfertilityandme.org.uk\/de\/wp-json\/wp\/v2\/pages\/8355","targetHints":{"allow":["GET"]}}],"collection":[{"href":"https:\/\/cancerfertilityandme.org.uk\/de\/wp-json\/wp\/v2\/pages"}],"about":[{"href":"https:\/\/cancerfertilityandme.org.uk\/de\/wp-json\/wp\/v2\/types\/page"}],"author":[{"embeddable":true,"href":"https:\/\/cancerfertilityandme.org.uk\/de\/wp-json\/wp\/v2\/users\/1"}],"replies":[{"embeddable":true,"href":"https:\/\/cancerfertilityandme.org.uk\/de\/wp-json\/wp\/v2\/comments?post=8355"}],"version-history":[{"count":13,"href":"https:\/\/cancerfertilityandme.org.uk\/de\/wp-json\/wp\/v2\/pages\/8355\/revisions"}],"predecessor-version":[{"id":13100,"href":"https:\/\/cancerfertilityandme.org.uk\/de\/wp-json\/wp\/v2\/pages\/8355\/revisions\/13100"}],"wp:attachment":[{"href":"https:\/\/cancerfertilityandme.org.uk\/de\/wp-json\/wp\/v2\/media?parent=8355"}],"curies":[{"name":"wp","href":"https:\/\/api.w.org\/{rel}","templated":true}]}}