{"id":7425,"date":"2025-06-27T10:39:47","date_gmt":"2025-06-27T10:39:47","guid":{"rendered":"https:\/\/cancerfertilityandme.org.uk\/erwachsene-frauen\/entscheidung-ueber-den-erhalt-der-fruchtbarkeit\/fragen-die-sie-ihrem-krebsteam-oder-ihrem-hausarzt-stellen-sollten\/"},"modified":"2025-11-17T11:00:56","modified_gmt":"2025-11-17T11:00:56","slug":"fragen-die-sie-ihrem-krebsteam-oder-ihrem-hausarzt-stellen-sollten","status":"publish","type":"page","link":"https:\/\/cancerfertilityandme.org.uk\/de\/erwachsene-frauen\/entscheidung-ueber-den-erhalt-der-fruchtbarkeit\/fragen-die-sie-ihrem-krebsteam-oder-ihrem-hausarzt-stellen-sollten\/","title":{"rendered":"Fragen, die Sie Ihrem Krebsteam oder Ihrem Hausarzt stellen sollten"},"content":{"rendered":"\t\t<div data-elementor-type=\"wp-page\" data-elementor-id=\"7425\" class=\"elementor elementor-7425 elementor-6756\" data-elementor-post-type=\"page\">\n\t\t\t\t<main class=\"elementor-element elementor-element-25ab11ed e-flex e-con-boxed e-con e-parent\" data-id=\"25ab11ed\" data-element_type=\"container\" data-e-type=\"container\">\n\t\t\t\t\t<div class=\"e-con-inner\">\n\t\t<div class=\"elementor-element elementor-element-34fcf3da e-con-full e-flex e-con e-child\" data-id=\"34fcf3da\" data-element_type=\"container\" data-e-type=\"container\">\n\t\t\t\t<div class=\"elementor-element elementor-element-6cc13a83 elementor-widget elementor-widget-text-editor\" data-id=\"6cc13a83\" data-element_type=\"widget\" data-e-type=\"widget\" data-widget_type=\"text-editor.default\">\n\t\t\t\t<div class=\"elementor-widget-container\">\n\t\t\t\t\t\t\t\t\t<h2>Fragen, die Sie Ihrem Krebsteam oder Ihrem Hausarzt stellen sollten<\/h2>\n<p><\/p>\n<h3>Die folgenden Fragen k\u00f6nnen Ihnen helfen, mit Ihrem Krebsteam oder Ihrem Hausarzt \u00fcber Empf\u00e4ngnisverh\u00fctung zu sprechen:<\/h3>\n<p><\/p>\n<ul>\n<li>Welches Verh\u00fctungsmittel ist f\u00fcr mich w\u00e4hrend meiner Krebsbehandlung am besten geeignet?<\/li>\n\n<li>Wie lange muss ich dieses Verh\u00fctungsmittel anwenden?<\/li>\n\n<li>Muss ich bei meiner Krebsart nicht-hormonelle Verh\u00fctungsmethoden anwenden?<\/li>\n\n<li>Wenn ich w\u00e4hrend meiner Krebsbehandlung keine Periode habe, sollte ich dann trotzdem verh\u00fcten?<\/li>\n\n<li>Hat es Auswirkungen auf mich oder mein ungeborenes Kind, wenn ich keine Verh\u00fctungsmittel verwende und w\u00e4hrend meiner Krebsbehandlung schwanger werde?<\/li>\n<\/ul>\n<p><\/p>\n<h3>Die folgenden Fragen k\u00f6nnen Ihnen helfen, mit Ihrem Krebsteam oder Ihrem Hausarzt \u00fcber die Familienplanung nach einer Krebsbehandlung zu sprechen:<\/h3>\n<p><\/p>\n<ul>\n<li>Wie kann ich feststellen, ob ich nach der Krebsbehandlung fruchtbar bin?<\/li>\n\n<li>Wie lange wird es dauern, bis ich wei\u00df, ob ich fruchtbar bin?<\/li>\n\n<li>Gibt es Tests, mit denen ich feststellen kann, ob ich nach einer Krebsbehandlung noch fruchtbar bin?<\/li>\n\n<li>W\u00fcrde eine k\u00fcnftige Schwangerschaft das Risiko eines erneuten Auftretens des Krebses beeinflussen?<\/li>\n\n<li>Angenommen, ich kann noch Kinder bekommen, wie lange sollte ich nach der Behandlung warten?<\/li>\n\n<li>Wenn ich nach einer Krebsbehandlung schwanger werde, hat mein Kind dann ein h\u00f6heres Risiko, an Krebs zu erkranken?<\/li>\n\n<li>Wenn ich meine Fruchtbarkeit vor der Behandlung nicht erhalten habe, habe dennoch M\u00f6glichkeiten?<\/li>\n<\/ul>\n<p><\/p>\t\t\t\t\t\t\t\t<\/div>\n\t\t\t\t<\/div>\n\t\t\t\t<\/div>\n\t\t<div class=\"elementor-element elementor-element-6a1bb7bc e-con-full e-flex e-con e-child\" data-id=\"6a1bb7bc\" data-element_type=\"container\" data-e-type=\"container\">\n\t\t<div class=\"elementor-element elementor-element-1bd82185 e-con-full e-flex e-con e-child\" data-id=\"1bd82185\" data-element_type=\"container\" data-e-type=\"container\">\n\t\t\t\t<div class=\"elementor-element elementor-element-2d9f0ca8 elementor-widget elementor-widget-image\" data-id=\"2d9f0ca8\" data-element_type=\"widget\" data-e-type=\"widget\" data-widget_type=\"image.default\">\n\t\t\t\t<div class=\"elementor-widget-container\">\n\t\t\t\t\t\t\t\t\t\t\t\t\t\t\t\t<a href=\"http:\/\/.\/\">\n\t\t\t\t\t\t\t<img fetchpriority=\"high\" decoding=\"async\" width=\"400\" height=\"440\" src=\"https:\/\/cancerfertilityandme.org.uk\/wp-content\/uploads\/cancerfertilityandme-logo-column-adult-women.png\" class=\"attachment-full size-full wp-image-2281\" alt=\"\" srcset=\"https:\/\/cancerfertilityandme.org.uk\/wp-content\/uploads\/cancerfertilityandme-logo-column-adult-women.png 400w, https:\/\/cancerfertilityandme.org.uk\/wp-content\/uploads\/cancerfertilityandme-logo-column-adult-women-273x300.png 273w\" sizes=\"(max-width: 400px) 100vw, 400px\" \/>\t\t\t\t\t\t\t\t<\/a>\n\t\t\t\t\t\t\t\t\t\t\t\t\t\t\t<\/div>\n\t\t\t\t<\/div>\n\t\t\t\t<\/div>\n\t\t<div class=\"elementor-element elementor-element-574c7552 e-con-full e-flex e-con e-child\" data-id=\"574c7552\" data-element_type=\"container\" data-e-type=\"container\">\n\t\t\t\t<div class=\"elementor-element elementor-element-2a012a0e elementor-widget elementor-widget-heading\" data-id=\"2a012a0e\" data-element_type=\"widget\" data-e-type=\"widget\" data-widget_type=\"heading.default\">\n\t\t\t\t<div class=\"elementor-widget-container\">\n\t\t\t\t\t<h3 class=\"elementor-heading-title elementor-size-default\">\u00dcber folgenden Link gelangen Sie zu weiteren Informationen<\/h3>\t\t\t\t<\/div>\n\t\t\t\t<\/div>\n\t\t\t\t<div class=\"elementor-element elementor-element-36effc62 elementor-nav-menu--dropdown-none elementor-widget elementor-widget-nav-menu\" data-id=\"36effc62\" data-element_type=\"widget\" data-e-type=\"widget\" data-settings=\"{&quot;layout&quot;:&quot;vertical&quot;,&quot;submenu_icon&quot;:{&quot;value&quot;:&quot;&lt;svg aria-hidden=\\&quot;true\\&quot; class=\\&quot;e-font-icon-svg e-fas-caret-down\\&quot; viewBox=\\&quot;0 0 320 512\\&quot; xmlns=\\&quot;http:\\\/\\\/www.w3.org\\\/2000\\\/svg\\&quot;&gt;&lt;path d=\\&quot;M31.3 192h257.3c17.8 0 26.7 21.5 14.1 34.1L174.1 354.8c-7.8 7.8-20.5 7.8-28.3 0L17.2 226.1C4.6 213.5 13.5 192 31.3 192z\\&quot;&gt;&lt;\\\/path&gt;&lt;\\\/svg&gt;&quot;,&quot;library&quot;:&quot;fa-solid&quot;}}\" data-widget_type=\"nav-menu.default\">\n\t\t\t\t<div class=\"elementor-widget-container\">\n\t\t\t\t\t\t\t\t<nav aria-label=\"Menu\" class=\"elementor-nav-menu--main elementor-nav-menu__container elementor-nav-menu--layout-vertical e--pointer-none\">\n\t\t\t\t<ul id=\"menu-1-36effc62\" class=\"elementor-nav-menu sm-vertical\"><li class=\"menu-item menu-item-type-post_type menu-item-object-page menu-item-6971\"><a href=\"https:\/\/cancerfertilityandme.org.uk\/adult-women\/contraception-family-planning\/\" class=\"elementor-item\">Empf\u00e4ngnisverh\u00fctung &amp; Familienplanung<\/a><\/li>\n<li class=\"menu-item menu-item-type-post_type menu-item-object-page menu-item-6972\"><a href=\"https:\/\/cancerfertilityandme.org.uk\/adult-women\/contraception-family-planning\/contraception-during-cancer-treatment\/\" class=\"elementor-item\">Empf\u00e4ngnisverh\u00fctung w\u00e4hrend einer Krebsbehandlung<\/a><\/li>\n<li class=\"menu-item menu-item-type-post_type menu-item-object-page menu-item-6973\"><a href=\"https:\/\/cancerfertilityandme.org.uk\/adult-women\/contraception-family-planning\/family-planning-decisions-after-cancer-treatment\/\" class=\"elementor-item\">Entscheidungen zur Familienplanung nach einer Krebsbehandlung<\/a><\/li>\n<li class=\"menu-item menu-item-type-post_type menu-item-object-page menu-item-8692\"><a href=\"https:\/\/cancerfertilityandme.org.uk\/adult-women\/making-your-fertility-preservation-decision\/questions-to-ask-your-cancer-care-team-or-gp\/\" class=\"elementor-item\">Fragen, die Sie Ihrem Krebsteam oder Ihrem Hausarzt stellen sollten<\/a><\/li>\n<\/ul>\t\t\t<\/nav>\n\t\t\t\t\t\t<nav class=\"elementor-nav-menu--dropdown elementor-nav-menu__container\" aria-hidden=\"true\">\n\t\t\t\t<ul id=\"menu-2-36effc62\" class=\"elementor-nav-menu sm-vertical\"><li class=\"menu-item menu-item-type-post_type menu-item-object-page menu-item-6971\"><a href=\"https:\/\/cancerfertilityandme.org.uk\/adult-women\/contraception-family-planning\/\" class=\"elementor-item\" tabindex=\"-1\">Empf\u00e4ngnisverh\u00fctung &amp; Familienplanung<\/a><\/li>\n<li class=\"menu-item menu-item-type-post_type menu-item-object-page menu-item-6972\"><a href=\"https:\/\/cancerfertilityandme.org.uk\/adult-women\/contraception-family-planning\/contraception-during-cancer-treatment\/\" class=\"elementor-item\" tabindex=\"-1\">Empf\u00e4ngnisverh\u00fctung w\u00e4hrend einer Krebsbehandlung<\/a><\/li>\n<li class=\"menu-item menu-item-type-post_type menu-item-object-page menu-item-6973\"><a href=\"https:\/\/cancerfertilityandme.org.uk\/adult-women\/contraception-family-planning\/family-planning-decisions-after-cancer-treatment\/\" class=\"elementor-item\" tabindex=\"-1\">Entscheidungen zur Familienplanung nach einer Krebsbehandlung<\/a><\/li>\n<li class=\"menu-item menu-item-type-post_type menu-item-object-page menu-item-8692\"><a href=\"https:\/\/cancerfertilityandme.org.uk\/adult-women\/making-your-fertility-preservation-decision\/questions-to-ask-your-cancer-care-team-or-gp\/\" class=\"elementor-item\" tabindex=\"-1\">Fragen, die Sie Ihrem Krebsteam oder Ihrem Hausarzt stellen sollten<\/a><\/li>\n<\/ul>\t\t\t<\/nav>\n\t\t\t\t\t\t<\/div>\n\t\t\t\t<\/div>\n\t\t\t\t<\/div>\n\t\t\t\t<\/div>\n\t\t\t\t\t<\/div>\n\t\t\t\t<\/main>\n\t\t\t\t<\/div>\n\t\t","protected":false},"excerpt":{"rendered":"<p>Fragen, die Sie Ihrem Krebsteam oder Ihrem Hausarzt stellen sollten Die folgenden Fragen k\u00f6nnen Ihnen helfen, mit Ihrem Krebsteam oder Ihrem Hausarzt \u00fcber Empf\u00e4ngnisverh\u00fctung zu sprechen: Welches Verh\u00fctungsmittel ist f\u00fcr mich w\u00e4hrend meiner Krebsbehandlung am besten geeignet? Wie lange muss ich dieses Verh\u00fctungsmittel anwenden? Muss ich bei meiner Krebsart nicht-hormonelle Verh\u00fctungsmethoden anwenden? Wenn ich w\u00e4hrend [&hellip;]<\/p>\n","protected":false},"author":1,"featured_media":0,"parent":5985,"menu_order":0,"comment_status":"closed","ping_status":"closed","template":"","meta":{"footnotes":""},"class_list":["post-7425","page","type-page","status-publish","hentry"],"_links":{"self":[{"href":"https:\/\/cancerfertilityandme.org.uk\/de\/wp-json\/wp\/v2\/pages\/7425","targetHints":{"allow":["GET"]}}],"collection":[{"href":"https:\/\/cancerfertilityandme.org.uk\/de\/wp-json\/wp\/v2\/pages"}],"about":[{"href":"https:\/\/cancerfertilityandme.org.uk\/de\/wp-json\/wp\/v2\/types\/page"}],"author":[{"embeddable":true,"href":"https:\/\/cancerfertilityandme.org.uk\/de\/wp-json\/wp\/v2\/users\/1"}],"replies":[{"embeddable":true,"href":"https:\/\/cancerfertilityandme.org.uk\/de\/wp-json\/wp\/v2\/comments?post=7425"}],"version-history":[{"count":3,"href":"https:\/\/cancerfertilityandme.org.uk\/de\/wp-json\/wp\/v2\/pages\/7425\/revisions"}],"predecessor-version":[{"id":9553,"href":"https:\/\/cancerfertilityandme.org.uk\/de\/wp-json\/wp\/v2\/pages\/7425\/revisions\/9553"}],"up":[{"embeddable":true,"href":"https:\/\/cancerfertilityandme.org.uk\/de\/wp-json\/wp\/v2\/pages\/5985"}],"wp:attachment":[{"href":"https:\/\/cancerfertilityandme.org.uk\/de\/wp-json\/wp\/v2\/media?parent=7425"}],"curies":[{"name":"wp","href":"https:\/\/api.w.org\/{rel}","templated":true}]}}