{"id":6017,"date":"2018-11-07T09:42:21","date_gmt":"2018-11-07T09:42:21","guid":{"rendered":"https:\/\/cancerfertilityandme.org.uk\/sprechen-sie-mit-ihrem-fertilitaetsbehandlungsteam-ueber-fruchtbarkeitserhalt\/"},"modified":"2025-11-17T11:01:26","modified_gmt":"2025-11-17T11:01:26","slug":"sprechen-sie-mit-ihrem-fertilitaetsbehandlungsteam-ueber-fruchtbarkeitserhalt","status":"publish","type":"page","link":"https:\/\/cancerfertilityandme.org.uk\/de\/erwachsene-frauen\/entscheidung-ueber-den-erhalt-der-fruchtbarkeit\/sprechen-sie-mit-ihrem-fertilitaetsbehandlungsteam-ueber-fruchtbarkeitserhalt\/","title":{"rendered":"Sprechen Sie mit Ihrem Fertilit\u00e4tsbehandlungsteam \u00fcber Fruchtbarkeitserhalt"},"content":{"rendered":"\t\t<div data-elementor-type=\"wp-page\" data-elementor-id=\"6017\" class=\"elementor elementor-6017 elementor-5461\" data-elementor-post-type=\"page\">\n\t\t\t\t<main class=\"elementor-element elementor-element-2d2b26be e-flex e-con-boxed e-con e-parent\" data-id=\"2d2b26be\" data-element_type=\"container\" data-e-type=\"container\">\n\t\t\t\t\t<div class=\"e-con-inner\">\n\t\t<div class=\"elementor-element elementor-element-25c07501 e-con-full e-flex e-con e-child\" data-id=\"25c07501\" data-element_type=\"container\" data-e-type=\"container\">\n\t\t\t\t<div class=\"elementor-element elementor-element-28545ea8 elementor-widget elementor-widget-text-editor\" data-id=\"28545ea8\" data-element_type=\"widget\" data-e-type=\"widget\" data-widget_type=\"text-editor.default\">\n\t\t\t\t<div class=\"elementor-widget-container\">\n\t\t\t\t\t\t\t\t\t<h2>Sprechen Sie mit Ihrem Fertilit\u00e4tsbehandlungsteam \u00fcber Fruchtbarkeitserhalt<\/h2><p>Das Fertilit\u00e4tsbehandlungsteam f\u00fchrt bei Frauen, bei denen Krebs diagnostiziert wurde, so genannte Fruchtbarkeitserhaltungsma\u00dfnahmen durch. Das Fertilit\u00e4tsbehandlungsteam kann mit Ihnen \u00fcber Ihre Entscheidung f\u00fcr oder gegen ein Fruchtbarkeitserhaltungsverfahren sprechen. <\/p><p>Die Fruchtbarkeitsberatung h\u00e4ngt von der Klinik ab, in der Sie sich befinden, von Ihrer Krebsdiagnose und der geplanten Krebsbehandlung. Das Fertilit\u00e4tsbehandlungsteam wird sich Ihre Krankengeschichte ansehen, um sicherzustellen, dass eine Behandlung zum Erhalt der Fruchtbarkeit geeignet ist. Es wird Ihnen erkl\u00e4ren, welche Ma\u00dfnahmen erforderlich sind, wie hoch die Erfolgsquoten sind und welche Nebenwirkungen durch die Fruchtbarkeitsbehandlung auftreten k\u00f6nnten. Falls Sie weitere Tests ben\u00f6tigen, werden diese vor Beginn der Fruchtbarkeitsbehandlung durchgef\u00fchrt. Sie werden auch Gelegenheit haben, die verschiedenen M\u00f6glichkeiten der Fruchtbarkeitserhaltung zu besprechen, die in der Klinik zur Verf\u00fcgung stehen.    <\/p><p>Wenn Sie sich f\u00fcr eine Behandlung zum Erhalt Ihrer Fruchtbarkeit entscheiden, werden verschiedene Tests durchgef\u00fchrt. Dazu geh\u00f6ren Bluttests zur Messung des Hormonspiegels und andere Screening-Tests. Das Fertilit\u00e4tsbehandlungsteam wird auch Fragen zur Einwilligung der Behandlung besprechen, wie sie von der HFEA empfohlen werden.  <\/p><h3>\u00dcberweisung an eine Fertilit\u00e4tsklinik<\/h3><p>Ein Mitglied Ihres Krebsteams kann Sie an eine Fertilit\u00e4tsklinik \u00fcberweisen . und diese bitten so schnell wie m\u00f6glich einen Termin f\u00fcr Sie zu bekommen, um Verz\u00f6gerungen bei Ihrer Krebsbehandlung zu vermeiden <\/p><p>Wenn Sie an eine Fertilit\u00e4tsklinik \u00fcberwiesen werden m\u00f6chten, sind einige Dinge zu pr\u00fcfen:<\/p><ul><li>Hat ein Mitglied meines Krebsteams f\u00fcr mich eine \u00dcberweisung an ein Fertilit\u00e4tsklinik ausgestellt?<\/li><li>Habe ich einen Termin f\u00fcr ein Gespr\u00e4ch mit dem Fertilit\u00e4tsbehandlungsteam erhalten?<\/li><\/ul><p>Wenn die Antwort \u201cNein\u201d lautet oder Sie sich nicht sicher sind, sollten Sie Ihr Krebsteam bitten, so bald wie m\u00f6glich in Ihrem Namen Kontakt mit der Fertilit\u00e4tsklinik aufzunehmen. <a href=\"\/making-my-fertility-preservation-decision\/questions-to-ask-your-cancer-care-team-or-gp\">Die folgenden Fragen<\/a> k\u00f6nnen Ihnen bei der Vorbereitung auf die Fruchtbarkeitsberatung helfen. <\/p><h2>Fragen an das Krebsteam und das Fertilit\u00e4tsbehandlungsteam<\/h2><p>Die folgenden Fragen k\u00f6nnen Ihnen helfen, dar\u00fcber nachzudenken, was Ihnen bei diesen Optionen zur Erhaltung der Fruchtbarkeit wichtig ist.<br>Wenn Sie Ihre Gedanken aufschreiben, k\u00f6nnen Sie mit Ihrem Krebsteam und Ihrem Fertilit\u00e4tsbehandlungsteam sprechen, um Ihre Behandlung zu planen, bevor Sie mit der Krebsbehandlung beginnen.<\/p><ul><li>Beeinflusst meine Krebsart oder -behandlung die verschiedenen M\u00f6glichkeiten zur Erhaltung der Fruchtbarkeit, die ich in Anspruch nehmen kann?<\/li><li>Kann ich vor Beginn meiner Krebsbehandlung feststellen, ob ich fruchtbar bin?<\/li><li>Warum sollte ich mich gerade jetzt f\u00fcr eine Fruchtbarkeitserhaltung entscheiden?<\/li><li>Habe ich Zeit, mich vor Beginn der Krebsbehandlung einer Fruchtbarkeitsbehandlung zu unterziehen?<\/li><li>Gibt es irgendetwas, was ich w\u00e4hrend der Krebsbehandlung tun kann, um meine Fruchtbarkeit zu erhalten?<\/li><li>Wie lange ist es sicher, meine Krebsbehandlung aufzuschieben?<\/li><li>Kann eine Behandlung zur Erhaltung meiner Fruchtbarkeit meine Krebsbehandlung verz\u00f6gern? Wenn ja, wie k\u00f6nnte sich dies auf meine Heilungschancen auswirken? <\/li><li>Muss ich f\u00fcr meine Behandlung zur Erhaltung der Fruchtbarkeit bezahlen? Muss ich f\u00fcr die Lagerung und zuk\u00fcnftige Verwendung meiner Eizellen, Embryonen oder Gewebe bezahlen? <\/li><\/ul>\t\t\t\t\t\t\t\t<\/div>\n\t\t\t\t<\/div>\n\t\t<div class=\"elementor-element elementor-element-5107acc0 e-con-full e-flex e-con e-child\" data-id=\"5107acc0\" data-element_type=\"container\" data-e-type=\"container\" data-settings=\"{&quot;background_background&quot;:&quot;classic&quot;}\">\n\t\t\t\t<div class=\"elementor-element elementor-element-5c36640b elementor-widget elementor-widget-text-editor\" data-id=\"5c36640b\" data-element_type=\"widget\" data-e-type=\"widget\" data-widget_type=\"text-editor.default\">\n\t\t\t\t<div class=\"elementor-widget-container\">\n\t\t\t\t\t\t\t\t\t<h3>Empfohlene Informationsquellen<\/h3><p>Die HFEA ist die unabh\u00e4ngige britische Aufsichtsbeh\u00f6rde f\u00fcr die Verwendung von Keimzellen (Eizellen und Spermien) und Embryonen in der Fruchtbarkeitsbehandlung und -forschung. Auf ihrer Webseite finden Sie Ratschl\u00e4ge, wie Sie Ihre Fruchtbarkeitsberatungen optimal nutzen k\u00f6nnen. Sie k\u00f6nnen dies tun, indem Sie:  <\/p><ul><li>Fragen stellen.<\/li><li>Nehmen Sie sich Zeit, um \u00fcber alles nachzudenken \u2013 eine Menge schwieriger Themen m\u00fcssen unter Umst\u00e4nden ber\u00fccksichtigt werden.<\/li><li>Denken Sie daran, dass das Fertilit\u00e4tsbehandlungsteam Ihnen helfen soll, die f\u00fcr Sie richtige Entscheidung zu treffen. Auf der HFEA-Webseite <a href=\"http:\/\/www.hfea.gov.uk\" target=\"_blank\" rel=\"noopener noreferrer\">www.hfea.gov.uk<\/a> finden Sie weitere Informationen \u00fcber Fruchtbarkeitskliniken, Behandlungen zur Erhaltung der Fruchtbarkeit und Erfolgsquoten in Ihrer Region. <\/li><\/ul>\t\t\t\t\t\t\t\t<\/div>\n\t\t\t\t<\/div>\n\t\t\t\t<\/div>\n\t\t\t\t<\/div>\n\t\t<div class=\"elementor-element elementor-element-c41ec26 e-con-full e-flex e-con e-child\" data-id=\"c41ec26\" data-element_type=\"container\" data-e-type=\"container\">\n\t\t<div class=\"elementor-element elementor-element-5e999f3e e-con-full e-flex e-con e-child\" data-id=\"5e999f3e\" data-element_type=\"container\" data-e-type=\"container\">\n\t\t\t\t<div class=\"elementor-element elementor-element-796ca63b elementor-widget elementor-widget-image\" data-id=\"796ca63b\" data-element_type=\"widget\" data-e-type=\"widget\" data-widget_type=\"image.default\">\n\t\t\t\t<div class=\"elementor-widget-container\">\n\t\t\t\t\t\t\t\t\t\t\t\t\t\t\t\t<a href=\"http:\/\/.\/\">\n\t\t\t\t\t\t\t<img fetchpriority=\"high\" decoding=\"async\" width=\"400\" height=\"440\" src=\"https:\/\/cancerfertilityandme.org.uk\/wp-content\/uploads\/cancerfertilityandme-logo-column-adult-women.png\" class=\"attachment-full size-full wp-image-2281\" alt=\"\" srcset=\"https:\/\/cancerfertilityandme.org.uk\/wp-content\/uploads\/cancerfertilityandme-logo-column-adult-women.png 400w, https:\/\/cancerfertilityandme.org.uk\/wp-content\/uploads\/cancerfertilityandme-logo-column-adult-women-273x300.png 273w\" sizes=\"(max-width: 400px) 100vw, 400px\" \/>\t\t\t\t\t\t\t\t<\/a>\n\t\t\t\t\t\t\t\t\t\t\t\t\t\t\t<\/div>\n\t\t\t\t<\/div>\n\t\t\t\t<\/div>\n\t\t<div class=\"elementor-element elementor-element-6e0e960c e-con-full e-flex e-con e-child\" data-id=\"6e0e960c\" data-element_type=\"container\" data-e-type=\"container\">\n\t\t\t\t<div class=\"elementor-element elementor-element-20aecb7a elementor-widget elementor-widget-heading\" data-id=\"20aecb7a\" data-element_type=\"widget\" data-e-type=\"widget\" data-widget_type=\"heading.default\">\n\t\t\t\t<div class=\"elementor-widget-container\">\n\t\t\t\t\t<h3 class=\"elementor-heading-title elementor-size-default\">\u00dcber folgenden Link gelangen Sie zu weiteren Informationen<\/h3>\t\t\t\t<\/div>\n\t\t\t\t<\/div>\n\t\t\t\t<div class=\"elementor-element elementor-element-60f85b6b elementor-nav-menu--dropdown-none elementor-widget elementor-widget-nav-menu\" data-id=\"60f85b6b\" data-element_type=\"widget\" data-e-type=\"widget\" data-settings=\"{&quot;layout&quot;:&quot;vertical&quot;,&quot;submenu_icon&quot;:{&quot;value&quot;:&quot;&lt;svg aria-hidden=\\&quot;true\\&quot; class=\\&quot;e-font-icon-svg e-fas-caret-down\\&quot; viewBox=\\&quot;0 0 320 512\\&quot; xmlns=\\&quot;http:\\\/\\\/www.w3.org\\\/2000\\\/svg\\&quot;&gt;&lt;path d=\\&quot;M31.3 192h257.3c17.8 0 26.7 21.5 14.1 34.1L174.1 354.8c-7.8 7.8-20.5 7.8-28.3 0L17.2 226.1C4.6 213.5 13.5 192 31.3 192z\\&quot;&gt;&lt;\\\/path&gt;&lt;\\\/svg&gt;&quot;,&quot;library&quot;:&quot;fa-solid&quot;}}\" data-widget_type=\"nav-menu.default\">\n\t\t\t\t<div class=\"elementor-widget-container\">\n\t\t\t\t\t\t\t\t<nav aria-label=\"Menu\" class=\"elementor-nav-menu--main elementor-nav-menu__container elementor-nav-menu--layout-vertical e--pointer-none\">\n\t\t\t\t<ul id=\"menu-1-60f85b6b\" class=\"elementor-nav-menu sm-vertical\"><li class=\"menu-item menu-item-type-post_type menu-item-object-page menu-item-7141\"><a href=\"https:\/\/cancerfertilityandme.org.uk\/adult-women\/making-your-fertility-preservation-decision\/\" class=\"elementor-item\">Entscheidung \u00fcber den Erhalt der Fruchtbarkeit<\/a><\/li>\n<li class=\"menu-item menu-item-type-post_type menu-item-object-page menu-item-7144\"><a href=\"https:\/\/cancerfertilityandme.org.uk\/adult-women\/making-your-fertility-preservation-decision\/talking-with-your-fertility-care-team-about-fertility-preservation\/\" class=\"elementor-item\">Sprechen Sie mit Ihrem Fertilit\u00e4tsbehandlungsteam \u00fcber Fruchtbarkeitserhalt<\/a><\/li>\n<li class=\"menu-item menu-item-type-post_type menu-item-object-page menu-item-7143\"><a href=\"https:\/\/cancerfertilityandme.org.uk\/adult-women\/making-your-fertility-preservation-decision\/talking-about-the-fertility-preservation-decision\/\" class=\"elementor-item\">\u00dcber die Entscheidung zur Erhaltung der Fruchtbarkeit sprechen<\/a><\/li>\n<li class=\"menu-item menu-item-type-post_type menu-item-object-page menu-item-2133\"><a href=\"https:\/\/cancerfertilityandme.org.uk\/adult-women\/contraception-family-planning\/questions-to-ask-your-cancer-care-team-or-gp\/\" class=\"elementor-item\">Fragen, die Sie Ihrem Krebsteam oder Ihrem Hausarzt stellen sollten<\/a><\/li>\n<li class=\"menu-item menu-item-type-post_type menu-item-object-page menu-item-7142\"><a href=\"https:\/\/cancerfertilityandme.org.uk\/adult-women\/making-your-fertility-preservation-decision\/financial-costs-associated-with-undergoing-fertility-preservation\/\" class=\"elementor-item\">Finanzielle Kosten im Zusammenhang mit einer Fruchtbarkeitserhaltungsma\u00dfnahme<\/a><\/li>\n<li class=\"menu-item menu-item-type-post_type menu-item-object-page menu-item-7145\"><a href=\"https:\/\/cancerfertilityandme.org.uk\/adult-women\/fertility-preservation-options\/summary-of-fertility-preservation-options\/\" class=\"elementor-item\">Zusammenfassung der Optionen zur Fruchtbarkeitserhaltung<\/a><\/li>\n<\/ul>\t\t\t<\/nav>\n\t\t\t\t\t\t<nav class=\"elementor-nav-menu--dropdown elementor-nav-menu__container\" aria-hidden=\"true\">\n\t\t\t\t<ul id=\"menu-2-60f85b6b\" class=\"elementor-nav-menu sm-vertical\"><li class=\"menu-item menu-item-type-post_type menu-item-object-page menu-item-7141\"><a href=\"https:\/\/cancerfertilityandme.org.uk\/adult-women\/making-your-fertility-preservation-decision\/\" class=\"elementor-item\" tabindex=\"-1\">Entscheidung \u00fcber den Erhalt der Fruchtbarkeit<\/a><\/li>\n<li class=\"menu-item menu-item-type-post_type menu-item-object-page menu-item-7144\"><a href=\"https:\/\/cancerfertilityandme.org.uk\/adult-women\/making-your-fertility-preservation-decision\/talking-with-your-fertility-care-team-about-fertility-preservation\/\" class=\"elementor-item\" tabindex=\"-1\">Sprechen Sie mit Ihrem Fertilit\u00e4tsbehandlungsteam \u00fcber Fruchtbarkeitserhalt<\/a><\/li>\n<li class=\"menu-item menu-item-type-post_type menu-item-object-page menu-item-7143\"><a href=\"https:\/\/cancerfertilityandme.org.uk\/adult-women\/making-your-fertility-preservation-decision\/talking-about-the-fertility-preservation-decision\/\" class=\"elementor-item\" tabindex=\"-1\">\u00dcber die Entscheidung zur Erhaltung der Fruchtbarkeit sprechen<\/a><\/li>\n<li class=\"menu-item menu-item-type-post_type menu-item-object-page menu-item-2133\"><a href=\"https:\/\/cancerfertilityandme.org.uk\/adult-women\/contraception-family-planning\/questions-to-ask-your-cancer-care-team-or-gp\/\" class=\"elementor-item\" tabindex=\"-1\">Fragen, die Sie Ihrem Krebsteam oder Ihrem Hausarzt stellen sollten<\/a><\/li>\n<li class=\"menu-item menu-item-type-post_type menu-item-object-page menu-item-7142\"><a href=\"https:\/\/cancerfertilityandme.org.uk\/adult-women\/making-your-fertility-preservation-decision\/financial-costs-associated-with-undergoing-fertility-preservation\/\" class=\"elementor-item\" tabindex=\"-1\">Finanzielle Kosten im Zusammenhang mit einer Fruchtbarkeitserhaltungsma\u00dfnahme<\/a><\/li>\n<li class=\"menu-item menu-item-type-post_type menu-item-object-page menu-item-7145\"><a href=\"https:\/\/cancerfertilityandme.org.uk\/adult-women\/fertility-preservation-options\/summary-of-fertility-preservation-options\/\" class=\"elementor-item\" tabindex=\"-1\">Zusammenfassung der Optionen zur Fruchtbarkeitserhaltung<\/a><\/li>\n<\/ul>\t\t\t<\/nav>\n\t\t\t\t\t\t<\/div>\n\t\t\t\t<\/div>\n\t\t\t\t<\/div>\n\t\t\t\t<\/div>\n\t\t\t\t\t<\/div>\n\t\t\t\t<\/main>\n\t\t\t\t<\/div>\n\t\t","protected":false},"excerpt":{"rendered":"<p>Sprechen Sie mit Ihrem Fertilit\u00e4tsbehandlungsteam \u00fcber Fruchtbarkeitserhalt Das Fertilit\u00e4tsbehandlungsteam f\u00fchrt bei Frauen, bei denen Krebs diagnostiziert wurde, so genannte Fruchtbarkeitserhaltungsma\u00dfnahmen durch. Das Fertilit\u00e4tsbehandlungsteam kann mit Ihnen \u00fcber Ihre Entscheidung f\u00fcr oder gegen ein Fruchtbarkeitserhaltungsverfahren sprechen. Die Fruchtbarkeitsberatung h\u00e4ngt von der Klinik ab, in der Sie sich befinden, von Ihrer Krebsdiagnose und der geplanten Krebsbehandlung. Das [&hellip;]<\/p>\n","protected":false},"author":1,"featured_media":0,"parent":5985,"menu_order":0,"comment_status":"closed","ping_status":"open","template":"","meta":{"footnotes":""},"class_list":["post-6017","page","type-page","status-publish","hentry"],"_links":{"self":[{"href":"https:\/\/cancerfertilityandme.org.uk\/de\/wp-json\/wp\/v2\/pages\/6017","targetHints":{"allow":["GET"]}}],"collection":[{"href":"https:\/\/cancerfertilityandme.org.uk\/de\/wp-json\/wp\/v2\/pages"}],"about":[{"href":"https:\/\/cancerfertilityandme.org.uk\/de\/wp-json\/wp\/v2\/types\/page"}],"author":[{"embeddable":true,"href":"https:\/\/cancerfertilityandme.org.uk\/de\/wp-json\/wp\/v2\/users\/1"}],"replies":[{"embeddable":true,"href":"https:\/\/cancerfertilityandme.org.uk\/de\/wp-json\/wp\/v2\/comments?post=6017"}],"version-history":[{"count":3,"href":"https:\/\/cancerfertilityandme.org.uk\/de\/wp-json\/wp\/v2\/pages\/6017\/revisions"}],"predecessor-version":[{"id":9573,"href":"https:\/\/cancerfertilityandme.org.uk\/de\/wp-json\/wp\/v2\/pages\/6017\/revisions\/9573"}],"up":[{"embeddable":true,"href":"https:\/\/cancerfertilityandme.org.uk\/de\/wp-json\/wp\/v2\/pages\/5985"}],"wp:attachment":[{"href":"https:\/\/cancerfertilityandme.org.uk\/de\/wp-json\/wp\/v2\/media?parent=6017"}],"curies":[{"name":"wp","href":"https:\/\/api.w.org\/{rel}","templated":true}]}}