{"id":6009,"date":"2018-12-10T07:26:29","date_gmt":"2018-12-10T07:26:29","guid":{"rendered":"https:\/\/cancerfertilityandme.org.uk\/das-team\/"},"modified":"2026-03-27T15:08:41","modified_gmt":"2026-03-27T15:08:41","slug":"das-team","status":"publish","type":"page","link":"https:\/\/cancerfertilityandme.org.uk\/de\/erwachsene-frauen\/das-team\/","title":{"rendered":"Das Team"},"content":{"rendered":"\t\t<div data-elementor-type=\"wp-page\" data-elementor-id=\"6009\" class=\"elementor elementor-6009 elementor-5601\" data-elementor-post-type=\"page\">\n\t\t\t\t<main class=\"elementor-element elementor-element-358bef46 e-flex e-con-boxed e-con e-parent\" data-id=\"358bef46\" data-element_type=\"container\" data-e-type=\"container\">\n\t\t\t\t\t<div class=\"e-con-inner\">\n\t\t<div class=\"elementor-element elementor-element-34571c01 e-con-full e-flex e-con e-child\" data-id=\"34571c01\" data-element_type=\"container\" data-e-type=\"container\">\n\t\t\t\t<div class=\"elementor-element elementor-element-eb4d3a6 elementor-widget elementor-widget-text-editor\" data-id=\"eb4d3a6\" data-element_type=\"widget\" data-e-type=\"widget\" data-widget_type=\"text-editor.default\">\n\t\t\t\t<div class=\"elementor-widget-container\">\n\t\t\t\t\t\t\t\t\t<h2>\u00dcber das Team \u201cCancer, Fertility and Me\u201d<\/h2><p>Frauen, die an Krebs erkrankt sind, baten um Informationen, die ihnen dabei helfen sollen, \u00fcber die Behandlungen nachzudenken, die zum Erhalt ihrer Fruchtbarkeit beitragen k\u00f6nnen, und die sie darauf vorbereiten, mit ihrem Krebsteam und ihrem Fruchtbarkeitsteam, ihrem Partner, ihrer Familie und ihren Freunden \u00fcber den Erhalt der Fruchtbarkeit zu sprechen, bevor ihre Krebsbehandlung beginnt.<\/p><p>Diese Webseite wurde vom Team Cancer, Fertility and Me (CFM) verfasst, um Frauen mit Krebs zu helfen, Entscheidungen \u00fcber die Erhaltung der Fruchtbarkeit vor Beginn ihrer Krebsbehandlung zu treffen.<\/p><p>Das CFM-Team besteht aus Psychologen, Wissenschaftlern, Forschern, \u00c4rzten f\u00fcr Kinder- und Erwachsenenkrebs und Fruchtbarkeit, Fachkrankenschwestern, Patientenpartnern und lokalen und nationalen Wohlt\u00e4tigkeitsorganisationen.<\/p><p>Wir hoffen, dass diese Webseite Sie dabei unterst\u00fctzt, die verf\u00fcgbaren Optionen zu kennen und die f\u00fcr Sie beste Entscheidung zu treffen.<\/p><p>Das CFM-Forschungsteam dankt allen Patienten, Nutzergruppen und Angeh\u00f6rigen der Gesundheitsberufe, die ihre Zeit und ihr Fachwissen f\u00fcr die Entwicklung dieser Webseite zur Verf\u00fcgung gestellt haben.<\/p><h3>Die Mitglieder des CFM-Forschungsteams sind:<\/h3><p><strong>Professor Georgina Jones,<\/strong> Professor of Health Psychology (Leeds Beckett University)<\/p><p><strong>Professor Richard Anderson,<\/strong> Professor of Clinical Reproductive Science (University of Edinburgh)<\/p><p><strong>Dr Ellissa Baskind,<\/strong> Sub-Specialty Trainee Registrar in Reproductive Medicine (Leeds Teaching Hospitals)<\/p><p><strong>Professor Hilary Bekker,<\/strong> Professor of Medical Decision Making (University of Leeds)<\/p><p><strong>Grete Brauten-Smith,<\/strong> Clinical Nurse Specialist Younger Women (Breast Cancer Care)<\/p><p><strong>Tonia Campbell,<\/strong> Cancer Patient and Lay Advocate<\/p><p><strong>Professor Karen Collins<\/strong>, Professor of Health Services Research (Sheffield Hallam University)<\/p><p><strong>Dr Frances Darby &#8211;<\/strong> Registered Nurse and Research Assistant, Leeds Beckett University<\/p><p><strong>Jacqui Gath,<\/strong> Cancer Patient and Lay Advocate<\/p><p><strong>Professor Diana Greenfield,<\/strong> Macmillan Consultant Nurse in Late Effects (Sheffield Teaching Hospitals) and Professor in Cancer Survivorship (University of Sheffield)<\/p><p><strong>Jane Hughes,<\/strong> Research Associate (Leeds Beckett University)<\/p><p><strong>Dr Richard Jacques<\/strong>, Post-Doctoral Research Associate in Medical Statistics (University of Sheffield)<\/p><p><strong>Samantha Kennedy<\/strong> (Director of Weston Park Charity)<\/p><p><strong>Dr Sheila Lane,<\/strong> Consultant Paediatric Oncologist (University of Oxford)<\/p><p><strong>Dr Neda Mahmoodi,<\/strong> Senior Lecturer in Psychology and Research Fellow (Leeds Beckett University)<\/p><p><strong>Dr Mariano Mascarenhas,<\/strong> Clinical Fellow, Leeds Fertility, Seacroft Hospital, Leeds Teaching Hospitals NHS Trust<\/p><p><strong>Dr Rachael Moss \u2013<\/strong> Research Assistant, Leeds Beckett University<\/p><p><strong>Dr Bob Phillips,<\/strong> Senior Clinical Academic and Honorary Consultant Paediatric Oncologist (University of York and Leeds Children\u2019s Hospital)<\/p><p><strong>Dr Jonathan Skull,<\/strong> Consultant in Reproductive Medicine and Surgery (Sheffield Teaching Hospitals)<\/p><p><strong>Professor John Snowden,<\/strong> Consultant Haematologist (Sheffield Teaching Hospitals)<\/p><p><strong>Dr Dan Stark,<\/strong> Senior Lecturer in Cancer Medicine (University of Leeds) and Honorary Consultant in Medical Oncology (Leeds Teaching Hospitals)<\/p><p><strong>Professor Galina Velikova,<\/strong> Consultant Medical Oncologist (Leeds Teaching Hospitals, University of Leeds)<\/p><p><strong>Katharina Vogt &#8211;<\/strong> Research Assistant, Leeds Beckett University<\/p><p><strong>Ali Walker<\/strong> (Independent Cancer Patient Voices)<\/p><p><strong>Dr Dan Yeomanson,<\/strong> Consultant Paediatric Oncologist (Sheffield Children\u2019s Hospital)<\/p><hr><p>Eine vollst\u00e4ndige Liste der Nachweise, die wir bei der Erforschung und Entwicklung dieser Webseite und der Lesbarkeitsstufen verwendet haben, finden Sie unter:<\/p><p><a href=\"https:\/\/www.leedsbeckett.ac.uk\/cancerfertilityandme\" target=\"_blank\" rel=\"noopener noreferrer\">www.leedsbeckett.ac.uk\/cancerfertilityandme<\/a><\/p>\t\t\t\t\t\t\t\t<\/div>\n\t\t\t\t<\/div>\n\t\t<div class=\"elementor-element elementor-element-3954ff0a e-con-full e-flex e-con e-child\" data-id=\"3954ff0a\" data-element_type=\"container\" data-e-type=\"container\" data-settings=\"{&quot;background_background&quot;:&quot;classic&quot;}\">\n\t\t\t\t<div class=\"elementor-element elementor-element-269c8d0e elementor-widget elementor-widget-text-editor\" data-id=\"269c8d0e\" data-element_type=\"widget\" data-e-type=\"widget\" data-widget_type=\"text-editor.default\">\n\t\t\t\t<div class=\"elementor-widget-container\">\n\t\t\t\t\t\t\t\t\t<p><strong>Update policy<\/strong><\/p>\n<p>Die Entwicklung dieser Ressource wurde von Yorkshire Cancer Research finanziert. Die Mitglieder des CFM-Forschungsteams haben weder einen Vorteil noch einen Nachteil durch die Nutzung dieser Ressource. <\/p>\n<p>Es wurden alle Anstrengungen unternommen, um sicherzustellen, dass diese Ressource zum Zeitpunkt der Ver\u00f6ffentlichung (Juli 2020) aktuelle und genaue Informationen enth\u00e4lt. Das CFM-Team wird neue Erkenntnisse kontinuierlich \u00fcberpr\u00fcfen, um sicherzustellen, dass die Informationen korrekt dargestellt werden. Das CFM-Team wird die Ressource j\u00e4hrlich aktualisieren, es sei denn, es ergeben sich neue Erkenntnisse, die eine fr\u00fchere Aktualisierung rechtfertigen.   <\/p>\t\t\t\t\t\t\t\t<\/div>\n\t\t\t\t<\/div>\n\t\t\t\t<\/div>\n\t\t\t\t<\/div>\n\t\t<div class=\"elementor-element elementor-element-73455dcf e-con-full e-flex e-con e-child\" data-id=\"73455dcf\" data-element_type=\"container\" data-e-type=\"container\">\n\t\t<div class=\"elementor-element elementor-element-129fc67 e-con-full e-flex e-con e-child\" data-id=\"129fc67\" data-element_type=\"container\" data-e-type=\"container\">\n\t\t\t\t<div class=\"elementor-element elementor-element-2d3ec6e2 elementor-widget elementor-widget-heading\" data-id=\"2d3ec6e2\" data-element_type=\"widget\" data-e-type=\"widget\" data-widget_type=\"heading.default\">\n\t\t\t\t<div class=\"elementor-widget-container\">\n\t\t\t\t\t<h3 class=\"elementor-heading-title elementor-size-default\">\u00dcber folgenden Link gelangen Sie zu weiteren Informationen<\/h3>\t\t\t\t<\/div>\n\t\t\t\t<\/div>\n\t\t\t\t<\/div>\n\t\t<div class=\"elementor-element elementor-element-f965c40 e-con-full e-flex e-con e-child\" data-id=\"f965c40\" data-element_type=\"container\" data-e-type=\"container\">\n\t\t<a class=\"elementor-element elementor-element-5be469b2 e-con-full e-transform e-flex elementor-invisible e-con e-child\" data-id=\"5be469b2\" data-element_type=\"container\" data-e-type=\"container\" data-settings=\"{&quot;background_background&quot;:&quot;classic&quot;,&quot;animation&quot;:&quot;slideInRight&quot;,&quot;animation_delay&quot;:400,&quot;_transform_translateY_effect_hover&quot;:{&quot;unit&quot;:&quot;px&quot;,&quot;size&quot;:0,&quot;sizes&quot;:[]},&quot;_transform_translateX_effect_hover&quot;:{&quot;unit&quot;:&quot;px&quot;,&quot;size&quot;:10,&quot;sizes&quot;:[]},&quot;_transform_translateX_effect_hover_tablet&quot;:{&quot;unit&quot;:&quot;px&quot;,&quot;size&quot;:&quot;&quot;,&quot;sizes&quot;:[]},&quot;_transform_translateX_effect_hover_mobile&quot;:{&quot;unit&quot;:&quot;px&quot;,&quot;size&quot;:&quot;&quot;,&quot;sizes&quot;:[]},&quot;_transform_translateY_effect_hover_tablet&quot;:{&quot;unit&quot;:&quot;px&quot;,&quot;size&quot;:&quot;&quot;,&quot;sizes&quot;:[]},&quot;_transform_translateY_effect_hover_mobile&quot;:{&quot;unit&quot;:&quot;px&quot;,&quot;size&quot;:&quot;&quot;,&quot;sizes&quot;:[]}}\" href=\"https:\/\/cancerfertilityandme.org.uk\/de\/erwachsene-frauen\/\">\n\t\t<div class=\"elementor-element elementor-element-5ea5bb46 e-con-full e-flex e-con e-child\" data-id=\"5ea5bb46\" data-element_type=\"container\" data-e-type=\"container\">\n\t\t\t\t<div class=\"elementor-element elementor-element-69889765 elementor-widget elementor-widget-image\" data-id=\"69889765\" data-element_type=\"widget\" data-e-type=\"widget\" data-widget_type=\"image.default\">\n\t\t\t\t<div class=\"elementor-widget-container\">\n\t\t\t\t\t\t\t\t\t\t\t\t\t\t\t<img fetchpriority=\"high\" decoding=\"async\" width=\"400\" height=\"440\" src=\"https:\/\/cancerfertilityandme.org.uk\/wp-content\/uploads\/cancerfertilityandme-logo-column-adult-women.png\" class=\"attachment-full size-full wp-image-2281\" alt=\"\" srcset=\"https:\/\/cancerfertilityandme.org.uk\/wp-content\/uploads\/cancerfertilityandme-logo-column-adult-women.png 400w, https:\/\/cancerfertilityandme.org.uk\/wp-content\/uploads\/cancerfertilityandme-logo-column-adult-women-273x300.png 273w\" sizes=\"(max-width: 400px) 100vw, 400px\" \/>\t\t\t\t\t\t\t\t\t\t\t\t\t\t\t<\/div>\n\t\t\t\t<\/div>\n\t\t\t\t<\/div>\n\t\t<div class=\"elementor-element elementor-element-1c9d5361 e-con-full e-flex e-con e-child\" data-id=\"1c9d5361\" data-element_type=\"container\" data-e-type=\"container\">\n\t\t\t\t<div class=\"elementor-element elementor-element-11c641dd elementor-widget elementor-widget-heading\" data-id=\"11c641dd\" data-element_type=\"widget\" data-e-type=\"widget\" data-widget_type=\"heading.default\">\n\t\t\t\t<div class=\"elementor-widget-container\">\n\t\t\t\t\t<h2 class=\"elementor-heading-title elementor-size-default\">Erwachsene Frauen<\/h2>\t\t\t\t<\/div>\n\t\t\t\t<\/div>\n\t\t\t\t<\/div>\n\t\t\t\t<\/a>\n\t\t<a class=\"elementor-element elementor-element-133c5471 e-con-full e-transform e-flex elementor-invisible e-con e-child\" data-id=\"133c5471\" data-element_type=\"container\" data-e-type=\"container\" data-settings=\"{&quot;background_background&quot;:&quot;classic&quot;,&quot;animation&quot;:&quot;slideInRight&quot;,&quot;animation_delay&quot;:600,&quot;_transform_translateY_effect_hover&quot;:{&quot;unit&quot;:&quot;px&quot;,&quot;size&quot;:0,&quot;sizes&quot;:[]},&quot;_transform_translateX_effect_hover&quot;:{&quot;unit&quot;:&quot;px&quot;,&quot;size&quot;:20,&quot;sizes&quot;:[]},&quot;_transform_translateX_effect_hover_tablet&quot;:{&quot;unit&quot;:&quot;px&quot;,&quot;size&quot;:&quot;&quot;,&quot;sizes&quot;:[]},&quot;_transform_translateX_effect_hover_mobile&quot;:{&quot;unit&quot;:&quot;px&quot;,&quot;size&quot;:&quot;&quot;,&quot;sizes&quot;:[]},&quot;_transform_translateY_effect_hover_tablet&quot;:{&quot;unit&quot;:&quot;px&quot;,&quot;size&quot;:&quot;&quot;,&quot;sizes&quot;:[]},&quot;_transform_translateY_effect_hover_mobile&quot;:{&quot;unit&quot;:&quot;px&quot;,&quot;size&quot;:&quot;&quot;,&quot;sizes&quot;:[]}}\" href=\"https:\/\/cancerfertilityandme.org.uk\/de\/home\/\">\n\t\t<div class=\"elementor-element elementor-element-555cde79 e-con-full e-flex e-con e-child\" data-id=\"555cde79\" data-element_type=\"container\" data-e-type=\"container\">\n\t\t\t\t<div class=\"elementor-element elementor-element-4ac3249f elementor-widget elementor-widget-image\" data-id=\"4ac3249f\" data-element_type=\"widget\" data-e-type=\"widget\" data-widget_type=\"image.default\">\n\t\t\t\t<div class=\"elementor-widget-container\">\n\t\t\t\t\t\t\t\t\t\t\t\t\t\t\t<img decoding=\"async\" width=\"400\" height=\"440\" src=\"https:\/\/cancerfertilityandme.org.uk\/wp-content\/uploads\/cancerfertilityandme-logo-column-young-women.png\" class=\"attachment-full size-full wp-image-2289\" alt=\"\" srcset=\"https:\/\/cancerfertilityandme.org.uk\/wp-content\/uploads\/cancerfertilityandme-logo-column-young-women.png 400w, https:\/\/cancerfertilityandme.org.uk\/wp-content\/uploads\/cancerfertilityandme-logo-column-young-women-273x300.png 273w\" sizes=\"(max-width: 400px) 100vw, 400px\" \/>\t\t\t\t\t\t\t\t\t\t\t\t\t\t\t<\/div>\n\t\t\t\t<\/div>\n\t\t\t\t<\/div>\n\t\t<div class=\"elementor-element elementor-element-631503b7 e-con-full e-flex e-con e-child\" data-id=\"631503b7\" data-element_type=\"container\" data-e-type=\"container\">\n\t\t\t\t<div class=\"elementor-element elementor-element-4a5e3a2f elementor-widget elementor-widget-heading\" data-id=\"4a5e3a2f\" data-element_type=\"widget\" data-e-type=\"widget\" data-widget_type=\"heading.default\">\n\t\t\t\t<div class=\"elementor-widget-container\">\n\t\t\t\t\t<h2 class=\"elementor-heading-title elementor-size-default\">Junge Frauen<\/h2>\t\t\t\t<\/div>\n\t\t\t\t<\/div>\n\t\t\t\t<\/div>\n\t\t\t\t<\/a>\n\t\t<a class=\"elementor-element elementor-element-5fff7879 e-con-full e-transform e-flex elementor-invisible e-con e-child\" data-id=\"5fff7879\" data-element_type=\"container\" data-e-type=\"container\" data-settings=\"{&quot;background_background&quot;:&quot;classic&quot;,&quot;animation&quot;:&quot;slideInRight&quot;,&quot;animation_delay&quot;:800,&quot;_transform_translateY_effect_hover&quot;:{&quot;unit&quot;:&quot;px&quot;,&quot;size&quot;:0,&quot;sizes&quot;:[]},&quot;_transform_translateX_effect_hover&quot;:{&quot;unit&quot;:&quot;px&quot;,&quot;size&quot;:20,&quot;sizes&quot;:[]},&quot;_transform_translateX_effect_hover_tablet&quot;:{&quot;unit&quot;:&quot;px&quot;,&quot;size&quot;:&quot;&quot;,&quot;sizes&quot;:[]},&quot;_transform_translateX_effect_hover_mobile&quot;:{&quot;unit&quot;:&quot;px&quot;,&quot;size&quot;:&quot;&quot;,&quot;sizes&quot;:[]},&quot;_transform_translateY_effect_hover_tablet&quot;:{&quot;unit&quot;:&quot;px&quot;,&quot;size&quot;:&quot;&quot;,&quot;sizes&quot;:[]},&quot;_transform_translateY_effect_hover_mobile&quot;:{&quot;unit&quot;:&quot;px&quot;,&quot;size&quot;:&quot;&quot;,&quot;sizes&quot;:[]}}\" href=\"https:\/\/cancerfertilityandme.org.uk\/de\/cfm-fuer-junge-maenner\/\">\n\t\t<div class=\"elementor-element elementor-element-404027be e-con-full e-flex e-con e-child\" data-id=\"404027be\" data-element_type=\"container\" data-e-type=\"container\">\n\t\t\t\t<div class=\"elementor-element elementor-element-60a0b36a elementor-widget elementor-widget-image\" data-id=\"60a0b36a\" data-element_type=\"widget\" data-e-type=\"widget\" data-widget_type=\"image.default\">\n\t\t\t\t<div class=\"elementor-widget-container\">\n\t\t\t\t\t\t\t\t\t\t\t\t\t\t\t<img decoding=\"async\" width=\"400\" height=\"440\" src=\"https:\/\/cancerfertilityandme.org.uk\/wp-content\/uploads\/cancerfertilityandme-logo-column-young-men.png\" class=\"attachment-full size-full wp-image-2297\" alt=\"\" srcset=\"https:\/\/cancerfertilityandme.org.uk\/wp-content\/uploads\/cancerfertilityandme-logo-column-young-men.png 400w, https:\/\/cancerfertilityandme.org.uk\/wp-content\/uploads\/cancerfertilityandme-logo-column-young-men-273x300.png 273w\" sizes=\"(max-width: 400px) 100vw, 400px\" \/>\t\t\t\t\t\t\t\t\t\t\t\t\t\t\t<\/div>\n\t\t\t\t<\/div>\n\t\t\t\t<\/div>\n\t\t<div class=\"elementor-element elementor-element-1c007725 e-con-full e-flex e-con e-child\" data-id=\"1c007725\" data-element_type=\"container\" data-e-type=\"container\">\n\t\t\t\t<div class=\"elementor-element elementor-element-42875cdc elementor-widget elementor-widget-heading\" data-id=\"42875cdc\" data-element_type=\"widget\" data-e-type=\"widget\" data-widget_type=\"heading.default\">\n\t\t\t\t<div class=\"elementor-widget-container\">\n\t\t\t\t\t<h2 class=\"elementor-heading-title elementor-size-default\">F\u00fcr junge M\u00e4nner<\/h2>\t\t\t\t<\/div>\n\t\t\t\t<\/div>\n\t\t\t\t<\/div>\n\t\t\t\t<\/a>\n\t\t\t\t<\/div>\n\t\t\t\t<\/div>\n\t\t\t\t\t<\/div>\n\t\t\t\t<\/main>\n\t\t\t\t<\/div>\n\t\t","protected":false},"excerpt":{"rendered":"<p>\u00dcber das Team \u201cCancer, Fertility and Me\u201d Frauen, die an Krebs erkrankt sind, baten um Informationen, die ihnen dabei helfen sollen, \u00fcber die Behandlungen nachzudenken, die zum Erhalt ihrer Fruchtbarkeit beitragen k\u00f6nnen, und die sie darauf vorbereiten, mit ihrem Krebsteam und ihrem Fruchtbarkeitsteam, ihrem Partner, ihrer Familie und ihren Freunden \u00fcber den Erhalt der Fruchtbarkeit [&hellip;]<\/p>\n","protected":false},"author":1,"featured_media":0,"parent":6760,"menu_order":0,"comment_status":"closed","ping_status":"closed","template":"","meta":{"footnotes":""},"class_list":["post-6009","page","type-page","status-publish","hentry"],"_links":{"self":[{"href":"https:\/\/cancerfertilityandme.org.uk\/de\/wp-json\/wp\/v2\/pages\/6009","targetHints":{"allow":["GET"]}}],"collection":[{"href":"https:\/\/cancerfertilityandme.org.uk\/de\/wp-json\/wp\/v2\/pages"}],"about":[{"href":"https:\/\/cancerfertilityandme.org.uk\/de\/wp-json\/wp\/v2\/types\/page"}],"author":[{"embeddable":true,"href":"https:\/\/cancerfertilityandme.org.uk\/de\/wp-json\/wp\/v2\/users\/1"}],"replies":[{"embeddable":true,"href":"https:\/\/cancerfertilityandme.org.uk\/de\/wp-json\/wp\/v2\/comments?post=6009"}],"version-history":[{"count":8,"href":"https:\/\/cancerfertilityandme.org.uk\/de\/wp-json\/wp\/v2\/pages\/6009\/revisions"}],"predecessor-version":[{"id":12599,"href":"https:\/\/cancerfertilityandme.org.uk\/de\/wp-json\/wp\/v2\/pages\/6009\/revisions\/12599"}],"up":[{"embeddable":true,"href":"https:\/\/cancerfertilityandme.org.uk\/de\/wp-json\/wp\/v2\/pages\/6760"}],"wp:attachment":[{"href":"https:\/\/cancerfertilityandme.org.uk\/de\/wp-json\/wp\/v2\/media?parent=6009"}],"curies":[{"name":"wp","href":"https:\/\/api.w.org\/{rel}","templated":true}]}}