{"id":6005,"date":"2018-11-07T09:47:04","date_gmt":"2018-11-07T09:47:04","guid":{"rendered":"https:\/\/cancerfertilityandme.org.uk\/zusammenfassung-der-optionen-zur-fruchtbarkeitserhaltung\/"},"modified":"2025-11-17T11:00:15","modified_gmt":"2025-11-17T11:00:15","slug":"zusammenfassung-der-optionen-zur-fruchtbarkeitserhaltung","status":"publish","type":"page","link":"https:\/\/cancerfertilityandme.org.uk\/de\/erwachsene-frauen\/optionen-zur-erhaltung-der-fruchtbarkeit-2\/zusammenfassung-der-optionen-zur-fruchtbarkeitserhaltung\/","title":{"rendered":"Zusammenfassung der Optionen zur Fruchtbarkeitserhaltung"},"content":{"rendered":"\t\t<div data-elementor-type=\"wp-page\" data-elementor-id=\"6005\" class=\"elementor elementor-6005 elementor-5589\" data-elementor-post-type=\"page\">\n\t\t\t\t<main class=\"elementor-element elementor-element-25a182d e-flex e-con-boxed e-con e-parent\" data-id=\"25a182d\" data-element_type=\"container\" data-e-type=\"container\">\n\t\t\t\t\t<div class=\"e-con-inner\">\n\t\t<div class=\"elementor-element elementor-element-3204df80 e-con-full e-flex e-con e-child\" data-id=\"3204df80\" data-element_type=\"container\" data-e-type=\"container\">\n\t\t\t\t<div class=\"elementor-element elementor-element-370f079b elementor-widget elementor-widget-text-editor\" data-id=\"370f079b\" data-element_type=\"widget\" data-e-type=\"widget\" data-widget_type=\"text-editor.default\">\n\t\t\t\t<div class=\"elementor-widget-container\">\n\t\t\t\t\t\t\t\t\t<h2>Zusammenfassung der Optionen zur Fruchtbarkeitserhaltung<\/h2>\t\t\t\t\t\t\t\t<\/div>\n\t\t\t\t<\/div>\n\t\t<div class=\"elementor-element elementor-element-781f8b5e e-con-full e-flex e-con e-child\" data-id=\"781f8b5e\" data-element_type=\"container\" data-e-type=\"container\" data-settings=\"{&quot;background_background&quot;:&quot;classic&quot;}\">\n\t\t\t\t<div class=\"elementor-element elementor-element-7f12b723 elementor-widget elementor-widget-text-editor\" data-id=\"7f12b723\" data-element_type=\"widget\" data-e-type=\"widget\" data-widget_type=\"text-editor.default\">\n\t\t\t\t<div class=\"elementor-widget-container\">\n\t\t\t\t\t\t\t\t\t<h3 style=\"text-align: center;\">Keine Fruchtbarkeitserhaltung<\/h3><hr><h3>F\u00fcr wen ist sie geeignet?<\/h3><p>Frauen, die erst einmal abwarten m\u00f6chten; die bereits eine Familie gegr\u00fcndet haben; die sofort mit der Krebsbehandlung beginnen m\u00fcssen; die nach der Krebsbehandlung nicht schwanger werden m\u00f6chten; f\u00fcr die keine M\u00f6glichkeiten der Fruchtbarkeitserhaltung zur Verf\u00fcgung stehen.<\/p><h3>Chancen ein Baby zu bekommen<\/h3><p>Variabel. H\u00e4ngt davon ab, wie Ihre Eierst\u00f6cke durch die Krebsbehandlung beeintr\u00e4chtigt wurden. <\/p><h3>Nebenwirkungen der Fruchtbarkeitsbehandlung<\/h3><p>Keine Nebenwirkungen der Fruchtbarkeitsbehandlung.<\/p><h3>Verz\u00f6gerung des Beginns der Krebsbehandlung<\/h3><p>Keine Verz\u00f6gerung.<\/p><h3>Auswirkung auf das Wiederauftreten des Krebses<\/h3><p>Keine Auswirkung.<\/p>\t\t\t\t\t\t\t\t<\/div>\n\t\t\t\t<\/div>\n\t\t\t\t<\/div>\n\t\t<div class=\"elementor-element elementor-element-a6abaa5 e-con-full e-flex e-con e-child\" data-id=\"a6abaa5\" data-element_type=\"container\" data-e-type=\"container\" data-settings=\"{&quot;background_background&quot;:&quot;classic&quot;}\">\n\t\t\t\t<div class=\"elementor-element elementor-element-babb161 elementor-widget elementor-widget-text-editor\" data-id=\"babb161\" data-element_type=\"widget\" data-e-type=\"widget\" data-widget_type=\"text-editor.default\">\n\t\t\t\t<div class=\"elementor-widget-container\">\n\t\t\t\t\t\t\t\t\t<h3 style=\"text-align: center;\">Einfrieren von Eizellen<\/h3><hr><h3>F\u00fcr wen ist sie geeignet?<\/h3><p>Frauen, die keinen Partner haben; die keine Samenspende in Anspruch nehmen wollen; die sich aufgrund ihrer \u00dcberzeugungen nicht f\u00fcr das Einfrieren von Embryonen entscheiden; die Zeit haben, vor Beginn der Krebsbehandlung einen Zyklus der Fruchtbarkeitsbehandlung zu durchlaufen.<\/p><h3>Chancen ein Baby zu bekommen<\/h3><p>Variabel. Frauen unter 35 Jahren, die 10 Eizellen einfrieren lassen, haben eine etwa 40 %ige Chance, ein Kind zu bekommen. Frauen, die \u00e4lter als 35 Jahre sind, haben eine geringere Chance. Frauen unter 35 Jahren haben unter Umst\u00e4nden eine gute Chance, wenn gen\u00fcgend Eizellen eingelagert werden k\u00f6nnen.   <\/p><h3>Nebenwirkungen der Fruchtbarkeitsbehandlung<\/h3><p>Kopfschmerzen, Stimmungsschwankungen, Hitzewallungen und Hautreizungen; Anstieg des Hormonspiegels von \u00d6strogen (nicht sicher f\u00fcr Frauen mit \u00f6strogenempfindlichem Brustkrebs); Infektions- oder Blutungsrisiko; Sch\u00e4digung anderer Beckenstrukturen (nicht sicher f\u00fcr Frauen mit Beckenkrebs).<\/p><h3>Verz\u00f6gerung des Beginns der Krebsbehandlung<\/h3><p>Zwei Wochen.<\/p><h3>Auswirkung auf das Wiederauftreten des Krebses<\/h3><p>Es gibt keine Daten, die darauf hindeuten, dass dies die Wahrscheinlichkeit des Wiederauftretens des Krebses beeinflusst.<\/p>\t\t\t\t\t\t\t\t<\/div>\n\t\t\t\t<\/div>\n\t\t\t\t<\/div>\n\t\t<div class=\"elementor-element elementor-element-79c9e2a e-con-full e-flex e-con e-child\" data-id=\"79c9e2a\" data-element_type=\"container\" data-e-type=\"container\" data-settings=\"{&quot;background_background&quot;:&quot;classic&quot;}\">\n\t\t\t\t<div class=\"elementor-element elementor-element-f8413c2 elementor-widget elementor-widget-text-editor\" data-id=\"f8413c2\" data-element_type=\"widget\" data-e-type=\"widget\" data-widget_type=\"text-editor.default\">\n\t\t\t\t<div class=\"elementor-widget-container\">\n\t\t\t\t\t\t\t\t\t<h3 style=\"text-align: center;\">Einfrieren von Embryonen<\/h3><hr><h3>F\u00fcr wen ist sie geeignet?<\/h3><p>Frauen, die vor Beginn der Krebsbehandlung noch Zeit f\u00fcr einen Zyklus der Fruchtbarkeitsbehandlung haben; Frauen mit einem m\u00e4nnlichen Partner, da f\u00fcr die Befruchtung sowohl Eizellen als auch Spermien ben\u00f6tigt werden.<\/p><h3>Chancen ein Baby zu bekommen<\/h3><p>Variabel. Die Chance, dass das Einfrieren von Embryonen einer Frau nach einer Krebsbehandlung zu einem Kind verhilft, liegt bei etwa 30 von 100 (etwa 30 %). Frauen, die j\u00fcnger als 35 Jahre alt sind, haben eine h\u00f6here Chance. Frauen, die \u00e4lter als 35 Jahre sind, haben eine geringere Chance.   <\/p><h3>Nebenwirkungen der Fruchtbarkeitsbehandlung<\/h3><p>Kopfschmerzen, Stimmungsschwankungen, Hitzewallungen und Hautreizungen; Anstieg des Hormonspiegels von \u00d6strogen (nicht sicher f\u00fcr Frauen mit \u00f6strogenempfindlichem Brustkrebs); Infektions- oder Blutungsrisiko; Sch\u00e4digung anderer Beckenstrukturen (nicht sicher f\u00fcr Frauen mit Beckenkrebs).<\/p><h3>Verz\u00f6gerung des Beginns der Krebsbehandlung<\/h3><p>Zwei Wochen.<\/p><h3>Auswirkung auf das Wiederauftreten des Krebses<\/h3><p>Es gibt keine Daten, die darauf hindeuten, dass dies die Wahrscheinlichkeit des Wiederauftretens des Krebses beeinflusst.<\/p>\t\t\t\t\t\t\t\t<\/div>\n\t\t\t\t<\/div>\n\t\t\t\t<\/div>\n\t\t<div class=\"elementor-element elementor-element-d2e018f e-con-full e-flex e-con e-child\" data-id=\"d2e018f\" data-element_type=\"container\" data-e-type=\"container\" data-settings=\"{&quot;background_background&quot;:&quot;classic&quot;}\">\n\t\t\t\t<div class=\"elementor-element elementor-element-9a7f7c3 elementor-widget elementor-widget-text-editor\" data-id=\"9a7f7c3\" data-element_type=\"widget\" data-e-type=\"widget\" data-widget_type=\"text-editor.default\">\n\t\t\t\t<div class=\"elementor-widget-container\">\n\t\t\t\t\t\t\t\t\t<h3 style=\"text-align: center;\">Einfrieren von Eierstockgewebe<\/h3><hr><h3>F\u00fcr wen ist sie geeignet?<\/h3><p>Frauen, die keine Zeit haben, Embryonen oder Eizellen einzufrieren; die keine Fruchtbarkeitsmedikamente verwenden k\u00f6nnen; die die M\u00f6glichkeit einer nat\u00fcrlichen Empf\u00e4ngnis zu einem sp\u00e4teren Zeitpunkt bevorzugen; M\u00e4dchen, die noch nicht die Pubert\u00e4t erreicht haben.<\/p><h3>Chancen ein Baby zu bekommen<\/h3><p>Neuere Methode zur Erhaltung der Fruchtbarkeit. Lebendgeburtenrate von etwa 30 von 100 (30 %) weltweit. <\/p><h3>Nebenwirkungen der Fruchtbarkeitsbehandlung<\/h3><p>Da es sich um einen chirurgischen Eingriff handelt, besteht die Gefahr von Blasen- oder Darmverletzungen, Infektionen oder Blutungen. Es besteht die M\u00f6glichkeit, dass mit dem eingefrorenen Eierstockgewebe wieder Krebszellen in den K\u00f6rper gelangen (nicht sicher f\u00fcr Frauen mit Blutkrebs wie Leuk\u00e4mie). <\/p><h3>Verz\u00f6gerung des Beginns der Krebsbehandlung<\/h3><p>Wahrscheinlich keine oder nur ein paar Tage.<\/p><h3>Auswirkung auf das Wiederauftreten des Krebses<\/h3><p>Es gibt keine Daten, die darauf hindeuten, dass dies die Wahrscheinlichkeit des Wiederauftretens des Krebses beeinflusst.<\/p>\t\t\t\t\t\t\t\t<\/div>\n\t\t\t\t<\/div>\n\t\t\t\t<\/div>\n\t\t<div class=\"elementor-element elementor-element-5013e21 e-con-full e-flex e-con e-child\" data-id=\"5013e21\" data-element_type=\"container\" data-e-type=\"container\" data-settings=\"{&quot;background_background&quot;:&quot;classic&quot;}\">\n\t\t\t\t<div class=\"elementor-element elementor-element-c3b7da8 elementor-widget elementor-widget-text-editor\" data-id=\"c3b7da8\" data-element_type=\"widget\" data-e-type=\"widget\" data-widget_type=\"text-editor.default\">\n\t\t\t\t<div class=\"elementor-widget-container\">\n\t\t\t\t\t\t\t\t\t<h3 style=\"text-align: center;\">Unterdr\u00fcckung der Eierst\u00f6cke<\/h3><hr><h3>F\u00fcr wen ist sie geeignet?<\/h3><p>Frauen, die sich einer Chemotherapie unterziehen; M\u00e4dchen, die die Pubert\u00e4t erreicht haben.<\/p><h3>Chancen ein Baby zu bekommen<\/h3><p>Es ist unklar, ob diese Methode die Wahrscheinlichkeit erh\u00f6ht, dass Sie nach der Behandlung ein Kind bekommen k\u00f6nnen.<\/p><h3>Nebenwirkungen der Fruchtbarkeitsbehandlung<\/h3><p>Hitzewallungen, Stimmungsschwankungen, Schlafst\u00f6rungen, Scheidentrockenheit.<\/p><h3>Verz\u00f6gerung des Beginns der Krebsbehandlung<\/h3><p>Wahrscheinlich keine.<\/p><h3>Auswirkung auf das Wiederauftreten des Krebses<\/h3><p>Keine Auswirkung.<\/p>\t\t\t\t\t\t\t\t<\/div>\n\t\t\t\t<\/div>\n\t\t\t\t<\/div>\n\t\t\t\t<\/div>\n\t\t<div class=\"elementor-element elementor-element-78fd630d e-con-full e-flex e-con e-child\" data-id=\"78fd630d\" data-element_type=\"container\" data-e-type=\"container\">\n\t\t<div class=\"elementor-element elementor-element-1ec77f10 e-con-full e-flex e-con e-child\" data-id=\"1ec77f10\" data-element_type=\"container\" data-e-type=\"container\">\n\t\t\t\t<div class=\"elementor-element elementor-element-76a85363 elementor-widget elementor-widget-image\" data-id=\"76a85363\" data-element_type=\"widget\" data-e-type=\"widget\" data-widget_type=\"image.default\">\n\t\t\t\t<div class=\"elementor-widget-container\">\n\t\t\t\t\t\t\t\t\t\t\t\t\t\t\t\t<a href=\"http:\/\/.\/\">\n\t\t\t\t\t\t\t<img fetchpriority=\"high\" decoding=\"async\" width=\"400\" height=\"440\" src=\"https:\/\/cancerfertilityandme.org.uk\/wp-content\/uploads\/cancerfertilityandme-logo-column-adult-women.png\" class=\"attachment-full size-full wp-image-2281\" alt=\"\" srcset=\"https:\/\/cancerfertilityandme.org.uk\/wp-content\/uploads\/cancerfertilityandme-logo-column-adult-women.png 400w, https:\/\/cancerfertilityandme.org.uk\/wp-content\/uploads\/cancerfertilityandme-logo-column-adult-women-273x300.png 273w\" sizes=\"(max-width: 400px) 100vw, 400px\" \/>\t\t\t\t\t\t\t\t<\/a>\n\t\t\t\t\t\t\t\t\t\t\t\t\t\t\t<\/div>\n\t\t\t\t<\/div>\n\t\t\t\t<\/div>\n\t\t<div class=\"elementor-element elementor-element-643b0697 e-con-full e-flex e-con e-child\" data-id=\"643b0697\" data-element_type=\"container\" data-e-type=\"container\">\n\t\t\t\t<div class=\"elementor-element elementor-element-773233c4 elementor-widget elementor-widget-heading\" data-id=\"773233c4\" data-element_type=\"widget\" data-e-type=\"widget\" data-widget_type=\"heading.default\">\n\t\t\t\t<div class=\"elementor-widget-container\">\n\t\t\t\t\t<h3 class=\"elementor-heading-title elementor-size-default\">\u00dcber folgenden Link gelangen Sie zu weiteren Informationen<\/h3>\t\t\t\t<\/div>\n\t\t\t\t<\/div>\n\t\t\t\t<div class=\"elementor-element elementor-element-30636de4 elementor-nav-menu--dropdown-none elementor-widget elementor-widget-nav-menu\" data-id=\"30636de4\" data-element_type=\"widget\" data-e-type=\"widget\" data-settings=\"{&quot;layout&quot;:&quot;vertical&quot;,&quot;submenu_icon&quot;:{&quot;value&quot;:&quot;&lt;svg aria-hidden=\\&quot;true\\&quot; class=\\&quot;e-font-icon-svg e-fas-caret-down\\&quot; viewBox=\\&quot;0 0 320 512\\&quot; xmlns=\\&quot;http:\\\/\\\/www.w3.org\\\/2000\\\/svg\\&quot;&gt;&lt;path d=\\&quot;M31.3 192h257.3c17.8 0 26.7 21.5 14.1 34.1L174.1 354.8c-7.8 7.8-20.5 7.8-28.3 0L17.2 226.1C4.6 213.5 13.5 192 31.3 192z\\&quot;&gt;&lt;\\\/path&gt;&lt;\\\/svg&gt;&quot;,&quot;library&quot;:&quot;fa-solid&quot;}}\" data-widget_type=\"nav-menu.default\">\n\t\t\t\t<div class=\"elementor-widget-container\">\n\t\t\t\t\t\t\t\t<nav aria-label=\"Menu\" class=\"elementor-nav-menu--main elementor-nav-menu__container elementor-nav-menu--layout-vertical e--pointer-none\">\n\t\t\t\t<ul id=\"menu-1-30636de4\" class=\"elementor-nav-menu sm-vertical\"><li class=\"menu-item menu-item-type-post_type menu-item-object-page menu-item-6985\"><a href=\"https:\/\/cancerfertilityandme.org.uk\/adult-women\/fertility-preservation-options\/\" class=\"elementor-item\">Optionen zur Erhaltung der Fruchtbarkeit<\/a><\/li>\n<li class=\"menu-item menu-item-type-post_type menu-item-object-page menu-item-6994\"><a href=\"https:\/\/cancerfertilityandme.org.uk\/adult-women\/fertility-preservation-options\/summary-of-fertility-preservation-options\/\" class=\"elementor-item\">Zusammenfassung der Optionen zur Fruchtbarkeitserhaltung<\/a><\/li>\n<li class=\"menu-item menu-item-type-post_type menu-item-object-page menu-item-6990\"><a href=\"https:\/\/cancerfertilityandme.org.uk\/adult-women\/fertility-preservation-options\/no-fertility-preservation\/\" class=\"elementor-item\">Keine Fruchtbarkeitserhaltung<\/a><\/li>\n<li class=\"menu-item menu-item-type-post_type menu-item-object-page menu-item-6987\"><a href=\"https:\/\/cancerfertilityandme.org.uk\/adult-women\/fertility-preservation-options\/egg-freezing\/\" class=\"elementor-item\">Einfrieren von Eizellen<\/a><\/li>\n<li class=\"menu-item menu-item-type-post_type menu-item-object-page menu-item-6988\"><a href=\"https:\/\/cancerfertilityandme.org.uk\/adult-women\/fertility-preservation-options\/embryo-freezing\/\" class=\"elementor-item\">Einfrieren von Embryonen<\/a><\/li>\n<li class=\"menu-item menu-item-type-post_type menu-item-object-page menu-item-6992\"><a href=\"https:\/\/cancerfertilityandme.org.uk\/adult-women\/fertility-preservation-options\/ovarian-tissue-freezing\/\" class=\"elementor-item\">Einfrieren von Eierstockgewebe<\/a><\/li>\n<li class=\"menu-item menu-item-type-post_type menu-item-object-page menu-item-6991\"><a href=\"https:\/\/cancerfertilityandme.org.uk\/adult-women\/fertility-preservation-options\/ovarian-suppression\/\" class=\"elementor-item\">Unterdr\u00fcckung der Eierst\u00f6cke<\/a><\/li>\n<li class=\"menu-item menu-item-type-post_type menu-item-object-page menu-item-6986\"><a href=\"https:\/\/cancerfertilityandme.org.uk\/adult-women\/fertility-preservation-options\/cancer-specific-fertility-sparing-options\/\" class=\"elementor-item\">Fruchtbarkeitserhaltende Verfahren bei bestimmten Krebsarten<\/a><\/li>\n<li class=\"menu-item menu-item-type-post_type menu-item-object-page menu-item-11368\"><a href=\"https:\/\/cancerfertilityandme.org.uk\/adult-women\/fertility-preservation-options\/other-cancer-treatments\/\" class=\"elementor-item\">Andere Krebsbehandlungen<\/a><\/li>\n<li class=\"menu-item menu-item-type-post_type menu-item-object-page menu-item-6993\"><a href=\"https:\/\/cancerfertilityandme.org.uk\/adult-women\/fertility-preservation-options\/questions-to-ask-your-cancer-fertility-care-teams\/\" class=\"elementor-item\">Fragen an das Krebsteam und das Fertilit\u00e4tsbehandlungsteam<\/a><\/li>\n<\/ul>\t\t\t<\/nav>\n\t\t\t\t\t\t<nav class=\"elementor-nav-menu--dropdown elementor-nav-menu__container\" aria-hidden=\"true\">\n\t\t\t\t<ul id=\"menu-2-30636de4\" class=\"elementor-nav-menu sm-vertical\"><li class=\"menu-item menu-item-type-post_type menu-item-object-page menu-item-6985\"><a href=\"https:\/\/cancerfertilityandme.org.uk\/adult-women\/fertility-preservation-options\/\" class=\"elementor-item\" tabindex=\"-1\">Optionen zur Erhaltung der Fruchtbarkeit<\/a><\/li>\n<li class=\"menu-item menu-item-type-post_type menu-item-object-page menu-item-6994\"><a href=\"https:\/\/cancerfertilityandme.org.uk\/adult-women\/fertility-preservation-options\/summary-of-fertility-preservation-options\/\" class=\"elementor-item\" tabindex=\"-1\">Zusammenfassung der Optionen zur Fruchtbarkeitserhaltung<\/a><\/li>\n<li class=\"menu-item menu-item-type-post_type menu-item-object-page menu-item-6990\"><a href=\"https:\/\/cancerfertilityandme.org.uk\/adult-women\/fertility-preservation-options\/no-fertility-preservation\/\" class=\"elementor-item\" tabindex=\"-1\">Keine Fruchtbarkeitserhaltung<\/a><\/li>\n<li class=\"menu-item menu-item-type-post_type menu-item-object-page menu-item-6987\"><a href=\"https:\/\/cancerfertilityandme.org.uk\/adult-women\/fertility-preservation-options\/egg-freezing\/\" class=\"elementor-item\" tabindex=\"-1\">Einfrieren von Eizellen<\/a><\/li>\n<li class=\"menu-item menu-item-type-post_type menu-item-object-page menu-item-6988\"><a href=\"https:\/\/cancerfertilityandme.org.uk\/adult-women\/fertility-preservation-options\/embryo-freezing\/\" class=\"elementor-item\" tabindex=\"-1\">Einfrieren von Embryonen<\/a><\/li>\n<li class=\"menu-item menu-item-type-post_type menu-item-object-page menu-item-6992\"><a href=\"https:\/\/cancerfertilityandme.org.uk\/adult-women\/fertility-preservation-options\/ovarian-tissue-freezing\/\" class=\"elementor-item\" tabindex=\"-1\">Einfrieren von Eierstockgewebe<\/a><\/li>\n<li class=\"menu-item menu-item-type-post_type menu-item-object-page menu-item-6991\"><a href=\"https:\/\/cancerfertilityandme.org.uk\/adult-women\/fertility-preservation-options\/ovarian-suppression\/\" class=\"elementor-item\" tabindex=\"-1\">Unterdr\u00fcckung der Eierst\u00f6cke<\/a><\/li>\n<li class=\"menu-item menu-item-type-post_type menu-item-object-page menu-item-6986\"><a href=\"https:\/\/cancerfertilityandme.org.uk\/adult-women\/fertility-preservation-options\/cancer-specific-fertility-sparing-options\/\" class=\"elementor-item\" tabindex=\"-1\">Fruchtbarkeitserhaltende Verfahren bei bestimmten Krebsarten<\/a><\/li>\n<li class=\"menu-item menu-item-type-post_type menu-item-object-page menu-item-11368\"><a href=\"https:\/\/cancerfertilityandme.org.uk\/adult-women\/fertility-preservation-options\/other-cancer-treatments\/\" class=\"elementor-item\" tabindex=\"-1\">Andere Krebsbehandlungen<\/a><\/li>\n<li class=\"menu-item menu-item-type-post_type menu-item-object-page menu-item-6993\"><a href=\"https:\/\/cancerfertilityandme.org.uk\/adult-women\/fertility-preservation-options\/questions-to-ask-your-cancer-fertility-care-teams\/\" class=\"elementor-item\" tabindex=\"-1\">Fragen an das Krebsteam und das Fertilit\u00e4tsbehandlungsteam<\/a><\/li>\n<\/ul>\t\t\t<\/nav>\n\t\t\t\t\t\t<\/div>\n\t\t\t\t<\/div>\n\t\t\t\t<\/div>\n\t\t\t\t<\/div>\n\t\t\t\t\t<\/div>\n\t\t\t\t<\/main>\n\t\t\t\t<\/div>\n\t\t","protected":false},"excerpt":{"rendered":"<p>Zusammenfassung der Optionen zur Fruchtbarkeitserhaltung Keine Fruchtbarkeitserhaltung F\u00fcr wen ist sie geeignet? Frauen, die erst einmal abwarten m\u00f6chten; die bereits eine Familie gegr\u00fcndet haben; die sofort mit der Krebsbehandlung beginnen m\u00fcssen; die nach der Krebsbehandlung nicht schwanger werden m\u00f6chten; f\u00fcr die keine M\u00f6glichkeiten der Fruchtbarkeitserhaltung zur Verf\u00fcgung stehen. Chancen ein Baby zu bekommen Variabel. H\u00e4ngt [&hellip;]<\/p>\n","protected":false},"author":1,"featured_media":0,"parent":5943,"menu_order":0,"comment_status":"closed","ping_status":"open","template":"","meta":{"footnotes":""},"class_list":["post-6005","page","type-page","status-publish","hentry"],"_links":{"self":[{"href":"https:\/\/cancerfertilityandme.org.uk\/de\/wp-json\/wp\/v2\/pages\/6005","targetHints":{"allow":["GET"]}}],"collection":[{"href":"https:\/\/cancerfertilityandme.org.uk\/de\/wp-json\/wp\/v2\/pages"}],"about":[{"href":"https:\/\/cancerfertilityandme.org.uk\/de\/wp-json\/wp\/v2\/types\/page"}],"author":[{"embeddable":true,"href":"https:\/\/cancerfertilityandme.org.uk\/de\/wp-json\/wp\/v2\/users\/1"}],"replies":[{"embeddable":true,"href":"https:\/\/cancerfertilityandme.org.uk\/de\/wp-json\/wp\/v2\/comments?post=6005"}],"version-history":[{"count":3,"href":"https:\/\/cancerfertilityandme.org.uk\/de\/wp-json\/wp\/v2\/pages\/6005\/revisions"}],"predecessor-version":[{"id":9537,"href":"https:\/\/cancerfertilityandme.org.uk\/de\/wp-json\/wp\/v2\/pages\/6005\/revisions\/9537"}],"up":[{"embeddable":true,"href":"https:\/\/cancerfertilityandme.org.uk\/de\/wp-json\/wp\/v2\/pages\/5943"}],"wp:attachment":[{"href":"https:\/\/cancerfertilityandme.org.uk\/de\/wp-json\/wp\/v2\/media?parent=6005"}],"curies":[{"name":"wp","href":"https:\/\/api.w.org\/{rel}","templated":true}]}}