{"id":6003,"date":"2018-11-07T09:42:59","date_gmt":"2018-11-07T09:42:59","guid":{"rendered":"https:\/\/cancerfertilityandme.org.uk\/ueber-die-entscheidung-zur-erhaltung-der-fruchtbarkeit-sprechen\/"},"modified":"2025-11-17T11:01:05","modified_gmt":"2025-11-17T11:01:05","slug":"ueber-die-entscheidung-zur-erhaltung-der-fruchtbarkeit-sprechen","status":"publish","type":"page","link":"https:\/\/cancerfertilityandme.org.uk\/de\/erwachsene-frauen\/entscheidung-ueber-den-erhalt-der-fruchtbarkeit\/ueber-die-entscheidung-zur-erhaltung-der-fruchtbarkeit-sprechen\/","title":{"rendered":"\u00dcber die Entscheidung zur Erhaltung der Fruchtbarkeit sprechen"},"content":{"rendered":"\t\t<div data-elementor-type=\"wp-page\" data-elementor-id=\"6003\" class=\"elementor elementor-6003 elementor-5463\" data-elementor-post-type=\"page\">\n\t\t\t\t<main class=\"elementor-element elementor-element-37eaef39 e-flex e-con-boxed e-con e-parent\" data-id=\"37eaef39\" data-element_type=\"container\" data-e-type=\"container\">\n\t\t\t\t\t<div class=\"e-con-inner\">\n\t\t<div class=\"elementor-element elementor-element-66976cb0 e-con-full e-flex e-con e-child\" data-id=\"66976cb0\" data-element_type=\"container\" data-e-type=\"container\">\n\t\t\t\t<div class=\"elementor-element elementor-element-2607e22d elementor-widget elementor-widget-text-editor\" data-id=\"2607e22d\" data-element_type=\"widget\" data-e-type=\"widget\" data-widget_type=\"text-editor.default\">\n\t\t\t\t<div class=\"elementor-widget-container\">\n\t\t\t\t\t\t\t\t\t<h2>Mit anderen \u00fcber die Entscheidung zur Erhaltung der Fruchtbarkeit sprechen<\/h2><p>Manche Frauen finden es hilfreich, mit anderen \u00fcber ihre Krebsdiagnose und die Erhaltung der Fruchtbarkeit zu sprechen.<\/p><p>Es kann hilfreich sein \u00fcber folgende Themen zu sprechen:<\/p><ul><li>Schwierige Entscheidungen treffen.<\/li><li>Wie Sie Ihre Gef\u00fchle gegen\u00fcber Ihren Angeh\u00f6rigen ausdr\u00fccken k\u00f6nnen.<\/li><li>Die Auswirkungen von Krebs und Kinderwunsch auf Ihre Beziehungen.<\/li><li>\u00c4ngste und Stress.<\/li><li>Moralische, religi\u00f6se oder ethische Bedenken.<\/li><li>Bew\u00e4ltigung Ihrer Krebs- und Fruchtbarkeitsbehandlungen.<\/li><li>Wie Sie mit Ihren eigenen Gef\u00fchlen umgehen k\u00f6nnen.<\/li><\/ul><p>Wenn Sie die f\u00fcr Sie beste Unterst\u00fctzung finden, k\u00f6nnen Sie Ihre Situation besser bew\u00e4ltigen. Dies kann Ihnen helfen, einige dieser emotionalen Herausforderungen zu bew\u00e4ltigen. Die Menschen w\u00e4hlen unterschiedliche Wege, um sich unterst\u00fctzt zu f\u00fchlen. Dazu kann geh\u00f6ren:   <\/p><ul><li>Informieren Sie sich \u00fcber alle verf\u00fcgbaren M\u00f6glichkeiten.<\/li><li>F\u00fchren Sie ein Tagebuch oder machen Sie sich Notizen \u00fcber Ihre Gedanken und Gr\u00fcnde f\u00fcr Ihre Entscheidungen.<\/li><li>\u00dcberlegen Sie, wen Sie in Ihre Entscheidungsfindung einbeziehen m\u00f6chten \u2013 einen Partner, Familie und Freunde oder eine Pflegekraft oder einen Arzt.<\/li><li>Suchen Sie eine Beratung auf. Dies k\u00f6nnen Sie entweder allein, mit Ihrem Partner oder einer anderen Ihnen nahestehenden Person tun. In den Fruchtbarkeits- und Krebskliniken stehen Ihnen m\u00f6glicherweise professionelle Berater zur Verf\u00fcgung, die nicht direkt an Ihrer Fruchtbarkeits- oder Krebsbehandlung beteiligt sind. Andere Beratungsorganisationen, die diese spezielle Unterst\u00fctzung anbieten k\u00f6nnen, sind hier aufgef\u00fchrt. <a href=\"\/more-information\/useful-contacts\">hier<\/a>.   <\/li><li>Sprechen Sie mit Menschen, die \u00e4hnliche Erfahrungen gemacht haben. Es gibt verschiedene Hilfsorganisationen. Einige von ihnen haben wir <a href=\"\/more-information\/useful-contacts\">hier <\/a>aufgelistet. Sie k\u00f6nnen auch mit einem Mitglied Ihres Krebsteams und Ihres Fertilit\u00e4tsbehandlungsteams sprechen.  <\/li><li>Es kann vorkommen, dass Sie nicht \u00fcber Fruchtbarkeit und Krebs sprechen m\u00f6chten. Wenn Sie ein privater Mensch sind, kann es hilfreich sein, ein Tagebuch zu f\u00fchren oder sich kreativ auszudr\u00fccken. <\/li><\/ul>\t\t\t\t\t\t\t\t<\/div>\n\t\t\t\t<\/div>\n\t\t<div class=\"elementor-element elementor-element-d051220 e-con-full e-flex e-con e-child\" data-id=\"d051220\" data-element_type=\"container\" data-e-type=\"container\" data-settings=\"{&quot;background_background&quot;:&quot;classic&quot;}\">\n\t\t\t\t<div class=\"elementor-element elementor-element-70473906 elementor-widget elementor-widget-text-editor\" data-id=\"70473906\" data-element_type=\"widget\" data-e-type=\"widget\" data-widget_type=\"text-editor.default\">\n\t\t\t\t<div class=\"elementor-widget-container\">\n\t\t\t\t\t\t\t\t\t<h3>Empfohlene Informationsquellen<\/h3><p>Die HFEA ist die unabh\u00e4ngige britische Aufsichtsbeh\u00f6rde f\u00fcr die Verwendung von Keimzellen (Eizellen und Spermien) und Embryonen in der Fruchtbarkeitsbehandlung und -forschung. Auf ihrer Webseite finden Sie Ratschl\u00e4ge, wie Sie Ihre Fruchtbarkeitsberatungen optimal nutzen k\u00f6nnen. Sie k\u00f6nnen dies tun, indem Sie:  <\/p><ul><li>Fragen stellen.<\/li><li>Nehmen Sie sich Zeit, um \u00fcber alles nachzudenken \u2013 eine Menge schwieriger Themen m\u00fcssen unter Umst\u00e4nden ber\u00fccksichtigt werden.<\/li><li>Denken Sie daran, dass das Fertilit\u00e4tsbehandlungsteam Ihnen helfen soll, die f\u00fcr Sie richtige Entscheidung zu treffen. Auf der HFEA-Webseite <a href=\"http:\/\/www.hfea.gov.uk\" target=\"_blank\" rel=\"noopener noreferrer\">www.hfea.gov.uk<\/a> finden Sie weitere Informationen \u00fcber Fruchtbarkeitskliniken, Behandlungen zur Erhaltung der Fruchtbarkeit und Erfolgsquoten in Ihrer Region. <\/li><\/ul>\t\t\t\t\t\t\t\t<\/div>\n\t\t\t\t<\/div>\n\t\t\t\t<\/div>\n\t\t\t\t<\/div>\n\t\t<div class=\"elementor-element elementor-element-6e94314e e-con-full e-flex e-con e-child\" data-id=\"6e94314e\" data-element_type=\"container\" data-e-type=\"container\">\n\t\t<div class=\"elementor-element elementor-element-63a54493 e-con-full e-flex e-con e-child\" data-id=\"63a54493\" data-element_type=\"container\" data-e-type=\"container\">\n\t\t\t\t<div class=\"elementor-element elementor-element-59decdf0 elementor-widget elementor-widget-image\" data-id=\"59decdf0\" data-element_type=\"widget\" data-e-type=\"widget\" data-widget_type=\"image.default\">\n\t\t\t\t<div class=\"elementor-widget-container\">\n\t\t\t\t\t\t\t\t\t\t\t\t\t\t\t\t<a href=\"http:\/\/.\/\">\n\t\t\t\t\t\t\t<img fetchpriority=\"high\" decoding=\"async\" width=\"400\" height=\"440\" src=\"https:\/\/cancerfertilityandme.org.uk\/wp-content\/uploads\/cancerfertilityandme-logo-column-adult-women.png\" class=\"attachment-full size-full wp-image-2281\" alt=\"\" srcset=\"https:\/\/cancerfertilityandme.org.uk\/wp-content\/uploads\/cancerfertilityandme-logo-column-adult-women.png 400w, https:\/\/cancerfertilityandme.org.uk\/wp-content\/uploads\/cancerfertilityandme-logo-column-adult-women-273x300.png 273w\" sizes=\"(max-width: 400px) 100vw, 400px\" \/>\t\t\t\t\t\t\t\t<\/a>\n\t\t\t\t\t\t\t\t\t\t\t\t\t\t\t<\/div>\n\t\t\t\t<\/div>\n\t\t\t\t<\/div>\n\t\t<div class=\"elementor-element elementor-element-1858e519 e-con-full e-flex e-con e-child\" data-id=\"1858e519\" data-element_type=\"container\" data-e-type=\"container\">\n\t\t\t\t<div class=\"elementor-element elementor-element-38e24f3c elementor-widget elementor-widget-heading\" data-id=\"38e24f3c\" data-element_type=\"widget\" data-e-type=\"widget\" data-widget_type=\"heading.default\">\n\t\t\t\t<div class=\"elementor-widget-container\">\n\t\t\t\t\t<h3 class=\"elementor-heading-title elementor-size-default\">\u00dcber folgenden Link gelangen Sie zu weiteren Informationen<\/h3>\t\t\t\t<\/div>\n\t\t\t\t<\/div>\n\t\t\t\t<div class=\"elementor-element elementor-element-74328f39 elementor-nav-menu--dropdown-none elementor-widget elementor-widget-nav-menu\" data-id=\"74328f39\" data-element_type=\"widget\" data-e-type=\"widget\" data-settings=\"{&quot;layout&quot;:&quot;vertical&quot;,&quot;submenu_icon&quot;:{&quot;value&quot;:&quot;&lt;svg aria-hidden=\\&quot;true\\&quot; class=\\&quot;e-font-icon-svg e-fas-caret-down\\&quot; viewBox=\\&quot;0 0 320 512\\&quot; xmlns=\\&quot;http:\\\/\\\/www.w3.org\\\/2000\\\/svg\\&quot;&gt;&lt;path d=\\&quot;M31.3 192h257.3c17.8 0 26.7 21.5 14.1 34.1L174.1 354.8c-7.8 7.8-20.5 7.8-28.3 0L17.2 226.1C4.6 213.5 13.5 192 31.3 192z\\&quot;&gt;&lt;\\\/path&gt;&lt;\\\/svg&gt;&quot;,&quot;library&quot;:&quot;fa-solid&quot;}}\" data-widget_type=\"nav-menu.default\">\n\t\t\t\t<div class=\"elementor-widget-container\">\n\t\t\t\t\t\t\t\t<nav aria-label=\"Menu\" class=\"elementor-nav-menu--main elementor-nav-menu__container elementor-nav-menu--layout-vertical e--pointer-none\">\n\t\t\t\t<ul id=\"menu-1-74328f39\" class=\"elementor-nav-menu sm-vertical\"><li class=\"menu-item menu-item-type-post_type menu-item-object-page menu-item-7141\"><a href=\"https:\/\/cancerfertilityandme.org.uk\/adult-women\/making-your-fertility-preservation-decision\/\" class=\"elementor-item\">Entscheidung \u00fcber den Erhalt der Fruchtbarkeit<\/a><\/li>\n<li class=\"menu-item menu-item-type-post_type menu-item-object-page menu-item-7144\"><a href=\"https:\/\/cancerfertilityandme.org.uk\/adult-women\/making-your-fertility-preservation-decision\/talking-with-your-fertility-care-team-about-fertility-preservation\/\" class=\"elementor-item\">Sprechen Sie mit Ihrem Fertilit\u00e4tsbehandlungsteam \u00fcber Fruchtbarkeitserhalt<\/a><\/li>\n<li class=\"menu-item menu-item-type-post_type menu-item-object-page menu-item-7143\"><a href=\"https:\/\/cancerfertilityandme.org.uk\/adult-women\/making-your-fertility-preservation-decision\/talking-about-the-fertility-preservation-decision\/\" class=\"elementor-item\">\u00dcber die Entscheidung zur Erhaltung der Fruchtbarkeit sprechen<\/a><\/li>\n<li class=\"menu-item menu-item-type-post_type menu-item-object-page menu-item-2133\"><a href=\"https:\/\/cancerfertilityandme.org.uk\/adult-women\/contraception-family-planning\/questions-to-ask-your-cancer-care-team-or-gp\/\" class=\"elementor-item\">Fragen, die Sie Ihrem Krebsteam oder Ihrem Hausarzt stellen sollten<\/a><\/li>\n<li class=\"menu-item menu-item-type-post_type menu-item-object-page menu-item-7142\"><a href=\"https:\/\/cancerfertilityandme.org.uk\/adult-women\/making-your-fertility-preservation-decision\/financial-costs-associated-with-undergoing-fertility-preservation\/\" class=\"elementor-item\">Finanzielle Kosten im Zusammenhang mit einer Fruchtbarkeitserhaltungsma\u00dfnahme<\/a><\/li>\n<li class=\"menu-item menu-item-type-post_type menu-item-object-page menu-item-7145\"><a href=\"https:\/\/cancerfertilityandme.org.uk\/adult-women\/fertility-preservation-options\/summary-of-fertility-preservation-options\/\" class=\"elementor-item\">Zusammenfassung der Optionen zur Fruchtbarkeitserhaltung<\/a><\/li>\n<\/ul>\t\t\t<\/nav>\n\t\t\t\t\t\t<nav class=\"elementor-nav-menu--dropdown elementor-nav-menu__container\" aria-hidden=\"true\">\n\t\t\t\t<ul id=\"menu-2-74328f39\" class=\"elementor-nav-menu sm-vertical\"><li class=\"menu-item menu-item-type-post_type menu-item-object-page menu-item-7141\"><a href=\"https:\/\/cancerfertilityandme.org.uk\/adult-women\/making-your-fertility-preservation-decision\/\" class=\"elementor-item\" tabindex=\"-1\">Entscheidung \u00fcber den Erhalt der Fruchtbarkeit<\/a><\/li>\n<li class=\"menu-item menu-item-type-post_type menu-item-object-page menu-item-7144\"><a href=\"https:\/\/cancerfertilityandme.org.uk\/adult-women\/making-your-fertility-preservation-decision\/talking-with-your-fertility-care-team-about-fertility-preservation\/\" class=\"elementor-item\" tabindex=\"-1\">Sprechen Sie mit Ihrem Fertilit\u00e4tsbehandlungsteam \u00fcber Fruchtbarkeitserhalt<\/a><\/li>\n<li class=\"menu-item menu-item-type-post_type menu-item-object-page menu-item-7143\"><a href=\"https:\/\/cancerfertilityandme.org.uk\/adult-women\/making-your-fertility-preservation-decision\/talking-about-the-fertility-preservation-decision\/\" class=\"elementor-item\" tabindex=\"-1\">\u00dcber die Entscheidung zur Erhaltung der Fruchtbarkeit sprechen<\/a><\/li>\n<li class=\"menu-item menu-item-type-post_type menu-item-object-page menu-item-2133\"><a href=\"https:\/\/cancerfertilityandme.org.uk\/adult-women\/contraception-family-planning\/questions-to-ask-your-cancer-care-team-or-gp\/\" class=\"elementor-item\" tabindex=\"-1\">Fragen, die Sie Ihrem Krebsteam oder Ihrem Hausarzt stellen sollten<\/a><\/li>\n<li class=\"menu-item menu-item-type-post_type menu-item-object-page menu-item-7142\"><a href=\"https:\/\/cancerfertilityandme.org.uk\/adult-women\/making-your-fertility-preservation-decision\/financial-costs-associated-with-undergoing-fertility-preservation\/\" class=\"elementor-item\" tabindex=\"-1\">Finanzielle Kosten im Zusammenhang mit einer Fruchtbarkeitserhaltungsma\u00dfnahme<\/a><\/li>\n<li class=\"menu-item menu-item-type-post_type menu-item-object-page menu-item-7145\"><a href=\"https:\/\/cancerfertilityandme.org.uk\/adult-women\/fertility-preservation-options\/summary-of-fertility-preservation-options\/\" class=\"elementor-item\" tabindex=\"-1\">Zusammenfassung der Optionen zur Fruchtbarkeitserhaltung<\/a><\/li>\n<\/ul>\t\t\t<\/nav>\n\t\t\t\t\t\t<\/div>\n\t\t\t\t<\/div>\n\t\t\t\t<\/div>\n\t\t\t\t<\/div>\n\t\t\t\t\t<\/div>\n\t\t\t\t<\/main>\n\t\t\t\t<\/div>\n\t\t","protected":false},"excerpt":{"rendered":"<p>Mit anderen \u00fcber die Entscheidung zur Erhaltung der Fruchtbarkeit sprechen Manche Frauen finden es hilfreich, mit anderen \u00fcber ihre Krebsdiagnose und die Erhaltung der Fruchtbarkeit zu sprechen. Es kann hilfreich sein \u00fcber folgende Themen zu sprechen: Schwierige Entscheidungen treffen. Wie Sie Ihre Gef\u00fchle gegen\u00fcber Ihren Angeh\u00f6rigen ausdr\u00fccken k\u00f6nnen. Die Auswirkungen von Krebs und Kinderwunsch auf [&hellip;]<\/p>\n","protected":false},"author":1,"featured_media":0,"parent":5985,"menu_order":0,"comment_status":"closed","ping_status":"open","template":"","meta":{"footnotes":""},"class_list":["post-6003","page","type-page","status-publish","hentry"],"_links":{"self":[{"href":"https:\/\/cancerfertilityandme.org.uk\/de\/wp-json\/wp\/v2\/pages\/6003","targetHints":{"allow":["GET"]}}],"collection":[{"href":"https:\/\/cancerfertilityandme.org.uk\/de\/wp-json\/wp\/v2\/pages"}],"about":[{"href":"https:\/\/cancerfertilityandme.org.uk\/de\/wp-json\/wp\/v2\/types\/page"}],"author":[{"embeddable":true,"href":"https:\/\/cancerfertilityandme.org.uk\/de\/wp-json\/wp\/v2\/users\/1"}],"replies":[{"embeddable":true,"href":"https:\/\/cancerfertilityandme.org.uk\/de\/wp-json\/wp\/v2\/comments?post=6003"}],"version-history":[{"count":3,"href":"https:\/\/cancerfertilityandme.org.uk\/de\/wp-json\/wp\/v2\/pages\/6003\/revisions"}],"predecessor-version":[{"id":9563,"href":"https:\/\/cancerfertilityandme.org.uk\/de\/wp-json\/wp\/v2\/pages\/6003\/revisions\/9563"}],"up":[{"embeddable":true,"href":"https:\/\/cancerfertilityandme.org.uk\/de\/wp-json\/wp\/v2\/pages\/5985"}],"wp:attachment":[{"href":"https:\/\/cancerfertilityandme.org.uk\/de\/wp-json\/wp\/v2\/media?parent=6003"}],"curies":[{"name":"wp","href":"https:\/\/api.w.org\/{rel}","templated":true}]}}