{"id":5985,"date":"2018-11-07T09:43:36","date_gmt":"2018-11-07T09:43:36","guid":{"rendered":"https:\/\/cancerfertilityandme.org.uk\/entscheidung-ueber-den-erhalt-der-fruchtbarkeit\/"},"modified":"2026-03-30T09:55:28","modified_gmt":"2026-03-30T09:55:28","slug":"entscheidung-ueber-den-erhalt-der-fruchtbarkeit","status":"publish","type":"page","link":"https:\/\/cancerfertilityandme.org.uk\/de\/erwachsene-frauen\/entscheidung-ueber-den-erhalt-der-fruchtbarkeit\/","title":{"rendered":"Entscheidung \u00fcber den Erhalt der Fruchtbarkeit"},"content":{"rendered":"\t\t<div data-elementor-type=\"wp-page\" data-elementor-id=\"5985\" class=\"elementor elementor-5985 elementor-5465\" data-elementor-post-type=\"page\">\n\t\t\t\t<main class=\"elementor-element elementor-element-62f1e19 e-flex e-con-boxed e-con e-parent\" data-id=\"62f1e19\" data-element_type=\"container\" data-e-type=\"container\">\n\t\t\t\t\t<div class=\"e-con-inner\">\n\t\t<div class=\"elementor-element elementor-element-6f7e053a e-con-full e-flex e-con e-child\" data-id=\"6f7e053a\" data-element_type=\"container\" data-e-type=\"container\">\n\t\t\t\t<div class=\"elementor-element elementor-element-4916e973 elementor-widget elementor-widget-text-editor\" data-id=\"4916e973\" data-element_type=\"widget\" data-e-type=\"widget\" data-widget_type=\"text-editor.default\">\n\t\t\t\t<div class=\"elementor-widget-container\">\n\t\t\t\t\t\t\t\t\t<h2>Treffen Sie Ihre Fruchtbarkeitsentscheidung, bevor Sie mit der Krebsbehandlung beginnen.<\/h2><h3>Diese Seite soll Ihnen helfen zu entscheiden, ob Sie:<\/h3><p><strong>\u2022 Sich vor Beginn der Krebsbehandlung einer Behandlung zum Erhalt Ihrer Fruchtbarkeit unterziehen wollen, oder<\/strong><\/p><p><strong>\u2022 Eine Krebsbehandlung beginnen m\u00f6chten, ohne eine Behandlung zum Erhalt Ihrer Fruchtbarkeit durchzuf\u00fchren.<\/strong><\/p><p>Manche Frauen sind sich sicher, ob sie ihre Fruchtbarkeit erhalten wollen oder nicht. Anderen Frauen f\u00e4llt diese Entscheidung schwerer. Es gibt keine \u201crichtige\u201d oder \u201cfalsche\u201d Entscheidung. Die Entscheidung h\u00e4ngt davon ab, was f\u00fcr Sie zu diesem Zeitpunkt am wichtigsten ist. Sie h\u00e4ngt von den Pl\u00e4nen ab, die Sie f\u00fcr Ihr Leben nach der Krebsbehandlung haben.    <\/p><h3>Entscheidung f\u00fcr oder gegen den Fruchtbarkeitserhalt vor der Krebsbehandlung<\/h3><p>Wenn Sie sich f\u00fcr oder gegen eine Fruchtbarkeitserhaltung vor einer Krebsbehandlung entscheiden, sollten Sie jede der f\u00fcnf folgenden Aussagen lesen und dar\u00fcber nachdenken, was Ihnen am wichtigsten ist. Zum Beispiel: <\/p><ol><li><strong>Nicht wichtig<\/strong><\/li><li><strong>Geringf\u00fcgig wichtig<\/strong><\/li><li><strong>Ziemlich wichtig<\/strong><\/li><li><strong>Sehr wichtig<\/strong><\/li><\/ol>\t\t\t\t\t\t\t\t<\/div>\n\t\t\t\t<\/div>\n\t\t\t\t<div class=\"elementor-element elementor-element-fbac137 elementor-widget elementor-widget-image\" data-id=\"fbac137\" data-element_type=\"widget\" data-e-type=\"widget\" data-widget_type=\"image.default\">\n\t\t\t\t<div class=\"elementor-widget-container\">\n\t\t\t\t\t\t\t\t\t\t\t\t\t\t\t<img fetchpriority=\"high\" decoding=\"async\" width=\"800\" height=\"456\" src=\"https:\/\/cancerfertilityandme.org.uk\/wp-content\/uploads\/DE-07-1-2.png\" class=\"attachment-large size-large wp-image-10937\" alt=\"\" srcset=\"https:\/\/cancerfertilityandme.org.uk\/wp-content\/uploads\/DE-07-1-2.png 1000w, https:\/\/cancerfertilityandme.org.uk\/wp-content\/uploads\/DE-07-1-2-300x171.png 300w, https:\/\/cancerfertilityandme.org.uk\/wp-content\/uploads\/DE-07-1-2-768x438.png 768w\" sizes=\"(max-width: 800px) 100vw, 800px\" \/>\t\t\t\t\t\t\t\t\t\t\t\t\t\t\t<\/div>\n\t\t\t\t<\/div>\n\t\t\t\t<div class=\"elementor-element elementor-element-3bc50ee elementor-widget elementor-widget-text-editor\" data-id=\"3bc50ee\" data-element_type=\"widget\" data-e-type=\"widget\" data-widget_type=\"text-editor.default\">\n\t\t\t\t<div class=\"elementor-widget-container\">\n\t\t\t\t\t\t\t\t\tEs kann hilfreich sein, wenn Sie diesen Fragebogen gemeinsam mit Ihrem Krebsteam und Ihrem Fertilit\u00e4tsbehandlungsteam, Ihrem Partner, Ihrer Familie und Ihren Freunden ausf\u00fcllen.\n\n<hr>\n\nHinweis: Wenn Sie Ihre Antworten auf einer gedruckten Version niederschreiben m\u00f6chten, k\u00f6nnen Sie <strong><a href=\"\/wp-content\/uploads\/p25-CFM-Decision-Aid-12Sept19a.pdf\" target=\"_blank\" rel=\"noopener noreferrer\">diese hier als PDF herunterladen<\/a><\/strong>. Eine gedruckte Version der vollst\u00e4ndigen Entscheidungshilfe f\u00fcr Patienten zum Thema Cancer, Fertility and Me k\u00f6nnen Sie auch <a href=\"https:\/\/cancerfertilityandme.org.uk\/de\/erwachsene-frauen\/nuetzliche-kontakte\/cfm-broschuere-herunterladen-auf-englisch\/\" rel=\"noopener noreferrer\">hier herunterladen<\/a>\n\n<hr>\n\n<h3>Die Entscheidung, welche Option zur Erhaltung der Fruchtbarkeit f\u00fcr mich am besten geeignet ist<\/h3>\nDie Optionen zur Fruchtbarkeitserhaltung sind:\n<ul>\n \t<li>Keine Fruchtbarkeitserhaltung<\/li>\n \t<li>Einfrieren<\/li>\n \t<li>Unterdr\u00fcckung der Eierst\u00f6cke<\/li>\n \t<li>Krebsspezifische fruchtbarkeitserhaltende Operation<\/li>\n<\/ul>\nMehr \u00fcber diese Optionen erfahren Sie <a href=\"https:\/\/cancerfertilityandme.org.uk\/de\/erwachsene-frauen\/optionen-zur-erhaltung-der-fruchtbarkeit-2\/\">hier<\/a>. In dieser <a href=\"\/summary\">\u00dcbersichtstabelle <\/a>werden die verschiedenen M\u00f6glichkeiten der Fruchtbarkeitserhaltung miteinander verglichen. \n\nNachstehend finden Sie eine Liste der verschiedenen M\u00f6glichkeiten zur Erhaltung der Fruchtbarkeit: \u00dcberlegen Sie, welche Antwort Sie f\u00fcr jede Option geben w\u00fcrden. \n\nDiese Aufgabe kann Ihnen helfen, dar\u00fcber nachzudenken, welche Option zur Erhaltung der Fruchtbarkeit zu diesem Zeitpunkt am besten zu Ihnen und Ihrem Lebensstil passt. Es k\u00f6nnte hilfreich sein, mit Ihrem Krebsteam und Ihrem Fertilit\u00e4tsbehandlungsteam, Ihrem Partner, Ihrer Familie und Ihren Freunden \u00fcber Ihre Entscheidungen zu sprechen. \n\n<strong>Wie wahrscheinlich ist es, dass Sie jede dieser Behandlungsoptionen zum Erhalt der Fruchtbarkeit in Betracht zu ziehen?<\/strong>\t\t\t\t\t\t\t\t<\/div>\n\t\t\t\t<\/div>\n\t\t\t\t<div class=\"elementor-element elementor-element-90f840d elementor-widget elementor-widget-image\" data-id=\"90f840d\" data-element_type=\"widget\" data-e-type=\"widget\" data-widget_type=\"image.default\">\n\t\t\t\t<div class=\"elementor-widget-container\">\n\t\t\t\t\t\t\t\t\t\t\t\t\t\t\t<img decoding=\"async\" width=\"800\" height=\"411\" src=\"https:\/\/cancerfertilityandme.org.uk\/wp-content\/uploads\/DE-010-1-2-1024x526.png\" class=\"attachment-large size-large wp-image-10944\" alt=\"\" srcset=\"https:\/\/cancerfertilityandme.org.uk\/wp-content\/uploads\/DE-010-1-2-1024x526.png 1024w, https:\/\/cancerfertilityandme.org.uk\/wp-content\/uploads\/DE-010-1-2-300x154.png 300w, https:\/\/cancerfertilityandme.org.uk\/wp-content\/uploads\/DE-010-1-2-768x395.png 768w, https:\/\/cancerfertilityandme.org.uk\/wp-content\/uploads\/DE-010-1-2.png 1167w\" sizes=\"(max-width: 800px) 100vw, 800px\" \/>\t\t\t\t\t\t\t\t\t\t\t\t\t\t\t<\/div>\n\t\t\t\t<\/div>\n\t\t\t\t<div class=\"elementor-element elementor-element-16a2016 elementor-widget elementor-widget-text-editor\" data-id=\"16a2016\" data-element_type=\"widget\" data-e-type=\"widget\" data-widget_type=\"text-editor.default\">\n\t\t\t\t<div class=\"elementor-widget-container\">\n\t\t\t\t\t\t\t\t\t<hr><p>Hinweis: Wenn Sie Ihre Antworten auf einer gedruckten Version niederschreiben m\u00f6chten, k\u00f6nnen Sie <strong><a href=\"\/wp-content\/uploads\/2019\/08\/CFM-Decision-Aid-p26.pdf\" target=\"_blank\" rel=\"noopener noreferrer\">diese hier als PDF herunterladen<\/a><\/strong>. Eine gedruckte Version der vollst\u00e4ndigen Entscheidungshilfe f\u00fcr Patienten zum Thema Cancer, Fertility and Me k\u00f6nnen Sie auch <a href=\"\/wp-content\/uploads\/2019\/09\/CFM-Decision-Aid-12Sept19-WEB.pdf\" target=\"_blank\" rel=\"noopener noreferrer\">hier herunterladen<\/a><\/p><hr>\t\t\t\t\t\t\t\t<\/div>\n\t\t\t\t<\/div>\n\t\t\t\t<\/div>\n\t\t<div class=\"elementor-element elementor-element-b8f2663 e-con-full e-flex e-con e-child\" data-id=\"b8f2663\" data-element_type=\"container\" data-e-type=\"container\">\n\t\t<div class=\"elementor-element elementor-element-42e60fb4 e-con-full e-flex e-con e-child\" data-id=\"42e60fb4\" data-element_type=\"container\" data-e-type=\"container\">\n\t\t\t\t<div class=\"elementor-element elementor-element-20c053d6 elementor-widget elementor-widget-image\" data-id=\"20c053d6\" data-element_type=\"widget\" data-e-type=\"widget\" data-widget_type=\"image.default\">\n\t\t\t\t<div class=\"elementor-widget-container\">\n\t\t\t\t\t\t\t\t\t\t\t\t\t\t\t\t<a href=\"http:\/\/.\/\">\n\t\t\t\t\t\t\t<img decoding=\"async\" width=\"400\" height=\"440\" src=\"https:\/\/cancerfertilityandme.org.uk\/wp-content\/uploads\/cancerfertilityandme-logo-column-adult-women.png\" class=\"attachment-full size-full wp-image-2281\" alt=\"\" srcset=\"https:\/\/cancerfertilityandme.org.uk\/wp-content\/uploads\/cancerfertilityandme-logo-column-adult-women.png 400w, https:\/\/cancerfertilityandme.org.uk\/wp-content\/uploads\/cancerfertilityandme-logo-column-adult-women-273x300.png 273w\" sizes=\"(max-width: 400px) 100vw, 400px\" \/>\t\t\t\t\t\t\t\t<\/a>\n\t\t\t\t\t\t\t\t\t\t\t\t\t\t\t<\/div>\n\t\t\t\t<\/div>\n\t\t\t\t<\/div>\n\t\t<div class=\"elementor-element elementor-element-6c8c8587 e-con-full e-flex e-con e-child\" data-id=\"6c8c8587\" data-element_type=\"container\" data-e-type=\"container\">\n\t\t\t\t<div class=\"elementor-element elementor-element-461ba2dd elementor-widget elementor-widget-heading\" data-id=\"461ba2dd\" data-element_type=\"widget\" data-e-type=\"widget\" data-widget_type=\"heading.default\">\n\t\t\t\t<div class=\"elementor-widget-container\">\n\t\t\t\t\t<h3 class=\"elementor-heading-title elementor-size-default\">\u00dcber folgenden Link gelangen Sie zu weiteren Informationen<\/h3>\t\t\t\t<\/div>\n\t\t\t\t<\/div>\n\t\t\t\t<div class=\"elementor-element elementor-element-6b5002db elementor-nav-menu--dropdown-none elementor-widget elementor-widget-nav-menu\" data-id=\"6b5002db\" data-element_type=\"widget\" data-e-type=\"widget\" data-settings=\"{&quot;layout&quot;:&quot;vertical&quot;,&quot;submenu_icon&quot;:{&quot;value&quot;:&quot;&lt;svg aria-hidden=\\&quot;true\\&quot; class=\\&quot;e-font-icon-svg e-fas-caret-down\\&quot; viewBox=\\&quot;0 0 320 512\\&quot; xmlns=\\&quot;http:\\\/\\\/www.w3.org\\\/2000\\\/svg\\&quot;&gt;&lt;path d=\\&quot;M31.3 192h257.3c17.8 0 26.7 21.5 14.1 34.1L174.1 354.8c-7.8 7.8-20.5 7.8-28.3 0L17.2 226.1C4.6 213.5 13.5 192 31.3 192z\\&quot;&gt;&lt;\\\/path&gt;&lt;\\\/svg&gt;&quot;,&quot;library&quot;:&quot;fa-solid&quot;}}\" data-widget_type=\"nav-menu.default\">\n\t\t\t\t<div class=\"elementor-widget-container\">\n\t\t\t\t\t\t\t\t<nav aria-label=\"Menu\" class=\"elementor-nav-menu--main elementor-nav-menu__container elementor-nav-menu--layout-vertical e--pointer-none\">\n\t\t\t\t<ul id=\"menu-1-6b5002db\" class=\"elementor-nav-menu sm-vertical\"><li class=\"menu-item menu-item-type-post_type menu-item-object-page menu-item-7141\"><a href=\"https:\/\/cancerfertilityandme.org.uk\/adult-women\/making-your-fertility-preservation-decision\/\" class=\"elementor-item\">Entscheidung \u00fcber den Erhalt der Fruchtbarkeit<\/a><\/li>\n<li class=\"menu-item menu-item-type-post_type menu-item-object-page menu-item-7144\"><a href=\"https:\/\/cancerfertilityandme.org.uk\/adult-women\/making-your-fertility-preservation-decision\/talking-with-your-fertility-care-team-about-fertility-preservation\/\" class=\"elementor-item\">Sprechen Sie mit Ihrem Fertilit\u00e4tsbehandlungsteam \u00fcber Fruchtbarkeitserhalt<\/a><\/li>\n<li class=\"menu-item menu-item-type-post_type menu-item-object-page menu-item-7143\"><a href=\"https:\/\/cancerfertilityandme.org.uk\/adult-women\/making-your-fertility-preservation-decision\/talking-about-the-fertility-preservation-decision\/\" class=\"elementor-item\">\u00dcber die Entscheidung zur Erhaltung der Fruchtbarkeit sprechen<\/a><\/li>\n<li class=\"menu-item menu-item-type-post_type menu-item-object-page menu-item-2133\"><a href=\"https:\/\/cancerfertilityandme.org.uk\/adult-women\/contraception-family-planning\/questions-to-ask-your-cancer-care-team-or-gp\/\" class=\"elementor-item\">Fragen, die Sie Ihrem Krebsteam oder Ihrem Hausarzt stellen sollten<\/a><\/li>\n<li class=\"menu-item menu-item-type-post_type menu-item-object-page menu-item-7142\"><a href=\"https:\/\/cancerfertilityandme.org.uk\/adult-women\/making-your-fertility-preservation-decision\/financial-costs-associated-with-undergoing-fertility-preservation\/\" class=\"elementor-item\">Finanzielle Kosten im Zusammenhang mit einer Fruchtbarkeitserhaltungsma\u00dfnahme<\/a><\/li>\n<li class=\"menu-item menu-item-type-post_type menu-item-object-page menu-item-7145\"><a href=\"https:\/\/cancerfertilityandme.org.uk\/adult-women\/fertility-preservation-options\/summary-of-fertility-preservation-options\/\" class=\"elementor-item\">Zusammenfassung der Optionen zur Fruchtbarkeitserhaltung<\/a><\/li>\n<\/ul>\t\t\t<\/nav>\n\t\t\t\t\t\t<nav class=\"elementor-nav-menu--dropdown elementor-nav-menu__container\" aria-hidden=\"true\">\n\t\t\t\t<ul id=\"menu-2-6b5002db\" class=\"elementor-nav-menu sm-vertical\"><li class=\"menu-item menu-item-type-post_type menu-item-object-page menu-item-7141\"><a href=\"https:\/\/cancerfertilityandme.org.uk\/adult-women\/making-your-fertility-preservation-decision\/\" class=\"elementor-item\" tabindex=\"-1\">Entscheidung \u00fcber den Erhalt der Fruchtbarkeit<\/a><\/li>\n<li class=\"menu-item menu-item-type-post_type menu-item-object-page menu-item-7144\"><a href=\"https:\/\/cancerfertilityandme.org.uk\/adult-women\/making-your-fertility-preservation-decision\/talking-with-your-fertility-care-team-about-fertility-preservation\/\" class=\"elementor-item\" tabindex=\"-1\">Sprechen Sie mit Ihrem Fertilit\u00e4tsbehandlungsteam \u00fcber Fruchtbarkeitserhalt<\/a><\/li>\n<li class=\"menu-item menu-item-type-post_type menu-item-object-page menu-item-7143\"><a href=\"https:\/\/cancerfertilityandme.org.uk\/adult-women\/making-your-fertility-preservation-decision\/talking-about-the-fertility-preservation-decision\/\" class=\"elementor-item\" tabindex=\"-1\">\u00dcber die Entscheidung zur Erhaltung der Fruchtbarkeit sprechen<\/a><\/li>\n<li class=\"menu-item menu-item-type-post_type menu-item-object-page menu-item-2133\"><a href=\"https:\/\/cancerfertilityandme.org.uk\/adult-women\/contraception-family-planning\/questions-to-ask-your-cancer-care-team-or-gp\/\" class=\"elementor-item\" tabindex=\"-1\">Fragen, die Sie Ihrem Krebsteam oder Ihrem Hausarzt stellen sollten<\/a><\/li>\n<li class=\"menu-item menu-item-type-post_type menu-item-object-page menu-item-7142\"><a href=\"https:\/\/cancerfertilityandme.org.uk\/adult-women\/making-your-fertility-preservation-decision\/financial-costs-associated-with-undergoing-fertility-preservation\/\" class=\"elementor-item\" tabindex=\"-1\">Finanzielle Kosten im Zusammenhang mit einer Fruchtbarkeitserhaltungsma\u00dfnahme<\/a><\/li>\n<li class=\"menu-item menu-item-type-post_type menu-item-object-page menu-item-7145\"><a href=\"https:\/\/cancerfertilityandme.org.uk\/adult-women\/fertility-preservation-options\/summary-of-fertility-preservation-options\/\" class=\"elementor-item\" tabindex=\"-1\">Zusammenfassung der Optionen zur Fruchtbarkeitserhaltung<\/a><\/li>\n<\/ul>\t\t\t<\/nav>\n\t\t\t\t\t\t<\/div>\n\t\t\t\t<\/div>\n\t\t\t\t<\/div>\n\t\t\t\t<\/div>\n\t\t\t\t\t<\/div>\n\t\t\t\t<\/main>\n\t\t\t\t<\/div>\n\t\t","protected":false},"excerpt":{"rendered":"<p>Treffen Sie Ihre Fruchtbarkeitsentscheidung, bevor Sie mit der Krebsbehandlung beginnen. Diese Seite soll Ihnen helfen zu entscheiden, ob Sie: \u2022 Sich vor Beginn der Krebsbehandlung einer Behandlung zum Erhalt Ihrer Fruchtbarkeit unterziehen wollen, oder \u2022 Eine Krebsbehandlung beginnen m\u00f6chten, ohne eine Behandlung zum Erhalt Ihrer Fruchtbarkeit durchzuf\u00fchren. Manche Frauen sind sich sicher, ob sie ihre [&hellip;]<\/p>\n","protected":false},"author":1,"featured_media":5469,"parent":6760,"menu_order":0,"comment_status":"closed","ping_status":"open","template":"","meta":{"footnotes":""},"class_list":["post-5985","page","type-page","status-publish","has-post-thumbnail","hentry"],"_links":{"self":[{"href":"https:\/\/cancerfertilityandme.org.uk\/de\/wp-json\/wp\/v2\/pages\/5985","targetHints":{"allow":["GET"]}}],"collection":[{"href":"https:\/\/cancerfertilityandme.org.uk\/de\/wp-json\/wp\/v2\/pages"}],"about":[{"href":"https:\/\/cancerfertilityandme.org.uk\/de\/wp-json\/wp\/v2\/types\/page"}],"author":[{"embeddable":true,"href":"https:\/\/cancerfertilityandme.org.uk\/de\/wp-json\/wp\/v2\/users\/1"}],"replies":[{"embeddable":true,"href":"https:\/\/cancerfertilityandme.org.uk\/de\/wp-json\/wp\/v2\/comments?post=5985"}],"version-history":[{"count":14,"href":"https:\/\/cancerfertilityandme.org.uk\/de\/wp-json\/wp\/v2\/pages\/5985\/revisions"}],"predecessor-version":[{"id":12897,"href":"https:\/\/cancerfertilityandme.org.uk\/de\/wp-json\/wp\/v2\/pages\/5985\/revisions\/12897"}],"up":[{"embeddable":true,"href":"https:\/\/cancerfertilityandme.org.uk\/de\/wp-json\/wp\/v2\/pages\/6760"}],"wp:featuredmedia":[{"embeddable":true,"href":"https:\/\/cancerfertilityandme.org.uk\/de\/wp-json\/wp\/v2\/media\/5469"}],"wp:attachment":[{"href":"https:\/\/cancerfertilityandme.org.uk\/de\/wp-json\/wp\/v2\/media?parent=5985"}],"curies":[{"name":"wp","href":"https:\/\/api.w.org\/{rel}","templated":true}]}}