{"id":5973,"date":"2018-11-07T09:45:43","date_gmt":"2018-11-07T09:45:43","guid":{"rendered":"https:\/\/cancerfertilityandme.org.uk\/entscheidungen-zur-familienplanung-nach-einer-krebsbehandlung\/"},"modified":"2026-03-06T14:07:52","modified_gmt":"2026-03-06T14:07:52","slug":"entscheidungen-zur-familienplanung-nach-einer-krebsbehandlung","status":"publish","type":"page","link":"https:\/\/cancerfertilityandme.org.uk\/de\/erwachsene-frauen\/empfaengnisverhuetung-familienplanung\/entscheidungen-zur-familienplanung-nach-einer-krebsbehandlung\/","title":{"rendered":"Entscheidungen zur Familienplanung nach einer Krebsbehandlung"},"content":{"rendered":"\t\t<div data-elementor-type=\"wp-page\" data-elementor-id=\"5973\" class=\"elementor elementor-5973 elementor-5547\" data-elementor-post-type=\"page\">\n\t\t\t\t<main class=\"elementor-element elementor-element-1b5f8afe e-flex e-con-boxed e-con e-parent\" data-id=\"1b5f8afe\" data-element_type=\"container\" data-e-type=\"container\">\n\t\t\t\t\t<div class=\"e-con-inner\">\n\t\t<div class=\"elementor-element elementor-element-66cad302 e-con-full e-flex e-con e-child\" data-id=\"66cad302\" data-element_type=\"container\" data-e-type=\"container\">\n\t\t\t\t<div class=\"elementor-element elementor-element-6fc219e elementor-widget elementor-widget-text-editor\" data-id=\"6fc219e\" data-element_type=\"widget\" data-e-type=\"widget\" data-widget_type=\"text-editor.default\">\n\t\t\t\t<div class=\"elementor-widget-container\">\n\t\t\t\t\t\t\t\t\t<h2>Entscheidungen zur Familienplanung nach einer Krebsbehandlung<\/h2><p>F\u00fcr viele Frauen ist es schwierig, nach einer Krebsdiagnose zu entscheiden, ob sie versuchen sollen, schwanger zu werden. In dieser Zeit treffen die Frauen Entscheidungen \u00fcber das Fruchtbarkeitsmanagement, die ihrem Leben am besten entsprechen. Dazu geh\u00f6ren Tests zur \u00dcberpr\u00fcfung der Fruchtbarkeit, die Wahl einer Verh\u00fctungsmethode und die Planung einer zuk\u00fcnftigen Familie. Dies wird in dem nachstehenden Diagramm dargestellt.   <\/p><p>Es ist schwierig, genau vorherzusagen, wie sich die Krebsbehandlung auf Ihre Fruchtbarkeit auswirken wird. Sie k\u00f6nnen Ihr Krebsteam oder Ihren Hausarzt bitten, Sie an eine Fruchtbarkeitsklinik zu \u00fcberweisen. Das Fruchtbarkeitsteam kann Ihre Fruchtbarkeit durch eine Reihe von Tests \u00fcberpr\u00fcfen. Dazu geh\u00f6ren Bluttests zur \u00dcberpr\u00fcfung des Hormonspiegels oder eine Ultraschalluntersuchung der Eierst\u00f6cke.   <\/p><p>Manche Frauen entscheiden sich nach Abschluss der Krebsbehandlung daf\u00fcr, dass ihre Familie komplett ist oder dass sie keine Kinder haben wollen. Ihre Fruchtbarkeit kann danach auf nat\u00fcrliche Weise zur\u00fcckkehren. Nicht alle Frauen, die sich einer Krebsbehandlung unterziehen, werden in Zukunft ein Fruchtbarkeitsproblem haben. Auch wenn Ihre Periode nicht wieder eingesetzt hat, k\u00f6nnen Sie noch Eizellen produzieren und schwanger werden. Es ist ratsam, dass Sie mit Ihrem Krebsteam oder Ihrem Hausarzt \u00fcber Methoden der Empf\u00e4ngnisverh\u00fctung sprechen. Sie k\u00f6nnen Sie \u00fcber die M\u00f6glichkeiten und die f\u00fcr Sie geeignete Art der Empf\u00e4ngnisverh\u00fctung beraten lassen. Es wird empfohlen, zwei Jahre nach Abschluss der Krebsbehandlung zu warten, bevor Sie versuchen, ein Kind zu bekommen.      <\/p><p>Es gibt keine Daten, die darauf hindeuten, dass eine Schwangerschaft die Wahrscheinlichkeit des Wiederauftretens einer Krebserkrankung beeinflusst. Es gibt keine Daten, die darauf hindeuten, dass die Gesundheit von Kindern, die nach einer Krebsbehandlung geboren werden, beeintr\u00e4chtigt wird. Wenn Sie dar\u00fcber nachdenken, schwanger zu werden, sprechen Sie mit Ihrem Krebsteam.  <\/p>\t\t\t\t\t\t\t\t<\/div>\n\t\t\t\t<\/div>\n\t\t\t\t<div class=\"elementor-element elementor-element-6f05f21 elementor-widget elementor-widget-image\" data-id=\"6f05f21\" data-element_type=\"widget\" data-e-type=\"widget\" data-widget_type=\"image.default\">\n\t\t\t\t<div class=\"elementor-widget-container\">\n\t\t\t\t\t\t\t\t\t\t\t\t\t\t\t<img fetchpriority=\"high\" decoding=\"async\" width=\"800\" height=\"405\" src=\"https:\/\/cancerfertilityandme.org.uk\/wp-content\/uploads\/DE-06-2-1024x518.png\" class=\"attachment-large size-large wp-image-5583\" alt=\"Entscheidungen zur Familienplanung nach einer Krebsbehandlung\" srcset=\"https:\/\/cancerfertilityandme.org.uk\/wp-content\/uploads\/DE-06-2-1024x518.png 1024w, https:\/\/cancerfertilityandme.org.uk\/wp-content\/uploads\/DE-06-2-300x152.png 300w, https:\/\/cancerfertilityandme.org.uk\/wp-content\/uploads\/DE-06-2-768x389.png 768w, https:\/\/cancerfertilityandme.org.uk\/wp-content\/uploads\/DE-06-2.png 1045w\" sizes=\"(max-width: 800px) 100vw, 800px\" \/>\t\t\t\t\t\t\t\t\t\t\t\t\t\t\t<\/div>\n\t\t\t\t<\/div>\n\t\t<div class=\"elementor-element elementor-element-2a6a4012 e-con-full e-flex e-con e-child\" data-id=\"2a6a4012\" data-element_type=\"container\" data-e-type=\"container\" data-settings=\"{&quot;background_background&quot;:&quot;classic&quot;}\">\n\t\t\t\t<div class=\"elementor-element elementor-element-1e7ea23e elementor-widget elementor-widget-text-editor\" data-id=\"1e7ea23e\" data-element_type=\"widget\" data-e-type=\"widget\" data-widget_type=\"text-editor.default\">\n\t\t\t\t<div class=\"elementor-widget-container\">\n\t\t\t\t\t\t\t\t\t<p>Nicht alle Frauen, die sich einer Krebsbehandlung unterziehen, haben ein Fruchtbarkeitsproblem, und die meisten jungen Frauen, die nach einer Krebsbehandlung ein Kind bekommen m\u00f6chten, k\u00f6nnen dies auch tun. Bei einigen Frauen kann es vorkommen, dass sie nach einer Krebsbehandlung ihre Fruchtbarkeit dauerhaft verlieren. Dies kann beunruhigend und schwer zu verkraften sein. Es kann zu einem Zeitpunkt eintreten, in dem eine Frau eine Familie gr\u00fcnden m\u00f6chte oder bevor die Familie komplett ist.   <\/p><p>Wenn dies bei Ihnen der Fall ist, kann es hilfreich sein, professionelle Unterst\u00fctzung und Beratung durch Ihr Fertilit\u00e4tsbehandlungsteam in Anspruch zu nehmen. Sie bieten nicht nur emotionale Unterst\u00fctzung, sondern k\u00f6nnen auch Informationen \u00fcber andere M\u00f6glichkeiten anbieten. Dazu geh\u00f6ren Leihmutterschaft, Adoption und Pflegeeltern. Sie k\u00f6nnen Sie auch \u00fcber andere Methoden der Schwangerschaftsunterst\u00fctzung beraten, z. B. \u00fcber Eizell- und Embryonenspenden oder die Verwendung Ihrer eigenen erhaltenen Eizellen, Embryonen und Eierstockgewebe.   <\/p><p><a href=\"http:\/\/www.hfea.gov.uk\" target=\"_blank\" rel=\"noopener\">www.hfea.gov.uk<\/a> Auf der Webseite der HFEA finden Sie weitere Informationen \u00fcber Eizell- und Embryonenspende und Leihmutterschaft.<\/p><p>Die <a href=\"\/more-information\/useful-contacts\">hier <\/a>aufgef\u00fchrten Organisationen bieten Informationen und Unterst\u00fctzung f\u00fcr Menschen, die sich f\u00fcr Pflegefamilien und Adoptionen interessieren.<\/p>\t\t\t\t\t\t\t\t<\/div>\n\t\t\t\t<\/div>\n\t\t\t\t<\/div>\n\t\t\t\t<\/div>\n\t\t<div class=\"elementor-element elementor-element-1e61a2ee e-con-full e-flex e-con e-child\" data-id=\"1e61a2ee\" data-element_type=\"container\" data-e-type=\"container\">\n\t\t<div class=\"elementor-element elementor-element-b3d86be e-con-full e-flex e-con e-child\" data-id=\"b3d86be\" data-element_type=\"container\" data-e-type=\"container\">\n\t\t\t\t<div class=\"elementor-element elementor-element-55e6f149 elementor-widget elementor-widget-image\" data-id=\"55e6f149\" data-element_type=\"widget\" data-e-type=\"widget\" data-widget_type=\"image.default\">\n\t\t\t\t<div class=\"elementor-widget-container\">\n\t\t\t\t\t\t\t\t\t\t\t\t\t\t\t\t<a href=\"http:\/\/.\/\">\n\t\t\t\t\t\t\t<img decoding=\"async\" width=\"400\" height=\"440\" src=\"https:\/\/cancerfertilityandme.org.uk\/wp-content\/uploads\/cancerfertilityandme-logo-column-adult-women.png\" class=\"attachment-full size-full wp-image-2281\" alt=\"\" srcset=\"https:\/\/cancerfertilityandme.org.uk\/wp-content\/uploads\/cancerfertilityandme-logo-column-adult-women.png 400w, https:\/\/cancerfertilityandme.org.uk\/wp-content\/uploads\/cancerfertilityandme-logo-column-adult-women-273x300.png 273w\" sizes=\"(max-width: 400px) 100vw, 400px\" \/>\t\t\t\t\t\t\t\t<\/a>\n\t\t\t\t\t\t\t\t\t\t\t\t\t\t\t<\/div>\n\t\t\t\t<\/div>\n\t\t\t\t<\/div>\n\t\t<div class=\"elementor-element elementor-element-6a74b93f e-con-full e-flex e-con e-child\" data-id=\"6a74b93f\" data-element_type=\"container\" data-e-type=\"container\">\n\t\t\t\t<div class=\"elementor-element elementor-element-35d6e3bd elementor-widget elementor-widget-heading\" data-id=\"35d6e3bd\" data-element_type=\"widget\" data-e-type=\"widget\" data-widget_type=\"heading.default\">\n\t\t\t\t<div class=\"elementor-widget-container\">\n\t\t\t\t\t<h3 class=\"elementor-heading-title elementor-size-default\">\u00dcber folgenden Link gelangen Sie zu weiteren Informationen<\/h3>\t\t\t\t<\/div>\n\t\t\t\t<\/div>\n\t\t\t\t<div class=\"elementor-element elementor-element-40d6bd8b elementor-nav-menu--dropdown-none elementor-widget elementor-widget-nav-menu\" data-id=\"40d6bd8b\" data-element_type=\"widget\" data-e-type=\"widget\" data-settings=\"{&quot;layout&quot;:&quot;vertical&quot;,&quot;submenu_icon&quot;:{&quot;value&quot;:&quot;&lt;svg aria-hidden=\\&quot;true\\&quot; class=\\&quot;e-font-icon-svg e-fas-caret-down\\&quot; viewBox=\\&quot;0 0 320 512\\&quot; xmlns=\\&quot;http:\\\/\\\/www.w3.org\\\/2000\\\/svg\\&quot;&gt;&lt;path d=\\&quot;M31.3 192h257.3c17.8 0 26.7 21.5 14.1 34.1L174.1 354.8c-7.8 7.8-20.5 7.8-28.3 0L17.2 226.1C4.6 213.5 13.5 192 31.3 192z\\&quot;&gt;&lt;\\\/path&gt;&lt;\\\/svg&gt;&quot;,&quot;library&quot;:&quot;fa-solid&quot;}}\" data-widget_type=\"nav-menu.default\">\n\t\t\t\t<div class=\"elementor-widget-container\">\n\t\t\t\t\t\t\t\t<nav aria-label=\"Menu\" class=\"elementor-nav-menu--main elementor-nav-menu__container elementor-nav-menu--layout-vertical e--pointer-none\">\n\t\t\t\t<ul id=\"menu-1-40d6bd8b\" class=\"elementor-nav-menu sm-vertical\"><li class=\"menu-item menu-item-type-post_type menu-item-object-page menu-item-6971\"><a href=\"https:\/\/cancerfertilityandme.org.uk\/adult-women\/contraception-family-planning\/\" class=\"elementor-item\">Empf\u00e4ngnisverh\u00fctung &amp; Familienplanung<\/a><\/li>\n<li class=\"menu-item menu-item-type-post_type menu-item-object-page menu-item-6972\"><a href=\"https:\/\/cancerfertilityandme.org.uk\/adult-women\/contraception-family-planning\/contraception-during-cancer-treatment\/\" class=\"elementor-item\">Empf\u00e4ngnisverh\u00fctung w\u00e4hrend einer Krebsbehandlung<\/a><\/li>\n<li class=\"menu-item menu-item-type-post_type menu-item-object-page menu-item-6973\"><a href=\"https:\/\/cancerfertilityandme.org.uk\/adult-women\/contraception-family-planning\/family-planning-decisions-after-cancer-treatment\/\" class=\"elementor-item\">Entscheidungen zur Familienplanung nach einer Krebsbehandlung<\/a><\/li>\n<li class=\"menu-item menu-item-type-post_type menu-item-object-page menu-item-8692\"><a href=\"https:\/\/cancerfertilityandme.org.uk\/adult-women\/making-your-fertility-preservation-decision\/questions-to-ask-your-cancer-care-team-or-gp\/\" class=\"elementor-item\">Fragen, die Sie Ihrem Krebsteam oder Ihrem Hausarzt stellen sollten<\/a><\/li>\n<\/ul>\t\t\t<\/nav>\n\t\t\t\t\t\t<nav class=\"elementor-nav-menu--dropdown elementor-nav-menu__container\" aria-hidden=\"true\">\n\t\t\t\t<ul id=\"menu-2-40d6bd8b\" class=\"elementor-nav-menu sm-vertical\"><li class=\"menu-item menu-item-type-post_type menu-item-object-page menu-item-6971\"><a href=\"https:\/\/cancerfertilityandme.org.uk\/adult-women\/contraception-family-planning\/\" class=\"elementor-item\" tabindex=\"-1\">Empf\u00e4ngnisverh\u00fctung &amp; Familienplanung<\/a><\/li>\n<li class=\"menu-item menu-item-type-post_type menu-item-object-page menu-item-6972\"><a href=\"https:\/\/cancerfertilityandme.org.uk\/adult-women\/contraception-family-planning\/contraception-during-cancer-treatment\/\" class=\"elementor-item\" tabindex=\"-1\">Empf\u00e4ngnisverh\u00fctung w\u00e4hrend einer Krebsbehandlung<\/a><\/li>\n<li class=\"menu-item menu-item-type-post_type menu-item-object-page menu-item-6973\"><a href=\"https:\/\/cancerfertilityandme.org.uk\/adult-women\/contraception-family-planning\/family-planning-decisions-after-cancer-treatment\/\" class=\"elementor-item\" tabindex=\"-1\">Entscheidungen zur Familienplanung nach einer Krebsbehandlung<\/a><\/li>\n<li class=\"menu-item menu-item-type-post_type menu-item-object-page menu-item-8692\"><a href=\"https:\/\/cancerfertilityandme.org.uk\/adult-women\/making-your-fertility-preservation-decision\/questions-to-ask-your-cancer-care-team-or-gp\/\" class=\"elementor-item\" tabindex=\"-1\">Fragen, die Sie Ihrem Krebsteam oder Ihrem Hausarzt stellen sollten<\/a><\/li>\n<\/ul>\t\t\t<\/nav>\n\t\t\t\t\t\t<\/div>\n\t\t\t\t<\/div>\n\t\t\t\t<\/div>\n\t\t\t\t<\/div>\n\t\t\t\t\t<\/div>\n\t\t\t\t<\/main>\n\t\t\t\t<\/div>\n\t\t","protected":false},"excerpt":{"rendered":"<p>Entscheidungen zur Familienplanung nach einer Krebsbehandlung F\u00fcr viele Frauen ist es schwierig, nach einer Krebsdiagnose zu entscheiden, ob sie versuchen sollen, schwanger zu werden. In dieser Zeit treffen die Frauen Entscheidungen \u00fcber das Fruchtbarkeitsmanagement, die ihrem Leben am besten entsprechen. Dazu geh\u00f6ren Tests zur \u00dcberpr\u00fcfung der Fruchtbarkeit, die Wahl einer Verh\u00fctungsmethode und die Planung einer [&hellip;]<\/p>\n","protected":false},"author":1,"featured_media":5551,"parent":5961,"menu_order":0,"comment_status":"closed","ping_status":"open","template":"","meta":{"footnotes":""},"class_list":["post-5973","page","type-page","status-publish","has-post-thumbnail","hentry"],"_links":{"self":[{"href":"https:\/\/cancerfertilityandme.org.uk\/de\/wp-json\/wp\/v2\/pages\/5973","targetHints":{"allow":["GET"]}}],"collection":[{"href":"https:\/\/cancerfertilityandme.org.uk\/de\/wp-json\/wp\/v2\/pages"}],"about":[{"href":"https:\/\/cancerfertilityandme.org.uk\/de\/wp-json\/wp\/v2\/types\/page"}],"author":[{"embeddable":true,"href":"https:\/\/cancerfertilityandme.org.uk\/de\/wp-json\/wp\/v2\/users\/1"}],"replies":[{"embeddable":true,"href":"https:\/\/cancerfertilityandme.org.uk\/de\/wp-json\/wp\/v2\/comments?post=5973"}],"version-history":[{"count":9,"href":"https:\/\/cancerfertilityandme.org.uk\/de\/wp-json\/wp\/v2\/pages\/5973\/revisions"}],"predecessor-version":[{"id":11089,"href":"https:\/\/cancerfertilityandme.org.uk\/de\/wp-json\/wp\/v2\/pages\/5973\/revisions\/11089"}],"up":[{"embeddable":true,"href":"https:\/\/cancerfertilityandme.org.uk\/de\/wp-json\/wp\/v2\/pages\/5961"}],"wp:featuredmedia":[{"embeddable":true,"href":"https:\/\/cancerfertilityandme.org.uk\/de\/wp-json\/wp\/v2\/media\/5551"}],"wp:attachment":[{"href":"https:\/\/cancerfertilityandme.org.uk\/de\/wp-json\/wp\/v2\/media?parent=5973"}],"curies":[{"name":"wp","href":"https:\/\/api.w.org\/{rel}","templated":true}]}}