{"id":5963,"date":"2019-04-30T10:53:56","date_gmt":"2019-04-30T10:53:56","guid":{"rendered":"https:\/\/cancerfertilityandme.org.uk\/empfaengnisverhuetung-waehrend-einer-krebsbehandlung\/"},"modified":"2026-03-05T15:57:32","modified_gmt":"2026-03-05T15:57:32","slug":"empfaengnisverhuetung-waehrend-einer-krebsbehandlung","status":"publish","type":"page","link":"https:\/\/cancerfertilityandme.org.uk\/de\/erwachsene-frauen\/empfaengnisverhuetung-familienplanung\/empfaengnisverhuetung-waehrend-einer-krebsbehandlung\/","title":{"rendered":"Empf\u00e4ngnisverh\u00fctung w\u00e4hrend einer Krebsbehandlung"},"content":{"rendered":"\t\t<div data-elementor-type=\"wp-page\" data-elementor-id=\"5963\" class=\"elementor elementor-5963 elementor-5713\" data-elementor-post-type=\"page\">\n\t\t\t\t<main class=\"elementor-element elementor-element-43c0269a e-flex e-con-boxed e-con e-parent\" data-id=\"43c0269a\" data-element_type=\"container\" data-e-type=\"container\">\n\t\t\t\t\t<div class=\"e-con-inner\">\n\t\t<div class=\"elementor-element elementor-element-475ec412 e-con-full e-flex e-con e-child\" data-id=\"475ec412\" data-element_type=\"container\" data-e-type=\"container\">\n\t\t\t\t<div class=\"elementor-element elementor-element-7fac20b9 elementor-widget elementor-widget-text-editor\" data-id=\"7fac20b9\" data-element_type=\"widget\" data-e-type=\"widget\" data-widget_type=\"text-editor.default\">\n\t\t\t\t<div class=\"elementor-widget-container\">\n\t\t\t\t\t\t\t\t\t<h2>Empf\u00e4ngnisverh\u00fctung w\u00e4hrend einer Krebsbehandlung<\/h2>\n<p>Frauen wird dringend geraten, w\u00e4hrend einer Krebsbehandlung nicht schwanger zu werden. Der Grund daf\u00fcr ist, dass Krebsbehandlungen ein ungeborenes Kind in den fr\u00fchen Entwicklungsstadien sch\u00e4digen k\u00f6nnen. Auch wenn Ihre Periode w\u00e4hrend der Behandlung ausbleibt, bedeutet dies nicht, dass Sie nicht schwanger werden k\u00f6nnen.  <\/p>\n<p>Wenn Sie sexuell aktiv sind, sollten Sie w\u00e4hrend Ihrer Krebsbehandlung eine zuverl\u00e4ssige Verh\u00fctungsmethode verwenden. <b>Das folgende Diagramm<\/b> zeigt die verschiedenen Arten der Empf\u00e4ngnisverh\u00fctung, die in Frage kommen.<\/p>\n<p>Frauen, die sich einer Hormonbehandlung unterziehen, wird empfohlen, nicht-hormonelle Verh\u00fctungsmethoden anzuwenden. Dazu geh\u00f6ren Kondome, Kondome f\u00fcr Frauen (Femidome) und Diaphragmen. Die Antibabypille wird Frauen mit hormonempfindlichen Krebserkrankungen seltener empfohlen. Denn es besteht die M\u00f6glichkeit, dass die Hormone in der Pille verbleibende Krebszellen stimulieren k\u00f6nnten.   <\/p>\n<p>Es ist ratsam, dass Sie diese verschiedenen Verh\u00fctungsmethoden mit Ihrem Krebsteam besprechen. Diese k\u00f6nnen Sie an eine Klinik f\u00fcr Familienplanung oder an Ihren Hausarzt verweisen, die Sie weiter beraten k\u00f6nnen. <\/p>\n<p>Die folgenden Fragen k\u00f6nnen Ihnen helfen, mit Ihrem Krebsteam oder Ihrem Hausarzt \u00fcber Empf\u00e4ngnisverh\u00fctung zu sprechen:<\/p>\n<ul>\n<li>Welches Verh\u00fctungsmittel ist f\u00fcr mich w\u00e4hrend meiner Krebsbehandlung am besten geeignet?<\/li>\n<li>Wie lange muss ich dieses Verh\u00fctungsmittel anwenden?<\/li>\n<li>Muss ich bei meiner Krebsart nicht-hormonelle Verh\u00fctungsmethoden anwenden?<\/li>\n<li>Wenn ich w\u00e4hrend meiner Krebsbehandlung keine Periode habe, sollte ich dann trotzdem verh\u00fcten?<\/li>\n<li>Hat es Auswirkungen auf mich oder mein ungeborenes Kind, wenn ich keine Verh\u00fctungsmittel verwende und w\u00e4hrend meiner Krebsbehandlung schwanger werde?<\/li>\n<\/ul>\t\t\t\t\t\t\t\t<\/div>\n\t\t\t\t<\/div>\n\t\t\t\t<div class=\"elementor-element elementor-element-0a2317e elementor-widget elementor-widget-image\" data-id=\"0a2317e\" data-element_type=\"widget\" data-e-type=\"widget\" data-widget_type=\"image.default\">\n\t\t\t\t<div class=\"elementor-widget-container\">\n\t\t\t\t\t\t\t\t\t\t\t\t\t\t\t<img fetchpriority=\"high\" decoding=\"async\" width=\"800\" height=\"323\" src=\"https:\/\/cancerfertilityandme.org.uk\/wp-content\/uploads\/DE-05-2-1024x413.png\" class=\"attachment-large size-large wp-image-5733\" alt=\"Empf\u00e4ngnisverh\u00fctung w\u00e4hrend einer Krebsbehandlung\" srcset=\"https:\/\/cancerfertilityandme.org.uk\/wp-content\/uploads\/DE-05-2-1024x413.png 1024w, https:\/\/cancerfertilityandme.org.uk\/wp-content\/uploads\/DE-05-2-300x121.png 300w, https:\/\/cancerfertilityandme.org.uk\/wp-content\/uploads\/DE-05-2-768x310.png 768w, https:\/\/cancerfertilityandme.org.uk\/wp-content\/uploads\/DE-05-2.png 1028w\" sizes=\"(max-width: 800px) 100vw, 800px\" \/>\t\t\t\t\t\t\t\t\t\t\t\t\t\t\t<\/div>\n\t\t\t\t<\/div>\n\t\t<div class=\"elementor-element elementor-element-fc74772 e-con-full e-flex e-con e-child\" data-id=\"fc74772\" data-element_type=\"container\" data-e-type=\"container\" data-settings=\"{&quot;background_background&quot;:&quot;classic&quot;}\">\n\t\t\t\t<div class=\"elementor-element elementor-element-7e37a2fd elementor-widget elementor-widget-text-editor\" data-id=\"7e37a2fd\" data-element_type=\"widget\" data-e-type=\"widget\" data-widget_type=\"text-editor.default\">\n\t\t\t\t<div class=\"elementor-widget-container\">\n\t\t\t\t\t\t\t\t\t<p>Nicht alle Frauen, die sich einer Krebsbehandlung unterziehen, haben ein Fruchtbarkeitsproblem. Bei einigen Frauen kann es vorkommen, dass sie nach einer Krebsbehandlung ihre Fruchtbarkeit dauerhaft verlieren. Dies kann beunruhigend und schwer zu verkraften sein. Es kann zu einem Zeitpunkt eintreten, in dem eine Frau eine Familie gr\u00fcnden m\u00f6chte oder bevor die Familie komplett ist.   <\/p><p>Wenn dies bei Ihnen der Fall ist, kann es hilfreich sein, sich professionell beraten zu lassen. Dies kann in Fruchtbarkeitsdiensten von jemandem angeboten werden, der nicht direkt an Ihrer Fruchtbarkeitsbehandlung beteiligt ist. Andere Organisationen, die diese spezielle Beratung anbieten k\u00f6nnen, sind <a href=\"https:\/\/en.cancerfertilityandme.org.uk\/more-information\/useful-contacts\">hier <\/a>aufgef\u00fchrt.. Sie bieten nicht nur emotionale Unterst\u00fctzung, sondern k\u00f6nnen auch Informationen \u00fcber andere M\u00f6glichkeiten anbieten. Dazu geh\u00f6ren Leihmutterschaft, Adoption und Pflegeeltern. Sie k\u00f6nnen Sie auch \u00fcber andere Methoden der Schwangerschaftsunterst\u00fctzung beraten, z. B. \u00fcber Eizell- und Embryonenspenden oder die Verwendung Ihrer eigenen erhaltenen Eizellen, Embryonen und Eierstockgewebe.     <\/p><p><a href=\"http:\/\/www.hfea.gov.uk\" target=\"_blank\" rel=\"noopener\">www.hfea.gov.uk<\/a> Auf der Webseite der HFEA finden Sie weitere Informationen \u00fcber Eizell- und Embryonenspende und Leihmutterschaft.<\/p><p>Die <a href=\"#\">hier <\/a>aufgef\u00fchrten Organisationen bieten Informationen und Unterst\u00fctzung f\u00fcr Menschen, die sich f\u00fcr Pflegefamilien und Adoptionen interessieren.<\/p>\t\t\t\t\t\t\t\t<\/div>\n\t\t\t\t<\/div>\n\t\t\t\t<\/div>\n\t\t\t\t<\/div>\n\t\t<div class=\"elementor-element elementor-element-6dd782a2 e-con-full e-flex e-con e-child\" data-id=\"6dd782a2\" data-element_type=\"container\" data-e-type=\"container\">\n\t\t<div class=\"elementor-element elementor-element-b9ecefe e-con-full e-flex e-con e-child\" data-id=\"b9ecefe\" data-element_type=\"container\" data-e-type=\"container\">\n\t\t\t\t<div class=\"elementor-element elementor-element-503b5a03 elementor-widget elementor-widget-image\" data-id=\"503b5a03\" data-element_type=\"widget\" data-e-type=\"widget\" data-widget_type=\"image.default\">\n\t\t\t\t<div class=\"elementor-widget-container\">\n\t\t\t\t\t\t\t\t\t\t\t\t\t\t\t\t<a href=\"http:\/\/.\/\">\n\t\t\t\t\t\t\t<img decoding=\"async\" width=\"400\" height=\"440\" src=\"https:\/\/cancerfertilityandme.org.uk\/wp-content\/uploads\/cancerfertilityandme-logo-column-adult-women.png\" class=\"attachment-full size-full wp-image-2281\" alt=\"\" srcset=\"https:\/\/cancerfertilityandme.org.uk\/wp-content\/uploads\/cancerfertilityandme-logo-column-adult-women.png 400w, https:\/\/cancerfertilityandme.org.uk\/wp-content\/uploads\/cancerfertilityandme-logo-column-adult-women-273x300.png 273w\" sizes=\"(max-width: 400px) 100vw, 400px\" \/>\t\t\t\t\t\t\t\t<\/a>\n\t\t\t\t\t\t\t\t\t\t\t\t\t\t\t<\/div>\n\t\t\t\t<\/div>\n\t\t\t\t<\/div>\n\t\t<div class=\"elementor-element elementor-element-24f8d263 e-con-full e-flex e-con e-child\" data-id=\"24f8d263\" data-element_type=\"container\" data-e-type=\"container\">\n\t\t\t\t<div class=\"elementor-element elementor-element-56b68a21 elementor-widget elementor-widget-heading\" data-id=\"56b68a21\" data-element_type=\"widget\" data-e-type=\"widget\" data-widget_type=\"heading.default\">\n\t\t\t\t<div class=\"elementor-widget-container\">\n\t\t\t\t\t<h3 class=\"elementor-heading-title elementor-size-default\">\u00dcber folgenden Link gelangen Sie zu weiteren Informationen<\/h3>\t\t\t\t<\/div>\n\t\t\t\t<\/div>\n\t\t\t\t<div class=\"elementor-element elementor-element-27951d47 elementor-nav-menu--dropdown-none elementor-widget elementor-widget-nav-menu\" data-id=\"27951d47\" data-element_type=\"widget\" data-e-type=\"widget\" data-settings=\"{&quot;layout&quot;:&quot;vertical&quot;,&quot;submenu_icon&quot;:{&quot;value&quot;:&quot;&lt;svg aria-hidden=\\&quot;true\\&quot; class=\\&quot;e-font-icon-svg e-fas-caret-down\\&quot; viewBox=\\&quot;0 0 320 512\\&quot; xmlns=\\&quot;http:\\\/\\\/www.w3.org\\\/2000\\\/svg\\&quot;&gt;&lt;path d=\\&quot;M31.3 192h257.3c17.8 0 26.7 21.5 14.1 34.1L174.1 354.8c-7.8 7.8-20.5 7.8-28.3 0L17.2 226.1C4.6 213.5 13.5 192 31.3 192z\\&quot;&gt;&lt;\\\/path&gt;&lt;\\\/svg&gt;&quot;,&quot;library&quot;:&quot;fa-solid&quot;}}\" data-widget_type=\"nav-menu.default\">\n\t\t\t\t<div class=\"elementor-widget-container\">\n\t\t\t\t\t\t\t\t<nav aria-label=\"Menu\" class=\"elementor-nav-menu--main elementor-nav-menu__container elementor-nav-menu--layout-vertical e--pointer-none\">\n\t\t\t\t<ul id=\"menu-1-27951d47\" class=\"elementor-nav-menu sm-vertical\"><li class=\"menu-item menu-item-type-post_type menu-item-object-page menu-item-6971\"><a href=\"https:\/\/cancerfertilityandme.org.uk\/adult-women\/contraception-family-planning\/\" class=\"elementor-item\">Empf\u00e4ngnisverh\u00fctung &amp; Familienplanung<\/a><\/li>\n<li class=\"menu-item menu-item-type-post_type menu-item-object-page menu-item-6972\"><a href=\"https:\/\/cancerfertilityandme.org.uk\/adult-women\/contraception-family-planning\/contraception-during-cancer-treatment\/\" class=\"elementor-item\">Empf\u00e4ngnisverh\u00fctung w\u00e4hrend einer Krebsbehandlung<\/a><\/li>\n<li class=\"menu-item menu-item-type-post_type menu-item-object-page menu-item-6973\"><a href=\"https:\/\/cancerfertilityandme.org.uk\/adult-women\/contraception-family-planning\/family-planning-decisions-after-cancer-treatment\/\" class=\"elementor-item\">Entscheidungen zur Familienplanung nach einer Krebsbehandlung<\/a><\/li>\n<li class=\"menu-item menu-item-type-post_type menu-item-object-page menu-item-8692\"><a href=\"https:\/\/cancerfertilityandme.org.uk\/adult-women\/making-your-fertility-preservation-decision\/questions-to-ask-your-cancer-care-team-or-gp\/\" class=\"elementor-item\">Fragen, die Sie Ihrem Krebsteam oder Ihrem Hausarzt stellen sollten<\/a><\/li>\n<\/ul>\t\t\t<\/nav>\n\t\t\t\t\t\t<nav class=\"elementor-nav-menu--dropdown elementor-nav-menu__container\" aria-hidden=\"true\">\n\t\t\t\t<ul id=\"menu-2-27951d47\" class=\"elementor-nav-menu sm-vertical\"><li class=\"menu-item menu-item-type-post_type menu-item-object-page menu-item-6971\"><a href=\"https:\/\/cancerfertilityandme.org.uk\/adult-women\/contraception-family-planning\/\" class=\"elementor-item\" tabindex=\"-1\">Empf\u00e4ngnisverh\u00fctung &amp; Familienplanung<\/a><\/li>\n<li class=\"menu-item menu-item-type-post_type menu-item-object-page menu-item-6972\"><a href=\"https:\/\/cancerfertilityandme.org.uk\/adult-women\/contraception-family-planning\/contraception-during-cancer-treatment\/\" class=\"elementor-item\" tabindex=\"-1\">Empf\u00e4ngnisverh\u00fctung w\u00e4hrend einer Krebsbehandlung<\/a><\/li>\n<li class=\"menu-item menu-item-type-post_type menu-item-object-page menu-item-6973\"><a href=\"https:\/\/cancerfertilityandme.org.uk\/adult-women\/contraception-family-planning\/family-planning-decisions-after-cancer-treatment\/\" class=\"elementor-item\" tabindex=\"-1\">Entscheidungen zur Familienplanung nach einer Krebsbehandlung<\/a><\/li>\n<li class=\"menu-item menu-item-type-post_type menu-item-object-page menu-item-8692\"><a href=\"https:\/\/cancerfertilityandme.org.uk\/adult-women\/making-your-fertility-preservation-decision\/questions-to-ask-your-cancer-care-team-or-gp\/\" class=\"elementor-item\" tabindex=\"-1\">Fragen, die Sie Ihrem Krebsteam oder Ihrem Hausarzt stellen sollten<\/a><\/li>\n<\/ul>\t\t\t<\/nav>\n\t\t\t\t\t\t<\/div>\n\t\t\t\t<\/div>\n\t\t\t\t<\/div>\n\t\t\t\t<\/div>\n\t\t\t\t\t<\/div>\n\t\t\t\t<\/main>\n\t\t\t\t<\/div>\n\t\t","protected":false},"excerpt":{"rendered":"<p>Empf\u00e4ngnisverh\u00fctung w\u00e4hrend einer Krebsbehandlung Frauen wird dringend geraten, w\u00e4hrend einer Krebsbehandlung nicht schwanger zu werden. Der Grund daf\u00fcr ist, dass Krebsbehandlungen ein ungeborenes Kind in den fr\u00fchen Entwicklungsstadien sch\u00e4digen k\u00f6nnen. Auch wenn Ihre Periode w\u00e4hrend der Behandlung ausbleibt, bedeutet dies nicht, dass Sie nicht schwanger werden k\u00f6nnen. Wenn Sie sexuell aktiv sind, sollten Sie w\u00e4hrend [&hellip;]<\/p>\n","protected":false},"author":1,"featured_media":5717,"parent":5961,"menu_order":0,"comment_status":"closed","ping_status":"open","template":"","meta":{"footnotes":""},"class_list":["post-5963","page","type-page","status-publish","has-post-thumbnail","hentry"],"_links":{"self":[{"href":"https:\/\/cancerfertilityandme.org.uk\/de\/wp-json\/wp\/v2\/pages\/5963","targetHints":{"allow":["GET"]}}],"collection":[{"href":"https:\/\/cancerfertilityandme.org.uk\/de\/wp-json\/wp\/v2\/pages"}],"about":[{"href":"https:\/\/cancerfertilityandme.org.uk\/de\/wp-json\/wp\/v2\/types\/page"}],"author":[{"embeddable":true,"href":"https:\/\/cancerfertilityandme.org.uk\/de\/wp-json\/wp\/v2\/users\/1"}],"replies":[{"embeddable":true,"href":"https:\/\/cancerfertilityandme.org.uk\/de\/wp-json\/wp\/v2\/comments?post=5963"}],"version-history":[{"count":9,"href":"https:\/\/cancerfertilityandme.org.uk\/de\/wp-json\/wp\/v2\/pages\/5963\/revisions"}],"predecessor-version":[{"id":11031,"href":"https:\/\/cancerfertilityandme.org.uk\/de\/wp-json\/wp\/v2\/pages\/5963\/revisions\/11031"}],"up":[{"embeddable":true,"href":"https:\/\/cancerfertilityandme.org.uk\/de\/wp-json\/wp\/v2\/pages\/5961"}],"wp:featuredmedia":[{"embeddable":true,"href":"https:\/\/cancerfertilityandme.org.uk\/de\/wp-json\/wp\/v2\/media\/5717"}],"wp:attachment":[{"href":"https:\/\/cancerfertilityandme.org.uk\/de\/wp-json\/wp\/v2\/media?parent=5963"}],"curies":[{"name":"wp","href":"https:\/\/api.w.org\/{rel}","templated":true}]}}