{"id":5955,"date":"2018-11-07T09:40:51","date_gmt":"2018-11-07T09:40:51","guid":{"rendered":"https:\/\/cancerfertilityandme.org.uk\/fruchtbarkeitserhaltende-verfahren-bei-bestimmten-krebsarten\/"},"modified":"2025-11-17T10:58:11","modified_gmt":"2025-11-17T10:58:11","slug":"fruchtbarkeitserhaltende-verfahren-bei-bestimmten-krebsarten","status":"publish","type":"page","link":"https:\/\/cancerfertilityandme.org.uk\/de\/erwachsene-frauen\/optionen-zur-erhaltung-der-fruchtbarkeit-2\/fruchtbarkeitserhaltende-verfahren-bei-bestimmten-krebsarten\/","title":{"rendered":"Fruchtbarkeitserhaltende Verfahren bei bestimmten Krebsarten"},"content":{"rendered":"\t\t<div data-elementor-type=\"wp-page\" data-elementor-id=\"5955\" class=\"elementor elementor-5955 elementor-5459\" data-elementor-post-type=\"page\">\n\t\t\t\t<main class=\"elementor-element elementor-element-3ef24d e-flex e-con-boxed e-con e-parent\" data-id=\"3ef24d\" data-element_type=\"container\" data-e-type=\"container\">\n\t\t\t\t\t<div class=\"e-con-inner\">\n\t\t<div class=\"elementor-element elementor-element-2ea7d24c e-con-full e-flex e-con e-child\" data-id=\"2ea7d24c\" data-element_type=\"container\" data-e-type=\"container\">\n\t\t\t\t<div class=\"elementor-element elementor-element-38fe551c elementor-widget elementor-widget-text-editor\" data-id=\"38fe551c\" data-element_type=\"widget\" data-e-type=\"widget\" data-widget_type=\"text-editor.default\">\n\t\t\t\t<div class=\"elementor-widget-container\">\n\t\t\t\t\t\t\t\t\t<h2>Fruchtbarkeitserhaltende Verfahren bei bestimmten Krebsarten<\/h2><p>Wenn bei Ihnen Geb\u00e4rmutterhalskrebs diagnostiziert wurde oder Sie mit einer Strahlentherapie im Beckenbereich behandelt werden, stehen Ihnen neben den auf den vorhergehenden Seiten beschriebenen M\u00f6glichkeiten zur Erhaltung der Fruchtbarkeit m\u00f6glicherweise auch spezielle Behandlungen zur Verf\u00fcgung, die die Fruchtbarkeit erhalten k\u00f6nnen. Diese werden von Ihrem Krebsteam angeboten und k\u00f6nnen ebenfalls dazu beitragen, Ihre Fruchtbarkeit zu erhalten. Das Krebsteam spricht mit den Frauen \u00fcber diese fruchtbarkeitserhaltenden Verfahren als Teil ihrer Krebsbehandlung.  <\/p><h3>Trachelectomy<\/h3><p>Die Trachelektomie ist ein chirurgischer Eingriff zur Entfernung von Krebs aus dem Geb\u00e4rmutterhals. Dabei werden der Geb\u00e4rmutterhals, der obere Teil der Vagina und die Lymphdr\u00fcsen im Becken entnommen. Die Geb\u00e4rmutter bleibt erhalten. Dies kann eine Option sein, wenn bei Ihnen Geb\u00e4rmutterhalskrebs im Fr\u00fchstadium diagnostiziert wurde. Zu den Nebenwirkungen k\u00f6nnen Blutungen und Infektionen sowie Blutgerinnsel in den Venen (Thrombose) geh\u00f6ren. Chirurgische Nebenwirkungen k\u00f6nnen ein Schnitt im Darm oder in der Blase sein, der weitere Blasenprobleme verursacht, sowie Probleme mit der Menstruation. Es handelt sich um einen tageschirurgischen Eingriff, der keine Verz\u00f6gerung der Krebsbehandlung zur Folge hat. Eine Trachelektomie gibt einer Frau mit Geb\u00e4rmutterhalskrebs im Fr\u00fchstadium die Chance, nach der Krebsbehandlung ein Kind zu bekommen. Bei Frauen, die nach dem Eingriff schwanger werden, besteht das Risiko einer Fehl- oder Fr\u00fchgeburt. Das Baby muss per Kaiserschnitt entbunden werden. Studien haben gezeigt, dass eine Trachelektomie keinen Einfluss auf das Risiko eines erneuten Auftretens des Krebses hat.          <\/p><h3>Ovarialtransplantation<\/h3><p>Die Eierstockverlagerung ist ein chirurgischer Eingriff, bei dem die Eierst\u00f6cke aus dem Bereich der Strahlentherapie entfernt werden. Dies kann eine Option sein, wenn Sie eine Strahlentherapie im Beckenbereich erhalten. Zu den Nebenwirkungen k\u00f6nnen Verletzungen der inneren Organe geh\u00f6ren. Es handelt sich um einen tageschirurgischen Eingriff, der keine Verz\u00f6gerung der Krebsbehandlung zur Folge hat. Es ist nicht bekannt, ob die Eierstockverpflanzung einer Frau nach einer Krebsbehandlung hilft, ein Kind zu bekommen. Studien haben gezeigt, dass die Ovarialtransplantation keinen Einfluss auf die Wahrscheinlichkeit hat, dass der Krebs zur\u00fcckkehrt. Sie sch\u00fctzt die Eierst\u00f6cke nicht vor den Auswirkungen der Chemotherapie.      <\/p><h3>Abschirmung der Eierst\u00f6cke<\/h3><p>Die Abschirmung der Eierst\u00f6cke sch\u00fctzt die Eierst\u00f6cke w\u00e4hrend der Strahlentherapie. Dies kann eine Option sein, wenn Sie eine Strahlentherapie im Beckenbereich erhalten. W\u00e4hrend der Bestrahlung wird eine Schutzh\u00fclle an der Au\u00dfenseite des K\u00f6rpers \u00fcber dem Bereich der Eierst\u00f6cke angebracht. Nach der Strahlenbehandlung k\u00f6nnen Sie sofort nach Hause gehen.   <\/p><p>Durch die Abschirmung wird die Krebsbehandlung nicht verz\u00f6gert. Auch wenn Ihnen dies angeboten wird, deuten die Daten darauf hin, dass die Abschirmung der Eierst\u00f6cke w\u00e4hrend der Strahlentherapie einen schlechten Schutz f\u00fcr die Eierst\u00f6cke bietet. Die Chancen, nach einer Krebsbehandlung ein Kind zu bekommen, sind nicht bekannt. Es ist noch nicht bekannt, ob sich die Abschirmung der Eierst\u00f6cke auf die Wahrscheinlichkeit auswirkt, dass der Krebs w\u00e4chst oder wiederkehrt. Sie sch\u00fctzt die Eierst\u00f6cke nicht vor den Auswirkungen der Chemotherapie.    <\/p><p>M\u00f6glicherweise ist es hilfreich, wenn Sie aufschreiben, was Ihnen an dieser Option gef\u00e4llt und was Ihnen Sorgen bereitet.<\/p><p>Diese Notizen k\u00f6nnen Ihnen helfen, mit Ihrem Krebsteam, Ihrem Partner, Ihrer Familie und Ihren Freunden dar\u00fcber zu sprechen, ob diese Option f\u00fcr Sie am besten geeignet ist oder nicht.<\/p>\t\t\t\t\t\t\t\t<\/div>\n\t\t\t\t<\/div>\n\t\t<div class=\"elementor-element elementor-element-2ca0357c e-con-full e-flex e-con e-child\" data-id=\"2ca0357c\" data-element_type=\"container\" data-e-type=\"container\" data-settings=\"{&quot;background_background&quot;:&quot;classic&quot;}\">\n\t\t\t\t<div class=\"elementor-element elementor-element-2fcc4574 elementor-widget elementor-widget-text-editor\" data-id=\"2fcc4574\" data-element_type=\"widget\" data-e-type=\"widget\" data-widget_type=\"text-editor.default\">\n\t\t\t\t<div class=\"elementor-widget-container\">\n\t\t\t\t\t\t\t\t\t<p><strong>M\u00f6glicherweise ist es hilfreich, wenn Sie aufschreiben, was Ihnen an dieser Option gef\u00e4llt und was Ihnen Sorgen bereitet.<\/strong><\/p><p>Diese Notizen k\u00f6nnen Ihnen helfen, mit Ihrem Krebsteam, Ihrem Partner, Ihrer Familie und Ihren Freunden dar\u00fcber zu sprechen, ob diese Option f\u00fcr Sie am besten geeignet ist oder nicht.<\/p>\t\t\t\t\t\t\t\t<\/div>\n\t\t\t\t<\/div>\n\t\t\t\t<\/div>\n\t\t\t\t<\/div>\n\t\t<div class=\"elementor-element elementor-element-273f5b94 e-con-full e-flex e-con e-child\" data-id=\"273f5b94\" data-element_type=\"container\" data-e-type=\"container\">\n\t\t<div class=\"elementor-element elementor-element-abd1727 e-con-full e-flex e-con e-child\" data-id=\"abd1727\" data-element_type=\"container\" data-e-type=\"container\">\n\t\t\t\t<div class=\"elementor-element elementor-element-e5e2951 elementor-widget elementor-widget-image\" data-id=\"e5e2951\" data-element_type=\"widget\" data-e-type=\"widget\" data-widget_type=\"image.default\">\n\t\t\t\t<div class=\"elementor-widget-container\">\n\t\t\t\t\t\t\t\t\t\t\t\t\t\t\t\t<a href=\"http:\/\/.\/\">\n\t\t\t\t\t\t\t<img fetchpriority=\"high\" decoding=\"async\" width=\"400\" height=\"440\" src=\"https:\/\/cancerfertilityandme.org.uk\/wp-content\/uploads\/cancerfertilityandme-logo-column-adult-women.png\" class=\"attachment-full size-full wp-image-2281\" alt=\"\" srcset=\"https:\/\/cancerfertilityandme.org.uk\/wp-content\/uploads\/cancerfertilityandme-logo-column-adult-women.png 400w, https:\/\/cancerfertilityandme.org.uk\/wp-content\/uploads\/cancerfertilityandme-logo-column-adult-women-273x300.png 273w\" sizes=\"(max-width: 400px) 100vw, 400px\" \/>\t\t\t\t\t\t\t\t<\/a>\n\t\t\t\t\t\t\t\t\t\t\t\t\t\t\t<\/div>\n\t\t\t\t<\/div>\n\t\t\t\t<\/div>\n\t\t<div class=\"elementor-element elementor-element-717e5239 e-con-full e-flex e-con e-child\" data-id=\"717e5239\" data-element_type=\"container\" data-e-type=\"container\">\n\t\t\t\t<div class=\"elementor-element elementor-element-7e5ce8d6 elementor-widget elementor-widget-heading\" data-id=\"7e5ce8d6\" data-element_type=\"widget\" data-e-type=\"widget\" data-widget_type=\"heading.default\">\n\t\t\t\t<div class=\"elementor-widget-container\">\n\t\t\t\t\t<h3 class=\"elementor-heading-title elementor-size-default\">\u00dcber folgenden Link gelangen Sie zu weiteren Informationen<\/h3>\t\t\t\t<\/div>\n\t\t\t\t<\/div>\n\t\t\t\t<div class=\"elementor-element elementor-element-506af5cf elementor-nav-menu--dropdown-none elementor-widget elementor-widget-nav-menu\" data-id=\"506af5cf\" data-element_type=\"widget\" data-e-type=\"widget\" data-settings=\"{&quot;layout&quot;:&quot;vertical&quot;,&quot;submenu_icon&quot;:{&quot;value&quot;:&quot;&lt;svg aria-hidden=\\&quot;true\\&quot; class=\\&quot;e-font-icon-svg e-fas-caret-down\\&quot; viewBox=\\&quot;0 0 320 512\\&quot; xmlns=\\&quot;http:\\\/\\\/www.w3.org\\\/2000\\\/svg\\&quot;&gt;&lt;path d=\\&quot;M31.3 192h257.3c17.8 0 26.7 21.5 14.1 34.1L174.1 354.8c-7.8 7.8-20.5 7.8-28.3 0L17.2 226.1C4.6 213.5 13.5 192 31.3 192z\\&quot;&gt;&lt;\\\/path&gt;&lt;\\\/svg&gt;&quot;,&quot;library&quot;:&quot;fa-solid&quot;}}\" data-widget_type=\"nav-menu.default\">\n\t\t\t\t<div class=\"elementor-widget-container\">\n\t\t\t\t\t\t\t\t<nav aria-label=\"Menu\" class=\"elementor-nav-menu--main elementor-nav-menu__container elementor-nav-menu--layout-vertical e--pointer-none\">\n\t\t\t\t<ul id=\"menu-1-506af5cf\" class=\"elementor-nav-menu sm-vertical\"><li class=\"menu-item menu-item-type-post_type menu-item-object-page menu-item-6985\"><a href=\"https:\/\/cancerfertilityandme.org.uk\/adult-women\/fertility-preservation-options\/\" class=\"elementor-item\">Optionen zur Erhaltung der Fruchtbarkeit<\/a><\/li>\n<li class=\"menu-item menu-item-type-post_type menu-item-object-page menu-item-6994\"><a href=\"https:\/\/cancerfertilityandme.org.uk\/adult-women\/fertility-preservation-options\/summary-of-fertility-preservation-options\/\" class=\"elementor-item\">Zusammenfassung der Optionen zur Fruchtbarkeitserhaltung<\/a><\/li>\n<li class=\"menu-item menu-item-type-post_type menu-item-object-page menu-item-6990\"><a href=\"https:\/\/cancerfertilityandme.org.uk\/adult-women\/fertility-preservation-options\/no-fertility-preservation\/\" class=\"elementor-item\">Keine Fruchtbarkeitserhaltung<\/a><\/li>\n<li class=\"menu-item menu-item-type-post_type menu-item-object-page menu-item-6987\"><a href=\"https:\/\/cancerfertilityandme.org.uk\/adult-women\/fertility-preservation-options\/egg-freezing\/\" class=\"elementor-item\">Einfrieren von Eizellen<\/a><\/li>\n<li class=\"menu-item menu-item-type-post_type menu-item-object-page menu-item-6988\"><a href=\"https:\/\/cancerfertilityandme.org.uk\/adult-women\/fertility-preservation-options\/embryo-freezing\/\" class=\"elementor-item\">Einfrieren von Embryonen<\/a><\/li>\n<li class=\"menu-item menu-item-type-post_type menu-item-object-page menu-item-6992\"><a href=\"https:\/\/cancerfertilityandme.org.uk\/adult-women\/fertility-preservation-options\/ovarian-tissue-freezing\/\" class=\"elementor-item\">Einfrieren von Eierstockgewebe<\/a><\/li>\n<li class=\"menu-item menu-item-type-post_type menu-item-object-page menu-item-6991\"><a href=\"https:\/\/cancerfertilityandme.org.uk\/adult-women\/fertility-preservation-options\/ovarian-suppression\/\" class=\"elementor-item\">Unterdr\u00fcckung der Eierst\u00f6cke<\/a><\/li>\n<li class=\"menu-item menu-item-type-post_type menu-item-object-page menu-item-6986\"><a href=\"https:\/\/cancerfertilityandme.org.uk\/adult-women\/fertility-preservation-options\/cancer-specific-fertility-sparing-options\/\" class=\"elementor-item\">Fruchtbarkeitserhaltende Verfahren bei bestimmten Krebsarten<\/a><\/li>\n<li class=\"menu-item menu-item-type-post_type menu-item-object-page menu-item-11368\"><a href=\"https:\/\/cancerfertilityandme.org.uk\/adult-women\/fertility-preservation-options\/other-cancer-treatments\/\" class=\"elementor-item\">Andere Krebsbehandlungen<\/a><\/li>\n<li class=\"menu-item menu-item-type-post_type menu-item-object-page menu-item-6993\"><a href=\"https:\/\/cancerfertilityandme.org.uk\/adult-women\/fertility-preservation-options\/questions-to-ask-your-cancer-fertility-care-teams\/\" class=\"elementor-item\">Fragen an das Krebsteam und das Fertilit\u00e4tsbehandlungsteam<\/a><\/li>\n<\/ul>\t\t\t<\/nav>\n\t\t\t\t\t\t<nav class=\"elementor-nav-menu--dropdown elementor-nav-menu__container\" aria-hidden=\"true\">\n\t\t\t\t<ul id=\"menu-2-506af5cf\" class=\"elementor-nav-menu sm-vertical\"><li class=\"menu-item menu-item-type-post_type menu-item-object-page menu-item-6985\"><a href=\"https:\/\/cancerfertilityandme.org.uk\/adult-women\/fertility-preservation-options\/\" class=\"elementor-item\" tabindex=\"-1\">Optionen zur Erhaltung der Fruchtbarkeit<\/a><\/li>\n<li class=\"menu-item menu-item-type-post_type menu-item-object-page menu-item-6994\"><a href=\"https:\/\/cancerfertilityandme.org.uk\/adult-women\/fertility-preservation-options\/summary-of-fertility-preservation-options\/\" class=\"elementor-item\" tabindex=\"-1\">Zusammenfassung der Optionen zur Fruchtbarkeitserhaltung<\/a><\/li>\n<li class=\"menu-item menu-item-type-post_type menu-item-object-page menu-item-6990\"><a href=\"https:\/\/cancerfertilityandme.org.uk\/adult-women\/fertility-preservation-options\/no-fertility-preservation\/\" class=\"elementor-item\" tabindex=\"-1\">Keine Fruchtbarkeitserhaltung<\/a><\/li>\n<li class=\"menu-item menu-item-type-post_type menu-item-object-page menu-item-6987\"><a href=\"https:\/\/cancerfertilityandme.org.uk\/adult-women\/fertility-preservation-options\/egg-freezing\/\" class=\"elementor-item\" tabindex=\"-1\">Einfrieren von Eizellen<\/a><\/li>\n<li class=\"menu-item menu-item-type-post_type menu-item-object-page menu-item-6988\"><a href=\"https:\/\/cancerfertilityandme.org.uk\/adult-women\/fertility-preservation-options\/embryo-freezing\/\" class=\"elementor-item\" tabindex=\"-1\">Einfrieren von Embryonen<\/a><\/li>\n<li class=\"menu-item menu-item-type-post_type menu-item-object-page menu-item-6992\"><a href=\"https:\/\/cancerfertilityandme.org.uk\/adult-women\/fertility-preservation-options\/ovarian-tissue-freezing\/\" class=\"elementor-item\" tabindex=\"-1\">Einfrieren von Eierstockgewebe<\/a><\/li>\n<li class=\"menu-item menu-item-type-post_type menu-item-object-page menu-item-6991\"><a href=\"https:\/\/cancerfertilityandme.org.uk\/adult-women\/fertility-preservation-options\/ovarian-suppression\/\" class=\"elementor-item\" tabindex=\"-1\">Unterdr\u00fcckung der Eierst\u00f6cke<\/a><\/li>\n<li class=\"menu-item menu-item-type-post_type menu-item-object-page menu-item-6986\"><a href=\"https:\/\/cancerfertilityandme.org.uk\/adult-women\/fertility-preservation-options\/cancer-specific-fertility-sparing-options\/\" class=\"elementor-item\" tabindex=\"-1\">Fruchtbarkeitserhaltende Verfahren bei bestimmten Krebsarten<\/a><\/li>\n<li class=\"menu-item menu-item-type-post_type menu-item-object-page menu-item-11368\"><a href=\"https:\/\/cancerfertilityandme.org.uk\/adult-women\/fertility-preservation-options\/other-cancer-treatments\/\" class=\"elementor-item\" tabindex=\"-1\">Andere Krebsbehandlungen<\/a><\/li>\n<li class=\"menu-item menu-item-type-post_type menu-item-object-page menu-item-6993\"><a href=\"https:\/\/cancerfertilityandme.org.uk\/adult-women\/fertility-preservation-options\/questions-to-ask-your-cancer-fertility-care-teams\/\" class=\"elementor-item\" tabindex=\"-1\">Fragen an das Krebsteam und das Fertilit\u00e4tsbehandlungsteam<\/a><\/li>\n<\/ul>\t\t\t<\/nav>\n\t\t\t\t\t\t<\/div>\n\t\t\t\t<\/div>\n\t\t\t\t<\/div>\n\t\t\t\t<\/div>\n\t\t\t\t\t<\/div>\n\t\t\t\t<\/main>\n\t\t\t\t<\/div>\n\t\t","protected":false},"excerpt":{"rendered":"<p>Fruchtbarkeitserhaltende Verfahren bei bestimmten Krebsarten Wenn bei Ihnen Geb\u00e4rmutterhalskrebs diagnostiziert wurde oder Sie mit einer Strahlentherapie im Beckenbereich behandelt werden, stehen Ihnen neben den auf den vorhergehenden Seiten beschriebenen M\u00f6glichkeiten zur Erhaltung der Fruchtbarkeit m\u00f6glicherweise auch spezielle Behandlungen zur Verf\u00fcgung, die die Fruchtbarkeit erhalten k\u00f6nnen. Diese werden von Ihrem Krebsteam angeboten und k\u00f6nnen ebenfalls dazu [&hellip;]<\/p>\n","protected":false},"author":1,"featured_media":0,"parent":5943,"menu_order":0,"comment_status":"closed","ping_status":"open","template":"","meta":{"footnotes":""},"class_list":["post-5955","page","type-page","status-publish","hentry"],"_links":{"self":[{"href":"https:\/\/cancerfertilityandme.org.uk\/de\/wp-json\/wp\/v2\/pages\/5955","targetHints":{"allow":["GET"]}}],"collection":[{"href":"https:\/\/cancerfertilityandme.org.uk\/de\/wp-json\/wp\/v2\/pages"}],"about":[{"href":"https:\/\/cancerfertilityandme.org.uk\/de\/wp-json\/wp\/v2\/types\/page"}],"author":[{"embeddable":true,"href":"https:\/\/cancerfertilityandme.org.uk\/de\/wp-json\/wp\/v2\/users\/1"}],"replies":[{"embeddable":true,"href":"https:\/\/cancerfertilityandme.org.uk\/de\/wp-json\/wp\/v2\/comments?post=5955"}],"version-history":[{"count":3,"href":"https:\/\/cancerfertilityandme.org.uk\/de\/wp-json\/wp\/v2\/pages\/5955\/revisions"}],"predecessor-version":[{"id":9471,"href":"https:\/\/cancerfertilityandme.org.uk\/de\/wp-json\/wp\/v2\/pages\/5955\/revisions\/9471"}],"up":[{"embeddable":true,"href":"https:\/\/cancerfertilityandme.org.uk\/de\/wp-json\/wp\/v2\/pages\/5943"}],"wp:attachment":[{"href":"https:\/\/cancerfertilityandme.org.uk\/de\/wp-json\/wp\/v2\/media?parent=5955"}],"curies":[{"name":"wp","href":"https:\/\/api.w.org\/{rel}","templated":true}]}}