{"id":5947,"date":"2019-04-14T19:52:34","date_gmt":"2019-04-14T19:52:34","guid":{"rendered":"https:\/\/cancerfertilityandme.org.uk\/einfrieren-von-eizellen\/"},"modified":"2026-01-30T14:40:48","modified_gmt":"2026-01-30T14:40:48","slug":"einfrieren-von-eizellen","status":"publish","type":"page","link":"https:\/\/cancerfertilityandme.org.uk\/de\/erwachsene-frauen\/optionen-zur-erhaltung-der-fruchtbarkeit-2\/einfrieren-von-eizellen\/","title":{"rendered":"Einfrieren von Eizellen"},"content":{"rendered":"\t\t<div data-elementor-type=\"wp-page\" data-elementor-id=\"5947\" class=\"elementor elementor-5947 elementor-5609\" data-elementor-post-type=\"page\">\n\t\t\t\t<main class=\"elementor-element elementor-element-3dc64483 e-flex e-con-boxed e-con e-parent\" data-id=\"3dc64483\" data-element_type=\"container\" data-e-type=\"container\">\n\t\t\t\t\t<div class=\"e-con-inner\">\n\t\t<div class=\"elementor-element elementor-element-1aabffd3 e-con-full e-flex e-con e-child\" data-id=\"1aabffd3\" data-element_type=\"container\" data-e-type=\"container\">\n\t\t\t\t<div class=\"elementor-element elementor-element-2a7083a elementor-widget elementor-widget-n-accordion\" data-id=\"2a7083a\" data-element_type=\"widget\" data-e-type=\"widget\" data-settings=\"{&quot;default_state&quot;:&quot;all_collapsed&quot;,&quot;max_items_expended&quot;:&quot;one&quot;,&quot;n_accordion_animation_duration&quot;:{&quot;unit&quot;:&quot;ms&quot;,&quot;size&quot;:400,&quot;sizes&quot;:[]}}\" data-widget_type=\"nested-accordion.default\">\n\t\t\t\t<div class=\"elementor-widget-container\">\n\t\t\t\t\t\t\t<div class=\"e-n-accordion\" aria-label=\"Accordion. Open links with Enter or Space, close with Escape, and navigate with Arrow Keys\">\n\t\t\t\t\t\t<details id=\"e-n-accordion-item-4450\" class=\"e-n-accordion-item\" >\n\t\t\t\t<summary class=\"e-n-accordion-item-title\" data-accordion-index=\"1\" tabindex=\"0\" aria-expanded=\"false\" aria-controls=\"e-n-accordion-item-4450\" >\n\t\t\t\t\t<span class='e-n-accordion-item-title-header'><div class=\"e-n-accordion-item-title-text\"> Einfrieren - Einf\u00fchrung <\/div><\/span>\n\t\t\t\t\t\t\t<span class='e-n-accordion-item-title-icon'>\n\t\t\t<span class='e-opened' ><svg aria-hidden=\"true\" class=\"e-font-icon-svg e-fas-minus\" viewBox=\"0 0 448 512\" xmlns=\"http:\/\/www.w3.org\/2000\/svg\"><path d=\"M416 208H32c-17.67 0-32 14.33-32 32v32c0 17.67 14.33 32 32 32h384c17.67 0 32-14.33 32-32v-32c0-17.67-14.33-32-32-32z\"><\/path><\/svg><\/span>\n\t\t\t<span class='e-closed'><svg aria-hidden=\"true\" class=\"e-font-icon-svg e-fas-plus\" viewBox=\"0 0 448 512\" xmlns=\"http:\/\/www.w3.org\/2000\/svg\"><path d=\"M416 208H272V64c0-17.67-14.33-32-32-32h-32c-17.67 0-32 14.33-32 32v144H32c-17.67 0-32 14.33-32 32v32c0 17.67 14.33 32 32 32h144v144c0 17.67 14.33 32 32 32h32c17.67 0 32-14.33 32-32V304h144c17.67 0 32-14.33 32-32v-32c0-17.67-14.33-32-32-32z\"><\/path><\/svg><\/span>\n\t\t<\/span>\n\n\t\t\t\t\t\t<\/summary>\n\t\t\t\t<div role=\"region\" aria-labelledby=\"e-n-accordion-item-4450\" class=\"elementor-element elementor-element-b39fc21 e-con-full e-flex e-con e-child\" data-id=\"b39fc21\" data-element_type=\"container\" data-e-type=\"container\" data-settings=\"{&quot;background_background&quot;:&quot;classic&quot;}\">\n\t\t\t\t<div class=\"elementor-element elementor-element-58b9bee elementor-widget elementor-widget-text-editor\" data-id=\"58b9bee\" data-element_type=\"widget\" data-e-type=\"widget\" data-widget_type=\"text-editor.default\">\n\t\t\t\t<div class=\"elementor-widget-container\">\n\t\t\t\t\t\t\t\t\t<h3>Einfrieren<\/h3><p><strong>Es gibt drei M\u00f6glichkeiten des Einfrierens, die dazu beitragen k\u00f6nnen, die Fruchtbarkeit einer Frau zu erhalten:<\/strong><\/p><ul><li>Einfrieren von Eizellen<\/li><li>Einfrieren von Embryonen<\/li><li>Einfrieren von Eierstockgewebe<\/li><\/ul><p>Eizellen, Embryonen und Eierstockgewebe k\u00f6nnen eingefroren und f\u00fcr viele Jahre gelagert werden. Wenn die Zeit reif ist, k\u00f6nnen sie dann aufgetaut und nach Abschluss der Krebsbehandlung f\u00fcr eine Schwangerschaft verwendet werden. <\/p><p>F\u00fcr die Konservierung von Eizellen, Embryonen und Eierstockgewebe gibt es verschiedene Einfriermethoden. Die Kryokonservierung ist eine Methode des \u2018langsamen Einfrierens\u2019. Die Vitrifikation ist eine neuere Methode des \u2018Schnell- oder Blitzgefrierens\u2019. Diese Methode verbessert nachweislich die Chance, dass Eizellen und Embryonen den Auftauprozess \u00fcberleben, und erh\u00f6ht die Erfolgsquote einer Schwangerschaf   <\/p><p>Manche Frauen k\u00f6nnen, wenn sie einen m\u00e4nnlichen Partner haben, sowohl Eizellen als auch Embryonen einfrieren. Nach der Krebsbehandlung stehen ihnen in Zukunft m\u00f6glicherweise mehr Fruchtbarkeitsoptionen zur Verf\u00fcgung. <\/p><p>Das Einfrieren von Eierstockgewebe ist eine neue Methode zur Erhaltung der Fruchtbarkeit. Dies k\u00f6nnte eine weitere Option f\u00fcr Frauen sein, die keinen m\u00e4nnlichen Partner haben. <\/p>\t\t\t\t\t\t\t\t<\/div>\n\t\t\t\t<\/div>\n\t\t\t\t<\/div>\n\t\t\t\t\t<\/details>\n\t\t\t\t\t<\/div>\n\t\t\t\t\t\t<\/div>\n\t\t\t\t<\/div>\n\t\t\t\t<div class=\"elementor-element elementor-element-49c539df elementor-widget elementor-widget-text-editor\" data-id=\"49c539df\" data-element_type=\"widget\" data-e-type=\"widget\" data-widget_type=\"text-editor.default\">\n\t\t\t\t<div class=\"elementor-widget-container\">\n\t\t\t\t\t\t\t\t\t<h2>Einfrieren von Eizellen<\/h2><p><strong>Bei dieser Option werden reife Eizellen aus den Eierst\u00f6cken entnommen und eingefroren. Dieses Verfahren wird manchmal auch als \u201cEizellenbanking\u201d bezeichnet. Wenn die Frau bereit ist, schwanger zu werden, werden die eingefrorenen Eizellen mit Spermien befruchtet und wieder in die Geb\u00e4rmutter eingesetzt.  <\/strong><\/p><h3>F\u00fcr wen ist sie geeignet?<\/h3><p>Frauen, die ihre Fruchtbarkeit bewahren wollen, die die Pubert\u00e4t durchlaufen haben und die entweder:<\/p><ul><li>Keinen Partner haben.<\/li><li>Die keine Samenspende in Anspruch nehmen m\u00f6chten.<\/li><li>Die sich aufgrund ihres Glaubens nicht f\u00fcr das Einfrieren von Embryonen entscheiden wollen.<\/li><li>Zeit haben, einen Zyklus der Fruchtbarkeitsbehandlung zu durchlaufen, bevor sie eine Krebsbehandlung beginnen.<\/li><\/ul><p>Bei einigen Frauen, die Krebs im Becken haben, ist das Einfrieren von Eizellen wegen der Gefahr einer Ausbreitung des Krebses m\u00f6glicherweise nicht sicher.<\/p><h3>Wie l\u00e4uft die Behandlung ab?<\/h3><p>Sie m\u00fcssen \u00fcber einen Zeitraum von etwa 2 Wochen Hormoninjektionen erhalten, um die Eierst\u00f6cke zu stimulieren (Stimulation der Eierst\u00f6cke). Anschlie\u00dfend werden die Eizellen mit einer feinen Nadel durch die Scheidenwand bis zu den Eierst\u00f6cken entnommen. Dies geschieht unter Narkose. M\u00f6glicherweise k\u00f6nnen Sie einige Stunden sp\u00e4ter nach Hause gehen.   <\/p><p>Da das Einfrieren von Eizellen nur die Frau betrifft, muss der Partner nicht zustimmen, die gelagerten Eizellen in Zukunft zu verwenden. Eingefrorene Eizellen k\u00f6nnen 10 Jahre lang gelagert werden. In manchen F\u00e4llen kann diese Zeitspanne um weitere 10 Jahre verl\u00e4ngert werden (insgesamt bis zu 55 Jahre).  <\/p><h3>Wie hoch ist die Wahrscheinlichkeit, nach dem Einfrieren von Eizellen ein Kind zu bekommen?<\/h3><p>Wie hoch die Wahrscheinlichkeit ist, dass das Einfrieren von Eizellen zu einer Lebendgeburt f\u00fchrt, l\u00e4sst sich nur schwer einsch\u00e4tzen. Die Zahl der Krebspatientinnen, die eingefrorene Eizellen verwendet haben, ist gering. Die meisten Daten stammen von Frauen ohne Krebs, die ihre eigenen eingefrorenen Eizellen oder eingefrorene Spendereier verwendet haben, um ein Kind zu bekommen. Auch Eizellen, die langsam eingefroren oder vitrifiziert wurden, sind in diesen Daten enthalten.   <\/p><p>Diese Daten zeigen, dass die Chance, dass das Einfrieren von Eizellen einer Frau hilft, ein Kind zu bekommen, bei Frauen, die 10 Eizellen im Alter unter 35 Jahren kryokonservieren, bei 40 % liegt und bei \u00e4lteren Frauen niedriger ist.<\/p><p>Die Chancen nach dem Einfrieren von Eizellen ein Kind zu bekommen, h\u00e4ngt von einer Reihe von Faktoren ab. Diese sind: <\/p><ul><li>Ihr Alter zum Zeitpunkt der Entnahme der Eizellen. Frauen, die j\u00fcnger als 35 Jahre alt sind, haben eine h\u00f6here Chance. Ihr Alter zum Zeitpunkt der Entnahme der Eizellen. Frauen, die j\u00fcnger als 35 Jahre alt sind, haben eine h\u00f6here Chance. Die Anzahl der entnommenen Eizellen. Frauen, denen mehr Eizellen entnommen werden, haben eine h\u00f6here Chance.<\/li><li>Die Anwendung des langsamen Einfrierens oder der Vitrifikation zum Einfrieren und Lagern der Eizellen. Die Vitrifikation hat eine h\u00f6here Erfolgsquote. <\/li><li>Die Fruchtbarkeitsklinik, in der das Einfrieren von Eizellen durchgef\u00fchrt wurde.<\/li><li>Die Anwendung des langsamen Einfrierens oder der Vitrifikation zum Einfrieren und Lagern der Eizellen. Die Vitrifikation hat eine h\u00f6here Erfolgsquote. <\/li><\/ul><p>Weitere Informationen \u00fcber die durchschnittlichen nationalen Erfolgsraten und die Anzahl der erfolgreichen Lebendgeburten f\u00fcr jede zugelassene Fruchtbarkeitsklinik finden Sie auf der Webseite der Human Fertilisation and Embryology Authority (HFEA) <a href=\"http:\/\/www.hfea.gov.uk.%20\">www.hfea.gov.uk.<\/a> <\/p><h3>Hat diese Option Auswirkungen auf die Gesundheit des Babys?<\/h3><p>Nein, die Daten deuten darauf hin, dass die Gesundheit eines Babys, das mit gefrorenen Eizellen geboren wird, nicht beeintr\u00e4chtigt wird.<\/p><h3>Gibt es Nebenwirkungen der Fruchtbarkeitsbehandlung, die beim Einfrieren von Eizellen auftreten k\u00f6nnen?<\/h3><p>Die zur Stimulation der Eierst\u00f6cke verwendeten Fruchtbarkeitsmedikamente k\u00f6nnen Nebenwirkungen wie Kopfschmerzen, Stimmungsschwankungen, Hitzewallungen und Hautreizungen verursachen. Die Fruchtbarkeitsmedikamente k\u00f6nnen auch dazu f\u00fchren, dass die Eierst\u00f6cke \u00fcberreagieren, was zu einem so genannten ovariellen \u00dcberstimulationssyndrom (OHSS) f\u00fchren kann. Erkundigen Sie sich zu Beginn Ihrer Behandlung bei Ihrem Kinderwunschteam nach den Symptomen dieses Zustands und wie Sie sich im Bedarfsfall an das Team wenden k\u00f6nnen.  <\/p><p>Wenn die Eierst\u00f6cke angeregt werden, viele Eizellen zu produzieren, steigt der \u00d6strogenspiegel an. Dies k\u00f6nnte ein Risiko f\u00fcr Frauen darstellen, die einen \u00f6strogenempfindlichen Brustkrebs haben. Diesen Frauen kann ein Medikament namens Letrozol (Femara) verabreicht werden. Dadurch wird der \u00d6strogenspiegel im Blut gesenkt.   <\/p><p>Bei der Entnahme der Eizellen besteht das Risiko von Blutungen, Infektionen und Einstichen in den Darm, was jedoch selten vorkommt. F\u00fcr Frauen mit Beckenkrebs besteht m\u00f6glicherweise ein Risiko, da nach der Eizellentnahme Krebszellen aus dem Eierstock in den Bauchraum gelangen k\u00f6nnen. <\/p><h3>Kann diese Option den Beginn meiner Krebsbehandlung verz\u00f6gern?<\/h3><p>Vom Beginn der Stimulation der Eierst\u00f6cke bis zur Entnahme der Eizellen vergehen etwa zwei Wochen. Die Zeit vor dem Beginn der Stimulation kann unterschiedlich sein, je nachdem, wo sich eine Frau in ihrem Menstruationszyklus befindet. Das Einfrieren von Eizellen kommt f\u00fcr Frauen mit Krebserkrankungen wie Leuk\u00e4mie, einigen Lymphomen und Sarkomen m\u00f6glicherweise nicht in Frage, da sie sofort behandelt werden m\u00fcssen. Wenn bei Ihnen ein OHSS auftritt, kann dies zu einer l\u00e4ngeren Verz\u00f6gerung des Beginns der Krebsbehandlung f\u00fchren.   <\/p><h3>Beeinflusst diese Option mein Risiko, dass der Krebs zur\u00fcckkommt?<\/h3><p>Es gibt keine Daten, die darauf hindeuten, dass das Einfrieren von Eizellen das Risiko eines erneuten Auftretens von Krebs beeinflusst.<\/p>\t\t\t\t\t\t\t\t<\/div>\n\t\t\t\t<\/div>\n\t\t<div class=\"elementor-element elementor-element-4f2be5b2 e-con-full e-flex e-con e-child\" data-id=\"4f2be5b2\" data-element_type=\"container\" data-e-type=\"container\" data-settings=\"{&quot;background_background&quot;:&quot;classic&quot;}\">\n\t\t\t\t<div class=\"elementor-element elementor-element-2e3ac40 elementor-widget elementor-widget-text-editor\" data-id=\"2e3ac40\" data-element_type=\"widget\" data-e-type=\"widget\" data-widget_type=\"text-editor.default\">\n\t\t\t\t<div class=\"elementor-widget-container\">\n\t\t\t\t\t\t\t\t\t<p><strong>M\u00f6glicherweise ist es hilfreich, wenn Sie aufschreiben, was Ihnen an dieser Option gef\u00e4llt und was Ihnen Sorgen bereitet.<\/strong><\/p><p>Diese Notizen k\u00f6nnen Ihnen helfen, mit Ihrem Krebsteam, Ihrem Partner, Ihrer Familie und Ihren Freunden dar\u00fcber zu sprechen, ob diese Option f\u00fcr Sie am besten geeignet ist oder nicht.<\/p>\t\t\t\t\t\t\t\t<\/div>\n\t\t\t\t<\/div>\n\t\t\t\t<\/div>\n\t\t\t\t<\/div>\n\t\t<div class=\"elementor-element elementor-element-27330682 e-con-full e-flex e-con e-child\" data-id=\"27330682\" data-element_type=\"container\" data-e-type=\"container\">\n\t\t<div class=\"elementor-element elementor-element-35930863 e-con-full e-flex e-con e-child\" data-id=\"35930863\" data-element_type=\"container\" data-e-type=\"container\">\n\t\t\t\t<div class=\"elementor-element elementor-element-38de4fb0 elementor-widget elementor-widget-image\" data-id=\"38de4fb0\" data-element_type=\"widget\" data-e-type=\"widget\" data-widget_type=\"image.default\">\n\t\t\t\t<div class=\"elementor-widget-container\">\n\t\t\t\t\t\t\t\t\t\t\t\t\t\t\t\t<a href=\"http:\/\/.\/\">\n\t\t\t\t\t\t\t<img fetchpriority=\"high\" decoding=\"async\" width=\"400\" height=\"440\" src=\"https:\/\/cancerfertilityandme.org.uk\/wp-content\/uploads\/cancerfertilityandme-logo-column-adult-women.png\" class=\"attachment-full size-full wp-image-2281\" alt=\"\" srcset=\"https:\/\/cancerfertilityandme.org.uk\/wp-content\/uploads\/cancerfertilityandme-logo-column-adult-women.png 400w, https:\/\/cancerfertilityandme.org.uk\/wp-content\/uploads\/cancerfertilityandme-logo-column-adult-women-273x300.png 273w\" sizes=\"(max-width: 400px) 100vw, 400px\" \/>\t\t\t\t\t\t\t\t<\/a>\n\t\t\t\t\t\t\t\t\t\t\t\t\t\t\t<\/div>\n\t\t\t\t<\/div>\n\t\t\t\t<\/div>\n\t\t<div class=\"elementor-element elementor-element-56163aae e-con-full e-flex e-con e-child\" data-id=\"56163aae\" data-element_type=\"container\" data-e-type=\"container\">\n\t\t\t\t<div class=\"elementor-element elementor-element-14085e43 elementor-widget elementor-widget-heading\" data-id=\"14085e43\" data-element_type=\"widget\" data-e-type=\"widget\" data-widget_type=\"heading.default\">\n\t\t\t\t<div class=\"elementor-widget-container\">\n\t\t\t\t\t<h3 class=\"elementor-heading-title elementor-size-default\">\u00dcber folgenden Link gelangen Sie zu weiteren Informationen<\/h3>\t\t\t\t<\/div>\n\t\t\t\t<\/div>\n\t\t\t\t<div class=\"elementor-element elementor-element-14af12bb elementor-nav-menu--dropdown-none elementor-widget elementor-widget-nav-menu\" data-id=\"14af12bb\" data-element_type=\"widget\" data-e-type=\"widget\" data-settings=\"{&quot;layout&quot;:&quot;vertical&quot;,&quot;submenu_icon&quot;:{&quot;value&quot;:&quot;&lt;svg aria-hidden=\\&quot;true\\&quot; class=\\&quot;e-font-icon-svg e-fas-caret-down\\&quot; viewBox=\\&quot;0 0 320 512\\&quot; xmlns=\\&quot;http:\\\/\\\/www.w3.org\\\/2000\\\/svg\\&quot;&gt;&lt;path d=\\&quot;M31.3 192h257.3c17.8 0 26.7 21.5 14.1 34.1L174.1 354.8c-7.8 7.8-20.5 7.8-28.3 0L17.2 226.1C4.6 213.5 13.5 192 31.3 192z\\&quot;&gt;&lt;\\\/path&gt;&lt;\\\/svg&gt;&quot;,&quot;library&quot;:&quot;fa-solid&quot;}}\" data-widget_type=\"nav-menu.default\">\n\t\t\t\t<div class=\"elementor-widget-container\">\n\t\t\t\t\t\t\t\t<nav aria-label=\"Menu\" class=\"elementor-nav-menu--main elementor-nav-menu__container elementor-nav-menu--layout-vertical e--pointer-none\">\n\t\t\t\t<ul id=\"menu-1-14af12bb\" class=\"elementor-nav-menu sm-vertical\"><li class=\"menu-item menu-item-type-post_type menu-item-object-page menu-item-6985\"><a href=\"https:\/\/cancerfertilityandme.org.uk\/adult-women\/fertility-preservation-options\/\" class=\"elementor-item\">Optionen zur Erhaltung der Fruchtbarkeit<\/a><\/li>\n<li class=\"menu-item menu-item-type-post_type menu-item-object-page menu-item-6994\"><a href=\"https:\/\/cancerfertilityandme.org.uk\/adult-women\/fertility-preservation-options\/summary-of-fertility-preservation-options\/\" class=\"elementor-item\">Zusammenfassung der Optionen zur Fruchtbarkeitserhaltung<\/a><\/li>\n<li class=\"menu-item menu-item-type-post_type menu-item-object-page menu-item-6990\"><a href=\"https:\/\/cancerfertilityandme.org.uk\/adult-women\/fertility-preservation-options\/no-fertility-preservation\/\" class=\"elementor-item\">Keine Fruchtbarkeitserhaltung<\/a><\/li>\n<li class=\"menu-item menu-item-type-post_type menu-item-object-page menu-item-6987\"><a href=\"https:\/\/cancerfertilityandme.org.uk\/adult-women\/fertility-preservation-options\/egg-freezing\/\" class=\"elementor-item\">Einfrieren von Eizellen<\/a><\/li>\n<li class=\"menu-item menu-item-type-post_type menu-item-object-page menu-item-6988\"><a href=\"https:\/\/cancerfertilityandme.org.uk\/adult-women\/fertility-preservation-options\/embryo-freezing\/\" class=\"elementor-item\">Einfrieren von Embryonen<\/a><\/li>\n<li class=\"menu-item menu-item-type-post_type menu-item-object-page menu-item-6992\"><a href=\"https:\/\/cancerfertilityandme.org.uk\/adult-women\/fertility-preservation-options\/ovarian-tissue-freezing\/\" class=\"elementor-item\">Einfrieren von Eierstockgewebe<\/a><\/li>\n<li class=\"menu-item menu-item-type-post_type menu-item-object-page menu-item-6991\"><a href=\"https:\/\/cancerfertilityandme.org.uk\/adult-women\/fertility-preservation-options\/ovarian-suppression\/\" class=\"elementor-item\">Unterdr\u00fcckung der Eierst\u00f6cke<\/a><\/li>\n<li class=\"menu-item menu-item-type-post_type menu-item-object-page menu-item-6986\"><a href=\"https:\/\/cancerfertilityandme.org.uk\/adult-women\/fertility-preservation-options\/cancer-specific-fertility-sparing-options\/\" class=\"elementor-item\">Fruchtbarkeitserhaltende Verfahren bei bestimmten Krebsarten<\/a><\/li>\n<li class=\"menu-item menu-item-type-post_type menu-item-object-page menu-item-11368\"><a href=\"https:\/\/cancerfertilityandme.org.uk\/adult-women\/fertility-preservation-options\/other-cancer-treatments\/\" class=\"elementor-item\">Andere Krebsbehandlungen<\/a><\/li>\n<li class=\"menu-item menu-item-type-post_type menu-item-object-page menu-item-6993\"><a href=\"https:\/\/cancerfertilityandme.org.uk\/adult-women\/fertility-preservation-options\/questions-to-ask-your-cancer-fertility-care-teams\/\" class=\"elementor-item\">Fragen an das Krebsteam und das Fertilit\u00e4tsbehandlungsteam<\/a><\/li>\n<\/ul>\t\t\t<\/nav>\n\t\t\t\t\t\t<nav class=\"elementor-nav-menu--dropdown elementor-nav-menu__container\" aria-hidden=\"true\">\n\t\t\t\t<ul id=\"menu-2-14af12bb\" class=\"elementor-nav-menu sm-vertical\"><li class=\"menu-item menu-item-type-post_type menu-item-object-page menu-item-6985\"><a href=\"https:\/\/cancerfertilityandme.org.uk\/adult-women\/fertility-preservation-options\/\" class=\"elementor-item\" tabindex=\"-1\">Optionen zur Erhaltung der Fruchtbarkeit<\/a><\/li>\n<li class=\"menu-item menu-item-type-post_type menu-item-object-page menu-item-6994\"><a href=\"https:\/\/cancerfertilityandme.org.uk\/adult-women\/fertility-preservation-options\/summary-of-fertility-preservation-options\/\" class=\"elementor-item\" tabindex=\"-1\">Zusammenfassung der Optionen zur Fruchtbarkeitserhaltung<\/a><\/li>\n<li class=\"menu-item menu-item-type-post_type menu-item-object-page menu-item-6990\"><a href=\"https:\/\/cancerfertilityandme.org.uk\/adult-women\/fertility-preservation-options\/no-fertility-preservation\/\" class=\"elementor-item\" tabindex=\"-1\">Keine Fruchtbarkeitserhaltung<\/a><\/li>\n<li class=\"menu-item menu-item-type-post_type menu-item-object-page menu-item-6987\"><a href=\"https:\/\/cancerfertilityandme.org.uk\/adult-women\/fertility-preservation-options\/egg-freezing\/\" class=\"elementor-item\" tabindex=\"-1\">Einfrieren von Eizellen<\/a><\/li>\n<li class=\"menu-item menu-item-type-post_type menu-item-object-page menu-item-6988\"><a href=\"https:\/\/cancerfertilityandme.org.uk\/adult-women\/fertility-preservation-options\/embryo-freezing\/\" class=\"elementor-item\" tabindex=\"-1\">Einfrieren von Embryonen<\/a><\/li>\n<li class=\"menu-item menu-item-type-post_type menu-item-object-page menu-item-6992\"><a href=\"https:\/\/cancerfertilityandme.org.uk\/adult-women\/fertility-preservation-options\/ovarian-tissue-freezing\/\" class=\"elementor-item\" tabindex=\"-1\">Einfrieren von Eierstockgewebe<\/a><\/li>\n<li class=\"menu-item menu-item-type-post_type menu-item-object-page menu-item-6991\"><a href=\"https:\/\/cancerfertilityandme.org.uk\/adult-women\/fertility-preservation-options\/ovarian-suppression\/\" class=\"elementor-item\" tabindex=\"-1\">Unterdr\u00fcckung der Eierst\u00f6cke<\/a><\/li>\n<li class=\"menu-item menu-item-type-post_type menu-item-object-page menu-item-6986\"><a href=\"https:\/\/cancerfertilityandme.org.uk\/adult-women\/fertility-preservation-options\/cancer-specific-fertility-sparing-options\/\" class=\"elementor-item\" tabindex=\"-1\">Fruchtbarkeitserhaltende Verfahren bei bestimmten Krebsarten<\/a><\/li>\n<li class=\"menu-item menu-item-type-post_type menu-item-object-page menu-item-11368\"><a href=\"https:\/\/cancerfertilityandme.org.uk\/adult-women\/fertility-preservation-options\/other-cancer-treatments\/\" class=\"elementor-item\" tabindex=\"-1\">Andere Krebsbehandlungen<\/a><\/li>\n<li class=\"menu-item menu-item-type-post_type menu-item-object-page menu-item-6993\"><a href=\"https:\/\/cancerfertilityandme.org.uk\/adult-women\/fertility-preservation-options\/questions-to-ask-your-cancer-fertility-care-teams\/\" class=\"elementor-item\" tabindex=\"-1\">Fragen an das Krebsteam und das Fertilit\u00e4tsbehandlungsteam<\/a><\/li>\n<\/ul>\t\t\t<\/nav>\n\t\t\t\t\t\t<\/div>\n\t\t\t\t<\/div>\n\t\t\t\t<\/div>\n\t\t\t\t<\/div>\n\t\t\t\t\t<\/div>\n\t\t\t\t<\/main>\n\t\t\t\t<\/div>\n\t\t","protected":false},"excerpt":{"rendered":"<p>Einfrieren &#8211; Einf\u00fchrung Einfrieren Es gibt drei M\u00f6glichkeiten des Einfrierens, die dazu beitragen k\u00f6nnen, die Fruchtbarkeit einer Frau zu erhalten: Einfrieren von Eizellen Einfrieren von Embryonen Einfrieren von Eierstockgewebe Eizellen, Embryonen und Eierstockgewebe k\u00f6nnen eingefroren und f\u00fcr viele Jahre gelagert werden. Wenn die Zeit reif ist, k\u00f6nnen sie dann aufgetaut und nach Abschluss der Krebsbehandlung [&hellip;]<\/p>\n","protected":false},"author":1,"featured_media":0,"parent":5943,"menu_order":0,"comment_status":"closed","ping_status":"open","template":"","meta":{"footnotes":""},"class_list":["post-5947","page","type-page","status-publish","hentry"],"_links":{"self":[{"href":"https:\/\/cancerfertilityandme.org.uk\/de\/wp-json\/wp\/v2\/pages\/5947","targetHints":{"allow":["GET"]}}],"collection":[{"href":"https:\/\/cancerfertilityandme.org.uk\/de\/wp-json\/wp\/v2\/pages"}],"about":[{"href":"https:\/\/cancerfertilityandme.org.uk\/de\/wp-json\/wp\/v2\/types\/page"}],"author":[{"embeddable":true,"href":"https:\/\/cancerfertilityandme.org.uk\/de\/wp-json\/wp\/v2\/users\/1"}],"replies":[{"embeddable":true,"href":"https:\/\/cancerfertilityandme.org.uk\/de\/wp-json\/wp\/v2\/comments?post=5947"}],"version-history":[{"count":4,"href":"https:\/\/cancerfertilityandme.org.uk\/de\/wp-json\/wp\/v2\/pages\/5947\/revisions"}],"predecessor-version":[{"id":10120,"href":"https:\/\/cancerfertilityandme.org.uk\/de\/wp-json\/wp\/v2\/pages\/5947\/revisions\/10120"}],"up":[{"embeddable":true,"href":"https:\/\/cancerfertilityandme.org.uk\/de\/wp-json\/wp\/v2\/pages\/5943"}],"wp:attachment":[{"href":"https:\/\/cancerfertilityandme.org.uk\/de\/wp-json\/wp\/v2\/media?parent=5947"}],"curies":[{"name":"wp","href":"https:\/\/api.w.org\/{rel}","templated":true}]}}