{"id":5945,"date":"2018-11-07T09:39:25","date_gmt":"2018-11-07T09:39:25","guid":{"rendered":"https:\/\/cancerfertilityandme.org.uk\/keine-fruchtbarkeitserhaltung\/"},"modified":"2026-02-06T16:50:18","modified_gmt":"2026-02-06T16:50:18","slug":"keine-fruchtbarkeitserhaltung","status":"publish","type":"page","link":"https:\/\/cancerfertilityandme.org.uk\/de\/erwachsene-frauen\/optionen-zur-erhaltung-der-fruchtbarkeit-2\/keine-fruchtbarkeitserhaltung\/","title":{"rendered":"Keine Fruchtbarkeitserhaltung"},"content":{"rendered":"\t\t<div data-elementor-type=\"wp-page\" data-elementor-id=\"5945\" class=\"elementor elementor-5945 elementor-5455\" data-elementor-post-type=\"page\">\n\t\t\t\t<main class=\"elementor-element elementor-element-54dce9cc e-flex e-con-boxed e-con e-parent\" data-id=\"54dce9cc\" data-element_type=\"container\" data-e-type=\"container\">\n\t\t\t\t\t<div class=\"e-con-inner\">\n\t\t<div class=\"elementor-element elementor-element-7f56bada e-con-full e-flex e-con e-child\" data-id=\"7f56bada\" data-element_type=\"container\" data-e-type=\"container\">\n\t\t\t\t<div class=\"elementor-element elementor-element-69d3544 elementor-widget elementor-widget-text-editor\" data-id=\"69d3544\" data-element_type=\"widget\" data-e-type=\"widget\" data-widget_type=\"text-editor.default\">\n\t\t\t\t<div class=\"elementor-widget-container\">\n\t\t\t\t\t\t\t\t\t<h2>Keine Fruchtbarkeitserhaltung<\/h2><p><strong>Diese Option bedeutet, dass man sich vor Beginn der Krebsbehandlung gegen eine Behandlung zur Erhaltung der Fruchtbarkeit entscheidet. Nicht alle Frauen, die eine Krebstherapie beginnen, m\u00f6chten eine Behandlung zur Erhaltung ihrer Fruchtbarkeit durchf\u00fchren lassen. Nicht alle Frauen sind aufgrund ihrer Krebsart und ihres Krebsstadiums in der Lage, ihre Fruchtbarkeit zu erhalten.  <\/strong><\/p><h3>F\u00fcr wen ist sie geeignet?<\/h3><p>Frauen die:<\/p><ul><li>Bereit sind, abzuwarten, ob ihre Fruchtbarkeit nach einer Krebsbehandlung auf nat\u00fcrliche Weise zur\u00fcckkehrt.<\/li><li>Die sich sicher sind, dass ihre Famillienplanung abgeschlossen ist.<\/li><li>Die sicher sind, dass sie nach der Krebsbehandlung nicht schwanger werden wollen.<\/li><li>Ihnen stehen keine Optionen zur Erhaltung der Fruchtbarkeit zur Verf\u00fcgung. (z. B. aufgrund pers\u00f6nlicher \u00dcberzeugungen oder weil die Optionen in der \u00f6rtlichen Klinik nicht verf\u00fcgbar sind). <\/li><li>Sie haben einen schnell wachsenden Krebs und m\u00fcssen sofort mit der Krebsbehandlung beginnen.<\/li><\/ul><p>Oft wird empfohlen, mindestens zwei Jahre nach Abschluss der Krebsbehandlung zu warten, bevor man schwanger wird. In den ersten zwei Jahren nach der Diagnose ist die Wahrscheinlichkeit gr\u00f6\u00dfer, dass der Krebs wiederkehrt. Eine so lange Wartezeit ist m\u00f6glicherweise nicht f\u00fcr jede Frau geeignet. Wenn Sie dar\u00fcber nachdenken, vor Ablauf dieser zwei Jahre schwanger zu werden, sprechen Sie mit Ihrem Krebsteam dar\u00fcber.   <\/p><h3>Was ist damit verbunden?<\/h3><p>Es gibt keine zus\u00e4tzlichen Verfahren. Die Behandlung beinhaltet, dass Sie Ihre Krebsbehandlung fortsetzen und w\u00e4hrend der Behandlung Verh\u00fctungsmethoden verwenden. <\/p><h3>Wie hoch ist die Chance, nach der Krebsbehandlung ein Kind zu bekommen?<\/h3><p>Die Chancen in der Zukunft ein Kind zu bekommen, h\u00e4ngt davon ab, wie Ihre Eierst\u00f6cke durch die Krebsbehandlung beeintr\u00e4chtigt wurden. Manche Frauen werden nach einer Krebsbehandlung auf nat\u00fcrliche Weise schwanger, ohne dass die Fruchtbarkeit erhalten werden muss. Wenn die Behandlung die Wechseljahre ausl\u00f6st, ist es unwahrscheinlich, dass eine nat\u00fcrliche Schwangerschaft eintritt.  <\/p><h3>Kann sich diese Option auf die Gesundheit des Babys auswirken?<\/h3><p>Nein, die Gesundheit eines zuk\u00fcnftigen Babys wird nicht beeintr\u00e4chtigt.<\/p><h3>Gibt es Nebenwirkungen, wenn keine Fruchtbarkeitsbehandlung durchgef\u00fchrt wird?<\/h3><p>Sie werden keine Nebenwirkungen der Fruchtbarkeitsbehandlung haben.<\/p><h3>Verz\u00f6gert diese Option den Beginn meiner Krebsbehandlung?<\/h3><p>Nein, diese Option wird den Beginn der Krebsbehandlung nicht verz\u00f6gern.<\/p><h3>Beeinflusst diese Option mein Risiko, dass der Krebs zur\u00fcckkommt?<\/h3><p>Wenn Sie sich daf\u00fcr entscheiden, Ihre Fruchtbarkeit nicht zu erhalten, wird Ihre Krebsbehandlung wie geplant fortgesetzt. Die Wahrscheinlichkeit, dass der Krebs zur\u00fcckkehrt, wird dadurch nicht beeinflusst. <\/p>\t\t\t\t\t\t\t\t<\/div>\n\t\t\t\t<\/div>\n\t\t<div class=\"elementor-element elementor-element-6f5c623e e-con-full e-flex e-con e-child\" data-id=\"6f5c623e\" data-element_type=\"container\" data-e-type=\"container\" data-settings=\"{&quot;background_background&quot;:&quot;classic&quot;}\">\n\t\t\t\t<div class=\"elementor-element elementor-element-f5f3e00 elementor-widget elementor-widget-text-editor\" data-id=\"f5f3e00\" data-element_type=\"widget\" data-e-type=\"widget\" data-widget_type=\"text-editor.default\">\n\t\t\t\t<div class=\"elementor-widget-container\">\n\t\t\t\t\t\t\t\t\t<p><strong>M\u00f6glicherweise ist es hilfreich, wenn Sie aufschreiben, was Ihnen an dieser Option gef\u00e4llt und was Ihnen Sorgen bereitet.<\/strong><\/p><p>Diese Notizen k\u00f6nnen Ihnen helfen, mit Ihrem Krebsteam, Ihrem Partner, Ihrer Familie und Ihren Freunden dar\u00fcber zu sprechen, ob diese Option f\u00fcr Sie am besten geeignet ist oder nicht.<\/p>\t\t\t\t\t\t\t\t<\/div>\n\t\t\t\t<\/div>\n\t\t\t\t<\/div>\n\t\t\t\t<\/div>\n\t\t<div class=\"elementor-element elementor-element-58378c8b e-con-full e-flex e-con e-child\" data-id=\"58378c8b\" data-element_type=\"container\" data-e-type=\"container\">\n\t\t<div class=\"elementor-element elementor-element-13316b00 e-con-full e-flex e-con e-child\" data-id=\"13316b00\" data-element_type=\"container\" data-e-type=\"container\">\n\t\t\t\t<div class=\"elementor-element elementor-element-c31194d elementor-widget elementor-widget-image\" data-id=\"c31194d\" data-element_type=\"widget\" data-e-type=\"widget\" data-widget_type=\"image.default\">\n\t\t\t\t<div class=\"elementor-widget-container\">\n\t\t\t\t\t\t\t\t\t\t\t\t\t\t\t\t<a href=\"http:\/\/.\/\">\n\t\t\t\t\t\t\t<img fetchpriority=\"high\" decoding=\"async\" width=\"400\" height=\"440\" src=\"https:\/\/cancerfertilityandme.org.uk\/wp-content\/uploads\/cancerfertilityandme-logo-column-adult-women.png\" class=\"attachment-full size-full wp-image-2281\" alt=\"\" srcset=\"https:\/\/cancerfertilityandme.org.uk\/wp-content\/uploads\/cancerfertilityandme-logo-column-adult-women.png 400w, https:\/\/cancerfertilityandme.org.uk\/wp-content\/uploads\/cancerfertilityandme-logo-column-adult-women-273x300.png 273w\" sizes=\"(max-width: 400px) 100vw, 400px\" \/>\t\t\t\t\t\t\t\t<\/a>\n\t\t\t\t\t\t\t\t\t\t\t\t\t\t\t<\/div>\n\t\t\t\t<\/div>\n\t\t\t\t<\/div>\n\t\t<div class=\"elementor-element elementor-element-777ab1d9 e-con-full e-flex e-con e-child\" data-id=\"777ab1d9\" data-element_type=\"container\" data-e-type=\"container\">\n\t\t\t\t<div class=\"elementor-element elementor-element-713a9489 elementor-widget elementor-widget-heading\" data-id=\"713a9489\" data-element_type=\"widget\" data-e-type=\"widget\" data-widget_type=\"heading.default\">\n\t\t\t\t<div class=\"elementor-widget-container\">\n\t\t\t\t\t<h3 class=\"elementor-heading-title elementor-size-default\">\u00dcber folgenden Link gelangen Sie zu weiteren Informationen<\/h3>\t\t\t\t<\/div>\n\t\t\t\t<\/div>\n\t\t\t\t<div class=\"elementor-element elementor-element-68b8562f elementor-nav-menu--dropdown-none elementor-widget elementor-widget-nav-menu\" data-id=\"68b8562f\" data-element_type=\"widget\" data-e-type=\"widget\" data-settings=\"{&quot;layout&quot;:&quot;vertical&quot;,&quot;submenu_icon&quot;:{&quot;value&quot;:&quot;&lt;svg aria-hidden=\\&quot;true\\&quot; class=\\&quot;e-font-icon-svg e-fas-caret-down\\&quot; viewBox=\\&quot;0 0 320 512\\&quot; xmlns=\\&quot;http:\\\/\\\/www.w3.org\\\/2000\\\/svg\\&quot;&gt;&lt;path d=\\&quot;M31.3 192h257.3c17.8 0 26.7 21.5 14.1 34.1L174.1 354.8c-7.8 7.8-20.5 7.8-28.3 0L17.2 226.1C4.6 213.5 13.5 192 31.3 192z\\&quot;&gt;&lt;\\\/path&gt;&lt;\\\/svg&gt;&quot;,&quot;library&quot;:&quot;fa-solid&quot;}}\" data-widget_type=\"nav-menu.default\">\n\t\t\t\t<div class=\"elementor-widget-container\">\n\t\t\t\t\t\t\t\t<nav aria-label=\"Menu\" class=\"elementor-nav-menu--main elementor-nav-menu__container elementor-nav-menu--layout-vertical e--pointer-none\">\n\t\t\t\t<ul id=\"menu-1-68b8562f\" class=\"elementor-nav-menu sm-vertical\"><li class=\"menu-item menu-item-type-post_type menu-item-object-page menu-item-6985\"><a href=\"https:\/\/cancerfertilityandme.org.uk\/adult-women\/fertility-preservation-options\/\" class=\"elementor-item\">Optionen zur Erhaltung der Fruchtbarkeit<\/a><\/li>\n<li class=\"menu-item menu-item-type-post_type menu-item-object-page menu-item-6994\"><a href=\"https:\/\/cancerfertilityandme.org.uk\/adult-women\/fertility-preservation-options\/summary-of-fertility-preservation-options\/\" class=\"elementor-item\">Zusammenfassung der Optionen zur Fruchtbarkeitserhaltung<\/a><\/li>\n<li class=\"menu-item menu-item-type-post_type menu-item-object-page menu-item-6990\"><a href=\"https:\/\/cancerfertilityandme.org.uk\/adult-women\/fertility-preservation-options\/no-fertility-preservation\/\" class=\"elementor-item\">Keine Fruchtbarkeitserhaltung<\/a><\/li>\n<li class=\"menu-item menu-item-type-post_type menu-item-object-page menu-item-6987\"><a href=\"https:\/\/cancerfertilityandme.org.uk\/adult-women\/fertility-preservation-options\/egg-freezing\/\" class=\"elementor-item\">Einfrieren von Eizellen<\/a><\/li>\n<li class=\"menu-item menu-item-type-post_type menu-item-object-page menu-item-6988\"><a href=\"https:\/\/cancerfertilityandme.org.uk\/adult-women\/fertility-preservation-options\/embryo-freezing\/\" class=\"elementor-item\">Einfrieren von Embryonen<\/a><\/li>\n<li class=\"menu-item menu-item-type-post_type menu-item-object-page menu-item-6992\"><a href=\"https:\/\/cancerfertilityandme.org.uk\/adult-women\/fertility-preservation-options\/ovarian-tissue-freezing\/\" class=\"elementor-item\">Einfrieren von Eierstockgewebe<\/a><\/li>\n<li class=\"menu-item menu-item-type-post_type menu-item-object-page menu-item-6991\"><a href=\"https:\/\/cancerfertilityandme.org.uk\/adult-women\/fertility-preservation-options\/ovarian-suppression\/\" class=\"elementor-item\">Unterdr\u00fcckung der Eierst\u00f6cke<\/a><\/li>\n<li class=\"menu-item menu-item-type-post_type menu-item-object-page menu-item-6986\"><a href=\"https:\/\/cancerfertilityandme.org.uk\/adult-women\/fertility-preservation-options\/cancer-specific-fertility-sparing-options\/\" class=\"elementor-item\">Fruchtbarkeitserhaltende Verfahren bei bestimmten Krebsarten<\/a><\/li>\n<li class=\"menu-item menu-item-type-post_type menu-item-object-page menu-item-11368\"><a href=\"https:\/\/cancerfertilityandme.org.uk\/adult-women\/fertility-preservation-options\/other-cancer-treatments\/\" class=\"elementor-item\">Andere Krebsbehandlungen<\/a><\/li>\n<li class=\"menu-item menu-item-type-post_type menu-item-object-page menu-item-6993\"><a href=\"https:\/\/cancerfertilityandme.org.uk\/adult-women\/fertility-preservation-options\/questions-to-ask-your-cancer-fertility-care-teams\/\" class=\"elementor-item\">Fragen an das Krebsteam und das Fertilit\u00e4tsbehandlungsteam<\/a><\/li>\n<\/ul>\t\t\t<\/nav>\n\t\t\t\t\t\t<nav class=\"elementor-nav-menu--dropdown elementor-nav-menu__container\" aria-hidden=\"true\">\n\t\t\t\t<ul id=\"menu-2-68b8562f\" class=\"elementor-nav-menu sm-vertical\"><li class=\"menu-item menu-item-type-post_type menu-item-object-page menu-item-6985\"><a href=\"https:\/\/cancerfertilityandme.org.uk\/adult-women\/fertility-preservation-options\/\" class=\"elementor-item\" tabindex=\"-1\">Optionen zur Erhaltung der Fruchtbarkeit<\/a><\/li>\n<li class=\"menu-item menu-item-type-post_type menu-item-object-page menu-item-6994\"><a href=\"https:\/\/cancerfertilityandme.org.uk\/adult-women\/fertility-preservation-options\/summary-of-fertility-preservation-options\/\" class=\"elementor-item\" tabindex=\"-1\">Zusammenfassung der Optionen zur Fruchtbarkeitserhaltung<\/a><\/li>\n<li class=\"menu-item menu-item-type-post_type menu-item-object-page menu-item-6990\"><a href=\"https:\/\/cancerfertilityandme.org.uk\/adult-women\/fertility-preservation-options\/no-fertility-preservation\/\" class=\"elementor-item\" tabindex=\"-1\">Keine Fruchtbarkeitserhaltung<\/a><\/li>\n<li class=\"menu-item menu-item-type-post_type menu-item-object-page menu-item-6987\"><a href=\"https:\/\/cancerfertilityandme.org.uk\/adult-women\/fertility-preservation-options\/egg-freezing\/\" class=\"elementor-item\" tabindex=\"-1\">Einfrieren von Eizellen<\/a><\/li>\n<li class=\"menu-item menu-item-type-post_type menu-item-object-page menu-item-6988\"><a href=\"https:\/\/cancerfertilityandme.org.uk\/adult-women\/fertility-preservation-options\/embryo-freezing\/\" class=\"elementor-item\" tabindex=\"-1\">Einfrieren von Embryonen<\/a><\/li>\n<li class=\"menu-item menu-item-type-post_type menu-item-object-page menu-item-6992\"><a href=\"https:\/\/cancerfertilityandme.org.uk\/adult-women\/fertility-preservation-options\/ovarian-tissue-freezing\/\" class=\"elementor-item\" tabindex=\"-1\">Einfrieren von Eierstockgewebe<\/a><\/li>\n<li class=\"menu-item menu-item-type-post_type menu-item-object-page menu-item-6991\"><a href=\"https:\/\/cancerfertilityandme.org.uk\/adult-women\/fertility-preservation-options\/ovarian-suppression\/\" class=\"elementor-item\" tabindex=\"-1\">Unterdr\u00fcckung der Eierst\u00f6cke<\/a><\/li>\n<li class=\"menu-item menu-item-type-post_type menu-item-object-page menu-item-6986\"><a href=\"https:\/\/cancerfertilityandme.org.uk\/adult-women\/fertility-preservation-options\/cancer-specific-fertility-sparing-options\/\" class=\"elementor-item\" tabindex=\"-1\">Fruchtbarkeitserhaltende Verfahren bei bestimmten Krebsarten<\/a><\/li>\n<li class=\"menu-item menu-item-type-post_type menu-item-object-page menu-item-11368\"><a href=\"https:\/\/cancerfertilityandme.org.uk\/adult-women\/fertility-preservation-options\/other-cancer-treatments\/\" class=\"elementor-item\" tabindex=\"-1\">Andere Krebsbehandlungen<\/a><\/li>\n<li class=\"menu-item menu-item-type-post_type menu-item-object-page menu-item-6993\"><a href=\"https:\/\/cancerfertilityandme.org.uk\/adult-women\/fertility-preservation-options\/questions-to-ask-your-cancer-fertility-care-teams\/\" class=\"elementor-item\" tabindex=\"-1\">Fragen an das Krebsteam und das Fertilit\u00e4tsbehandlungsteam<\/a><\/li>\n<\/ul>\t\t\t<\/nav>\n\t\t\t\t\t\t<\/div>\n\t\t\t\t<\/div>\n\t\t\t\t<\/div>\n\t\t\t\t<\/div>\n\t\t\t\t\t<\/div>\n\t\t\t\t<\/main>\n\t\t\t\t<\/div>\n\t\t","protected":false},"excerpt":{"rendered":"<p>Keine Fruchtbarkeitserhaltung Diese Option bedeutet, dass man sich vor Beginn der Krebsbehandlung gegen eine Behandlung zur Erhaltung der Fruchtbarkeit entscheidet. Nicht alle Frauen, die eine Krebstherapie beginnen, m\u00f6chten eine Behandlung zur Erhaltung ihrer Fruchtbarkeit durchf\u00fchren lassen. Nicht alle Frauen sind aufgrund ihrer Krebsart und ihres Krebsstadiums in der Lage, ihre Fruchtbarkeit zu erhalten. F\u00fcr wen [&hellip;]<\/p>\n","protected":false},"author":1,"featured_media":0,"parent":5943,"menu_order":0,"comment_status":"closed","ping_status":"open","template":"","meta":{"footnotes":""},"class_list":["post-5945","page","type-page","status-publish","hentry"],"_links":{"self":[{"href":"https:\/\/cancerfertilityandme.org.uk\/de\/wp-json\/wp\/v2\/pages\/5945","targetHints":{"allow":["GET"]}}],"collection":[{"href":"https:\/\/cancerfertilityandme.org.uk\/de\/wp-json\/wp\/v2\/pages"}],"about":[{"href":"https:\/\/cancerfertilityandme.org.uk\/de\/wp-json\/wp\/v2\/types\/page"}],"author":[{"embeddable":true,"href":"https:\/\/cancerfertilityandme.org.uk\/de\/wp-json\/wp\/v2\/users\/1"}],"replies":[{"embeddable":true,"href":"https:\/\/cancerfertilityandme.org.uk\/de\/wp-json\/wp\/v2\/comments?post=5945"}],"version-history":[{"count":3,"href":"https:\/\/cancerfertilityandme.org.uk\/de\/wp-json\/wp\/v2\/pages\/5945\/revisions"}],"predecessor-version":[{"id":10387,"href":"https:\/\/cancerfertilityandme.org.uk\/de\/wp-json\/wp\/v2\/pages\/5945\/revisions\/10387"}],"up":[{"embeddable":true,"href":"https:\/\/cancerfertilityandme.org.uk\/de\/wp-json\/wp\/v2\/pages\/5943"}],"wp:attachment":[{"href":"https:\/\/cancerfertilityandme.org.uk\/de\/wp-json\/wp\/v2\/media?parent=5945"}],"curies":[{"name":"wp","href":"https:\/\/api.w.org\/{rel}","templated":true}]}}