{"id":5937,"date":"2018-11-07T09:38:13","date_gmt":"2018-11-07T09:38:13","guid":{"rendered":"https:\/\/cancerfertilityandme.org.uk\/hormontherapie\/"},"modified":"2025-11-17T10:55:14","modified_gmt":"2025-11-17T10:55:14","slug":"hormontherapie","status":"publish","type":"page","link":"https:\/\/cancerfertilityandme.org.uk\/de\/erwachsene-frauen\/krebs-fruchtbarkeit-und-das-fortpflanzungssystem\/hormontherapie\/","title":{"rendered":"Hormontherapie"},"content":{"rendered":"\t\t<div data-elementor-type=\"wp-page\" data-elementor-id=\"5937\" class=\"elementor elementor-5937 elementor-5409\" data-elementor-post-type=\"page\">\n\t\t\t\t<main class=\"elementor-element elementor-element-15013d8a e-flex e-con-boxed e-con e-parent\" data-id=\"15013d8a\" data-element_type=\"container\" data-e-type=\"container\">\n\t\t\t\t\t<div class=\"e-con-inner\">\n\t\t<div class=\"elementor-element elementor-element-a1d2e0c e-con-full e-flex e-con e-child\" data-id=\"a1d2e0c\" data-element_type=\"container\" data-e-type=\"container\">\n\t\t\t\t<div class=\"elementor-element elementor-element-1b69158f elementor-widget elementor-widget-text-editor\" data-id=\"1b69158f\" data-element_type=\"widget\" data-e-type=\"widget\" data-widget_type=\"text-editor.default\">\n\t\t\t\t<div class=\"elementor-widget-container\">\n\t\t\t\t\t\t\t\t\t<h2>Hormontherapie<\/h2><p>Hormontherapie \u2013 Bei der Hormontherapie werden Medikamente eingesetzt, die die Wirkung der Hormone im K\u00f6rper ver\u00e4ndern. Sie wird verabreicht, um das Risiko eines Wiederauftretens des Krebses zu verringern. Sie kann auch eingesetzt werden, um einen Krebs zu behandeln, der nach einer Behandlung zur\u00fcckgekehrt ist oder sich ausgebreitet hat.  <\/p><p>Eine Hormontherapie wird Frauen mit Krebserkrankungen verabreicht, die hormonempfindlich oder hormonabh\u00e4ngig sind, und diese Behandlung kann das Wachstum des Krebses verlangsamen oder stoppen. Die Behandlung kann das Wachstum des Krebses verlangsamen oder stoppen, indem entweder a) der Hormonspiegel im K\u00f6rper gesenkt wird oder b) die F\u00e4higkeit der Krebszellen, auf die Hormone zu reagieren, verringert wird und ihr Wachstum gestoppt wird. Die Hormontherapie wird bei Brustkrebs meist \u00fcber einen langen Zeitraum, zwischen 5 und 10 Jahren, eingesetzt.    <\/p><p>Einige dieser Hormone sind die gleichen, die auch f\u00fcr die Fruchtbarkeit ben\u00f6tigt werden, so dass die Behandlung Ihre F\u00e4higkeit, schwanger zu werden und ein Kind zu bekommen, beeintr\u00e4chtigen kann.<\/p><p>Einige g\u00e4ngige Hormontherapien sind Tamoxifen, Goserelin (Zoladex) oder Leuprorelin (Prostap), Anastrozol (Arimidex), Letrozol (Femara) und Exemestan (Aromasin).<\/p><p>Die oben genannten Hormone k\u00f6nnen dazu f\u00fchren, dass Ihre Periode unregelm\u00e4\u00dfig ist oder ausbleibt. Sie k\u00f6nnen einige Monate nach Beendigung der Einnahme wieder einsetzen, sofern Sie w\u00e4hrend der Einnahme des Arzneimittels nicht auf nat\u00fcrliche Weise in die Wechseljahre gekommen sind. Aufgrund der langen Einnahmedauer der Hormone kann es schwierig sein, festzustellen, ob die Wechseljahre w\u00e4hrend der Einnahme eingesetzt haben. M\u00f6glicherweise merken Sie erst, wenn Sie mit der Hormonbehandlung fertig sind, dass die Wechseljahre begonnen haben.   <\/p><p>Die Hormontherapie selbst schadet den Eierst\u00f6cken nicht, daher sollte Ihre Periode einige Monate nach Absetzen wieder auftreten. Wenn Ihre Periode nach einer Hormontherapie nicht wieder auftritt, kann dies an den Auswirkungen einer anderen Behandlung wie einer Chemotherapie liegen, die Sie m\u00f6glicherweise erhalten haben. <\/p><p>Wenn ein Teil Ihrer Behandlung eine Hormontherapie beinhaltet, wird Ihnen geraten, w\u00e4hrend der Behandlung und noch eine Weile danach nicht schwanger zu werden. Einige Frauen k\u00f6nnen eine Pause von der Hormonbehandlung einlegen, um ein Kind zu bekommen. Sprechen Sie mit Ihrem Krebsbehandlungsteam dar\u00fcber..  <\/p>\t\t\t\t\t\t\t\t<\/div>\n\t\t\t\t<\/div>\n\t\t<div class=\"elementor-element elementor-element-389efaba e-con-full e-flex e-con e-child\" data-id=\"389efaba\" data-element_type=\"container\" data-e-type=\"container\" data-settings=\"{&quot;background_background&quot;:&quot;classic&quot;}\">\n\t\t\t\t<div class=\"elementor-element elementor-element-213f02f1 elementor-widget elementor-widget-text-editor\" data-id=\"213f02f1\" data-element_type=\"widget\" data-e-type=\"widget\" data-widget_type=\"text-editor.default\">\n\t\t\t\t<div class=\"elementor-widget-container\">\n\t\t\t\t\t\t\t\t\t<h3>Krebsbehandlungen k\u00f6nnen sich auf die Fruchtbarkeit auswirken:<\/h3><ul><li>Sch\u00e4digung oder Verringerung der Anzahl der in den Eierst\u00f6cken gespeicherten Eizellen.<\/li><li>Sch\u00e4digung eines Teils des K\u00f6rpers, der die Fruchtbarkeitshormone steuert.<\/li><li>Die Entfernung oder Besch\u00e4digung eines Teils des weiblichen Fortpflanzungssystems.<\/li><\/ul><p>Wie sich Krebsbehandlungen auf die Fruchtbarkeit auswirken, h\u00e4ngt von der Art der Krebserkrankung und der Behandlung ab, die Sie erhalten.<\/p><p>Nicht alle Frauen, die sich einer Krebsbehandlung unterziehen, werden in Zukunft ein Fruchtbarkeitsproblem haben.<\/p>\t\t\t\t\t\t\t\t<\/div>\n\t\t\t\t<\/div>\n\t\t\t\t<\/div>\n\t\t\t\t<\/div>\n\t\t<div class=\"elementor-element elementor-element-19bfa29 e-con-full e-flex e-con e-child\" data-id=\"19bfa29\" data-element_type=\"container\" data-e-type=\"container\">\n\t\t<div class=\"elementor-element elementor-element-133a0102 e-con-full e-flex e-con e-child\" data-id=\"133a0102\" data-element_type=\"container\" data-e-type=\"container\">\n\t\t\t\t<div class=\"elementor-element elementor-element-38534fc9 elementor-widget elementor-widget-image\" data-id=\"38534fc9\" data-element_type=\"widget\" data-e-type=\"widget\" data-widget_type=\"image.default\">\n\t\t\t\t<div class=\"elementor-widget-container\">\n\t\t\t\t\t\t\t\t\t\t\t\t\t\t\t\t<a href=\"http:\/\/.\/\">\n\t\t\t\t\t\t\t<img fetchpriority=\"high\" decoding=\"async\" width=\"400\" height=\"440\" src=\"https:\/\/cancerfertilityandme.org.uk\/wp-content\/uploads\/cancerfertilityandme-logo-column-adult-women.png\" class=\"attachment-full size-full wp-image-2281\" alt=\"\" srcset=\"https:\/\/cancerfertilityandme.org.uk\/wp-content\/uploads\/cancerfertilityandme-logo-column-adult-women.png 400w, https:\/\/cancerfertilityandme.org.uk\/wp-content\/uploads\/cancerfertilityandme-logo-column-adult-women-273x300.png 273w\" sizes=\"(max-width: 400px) 100vw, 400px\" \/>\t\t\t\t\t\t\t\t<\/a>\n\t\t\t\t\t\t\t\t\t\t\t\t\t\t\t<\/div>\n\t\t\t\t<\/div>\n\t\t\t\t<\/div>\n\t\t<div class=\"elementor-element elementor-element-2450a12b e-con-full e-flex e-con e-child\" data-id=\"2450a12b\" data-element_type=\"container\" data-e-type=\"container\">\n\t\t\t\t<div class=\"elementor-element elementor-element-52b3e8b4 elementor-widget elementor-widget-heading\" data-id=\"52b3e8b4\" data-element_type=\"widget\" data-e-type=\"widget\" data-widget_type=\"heading.default\">\n\t\t\t\t<div class=\"elementor-widget-container\">\n\t\t\t\t\t<h3 class=\"elementor-heading-title elementor-size-default\">\u00dcber folgenden Link gelangen Sie zu weiteren Informationen<\/h3>\t\t\t\t<\/div>\n\t\t\t\t<\/div>\n\t\t\t\t<div class=\"elementor-element elementor-element-322240e8 elementor-nav-menu--dropdown-none elementor-widget elementor-widget-nav-menu\" data-id=\"322240e8\" data-element_type=\"widget\" data-e-type=\"widget\" data-settings=\"{&quot;layout&quot;:&quot;vertical&quot;,&quot;submenu_icon&quot;:{&quot;value&quot;:&quot;&lt;svg aria-hidden=\\&quot;true\\&quot; class=\\&quot;e-font-icon-svg e-fas-caret-down\\&quot; viewBox=\\&quot;0 0 320 512\\&quot; xmlns=\\&quot;http:\\\/\\\/www.w3.org\\\/2000\\\/svg\\&quot;&gt;&lt;path d=\\&quot;M31.3 192h257.3c17.8 0 26.7 21.5 14.1 34.1L174.1 354.8c-7.8 7.8-20.5 7.8-28.3 0L17.2 226.1C4.6 213.5 13.5 192 31.3 192z\\&quot;&gt;&lt;\\\/path&gt;&lt;\\\/svg&gt;&quot;,&quot;library&quot;:&quot;fa-solid&quot;}}\" data-widget_type=\"nav-menu.default\">\n\t\t\t\t<div class=\"elementor-widget-container\">\n\t\t\t\t\t\t\t\t<nav aria-label=\"Menu\" class=\"elementor-nav-menu--main elementor-nav-menu__container elementor-nav-menu--layout-vertical e--pointer-none\">\n\t\t\t\t<ul id=\"menu-1-322240e8\" class=\"elementor-nav-menu sm-vertical\"><li class=\"menu-item menu-item-type-post_type menu-item-object-page menu-item-6859\"><a href=\"https:\/\/cancerfertilityandme.org.uk\/adult-women\/cancer-fertility-and-the-reproductive-system\/\" class=\"elementor-item\">Krebs, Fruchtbarkeit und das Fortpflanzungssystem<\/a><\/li>\n<li class=\"menu-item menu-item-type-post_type menu-item-object-page menu-item-6853\"><a href=\"https:\/\/cancerfertilityandme.org.uk\/adult-women\/cancer-fertility-and-the-reproductive-system\/how-cancer-treatments-affect-fertility\/\" class=\"elementor-item\">Wie Krebsbehandlungen die Fruchtbarkeit beeinflussen<\/a><\/li>\n<li class=\"menu-item menu-item-type-post_type menu-item-object-page menu-item-6851\"><a href=\"https:\/\/cancerfertilityandme.org.uk\/adult-women\/cancer-fertility-and-the-reproductive-system\/chemotherapy\/\" class=\"elementor-item\">Chemotherapy<\/a><\/li>\n<li class=\"menu-item menu-item-type-post_type menu-item-object-page menu-item-6856\"><a href=\"https:\/\/cancerfertilityandme.org.uk\/adult-women\/cancer-fertility-and-the-reproductive-system\/radiotherapy\/\" class=\"elementor-item\">Strahlentherapie<\/a><\/li>\n<li class=\"menu-item menu-item-type-post_type menu-item-object-page menu-item-6857\"><a href=\"https:\/\/cancerfertilityandme.org.uk\/adult-women\/cancer-fertility-and-the-reproductive-system\/surgery\/\" class=\"elementor-item\">Chirurgie<\/a><\/li>\n<li class=\"menu-item menu-item-type-post_type menu-item-object-page menu-item-6852\"><a href=\"https:\/\/cancerfertilityandme.org.uk\/adult-women\/cancer-fertility-and-the-reproductive-system\/hormone-therapy\/\" class=\"elementor-item\">Hormontherapie<\/a><\/li>\n<li class=\"menu-item menu-item-type-post_type menu-item-object-page menu-item-6858\"><a href=\"https:\/\/cancerfertilityandme.org.uk\/adult-women\/cancer-fertility-and-the-reproductive-system\/targeted-drug-therapies\/\" class=\"elementor-item\">Zielgerichtete medikament\u00f6se Therapien<\/a><\/li>\n<li class=\"menu-item menu-item-type-post_type menu-item-object-page menu-item-6855\"><a href=\"https:\/\/cancerfertilityandme.org.uk\/adult-women\/cancer-fertility-and-the-reproductive-system\/questions-to-ask\/\" class=\"elementor-item\">Zu stellende Fragen<\/a><\/li>\n<\/ul>\t\t\t<\/nav>\n\t\t\t\t\t\t<nav class=\"elementor-nav-menu--dropdown elementor-nav-menu__container\" aria-hidden=\"true\">\n\t\t\t\t<ul id=\"menu-2-322240e8\" class=\"elementor-nav-menu sm-vertical\"><li class=\"menu-item menu-item-type-post_type menu-item-object-page menu-item-6859\"><a href=\"https:\/\/cancerfertilityandme.org.uk\/adult-women\/cancer-fertility-and-the-reproductive-system\/\" class=\"elementor-item\" tabindex=\"-1\">Krebs, Fruchtbarkeit und das Fortpflanzungssystem<\/a><\/li>\n<li class=\"menu-item menu-item-type-post_type menu-item-object-page menu-item-6853\"><a href=\"https:\/\/cancerfertilityandme.org.uk\/adult-women\/cancer-fertility-and-the-reproductive-system\/how-cancer-treatments-affect-fertility\/\" class=\"elementor-item\" tabindex=\"-1\">Wie Krebsbehandlungen die Fruchtbarkeit beeinflussen<\/a><\/li>\n<li class=\"menu-item menu-item-type-post_type menu-item-object-page menu-item-6851\"><a href=\"https:\/\/cancerfertilityandme.org.uk\/adult-women\/cancer-fertility-and-the-reproductive-system\/chemotherapy\/\" class=\"elementor-item\" tabindex=\"-1\">Chemotherapy<\/a><\/li>\n<li class=\"menu-item menu-item-type-post_type menu-item-object-page menu-item-6856\"><a href=\"https:\/\/cancerfertilityandme.org.uk\/adult-women\/cancer-fertility-and-the-reproductive-system\/radiotherapy\/\" class=\"elementor-item\" tabindex=\"-1\">Strahlentherapie<\/a><\/li>\n<li class=\"menu-item menu-item-type-post_type menu-item-object-page menu-item-6857\"><a href=\"https:\/\/cancerfertilityandme.org.uk\/adult-women\/cancer-fertility-and-the-reproductive-system\/surgery\/\" class=\"elementor-item\" tabindex=\"-1\">Chirurgie<\/a><\/li>\n<li class=\"menu-item menu-item-type-post_type menu-item-object-page menu-item-6852\"><a href=\"https:\/\/cancerfertilityandme.org.uk\/adult-women\/cancer-fertility-and-the-reproductive-system\/hormone-therapy\/\" class=\"elementor-item\" tabindex=\"-1\">Hormontherapie<\/a><\/li>\n<li class=\"menu-item menu-item-type-post_type menu-item-object-page menu-item-6858\"><a href=\"https:\/\/cancerfertilityandme.org.uk\/adult-women\/cancer-fertility-and-the-reproductive-system\/targeted-drug-therapies\/\" class=\"elementor-item\" tabindex=\"-1\">Zielgerichtete medikament\u00f6se Therapien<\/a><\/li>\n<li class=\"menu-item menu-item-type-post_type menu-item-object-page menu-item-6855\"><a href=\"https:\/\/cancerfertilityandme.org.uk\/adult-women\/cancer-fertility-and-the-reproductive-system\/questions-to-ask\/\" class=\"elementor-item\" tabindex=\"-1\">Zu stellende Fragen<\/a><\/li>\n<\/ul>\t\t\t<\/nav>\n\t\t\t\t\t\t<\/div>\n\t\t\t\t<\/div>\n\t\t\t\t<\/div>\n\t\t\t\t<\/div>\n\t\t\t\t\t<\/div>\n\t\t\t\t<\/main>\n\t\t\t\t<\/div>\n\t\t","protected":false},"excerpt":{"rendered":"<p>Hormontherapie Hormontherapie \u2013 Bei der Hormontherapie werden Medikamente eingesetzt, die die Wirkung der Hormone im K\u00f6rper ver\u00e4ndern. Sie wird verabreicht, um das Risiko eines Wiederauftretens des Krebses zu verringern. Sie kann auch eingesetzt werden, um einen Krebs zu behandeln, der nach einer Behandlung zur\u00fcckgekehrt ist oder sich ausgebreitet hat. Eine Hormontherapie wird Frauen mit Krebserkrankungen [&hellip;]<\/p>\n","protected":false},"author":1,"featured_media":0,"parent":5921,"menu_order":0,"comment_status":"closed","ping_status":"open","template":"","meta":{"footnotes":""},"class_list":["post-5937","page","type-page","status-publish","hentry"],"_links":{"self":[{"href":"https:\/\/cancerfertilityandme.org.uk\/de\/wp-json\/wp\/v2\/pages\/5937","targetHints":{"allow":["GET"]}}],"collection":[{"href":"https:\/\/cancerfertilityandme.org.uk\/de\/wp-json\/wp\/v2\/pages"}],"about":[{"href":"https:\/\/cancerfertilityandme.org.uk\/de\/wp-json\/wp\/v2\/types\/page"}],"author":[{"embeddable":true,"href":"https:\/\/cancerfertilityandme.org.uk\/de\/wp-json\/wp\/v2\/users\/1"}],"replies":[{"embeddable":true,"href":"https:\/\/cancerfertilityandme.org.uk\/de\/wp-json\/wp\/v2\/comments?post=5937"}],"version-history":[{"count":3,"href":"https:\/\/cancerfertilityandme.org.uk\/de\/wp-json\/wp\/v2\/pages\/5937\/revisions"}],"predecessor-version":[{"id":9358,"href":"https:\/\/cancerfertilityandme.org.uk\/de\/wp-json\/wp\/v2\/pages\/5937\/revisions\/9358"}],"up":[{"embeddable":true,"href":"https:\/\/cancerfertilityandme.org.uk\/de\/wp-json\/wp\/v2\/pages\/5921"}],"wp:attachment":[{"href":"https:\/\/cancerfertilityandme.org.uk\/de\/wp-json\/wp\/v2\/media?parent=5937"}],"curies":[{"name":"wp","href":"https:\/\/api.w.org\/{rel}","templated":true}]}}