{"id":5935,"date":"2018-11-07T09:37:51","date_gmt":"2018-11-07T09:37:51","guid":{"rendered":"https:\/\/cancerfertilityandme.org.uk\/chirurgie\/"},"modified":"2025-11-17T10:56:25","modified_gmt":"2025-11-17T10:56:25","slug":"chirurgie","status":"publish","type":"page","link":"https:\/\/cancerfertilityandme.org.uk\/de\/erwachsene-frauen\/krebs-fruchtbarkeit-und-das-fortpflanzungssystem\/chirurgie\/","title":{"rendered":"Chirurgie"},"content":{"rendered":"\t\t<div data-elementor-type=\"wp-page\" data-elementor-id=\"5935\" class=\"elementor elementor-5935 elementor-5407\" data-elementor-post-type=\"page\">\n\t\t\t\t<main class=\"elementor-element elementor-element-2f18bb00 e-flex e-con-boxed e-con e-parent\" data-id=\"2f18bb00\" data-element_type=\"container\" data-e-type=\"container\">\n\t\t\t\t\t<div class=\"e-con-inner\">\n\t\t<div class=\"elementor-element elementor-element-169562a4 e-con-full e-flex e-con e-child\" data-id=\"169562a4\" data-element_type=\"container\" data-e-type=\"container\">\n\t\t\t\t<div class=\"elementor-element elementor-element-622fe5e9 elementor-widget elementor-widget-text-editor\" data-id=\"622fe5e9\" data-element_type=\"widget\" data-e-type=\"widget\" data-widget_type=\"text-editor.default\">\n\t\t\t\t<div class=\"elementor-widget-container\">\n\t\t\t\t\t\t\t\t\t<h2>Chirurgie<\/h2><p>Chirurgie \u2013 Bei einem chirurgischen Eingriff wird der Krebs durch eine Operation aus dem K\u00f6rper entfernt. Manchmal bedeutet die Entfernung des Krebses auch die Entfernung des K\u00f6rperteils, in dem der Krebs eingewachsen ist. Bei Frauen, die zur Behandlung einer Krebserkrankung der Eierst\u00f6cke, des Geb\u00e4rmutterhalses oder der Geb\u00e4rmutter operiert werden m\u00fcssen, kann es zu Problemen mit ihrer Fruchtbarkeit kommen. Wie sich die Operation auf die Fruchtbarkeit auswirkt, h\u00e4ngt von der Art des Krebses ab, den Sie haben.   <\/p><ul><li>Einige Operationen im Unterleib k\u00f6nnen zu Narbenbildung in den Eileitern f\u00fchren. Dies kann die Eizellen daran hindern, zu den Spermien zu gelangen. <\/li><li>Die Entfernung der Geb\u00e4rmutter bei einer Hysterektomie f\u00fchrt dazu, dass eine Frau kein Kind mehr austragen kann.<\/li><li>Wenn die Eierst\u00f6cke operativ entfernt werden (Oophorektomie), kann eine Frau nicht mit ihren eigenen Eizellen schwanger werden (es sei denn, das Eierstockgewebe wird zum Zeitpunkt der Operation eingefroren).<\/li><li>Einige weibliche Geschlechtsorgane k\u00f6nnen w\u00e4hrend der Operation entfernt werden. Dies geschieht zur Behandlung anderer Unterleibskrebsarten, wie Blasenkrebs, der sich im Unterleib ausbreiten kann. <\/li><li>Bei Operationen am Gehirn zur Behandlung von Hirntumoren kann die Hirnanhangsdr\u00fcse gesch\u00e4digt werden. Die Hypophyse produziert die Hormone, die an der Eizellenproduktion beteiligt sind. Frauen, deren Hypophyse gesch\u00e4digt ist, sind m\u00f6glicherweise nicht in der Lage, die Signale zu senden, die f\u00fcr die Nutzung der im Eierstock verbliebenen Eizellen erforderlich sind.  <\/li><\/ul>\t\t\t\t\t\t\t\t<\/div>\n\t\t\t\t<\/div>\n\t\t<div class=\"elementor-element elementor-element-54140867 e-con-full e-flex e-con e-child\" data-id=\"54140867\" data-element_type=\"container\" data-e-type=\"container\" data-settings=\"{&quot;background_background&quot;:&quot;classic&quot;}\">\n\t\t\t\t<div class=\"elementor-element elementor-element-172bd558 elementor-widget elementor-widget-text-editor\" data-id=\"172bd558\" data-element_type=\"widget\" data-e-type=\"widget\" data-widget_type=\"text-editor.default\">\n\t\t\t\t<div class=\"elementor-widget-container\">\n\t\t\t\t\t\t\t\t\t<h3>Krebsbehandlungen k\u00f6nnen sich auf die Fruchtbarkeit auswirken:<\/h3><ul><li>Sch\u00e4digung oder Verringerung der Anzahl der in den Eierst\u00f6cken gespeicherten Eizellen.<\/li><li>Sch\u00e4digung eines Teils des K\u00f6rpers, der die Fruchtbarkeitshormone steuert.<\/li><li>Die Entfernung oder Besch\u00e4digung eines Teils des weiblichen Fortpflanzungssystems.<\/li><\/ul><p>Wie sich Krebsbehandlungen auf die Fruchtbarkeit auswirken, h\u00e4ngt von der Art der Krebserkrankung und der Behandlung ab, die Sie erhalten.<\/p><p>Nicht alle Frauen, die sich einer Krebsbehandlung unterziehen, werden in Zukunft ein Fruchtbarkeitsproblem haben.<\/p>\t\t\t\t\t\t\t\t<\/div>\n\t\t\t\t<\/div>\n\t\t\t\t<\/div>\n\t\t\t\t<\/div>\n\t\t<div class=\"elementor-element elementor-element-5bba24de e-con-full e-flex e-con e-child\" data-id=\"5bba24de\" data-element_type=\"container\" data-e-type=\"container\">\n\t\t<div class=\"elementor-element elementor-element-762d57fc e-con-full e-flex e-con e-child\" data-id=\"762d57fc\" data-element_type=\"container\" data-e-type=\"container\">\n\t\t\t\t<div class=\"elementor-element elementor-element-24f9cf11 elementor-widget elementor-widget-image\" data-id=\"24f9cf11\" data-element_type=\"widget\" data-e-type=\"widget\" data-widget_type=\"image.default\">\n\t\t\t\t<div class=\"elementor-widget-container\">\n\t\t\t\t\t\t\t\t\t\t\t\t\t\t\t\t<a href=\"http:\/\/.\/\">\n\t\t\t\t\t\t\t<img fetchpriority=\"high\" decoding=\"async\" width=\"400\" height=\"440\" src=\"https:\/\/cancerfertilityandme.org.uk\/wp-content\/uploads\/cancerfertilityandme-logo-column-adult-women.png\" class=\"attachment-full size-full wp-image-2281\" alt=\"\" srcset=\"https:\/\/cancerfertilityandme.org.uk\/wp-content\/uploads\/cancerfertilityandme-logo-column-adult-women.png 400w, https:\/\/cancerfertilityandme.org.uk\/wp-content\/uploads\/cancerfertilityandme-logo-column-adult-women-273x300.png 273w\" sizes=\"(max-width: 400px) 100vw, 400px\" \/>\t\t\t\t\t\t\t\t<\/a>\n\t\t\t\t\t\t\t\t\t\t\t\t\t\t\t<\/div>\n\t\t\t\t<\/div>\n\t\t\t\t<\/div>\n\t\t<div class=\"elementor-element elementor-element-374c639d e-con-full e-flex e-con e-child\" data-id=\"374c639d\" data-element_type=\"container\" data-e-type=\"container\">\n\t\t\t\t<div class=\"elementor-element elementor-element-522ba385 elementor-widget elementor-widget-heading\" data-id=\"522ba385\" data-element_type=\"widget\" data-e-type=\"widget\" data-widget_type=\"heading.default\">\n\t\t\t\t<div class=\"elementor-widget-container\">\n\t\t\t\t\t<h3 class=\"elementor-heading-title elementor-size-default\">\u00dcber folgenden Link gelangen Sie zu weiteren Informationen<\/h3>\t\t\t\t<\/div>\n\t\t\t\t<\/div>\n\t\t\t\t<div class=\"elementor-element elementor-element-56254ad elementor-nav-menu--dropdown-none elementor-widget elementor-widget-nav-menu\" data-id=\"56254ad\" data-element_type=\"widget\" data-e-type=\"widget\" data-settings=\"{&quot;layout&quot;:&quot;vertical&quot;,&quot;submenu_icon&quot;:{&quot;value&quot;:&quot;&lt;svg aria-hidden=\\&quot;true\\&quot; class=\\&quot;e-font-icon-svg e-fas-caret-down\\&quot; viewBox=\\&quot;0 0 320 512\\&quot; xmlns=\\&quot;http:\\\/\\\/www.w3.org\\\/2000\\\/svg\\&quot;&gt;&lt;path d=\\&quot;M31.3 192h257.3c17.8 0 26.7 21.5 14.1 34.1L174.1 354.8c-7.8 7.8-20.5 7.8-28.3 0L17.2 226.1C4.6 213.5 13.5 192 31.3 192z\\&quot;&gt;&lt;\\\/path&gt;&lt;\\\/svg&gt;&quot;,&quot;library&quot;:&quot;fa-solid&quot;}}\" data-widget_type=\"nav-menu.default\">\n\t\t\t\t<div class=\"elementor-widget-container\">\n\t\t\t\t\t\t\t\t<nav aria-label=\"Menu\" class=\"elementor-nav-menu--main elementor-nav-menu__container elementor-nav-menu--layout-vertical e--pointer-none\">\n\t\t\t\t<ul id=\"menu-1-56254ad\" class=\"elementor-nav-menu sm-vertical\"><li class=\"menu-item menu-item-type-post_type menu-item-object-page menu-item-6859\"><a href=\"https:\/\/cancerfertilityandme.org.uk\/adult-women\/cancer-fertility-and-the-reproductive-system\/\" class=\"elementor-item\">Krebs, Fruchtbarkeit und das Fortpflanzungssystem<\/a><\/li>\n<li class=\"menu-item menu-item-type-post_type menu-item-object-page menu-item-6853\"><a href=\"https:\/\/cancerfertilityandme.org.uk\/adult-women\/cancer-fertility-and-the-reproductive-system\/how-cancer-treatments-affect-fertility\/\" class=\"elementor-item\">Wie Krebsbehandlungen die Fruchtbarkeit beeinflussen<\/a><\/li>\n<li class=\"menu-item menu-item-type-post_type menu-item-object-page menu-item-6851\"><a href=\"https:\/\/cancerfertilityandme.org.uk\/adult-women\/cancer-fertility-and-the-reproductive-system\/chemotherapy\/\" class=\"elementor-item\">Chemotherapy<\/a><\/li>\n<li class=\"menu-item menu-item-type-post_type menu-item-object-page menu-item-6856\"><a href=\"https:\/\/cancerfertilityandme.org.uk\/adult-women\/cancer-fertility-and-the-reproductive-system\/radiotherapy\/\" class=\"elementor-item\">Strahlentherapie<\/a><\/li>\n<li class=\"menu-item menu-item-type-post_type menu-item-object-page menu-item-6857\"><a href=\"https:\/\/cancerfertilityandme.org.uk\/adult-women\/cancer-fertility-and-the-reproductive-system\/surgery\/\" class=\"elementor-item\">Chirurgie<\/a><\/li>\n<li class=\"menu-item menu-item-type-post_type menu-item-object-page menu-item-6852\"><a href=\"https:\/\/cancerfertilityandme.org.uk\/adult-women\/cancer-fertility-and-the-reproductive-system\/hormone-therapy\/\" class=\"elementor-item\">Hormontherapie<\/a><\/li>\n<li class=\"menu-item menu-item-type-post_type menu-item-object-page menu-item-6858\"><a href=\"https:\/\/cancerfertilityandme.org.uk\/adult-women\/cancer-fertility-and-the-reproductive-system\/targeted-drug-therapies\/\" class=\"elementor-item\">Zielgerichtete medikament\u00f6se Therapien<\/a><\/li>\n<li class=\"menu-item menu-item-type-post_type menu-item-object-page menu-item-6855\"><a href=\"https:\/\/cancerfertilityandme.org.uk\/adult-women\/cancer-fertility-and-the-reproductive-system\/questions-to-ask\/\" class=\"elementor-item\">Zu stellende Fragen<\/a><\/li>\n<\/ul>\t\t\t<\/nav>\n\t\t\t\t\t\t<nav class=\"elementor-nav-menu--dropdown elementor-nav-menu__container\" aria-hidden=\"true\">\n\t\t\t\t<ul id=\"menu-2-56254ad\" class=\"elementor-nav-menu sm-vertical\"><li class=\"menu-item menu-item-type-post_type menu-item-object-page menu-item-6859\"><a href=\"https:\/\/cancerfertilityandme.org.uk\/adult-women\/cancer-fertility-and-the-reproductive-system\/\" class=\"elementor-item\" tabindex=\"-1\">Krebs, Fruchtbarkeit und das Fortpflanzungssystem<\/a><\/li>\n<li class=\"menu-item menu-item-type-post_type menu-item-object-page menu-item-6853\"><a href=\"https:\/\/cancerfertilityandme.org.uk\/adult-women\/cancer-fertility-and-the-reproductive-system\/how-cancer-treatments-affect-fertility\/\" class=\"elementor-item\" tabindex=\"-1\">Wie Krebsbehandlungen die Fruchtbarkeit beeinflussen<\/a><\/li>\n<li class=\"menu-item menu-item-type-post_type menu-item-object-page menu-item-6851\"><a href=\"https:\/\/cancerfertilityandme.org.uk\/adult-women\/cancer-fertility-and-the-reproductive-system\/chemotherapy\/\" class=\"elementor-item\" tabindex=\"-1\">Chemotherapy<\/a><\/li>\n<li class=\"menu-item menu-item-type-post_type menu-item-object-page menu-item-6856\"><a href=\"https:\/\/cancerfertilityandme.org.uk\/adult-women\/cancer-fertility-and-the-reproductive-system\/radiotherapy\/\" class=\"elementor-item\" tabindex=\"-1\">Strahlentherapie<\/a><\/li>\n<li class=\"menu-item menu-item-type-post_type menu-item-object-page menu-item-6857\"><a href=\"https:\/\/cancerfertilityandme.org.uk\/adult-women\/cancer-fertility-and-the-reproductive-system\/surgery\/\" class=\"elementor-item\" tabindex=\"-1\">Chirurgie<\/a><\/li>\n<li class=\"menu-item menu-item-type-post_type menu-item-object-page menu-item-6852\"><a href=\"https:\/\/cancerfertilityandme.org.uk\/adult-women\/cancer-fertility-and-the-reproductive-system\/hormone-therapy\/\" class=\"elementor-item\" tabindex=\"-1\">Hormontherapie<\/a><\/li>\n<li class=\"menu-item menu-item-type-post_type menu-item-object-page menu-item-6858\"><a href=\"https:\/\/cancerfertilityandme.org.uk\/adult-women\/cancer-fertility-and-the-reproductive-system\/targeted-drug-therapies\/\" class=\"elementor-item\" tabindex=\"-1\">Zielgerichtete medikament\u00f6se Therapien<\/a><\/li>\n<li class=\"menu-item menu-item-type-post_type menu-item-object-page menu-item-6855\"><a href=\"https:\/\/cancerfertilityandme.org.uk\/adult-women\/cancer-fertility-and-the-reproductive-system\/questions-to-ask\/\" class=\"elementor-item\" tabindex=\"-1\">Zu stellende Fragen<\/a><\/li>\n<\/ul>\t\t\t<\/nav>\n\t\t\t\t\t\t<\/div>\n\t\t\t\t<\/div>\n\t\t\t\t<\/div>\n\t\t\t\t<\/div>\n\t\t\t\t\t<\/div>\n\t\t\t\t<\/main>\n\t\t\t\t<\/div>\n\t\t","protected":false},"excerpt":{"rendered":"<p>Chirurgie Chirurgie \u2013 Bei einem chirurgischen Eingriff wird der Krebs durch eine Operation aus dem K\u00f6rper entfernt. Manchmal bedeutet die Entfernung des Krebses auch die Entfernung des K\u00f6rperteils, in dem der Krebs eingewachsen ist. Bei Frauen, die zur Behandlung einer Krebserkrankung der Eierst\u00f6cke, des Geb\u00e4rmutterhalses oder der Geb\u00e4rmutter operiert werden m\u00fcssen, kann es zu Problemen [&hellip;]<\/p>\n","protected":false},"author":1,"featured_media":0,"parent":5921,"menu_order":0,"comment_status":"closed","ping_status":"open","template":"","meta":{"footnotes":""},"class_list":["post-5935","page","type-page","status-publish","hentry"],"_links":{"self":[{"href":"https:\/\/cancerfertilityandme.org.uk\/de\/wp-json\/wp\/v2\/pages\/5935","targetHints":{"allow":["GET"]}}],"collection":[{"href":"https:\/\/cancerfertilityandme.org.uk\/de\/wp-json\/wp\/v2\/pages"}],"about":[{"href":"https:\/\/cancerfertilityandme.org.uk\/de\/wp-json\/wp\/v2\/types\/page"}],"author":[{"embeddable":true,"href":"https:\/\/cancerfertilityandme.org.uk\/de\/wp-json\/wp\/v2\/users\/1"}],"replies":[{"embeddable":true,"href":"https:\/\/cancerfertilityandme.org.uk\/de\/wp-json\/wp\/v2\/comments?post=5935"}],"version-history":[{"count":3,"href":"https:\/\/cancerfertilityandme.org.uk\/de\/wp-json\/wp\/v2\/pages\/5935\/revisions"}],"predecessor-version":[{"id":9408,"href":"https:\/\/cancerfertilityandme.org.uk\/de\/wp-json\/wp\/v2\/pages\/5935\/revisions\/9408"}],"up":[{"embeddable":true,"href":"https:\/\/cancerfertilityandme.org.uk\/de\/wp-json\/wp\/v2\/pages\/5921"}],"wp:attachment":[{"href":"https:\/\/cancerfertilityandme.org.uk\/de\/wp-json\/wp\/v2\/media?parent=5935"}],"curies":[{"name":"wp","href":"https:\/\/api.w.org\/{rel}","templated":true}]}}