{"id":5933,"date":"2018-11-07T09:37:24","date_gmt":"2018-11-07T09:37:24","guid":{"rendered":"https:\/\/cancerfertilityandme.org.uk\/chemotherapie\/"},"modified":"2025-11-17T10:55:02","modified_gmt":"2025-11-17T10:55:02","slug":"chemotherapie","status":"publish","type":"page","link":"https:\/\/cancerfertilityandme.org.uk\/de\/erwachsene-frauen\/krebs-fruchtbarkeit-und-das-fortpflanzungssystem\/chemotherapie\/","title":{"rendered":"Chemotherapy"},"content":{"rendered":"\t\t<div data-elementor-type=\"wp-page\" data-elementor-id=\"5933\" class=\"elementor elementor-5933 elementor-5403\" data-elementor-post-type=\"page\">\n\t\t\t\t<main class=\"elementor-element elementor-element-4fa56e44 e-flex e-con-boxed e-con e-parent\" data-id=\"4fa56e44\" data-element_type=\"container\" data-e-type=\"container\">\n\t\t\t\t\t<div class=\"e-con-inner\">\n\t\t<div class=\"elementor-element elementor-element-5efa7440 e-con-full e-flex e-con e-child\" data-id=\"5efa7440\" data-element_type=\"container\" data-e-type=\"container\">\n\t\t\t\t<div class=\"elementor-element elementor-element-10cf322b elementor-widget elementor-widget-text-editor\" data-id=\"10cf322b\" data-element_type=\"widget\" data-e-type=\"widget\" data-widget_type=\"text-editor.default\">\n\t\t\t\t<div class=\"elementor-widget-container\">\n\t\t\t\t\t\t\t\t\t<h2>Chemotherapy<\/h2><p>Bei der Chemotherapie werden Medikamente eingesetzt, um Krebszellen abzut\u00f6ten oder ihr Wachstum zu verlangsamen. Sie hat oft Nebenwirkungen auf gesunde Zellen im K\u00f6rper und kann die Fruchtbarkeit einer Frau beeintr\u00e4chtigen. Dies kann die Eierst\u00f6cke sch\u00e4digen und die Anzahl der Eizellen (Eierstockreserve) verringern.  <\/p><p>Die Auswirkungen der Chemotherapie auf die Fruchtbarkeit h\u00e4ngen von folgenden Faktoren ab:<\/p><ul><li>Von der Art der Medikamente die Sie erhalten.<\/li><li>Der Dosis und der Dauer der Einnahme der Medikamente.<\/li><li>Von der Kombination der Medikamente, die Sie erhalten.<\/li><li>Ihrem Alter und Ihrem bisherigen Fruchtbarkeitsstatus.<\/li><\/ul><p>Eine Chemotherapie kann die Eierst\u00f6cke und Eizellen einer Frau sch\u00e4digen. Dies kann dazu f\u00fchren, dass der Menstruationszyklus einer Frau w\u00e4hrend der Chemotherapie h\u00e4ufig ausbleibt (Amenorrh\u00f6) oder unregelm\u00e4\u00dfig wird (Oligomenorrh\u00f6). Dies kann vor\u00fcbergehend oder dauerhaft sein.  <\/p>\t\t\t\t\t\t\t\t<\/div>\n\t\t\t\t<\/div>\n\t\t<div class=\"elementor-element elementor-element-2dd22c26 e-con-full e-flex e-con e-child\" data-id=\"2dd22c26\" data-element_type=\"container\" data-e-type=\"container\" data-settings=\"{&quot;background_background&quot;:&quot;classic&quot;}\">\n\t\t\t\t<div class=\"elementor-element elementor-element-1c449ffa elementor-widget elementor-widget-text-editor\" data-id=\"1c449ffa\" data-element_type=\"widget\" data-e-type=\"widget\" data-widget_type=\"text-editor.default\">\n\t\t\t\t<div class=\"elementor-widget-container\">\n\t\t\t\t\t\t\t\t\t<h3>Ver\u00e4nderungen des Menstruationszyklus<\/h3><h4>Vor\u00fcbergehend<\/h4><p>Wenn die Ver\u00e4nderungen des Menstruationszyklus vor\u00fcbergehend sind, kehrt Ihre Periode nach der Krebsbehandlung wieder zur\u00fcck. Dies kann innerhalb weniger Monate geschehen, aber auch bis zu einem Jahr oder l\u00e4nger dauern. Je j\u00fcnger Sie sind, wenn Sie eine Chemotherapie erhalten, und wenn Sie unter 35 sind, desto wahrscheinlicher ist es, dass Ihre Periode zur\u00fcckkehrt. Die Anzahl der Jahre, in denen Sie fruchtbar sind, kann geringer sein. Selbst wenn Ihre Periode zur\u00fcckkehrt, bedeutet dies nicht immer, dass Sie schwanger werden k\u00f6nnen.    <\/p><h4>Dauerhaft<\/h4><p>Wenn die Ver\u00e4nderungen des Menstruationszyklus dauerhaft sind, bedeutet dies, dass Ihre Periode nach der Krebsbehandlung nicht wiederkehrt und die Wechseljahre beginnen. Bei Frauen \u00fcber 35 Jahren ist die Wahrscheinlichkeit gr\u00f6\u00dfer, dass sie nach einer Krebsbehandlung unfruchtbar sind. <\/p>\t\t\t\t\t\t\t\t<\/div>\n\t\t\t\t<\/div>\n\t\t\t\t<\/div>\n\t\t\t\t<\/div>\n\t\t<div class=\"elementor-element elementor-element-5110ee42 e-con-full e-flex e-con e-child\" data-id=\"5110ee42\" data-element_type=\"container\" data-e-type=\"container\">\n\t\t<div class=\"elementor-element elementor-element-4ea5cb71 e-con-full e-flex e-con e-child\" data-id=\"4ea5cb71\" data-element_type=\"container\" data-e-type=\"container\">\n\t\t\t\t<div class=\"elementor-element elementor-element-68742dde elementor-widget elementor-widget-image\" data-id=\"68742dde\" data-element_type=\"widget\" data-e-type=\"widget\" data-widget_type=\"image.default\">\n\t\t\t\t<div class=\"elementor-widget-container\">\n\t\t\t\t\t\t\t\t\t\t\t\t\t\t\t\t<a href=\"http:\/\/.\/\">\n\t\t\t\t\t\t\t<img fetchpriority=\"high\" decoding=\"async\" width=\"400\" height=\"440\" src=\"https:\/\/cancerfertilityandme.org.uk\/wp-content\/uploads\/cancerfertilityandme-logo-column-adult-women.png\" class=\"attachment-full size-full wp-image-2281\" alt=\"\" srcset=\"https:\/\/cancerfertilityandme.org.uk\/wp-content\/uploads\/cancerfertilityandme-logo-column-adult-women.png 400w, https:\/\/cancerfertilityandme.org.uk\/wp-content\/uploads\/cancerfertilityandme-logo-column-adult-women-273x300.png 273w\" sizes=\"(max-width: 400px) 100vw, 400px\" \/>\t\t\t\t\t\t\t\t<\/a>\n\t\t\t\t\t\t\t\t\t\t\t\t\t\t\t<\/div>\n\t\t\t\t<\/div>\n\t\t\t\t<\/div>\n\t\t<div class=\"elementor-element elementor-element-8cd3d9a e-con-full e-flex e-con e-child\" data-id=\"8cd3d9a\" data-element_type=\"container\" data-e-type=\"container\">\n\t\t\t\t<div class=\"elementor-element elementor-element-135bacb0 elementor-widget elementor-widget-heading\" data-id=\"135bacb0\" data-element_type=\"widget\" data-e-type=\"widget\" data-widget_type=\"heading.default\">\n\t\t\t\t<div class=\"elementor-widget-container\">\n\t\t\t\t\t<h3 class=\"elementor-heading-title elementor-size-default\">\u00dcber folgenden Link gelangen Sie zu weiteren Informationen<\/h3>\t\t\t\t<\/div>\n\t\t\t\t<\/div>\n\t\t\t\t<div class=\"elementor-element elementor-element-eae2777 elementor-nav-menu--dropdown-none elementor-widget elementor-widget-nav-menu\" data-id=\"eae2777\" data-element_type=\"widget\" data-e-type=\"widget\" data-settings=\"{&quot;layout&quot;:&quot;vertical&quot;,&quot;submenu_icon&quot;:{&quot;value&quot;:&quot;&lt;svg aria-hidden=\\&quot;true\\&quot; class=\\&quot;e-font-icon-svg e-fas-caret-down\\&quot; viewBox=\\&quot;0 0 320 512\\&quot; xmlns=\\&quot;http:\\\/\\\/www.w3.org\\\/2000\\\/svg\\&quot;&gt;&lt;path d=\\&quot;M31.3 192h257.3c17.8 0 26.7 21.5 14.1 34.1L174.1 354.8c-7.8 7.8-20.5 7.8-28.3 0L17.2 226.1C4.6 213.5 13.5 192 31.3 192z\\&quot;&gt;&lt;\\\/path&gt;&lt;\\\/svg&gt;&quot;,&quot;library&quot;:&quot;fa-solid&quot;}}\" data-widget_type=\"nav-menu.default\">\n\t\t\t\t<div class=\"elementor-widget-container\">\n\t\t\t\t\t\t\t\t<nav aria-label=\"Menu\" class=\"elementor-nav-menu--main elementor-nav-menu__container elementor-nav-menu--layout-vertical e--pointer-none\">\n\t\t\t\t<ul id=\"menu-1-eae2777\" class=\"elementor-nav-menu sm-vertical\"><li class=\"menu-item menu-item-type-post_type menu-item-object-page menu-item-6859\"><a href=\"https:\/\/cancerfertilityandme.org.uk\/adult-women\/cancer-fertility-and-the-reproductive-system\/\" class=\"elementor-item\">Krebs, Fruchtbarkeit und das Fortpflanzungssystem<\/a><\/li>\n<li class=\"menu-item menu-item-type-post_type menu-item-object-page menu-item-6853\"><a href=\"https:\/\/cancerfertilityandme.org.uk\/adult-women\/cancer-fertility-and-the-reproductive-system\/how-cancer-treatments-affect-fertility\/\" class=\"elementor-item\">Wie Krebsbehandlungen die Fruchtbarkeit beeinflussen<\/a><\/li>\n<li class=\"menu-item menu-item-type-post_type menu-item-object-page menu-item-6851\"><a href=\"https:\/\/cancerfertilityandme.org.uk\/adult-women\/cancer-fertility-and-the-reproductive-system\/chemotherapy\/\" class=\"elementor-item\">Chemotherapy<\/a><\/li>\n<li class=\"menu-item menu-item-type-post_type menu-item-object-page menu-item-6856\"><a href=\"https:\/\/cancerfertilityandme.org.uk\/adult-women\/cancer-fertility-and-the-reproductive-system\/radiotherapy\/\" class=\"elementor-item\">Strahlentherapie<\/a><\/li>\n<li class=\"menu-item menu-item-type-post_type menu-item-object-page menu-item-6857\"><a href=\"https:\/\/cancerfertilityandme.org.uk\/adult-women\/cancer-fertility-and-the-reproductive-system\/surgery\/\" class=\"elementor-item\">Chirurgie<\/a><\/li>\n<li class=\"menu-item menu-item-type-post_type menu-item-object-page menu-item-6852\"><a href=\"https:\/\/cancerfertilityandme.org.uk\/adult-women\/cancer-fertility-and-the-reproductive-system\/hormone-therapy\/\" class=\"elementor-item\">Hormontherapie<\/a><\/li>\n<li class=\"menu-item menu-item-type-post_type menu-item-object-page menu-item-6858\"><a href=\"https:\/\/cancerfertilityandme.org.uk\/adult-women\/cancer-fertility-and-the-reproductive-system\/targeted-drug-therapies\/\" class=\"elementor-item\">Zielgerichtete medikament\u00f6se Therapien<\/a><\/li>\n<li class=\"menu-item menu-item-type-post_type menu-item-object-page menu-item-6855\"><a href=\"https:\/\/cancerfertilityandme.org.uk\/adult-women\/cancer-fertility-and-the-reproductive-system\/questions-to-ask\/\" class=\"elementor-item\">Zu stellende Fragen<\/a><\/li>\n<\/ul>\t\t\t<\/nav>\n\t\t\t\t\t\t<nav class=\"elementor-nav-menu--dropdown elementor-nav-menu__container\" aria-hidden=\"true\">\n\t\t\t\t<ul id=\"menu-2-eae2777\" class=\"elementor-nav-menu sm-vertical\"><li class=\"menu-item menu-item-type-post_type menu-item-object-page menu-item-6859\"><a href=\"https:\/\/cancerfertilityandme.org.uk\/adult-women\/cancer-fertility-and-the-reproductive-system\/\" class=\"elementor-item\" tabindex=\"-1\">Krebs, Fruchtbarkeit und das Fortpflanzungssystem<\/a><\/li>\n<li class=\"menu-item menu-item-type-post_type menu-item-object-page menu-item-6853\"><a href=\"https:\/\/cancerfertilityandme.org.uk\/adult-women\/cancer-fertility-and-the-reproductive-system\/how-cancer-treatments-affect-fertility\/\" class=\"elementor-item\" tabindex=\"-1\">Wie Krebsbehandlungen die Fruchtbarkeit beeinflussen<\/a><\/li>\n<li class=\"menu-item menu-item-type-post_type menu-item-object-page menu-item-6851\"><a href=\"https:\/\/cancerfertilityandme.org.uk\/adult-women\/cancer-fertility-and-the-reproductive-system\/chemotherapy\/\" class=\"elementor-item\" tabindex=\"-1\">Chemotherapy<\/a><\/li>\n<li class=\"menu-item menu-item-type-post_type menu-item-object-page menu-item-6856\"><a href=\"https:\/\/cancerfertilityandme.org.uk\/adult-women\/cancer-fertility-and-the-reproductive-system\/radiotherapy\/\" class=\"elementor-item\" tabindex=\"-1\">Strahlentherapie<\/a><\/li>\n<li class=\"menu-item menu-item-type-post_type menu-item-object-page menu-item-6857\"><a href=\"https:\/\/cancerfertilityandme.org.uk\/adult-women\/cancer-fertility-and-the-reproductive-system\/surgery\/\" class=\"elementor-item\" tabindex=\"-1\">Chirurgie<\/a><\/li>\n<li class=\"menu-item menu-item-type-post_type menu-item-object-page menu-item-6852\"><a href=\"https:\/\/cancerfertilityandme.org.uk\/adult-women\/cancer-fertility-and-the-reproductive-system\/hormone-therapy\/\" class=\"elementor-item\" tabindex=\"-1\">Hormontherapie<\/a><\/li>\n<li class=\"menu-item menu-item-type-post_type menu-item-object-page menu-item-6858\"><a href=\"https:\/\/cancerfertilityandme.org.uk\/adult-women\/cancer-fertility-and-the-reproductive-system\/targeted-drug-therapies\/\" class=\"elementor-item\" tabindex=\"-1\">Zielgerichtete medikament\u00f6se Therapien<\/a><\/li>\n<li class=\"menu-item menu-item-type-post_type menu-item-object-page menu-item-6855\"><a href=\"https:\/\/cancerfertilityandme.org.uk\/adult-women\/cancer-fertility-and-the-reproductive-system\/questions-to-ask\/\" class=\"elementor-item\" tabindex=\"-1\">Zu stellende Fragen<\/a><\/li>\n<\/ul>\t\t\t<\/nav>\n\t\t\t\t\t\t<\/div>\n\t\t\t\t<\/div>\n\t\t\t\t<\/div>\n\t\t\t\t<\/div>\n\t\t\t\t\t<\/div>\n\t\t\t\t<\/main>\n\t\t\t\t<\/div>\n\t\t","protected":false},"excerpt":{"rendered":"<p>Chemotherapy Bei der Chemotherapie werden Medikamente eingesetzt, um Krebszellen abzut\u00f6ten oder ihr Wachstum zu verlangsamen. Sie hat oft Nebenwirkungen auf gesunde Zellen im K\u00f6rper und kann die Fruchtbarkeit einer Frau beeintr\u00e4chtigen. Dies kann die Eierst\u00f6cke sch\u00e4digen und die Anzahl der Eizellen (Eierstockreserve) verringern. Die Auswirkungen der Chemotherapie auf die Fruchtbarkeit h\u00e4ngen von folgenden Faktoren ab: [&hellip;]<\/p>\n","protected":false},"author":1,"featured_media":0,"parent":5921,"menu_order":0,"comment_status":"closed","ping_status":"open","template":"","meta":{"footnotes":""},"class_list":["post-5933","page","type-page","status-publish","hentry"],"_links":{"self":[{"href":"https:\/\/cancerfertilityandme.org.uk\/de\/wp-json\/wp\/v2\/pages\/5933","targetHints":{"allow":["GET"]}}],"collection":[{"href":"https:\/\/cancerfertilityandme.org.uk\/de\/wp-json\/wp\/v2\/pages"}],"about":[{"href":"https:\/\/cancerfertilityandme.org.uk\/de\/wp-json\/wp\/v2\/types\/page"}],"author":[{"embeddable":true,"href":"https:\/\/cancerfertilityandme.org.uk\/de\/wp-json\/wp\/v2\/users\/1"}],"replies":[{"embeddable":true,"href":"https:\/\/cancerfertilityandme.org.uk\/de\/wp-json\/wp\/v2\/comments?post=5933"}],"version-history":[{"count":4,"href":"https:\/\/cancerfertilityandme.org.uk\/de\/wp-json\/wp\/v2\/pages\/5933\/revisions"}],"predecessor-version":[{"id":9348,"href":"https:\/\/cancerfertilityandme.org.uk\/de\/wp-json\/wp\/v2\/pages\/5933\/revisions\/9348"}],"up":[{"embeddable":true,"href":"https:\/\/cancerfertilityandme.org.uk\/de\/wp-json\/wp\/v2\/pages\/5921"}],"wp:attachment":[{"href":"https:\/\/cancerfertilityandme.org.uk\/de\/wp-json\/wp\/v2\/media?parent=5933"}],"curies":[{"name":"wp","href":"https:\/\/api.w.org\/{rel}","templated":true}]}}