{"id":5923,"date":"2018-11-07T09:36:40","date_gmt":"2018-11-07T09:36:40","guid":{"rendered":"https:\/\/cancerfertilityandme.org.uk\/wie-krebsbehandlungen-die-fruchtbarkeit-beeinflussen\/"},"modified":"2026-03-03T15:55:33","modified_gmt":"2026-03-03T15:55:33","slug":"wie-krebsbehandlungen-die-fruchtbarkeit-beeinflussen","status":"publish","type":"page","link":"https:\/\/cancerfertilityandme.org.uk\/de\/erwachsene-frauen\/krebs-fruchtbarkeit-und-das-fortpflanzungssystem\/wie-krebsbehandlungen-die-fruchtbarkeit-beeinflussen\/","title":{"rendered":"Wie Krebsbehandlungen die Fruchtbarkeit beeinflussen"},"content":{"rendered":"\t\t<div data-elementor-type=\"wp-page\" data-elementor-id=\"5923\" class=\"elementor elementor-5923 elementor-5393\" data-elementor-post-type=\"page\">\n\t\t\t\t<main class=\"elementor-element elementor-element-78156deb e-flex e-con-boxed e-con e-parent\" data-id=\"78156deb\" data-element_type=\"container\" data-e-type=\"container\">\n\t\t\t\t\t<div class=\"e-con-inner\">\n\t\t<div class=\"elementor-element elementor-element-4290a5d9 e-con-full e-flex e-con e-child\" data-id=\"4290a5d9\" data-element_type=\"container\" data-e-type=\"container\">\n\t\t\t\t<div class=\"elementor-element elementor-element-62c0ba8d elementor-widget elementor-widget-text-editor\" data-id=\"62c0ba8d\" data-element_type=\"widget\" data-e-type=\"widget\" data-widget_type=\"text-editor.default\">\n\t\t\t\t<div class=\"elementor-widget-container\">\n\t\t\t\t\t\t\t\t\t<h2>Wie Krebsbehandlungen die Fruchtbarkeit beeinflussen<\/h2><p>Die Wahrscheinlichkeit, dass eine Frau durch ihre Krebsbehandlung ein Fruchtbarkeitsproblem bekommt, h\u00e4ngt von vielen Faktoren ab.<\/p><p>Dazu geh\u00f6ren ihr Alter, ihre Fruchtbarkeit und ihr Gesundheitszustand vor der Krebserkrankung, die Art der Krebserkrankung und die Art der Krebsbehandlung, die sie erh\u00e4lt.<\/p><p>Aufgrund der vielen Faktoren, die die Fruchtbarkeit beeinflussen k\u00f6nnen, ist es schwierig, mit Sicherheit zu sagen, wie die Fruchtbarkeit einer Frau beeintr\u00e4chtigt wird. Nicht alle Frauen, die sich einer Krebsbehandlung unterziehen, werden in Zukunft ein Fruchtbarkeitsproblem haben.  Ob das Fruchtbarkeitsproblem von Dauer sein wird, l\u00e4sst sich erst nach Abschluss der Krebsbehandlung feststellen. Wir k\u00f6nnen auch nicht mit Sicherheit sagen, wie lange eine Frau nach einer Krebsbehandlung fruchtbar sein wird. <\/p><p>Aus diesen Gr\u00fcnden sollten Sie mit Ihrem Krebsteam und Ihrem Fertilit\u00e4tsbehandlungsteam \u00fcber das Risiko zuk\u00fcnftiger Fruchtbarkeitsprobleme sprechen, bevor Sie Ihre Krebsbehandlung beginnen.<\/p><p>Sowohl das Krebsteam als auch das Fertilit\u00e4tsteam sprechen mit den Frauen \u00fcber ihre Krebsart, die Krebsbehandlung und ihre pers\u00f6nliche Geschichte. Sie versuchen herauszufinden, wie sich die Krebsbehandlung auf ihre Fruchtbarkeit auswirken kann. <\/p><p>Die wichtigsten Krebsbehandlungen sind Chemotherapie, Strahlentherapie, Operation, Hormontherapie und zielgerichtete Therapie, die sich alle auf unterschiedliche Weise auswirken k\u00f6nnen. Erkundigen Sie sich bei Ihrem Krebsteam, wie hoch das Risiko der Unfruchtbarkeit bei den einzelnen Krebsbehandlungen ist, die Ihnen angeboten werden. <\/p><p><b>Die folgende Grafik<\/b> zeigt, wie sich eine Krebsbehandlung auf die Fruchtbarkeit auswirken kann. Sie zeigt, wie sich die Anzahl der Eizellen einer Frau (ihre Eierstockreserve) nach einer Krebsbehandlung verringern kann. Der schattierte Bereich in der Grafik zeigt, dass die Fruchtbarkeit einer Frau je nach Alter und Krebsbehandlung beeintr\u00e4chtigt werden kann.  <\/p><p>Die Fruchtbarkeit von Frauen kann \u00fcberall innerhalb des schraffierten Bereichs liegen. Sprechen Sie mit Ihrem Krebsteam, um mehr dar\u00fcber zu erfahren, wie sich die Krebsbehandlung und Ihr Alter auf Ihre Fruchtbarkeit auswirken k\u00f6nnen. <\/p>\t\t\t\t\t\t\t\t<\/div>\n\t\t\t\t<\/div>\n\t\t\t\t<div class=\"elementor-element elementor-element-0be0d05 elementor-widget elementor-widget-image\" data-id=\"0be0d05\" data-element_type=\"widget\" data-e-type=\"widget\" data-widget_type=\"image.default\">\n\t\t\t\t<div class=\"elementor-widget-container\">\n\t\t\t\t\t\t\t\t\t\t\t\t\t\t\t<img fetchpriority=\"high\" decoding=\"async\" width=\"800\" height=\"319\" src=\"https:\/\/cancerfertilityandme.org.uk\/wp-content\/uploads\/DE-01-1-2-1024x408.png\" class=\"attachment-large size-large wp-image-10885\" alt=\"Auswirkungen der Krebsbehandlung auf die Fruchtbarkeit\" srcset=\"https:\/\/cancerfertilityandme.org.uk\/wp-content\/uploads\/DE-01-1-2-1024x408.png 1024w, https:\/\/cancerfertilityandme.org.uk\/wp-content\/uploads\/DE-01-1-2-300x120.png 300w, https:\/\/cancerfertilityandme.org.uk\/wp-content\/uploads\/DE-01-1-2-768x306.png 768w, https:\/\/cancerfertilityandme.org.uk\/wp-content\/uploads\/DE-01-1-2.png 1301w\" sizes=\"(max-width: 800px) 100vw, 800px\" \/>\t\t\t\t\t\t\t\t\t\t\t\t\t\t\t<\/div>\n\t\t\t\t<\/div>\n\t\t\t\t<div class=\"elementor-element elementor-element-aaf87e5 elementor-widget elementor-widget-text-editor\" data-id=\"aaf87e5\" data-element_type=\"widget\" data-e-type=\"widget\" data-widget_type=\"text-editor.default\">\n\t\t\t\t<div class=\"elementor-widget-container\">\n\t\t\t\t\t\t\t\t\t<p>W\u00e4hrend Ihrer Krebsbehandlung kann es vorkommen, dass Ihre Periode ausbleibt oder unregelm\u00e4\u00dfig wird. Diese Ver\u00e4nderungen k\u00f6nnen vor\u00fcbergehend oder dauerhaft sein. <\/p><p><strong>Vor\u00fcbergehend<\/strong>: Wenn die Ver\u00e4nderungen des Menstruationszyklus vor\u00fcbergehend sind, kehrt Ihre Periode nach der Krebsbehandlung zur\u00fcck. Dies kann innerhalb weniger Monate geschehen, aber auch bis zu einem Jahr oder l\u00e4nger dauern. Je j\u00fcnger Sie sind, wenn Sie eine Chemotherapie erhalten, und wenn Sie unter 35 sind, desto wahrscheinlicher ist es, dass Ihre Periode zur\u00fcckkehrt. Die Anzahl der Jahre, in denen Sie fruchtbar sind, kann geringer sein. Selbst wenn Ihre Periode zur\u00fcckkehrt, bedeutet dies nicht immer, dass Sie schwanger werden k\u00f6nnen.    <\/p><p><strong>Dauerhaft<\/strong>: Wenn die Ver\u00e4nderungen des Menstruationszyklus dauerhaft sind, bedeutet dies, dass Ihre Periode nach der Krebsbehandlung nicht mehr zur\u00fcckkehren wird und die Wechseljahre beginnen. Bei Frauen \u00fcber 35 Jahren ist die Wahrscheinlichkeit gr\u00f6\u00dfer, dass sie nach einer Krebsbehandlung unfruchtbar sind. <\/p><p>Wenn Ihre Periode w\u00e4hrend der Krebsbehandlung ausbleibt, k\u00f6nnen Sie trotzdem schwanger werden. Wir raten Ihnen jedoch dringend davon ab. <\/p>\t\t\t\t\t\t\t\t<\/div>\n\t\t\t\t<\/div>\n\t\t\t\t<\/div>\n\t\t<div class=\"elementor-element elementor-element-1eca450f e-con-full e-flex e-con e-child\" data-id=\"1eca450f\" data-element_type=\"container\" data-e-type=\"container\">\n\t\t<div class=\"elementor-element elementor-element-48025207 e-con-full e-flex e-con e-child\" data-id=\"48025207\" data-element_type=\"container\" data-e-type=\"container\">\n\t\t\t\t<div class=\"elementor-element elementor-element-214191e5 elementor-widget elementor-widget-image\" data-id=\"214191e5\" data-element_type=\"widget\" data-e-type=\"widget\" data-widget_type=\"image.default\">\n\t\t\t\t<div class=\"elementor-widget-container\">\n\t\t\t\t\t\t\t\t\t\t\t\t\t\t\t\t<a href=\"http:\/\/.\/\">\n\t\t\t\t\t\t\t<img decoding=\"async\" width=\"400\" height=\"440\" src=\"https:\/\/cancerfertilityandme.org.uk\/wp-content\/uploads\/cancerfertilityandme-logo-column-adult-women.png\" class=\"attachment-full size-full wp-image-2281\" alt=\"\" srcset=\"https:\/\/cancerfertilityandme.org.uk\/wp-content\/uploads\/cancerfertilityandme-logo-column-adult-women.png 400w, https:\/\/cancerfertilityandme.org.uk\/wp-content\/uploads\/cancerfertilityandme-logo-column-adult-women-273x300.png 273w\" sizes=\"(max-width: 400px) 100vw, 400px\" \/>\t\t\t\t\t\t\t\t<\/a>\n\t\t\t\t\t\t\t\t\t\t\t\t\t\t\t<\/div>\n\t\t\t\t<\/div>\n\t\t\t\t<\/div>\n\t\t<div class=\"elementor-element elementor-element-214bcecf e-con-full e-flex e-con e-child\" data-id=\"214bcecf\" data-element_type=\"container\" data-e-type=\"container\">\n\t\t\t\t<div class=\"elementor-element elementor-element-43339a39 elementor-widget elementor-widget-heading\" data-id=\"43339a39\" data-element_type=\"widget\" data-e-type=\"widget\" data-widget_type=\"heading.default\">\n\t\t\t\t<div class=\"elementor-widget-container\">\n\t\t\t\t\t<h3 class=\"elementor-heading-title elementor-size-default\">\u00dcber folgenden Link gelangen Sie zu weiteren Informationen<\/h3>\t\t\t\t<\/div>\n\t\t\t\t<\/div>\n\t\t\t\t<div class=\"elementor-element elementor-element-6ae8ee76 elementor-nav-menu--dropdown-none elementor-widget elementor-widget-nav-menu\" data-id=\"6ae8ee76\" data-element_type=\"widget\" data-e-type=\"widget\" data-settings=\"{&quot;layout&quot;:&quot;vertical&quot;,&quot;submenu_icon&quot;:{&quot;value&quot;:&quot;&lt;svg aria-hidden=\\&quot;true\\&quot; class=\\&quot;e-font-icon-svg e-fas-caret-down\\&quot; viewBox=\\&quot;0 0 320 512\\&quot; xmlns=\\&quot;http:\\\/\\\/www.w3.org\\\/2000\\\/svg\\&quot;&gt;&lt;path d=\\&quot;M31.3 192h257.3c17.8 0 26.7 21.5 14.1 34.1L174.1 354.8c-7.8 7.8-20.5 7.8-28.3 0L17.2 226.1C4.6 213.5 13.5 192 31.3 192z\\&quot;&gt;&lt;\\\/path&gt;&lt;\\\/svg&gt;&quot;,&quot;library&quot;:&quot;fa-solid&quot;}}\" data-widget_type=\"nav-menu.default\">\n\t\t\t\t<div class=\"elementor-widget-container\">\n\t\t\t\t\t\t\t\t<nav aria-label=\"Menu\" class=\"elementor-nav-menu--main elementor-nav-menu__container elementor-nav-menu--layout-vertical e--pointer-none\">\n\t\t\t\t<ul id=\"menu-1-6ae8ee76\" class=\"elementor-nav-menu sm-vertical\"><li class=\"menu-item menu-item-type-post_type menu-item-object-page menu-item-6859\"><a href=\"https:\/\/cancerfertilityandme.org.uk\/adult-women\/cancer-fertility-and-the-reproductive-system\/\" class=\"elementor-item\">Krebs, Fruchtbarkeit und das Fortpflanzungssystem<\/a><\/li>\n<li class=\"menu-item menu-item-type-post_type menu-item-object-page menu-item-6853\"><a href=\"https:\/\/cancerfertilityandme.org.uk\/adult-women\/cancer-fertility-and-the-reproductive-system\/how-cancer-treatments-affect-fertility\/\" class=\"elementor-item\">Wie Krebsbehandlungen die Fruchtbarkeit beeinflussen<\/a><\/li>\n<li class=\"menu-item menu-item-type-post_type menu-item-object-page menu-item-6851\"><a href=\"https:\/\/cancerfertilityandme.org.uk\/adult-women\/cancer-fertility-and-the-reproductive-system\/chemotherapy\/\" class=\"elementor-item\">Chemotherapy<\/a><\/li>\n<li class=\"menu-item menu-item-type-post_type menu-item-object-page menu-item-6856\"><a href=\"https:\/\/cancerfertilityandme.org.uk\/adult-women\/cancer-fertility-and-the-reproductive-system\/radiotherapy\/\" class=\"elementor-item\">Strahlentherapie<\/a><\/li>\n<li class=\"menu-item menu-item-type-post_type menu-item-object-page menu-item-6857\"><a href=\"https:\/\/cancerfertilityandme.org.uk\/adult-women\/cancer-fertility-and-the-reproductive-system\/surgery\/\" class=\"elementor-item\">Chirurgie<\/a><\/li>\n<li class=\"menu-item menu-item-type-post_type menu-item-object-page menu-item-6852\"><a href=\"https:\/\/cancerfertilityandme.org.uk\/adult-women\/cancer-fertility-and-the-reproductive-system\/hormone-therapy\/\" class=\"elementor-item\">Hormontherapie<\/a><\/li>\n<li class=\"menu-item menu-item-type-post_type menu-item-object-page menu-item-6858\"><a href=\"https:\/\/cancerfertilityandme.org.uk\/adult-women\/cancer-fertility-and-the-reproductive-system\/targeted-drug-therapies\/\" class=\"elementor-item\">Zielgerichtete medikament\u00f6se Therapien<\/a><\/li>\n<li class=\"menu-item menu-item-type-post_type menu-item-object-page menu-item-6855\"><a href=\"https:\/\/cancerfertilityandme.org.uk\/adult-women\/cancer-fertility-and-the-reproductive-system\/questions-to-ask\/\" class=\"elementor-item\">Zu stellende Fragen<\/a><\/li>\n<\/ul>\t\t\t<\/nav>\n\t\t\t\t\t\t<nav class=\"elementor-nav-menu--dropdown elementor-nav-menu__container\" aria-hidden=\"true\">\n\t\t\t\t<ul id=\"menu-2-6ae8ee76\" class=\"elementor-nav-menu sm-vertical\"><li class=\"menu-item menu-item-type-post_type menu-item-object-page menu-item-6859\"><a href=\"https:\/\/cancerfertilityandme.org.uk\/adult-women\/cancer-fertility-and-the-reproductive-system\/\" class=\"elementor-item\" tabindex=\"-1\">Krebs, Fruchtbarkeit und das Fortpflanzungssystem<\/a><\/li>\n<li class=\"menu-item menu-item-type-post_type menu-item-object-page menu-item-6853\"><a href=\"https:\/\/cancerfertilityandme.org.uk\/adult-women\/cancer-fertility-and-the-reproductive-system\/how-cancer-treatments-affect-fertility\/\" class=\"elementor-item\" tabindex=\"-1\">Wie Krebsbehandlungen die Fruchtbarkeit beeinflussen<\/a><\/li>\n<li class=\"menu-item menu-item-type-post_type menu-item-object-page menu-item-6851\"><a href=\"https:\/\/cancerfertilityandme.org.uk\/adult-women\/cancer-fertility-and-the-reproductive-system\/chemotherapy\/\" class=\"elementor-item\" tabindex=\"-1\">Chemotherapy<\/a><\/li>\n<li class=\"menu-item menu-item-type-post_type menu-item-object-page menu-item-6856\"><a href=\"https:\/\/cancerfertilityandme.org.uk\/adult-women\/cancer-fertility-and-the-reproductive-system\/radiotherapy\/\" class=\"elementor-item\" tabindex=\"-1\">Strahlentherapie<\/a><\/li>\n<li class=\"menu-item menu-item-type-post_type menu-item-object-page menu-item-6857\"><a href=\"https:\/\/cancerfertilityandme.org.uk\/adult-women\/cancer-fertility-and-the-reproductive-system\/surgery\/\" class=\"elementor-item\" tabindex=\"-1\">Chirurgie<\/a><\/li>\n<li class=\"menu-item menu-item-type-post_type menu-item-object-page menu-item-6852\"><a href=\"https:\/\/cancerfertilityandme.org.uk\/adult-women\/cancer-fertility-and-the-reproductive-system\/hormone-therapy\/\" class=\"elementor-item\" tabindex=\"-1\">Hormontherapie<\/a><\/li>\n<li class=\"menu-item menu-item-type-post_type menu-item-object-page menu-item-6858\"><a href=\"https:\/\/cancerfertilityandme.org.uk\/adult-women\/cancer-fertility-and-the-reproductive-system\/targeted-drug-therapies\/\" class=\"elementor-item\" tabindex=\"-1\">Zielgerichtete medikament\u00f6se Therapien<\/a><\/li>\n<li class=\"menu-item menu-item-type-post_type menu-item-object-page menu-item-6855\"><a href=\"https:\/\/cancerfertilityandme.org.uk\/adult-women\/cancer-fertility-and-the-reproductive-system\/questions-to-ask\/\" class=\"elementor-item\" tabindex=\"-1\">Zu stellende Fragen<\/a><\/li>\n<\/ul>\t\t\t<\/nav>\n\t\t\t\t\t\t<\/div>\n\t\t\t\t<\/div>\n\t\t\t\t<\/div>\n\t\t\t\t<\/div>\n\t\t\t\t\t<\/div>\n\t\t\t\t<\/main>\n\t\t\t\t<\/div>\n\t\t","protected":false},"excerpt":{"rendered":"<p>Wie Krebsbehandlungen die Fruchtbarkeit beeinflussen Die Wahrscheinlichkeit, dass eine Frau durch ihre Krebsbehandlung ein Fruchtbarkeitsproblem bekommt, h\u00e4ngt von vielen Faktoren ab. Dazu geh\u00f6ren ihr Alter, ihre Fruchtbarkeit und ihr Gesundheitszustand vor der Krebserkrankung, die Art der Krebserkrankung und die Art der Krebsbehandlung, die sie erh\u00e4lt. Aufgrund der vielen Faktoren, die die Fruchtbarkeit beeinflussen k\u00f6nnen, ist [&hellip;]<\/p>\n","protected":false},"author":1,"featured_media":10885,"parent":5921,"menu_order":0,"comment_status":"closed","ping_status":"open","template":"","meta":{"footnotes":""},"class_list":["post-5923","page","type-page","status-publish","has-post-thumbnail","hentry"],"_links":{"self":[{"href":"https:\/\/cancerfertilityandme.org.uk\/de\/wp-json\/wp\/v2\/pages\/5923","targetHints":{"allow":["GET"]}}],"collection":[{"href":"https:\/\/cancerfertilityandme.org.uk\/de\/wp-json\/wp\/v2\/pages"}],"about":[{"href":"https:\/\/cancerfertilityandme.org.uk\/de\/wp-json\/wp\/v2\/types\/page"}],"author":[{"embeddable":true,"href":"https:\/\/cancerfertilityandme.org.uk\/de\/wp-json\/wp\/v2\/users\/1"}],"replies":[{"embeddable":true,"href":"https:\/\/cancerfertilityandme.org.uk\/de\/wp-json\/wp\/v2\/comments?post=5923"}],"version-history":[{"count":5,"href":"https:\/\/cancerfertilityandme.org.uk\/de\/wp-json\/wp\/v2\/pages\/5923\/revisions"}],"predecessor-version":[{"id":10894,"href":"https:\/\/cancerfertilityandme.org.uk\/de\/wp-json\/wp\/v2\/pages\/5923\/revisions\/10894"}],"up":[{"embeddable":true,"href":"https:\/\/cancerfertilityandme.org.uk\/de\/wp-json\/wp\/v2\/pages\/5921"}],"wp:featuredmedia":[{"embeddable":true,"href":"https:\/\/cancerfertilityandme.org.uk\/de\/wp-json\/wp\/v2\/media\/10885"}],"wp:attachment":[{"href":"https:\/\/cancerfertilityandme.org.uk\/de\/wp-json\/wp\/v2\/media?parent=5923"}],"curies":[{"name":"wp","href":"https:\/\/api.w.org\/{rel}","templated":true}]}}