{"id":5921,"date":"2018-11-06T11:08:33","date_gmt":"2018-11-06T11:08:33","guid":{"rendered":"https:\/\/cancerfertilityandme.org.uk\/krebs-fruchtbarkeit-und-das-fortpflanzungssystem\/"},"modified":"2026-03-03T14:25:45","modified_gmt":"2026-03-03T14:25:45","slug":"krebs-fruchtbarkeit-und-das-fortpflanzungssystem","status":"publish","type":"page","link":"https:\/\/cancerfertilityandme.org.uk\/de\/erwachsene-frauen\/krebs-fruchtbarkeit-und-das-fortpflanzungssystem\/","title":{"rendered":"Krebs, Fruchtbarkeit und das Fortpflanzungssystem"},"content":{"rendered":"\t\t<div data-elementor-type=\"wp-page\" data-elementor-id=\"5921\" class=\"elementor elementor-5921 elementor-5367\" data-elementor-post-type=\"page\">\n\t\t\t\t<main class=\"elementor-element elementor-element-694ba709 e-flex e-con-boxed e-con e-parent\" data-id=\"694ba709\" data-element_type=\"container\" data-e-type=\"container\">\n\t\t\t\t\t<div class=\"e-con-inner\">\n\t\t<div class=\"elementor-element elementor-element-5d579206 e-con-full e-flex e-con e-child\" data-id=\"5d579206\" data-element_type=\"container\" data-e-type=\"container\">\n\t\t\t\t<div class=\"elementor-element elementor-element-2420152 elementor-widget elementor-widget-text-editor\" data-id=\"2420152\" data-element_type=\"widget\" data-e-type=\"widget\" data-widget_type=\"text-editor.default\">\n\t\t\t\t<div class=\"elementor-widget-container\">\n\t\t\t\t\t\t\t\t\t<h2>Einf\u00fchrung in Krebs, Fruchtbarkeit und das Fortpflanzungssystem<\/h2><h3>In diesem Abschnitt finden Sie Informationen, die Ihnen helfen sollen zu verstehen, wie sich eine Krebsbehandlung auf die Fruchtbarkeit auswirken kann.<\/h3><p><b>Als Krebs<\/b> werden Krankheiten bezeichnet, die dadurch entstehen, dass sich die Zellen des K\u00f6rpers unaufh\u00f6rlich teilen, Wucherungen bilden und in Teile des K\u00f6rpers wandern, wo sie nicht gebraucht werden. Daher m\u00fcssen Menschen mit Krebs behandelt werden. <\/p><p><b>Krebsbehandlungen<\/b> zielen darauf ab, den Krebs zu entfernen und sein Wiederauftreten zu verhindern. Die wichtigsten Krebsbehandlungen sind Chemotherapie, Strahlentherapie, Operation, Hormontherapie und gezielte Arzneimitteltherapie. Viele Menschen erhalten im Rahmen ihrer Behandlung zwei oder mehr dieser Behandlungsm\u00f6glichkeiten.  <\/p><p>Bei Frauen kann eine dieser Nebenwirkungen eine verminderte Fruchtbarkeit sein, was bedeutet, dass eine Frau in der Zukunft m\u00f6glicherweise nicht mehr schwanger werden kann.Die meisten Krebsbehandlungen haben <b>Nebenwirkungen<\/b>, die dadurch verursacht werden, dass die Behandlungen gesundes Gewebe angreifen. Viele Nebenwirkungen treten nur f\u00fcr kurze Zeit w\u00e4hrend und nach der Behandlung auf. Einige Nebenwirkungen halten l\u00e4nger an und k\u00f6nnen die Gesundheit eines Menschen f\u00fcr den Rest seines Lebens beeintr\u00e4chtigen.   <\/p><p><b>Fruchtbarkeit<\/b> bedeutet, dass man auf nat\u00fcrlichem Wege schwanger werden kann (Empf\u00e4ngnis). Die Teile des weiblichen K\u00f6rpers, die an der Fruchtbarkeit beteiligt sind, werden als das &#8222;Fortpflanzungssystem&#8220; bezeichnet. <\/p><h3>Das weibliche Fortpflanzungssystem<\/h3>\t\t\t\t\t\t\t\t<\/div>\n\t\t\t\t<\/div>\n\t\t\t\t<div class=\"elementor-element elementor-element-c79fd79 elementor-widget elementor-widget-image\" data-id=\"c79fd79\" data-element_type=\"widget\" data-e-type=\"widget\" data-widget_type=\"image.default\">\n\t\t\t\t<div class=\"elementor-widget-container\">\n\t\t\t\t\t\t\t\t\t\t\t\t\t\t\t<img fetchpriority=\"high\" decoding=\"async\" width=\"500\" height=\"400\" src=\"https:\/\/cancerfertilityandme.org.uk\/wp-content\/uploads\/female-reproductive-system-1.jpg\" class=\"attachment-large size-large wp-image-5371\" alt=\"Weibliche Fortpflanzungsorgane\" srcset=\"https:\/\/cancerfertilityandme.org.uk\/wp-content\/uploads\/female-reproductive-system-1.jpg 500w, https:\/\/cancerfertilityandme.org.uk\/wp-content\/uploads\/female-reproductive-system-1-300x240.jpg 300w\" sizes=\"(max-width: 500px) 100vw, 500px\" \/>\t\t\t\t\t\t\t\t\t\t\t\t\t\t\t<\/div>\n\t\t\t\t<\/div>\n\t\t\t\t<div class=\"elementor-element elementor-element-16c622d elementor-widget elementor-widget-text-editor\" data-id=\"16c622d\" data-element_type=\"widget\" data-e-type=\"widget\" data-widget_type=\"text-editor.default\">\n\t\t\t\t<div class=\"elementor-widget-container\">\n\t\t\t\t\t\t\t\t\t<p><b>Die wichtigsten Teile des Fortpflanzungssystems sind:<\/b><\/p><ol><li><strong>Eierst\u00f6cke<\/strong> \u2013 diese beiden Organe befinden sich auf beiden Seiten der Geb\u00e4rmutter im K\u00f6rper der Frau zwischen den H\u00fcften (Becken). Die Eierst\u00f6cke produzieren die Eizellen und die Hormone, die f\u00fcr die Zeugung eines Kindes erforderlich sind. Diese Eizellen wandern durch die Eileiter in die Geb\u00e4rmutter.  <\/li><li><strong>Eizelle <\/strong>(Oozyte) \u2013 die weibliche Geschlechtszelle, die sich nach der Befruchtung mit Spermien zu einem Baby entwickeln kann.<\/li><li><strong>Eileiter <\/strong>\u2013 die beiden Eileiter, die die Eierst\u00f6cke mit der Geb\u00e4rmutter verbinden; hier wird die Eizelle von den Spermien des Mannes befruchtet.<\/li><li><strong>Geb\u00e4rmutter <\/strong>(Uterus)\u2013 sie befindet sich im Becken und ist der Ort, an dem sich die Schwangerschaft entwickelt.<\/li><li><strong>Geb\u00e4rmutterhals <\/strong>(Cervix) \u2013 die \u00d6ffnung zur Geb\u00e4rmutter, durch die das Menstruationsblut den K\u00f6rper verl\u00e4sst (Periode) und die Frau geb\u00e4ren kann.<\/li><li><strong>Vagina <\/strong>(Geburtskanal) \u2013 die \u00d6ffnung zwischen dem unteren Teil des Geb\u00e4rmutterhalses und der Au\u00dfenseite des K\u00f6rpers.<\/li><li><strong>Vulva <\/strong>\u2013 der \u00e4u\u00dfere Bereich der Vagina.<\/li><\/ol><p>Frauen werden mit einer gro\u00dfen Anzahl von Eiern in ihren Eierst\u00f6cken geboren. Frauen k\u00f6nnen keine neuen Eizellen wachsen oder wieder produzieren. Die Anzahl der Eizellen, \u00fcber die eine Frau zu einem bestimmten Zeitpunkt verf\u00fcgt, wird als ihre Eierstockreserve bezeichnet.  <\/p><p>Wenn eine Frau in die Pubert\u00e4t kommt, nimmt die Zahl der Eizellen, die sie hat, st\u00e4ndig ab. Vor der Pubert\u00e4t liegt das daran, dass viele der Eizellen verk\u00fcmmern und vom K\u00f6rper absorbiert werden. <\/p><p>Wenn eine Frau in die Pubert\u00e4t kommt, wird jeden Monat eine Eizelle aus dem Eierstock freigesetzt (Eisprung) und wandert in die Geb\u00e4rmutter. Die anderen Eizellen, die w\u00e4hrend dieses Zyklus zu reifen beginnen, zerfallen und werden ebenfalls vom K\u00f6rper absorbiert. <\/p><p>Eine Schwangerschaft entsteht, wenn die Eizelle von einem Spermium befruchtet wird und sich in der Geb\u00e4rmutter einnistet. Wenn sich eine befruchtete Eizelle nicht in der Geb\u00e4rmutter einnistet, wird die Geb\u00e4rmutterschleimhaut abgesto\u00dfen und verl\u00e4sst den K\u00f6rper. Dies f\u00fchrt zu Blutungen, die als Menstruation oder Periode bezeichnet werden.  <\/p><p>Das Alter ist einer der wichtigsten Faktoren, die die Chancen auf eine Schwangerschaft beeinflussen. Die Anzahl und Qualit\u00e4t der Eizellen sinkt mit zunehmendem Alter der Frau. <\/p><p>Dieser R\u00fcckgang der Anzahl und Qualit\u00e4t der Eizellen verringert die Fruchtbarkeit und kann die Entstehung einer Schwangerschaft erschweren. Schlie\u00dflich gibt es so wenig Eizellen, dass Frauen unfruchtbar werden (unf\u00e4hig, schwanger zu werden), die monatliche Regelblutung ausbleibt und die Wechseljahre beginnen. Die Wechseljahre sind das nat\u00fcrliche Ende der reproduktiven Jahre einer Frau  <\/p><p>Die weibliche Fruchtbarkeit kann bei jeder Person unterschiedlich sein. Das genaue Alter, in dem eine Frau keine Kinder mehr bekommen kann, kann von Person zu Person unterschiedlich sein. <\/p><p>Wie das nachstehende Diagramm zeigt, hat eine 22-j\u00e4hrige Frau in jedem Monat, in dem sie versucht, ein Kind zu zeugen, eine Chance von 30 zu 100 (30 %), schwanger zu werden, w\u00e4hrend eine 43-j\u00e4hrige Frau eine Chance von 3 zu 100 (3 %) hat, pro Monat schwanger zu werden.<\/p><p>Die meisten Frauen kommen mit Mitte 50 in die Wechseljahre; sie haben keine Periode mehr und k\u00f6nnen auf nat\u00fcrlichem Wege keine Kinder mehr bekommen.<\/p>\t\t\t\t\t\t\t\t<\/div>\n\t\t\t\t<\/div>\n\t\t\t\t<div class=\"elementor-element elementor-element-9cb3412 elementor-widget elementor-widget-image\" data-id=\"9cb3412\" data-element_type=\"widget\" data-e-type=\"widget\" data-widget_type=\"image.default\">\n\t\t\t\t<div class=\"elementor-widget-container\">\n\t\t\t\t\t\t\t\t\t\t\t\t\t\t\t<img decoding=\"async\" width=\"800\" height=\"536\" src=\"https:\/\/cancerfertilityandme.org.uk\/wp-content\/uploads\/DE-02-1024x686-1.png\" class=\"attachment-large size-large wp-image-5379\" alt=\"female fertility vs age graph\" srcset=\"https:\/\/cancerfertilityandme.org.uk\/wp-content\/uploads\/DE-02-1024x686-1.png 1024w, https:\/\/cancerfertilityandme.org.uk\/wp-content\/uploads\/DE-02-1024x686-1-300x201.png 300w, https:\/\/cancerfertilityandme.org.uk\/wp-content\/uploads\/DE-02-1024x686-1-768x515.png 768w\" sizes=\"(max-width: 800px) 100vw, 800px\" \/>\t\t\t\t\t\t\t\t\t\t\t\t\t\t\t<\/div>\n\t\t\t\t<\/div>\n\t\t\t\t<div class=\"elementor-element elementor-element-475aee3 elementor-widget elementor-widget-text-editor\" data-id=\"475aee3\" data-element_type=\"widget\" data-e-type=\"widget\" data-widget_type=\"text-editor.default\">\n\t\t\t\t<div class=\"elementor-widget-container\">\n\t\t\t\t\t\t\t\t\t<p>Neben dem Alter kann die Fruchtbarkeit von Frauen auch durch folgende Faktoren beeinflusst werden:<\/p><ul><li>Probleme in der Geb\u00e4rmutter. Zum Beispiel Myome. <\/li><li>Krankheiten, die zu Narbenbildung im Beckenbereich f\u00fchren. Zum Beispiel entz\u00fcndliche Beckenerkrankungen, Endometriose. <\/li><li>Krankheiten, die den Eisprung beeintr\u00e4chtigen. Zum Beispiel das Syndrom der polyzystischen Ovarien. <\/li><li>Eine niedrige Spermienzahl beim m\u00e4nnlichen Partner.<\/li><li>Medikamente und Behandlungen. Zum Beispiel Chemotherapie, Strahlentherapie oder chirurgische Eingriffe bei Krebs, einige Medikamente zur Behandlung psychischer Erkrankungen und regelm\u00e4\u00dfige und langfristige Einnahme von nichtsteroidalen Entz\u00fcndungshemmern. <\/li><li>Lebensstil. Zum Beispiel \u00dcber- oder Untergewicht, Freizeitdrogen, Alkohol und Rauchen. <\/li><\/ul><p>Im Durchschnitt haben etwa 16 von 100 (16 %) Paaren ohne Krebs Probleme mit der Fruchtbarkeit. Wenn Ihnen der Kinderwunsch wichtig ist, sollten Sie vor Beginn der Krebsbehandlung mit Ihrem Krebsteam und Ihrem Kinderwunschteam sprechen. <\/p>\t\t\t\t\t\t\t\t<\/div>\n\t\t\t\t<\/div>\n\t\t<div class=\"elementor-element elementor-element-2a3976f3 e-con-full e-flex e-con e-child\" data-id=\"2a3976f3\" data-element_type=\"container\" data-e-type=\"container\" data-settings=\"{&quot;background_background&quot;:&quot;classic&quot;}\">\n\t\t\t\t<div class=\"elementor-element elementor-element-2252f12a elementor-widget elementor-widget-text-editor\" data-id=\"2252f12a\" data-element_type=\"widget\" data-e-type=\"widget\" data-widget_type=\"text-editor.default\">\n\t\t\t\t<div class=\"elementor-widget-container\">\n\t\t\t\t\t\t\t\t\t<h3> Empfohlene Informationsquelle<\/h3><p>Das NICE (National Institute for Health and Care Excellence) ist eine NHS unabh\u00e4ngige Organisation. Sie erstellt Richtlinien auf der Grundlage von Forschungsergebnissen, die zur Behandlung von Krankheiten und zur Versorgung von Gesundheitsfachkr\u00e4ften in England und Wales durchgef\u00fchrt werden. <\/p><p>Das NICE hat Richtlinien zur Erhaltung der Fruchtbarkeit bei Frauen mit Krebsdiagnose (CG156- Fruchtbarkeitsprobleme: Beurteilung und Behandlung) und Richtlinien zur Erhaltung der Fruchtbarkeit bei Jugendlichen und jungen Erwachsenen (QS55- Cancer services for children and young adults: fertility support) erstellt.<\/p><p>Weitere Informationen finden Sie auf der NICE-Webseite:<a href=\"https:\/\/www.nice.org.uk\/\" target=\"_blank\" rel=\"noopener noreferrer\">www.nice.org.uk<\/a><\/p>\t\t\t\t\t\t\t\t<\/div>\n\t\t\t\t<\/div>\n\t\t\t\t<\/div>\n\t\t\t\t<\/div>\n\t\t<div class=\"elementor-element elementor-element-48ac27a3 e-con-full e-flex e-con e-child\" data-id=\"48ac27a3\" data-element_type=\"container\" data-e-type=\"container\">\n\t\t<div class=\"elementor-element elementor-element-15df5156 e-con-full e-flex e-con e-child\" data-id=\"15df5156\" data-element_type=\"container\" data-e-type=\"container\">\n\t\t\t\t<div class=\"elementor-element elementor-element-2b6718ca elementor-widget elementor-widget-image\" data-id=\"2b6718ca\" data-element_type=\"widget\" data-e-type=\"widget\" data-widget_type=\"image.default\">\n\t\t\t\t<div class=\"elementor-widget-container\">\n\t\t\t\t\t\t\t\t\t\t\t\t\t\t\t\t<a href=\"http:\/\/.\/\">\n\t\t\t\t\t\t\t<img decoding=\"async\" width=\"400\" height=\"440\" src=\"https:\/\/cancerfertilityandme.org.uk\/wp-content\/uploads\/cancerfertilityandme-logo-column-adult-women.png\" class=\"attachment-full size-full wp-image-2281\" alt=\"\" srcset=\"https:\/\/cancerfertilityandme.org.uk\/wp-content\/uploads\/cancerfertilityandme-logo-column-adult-women.png 400w, https:\/\/cancerfertilityandme.org.uk\/wp-content\/uploads\/cancerfertilityandme-logo-column-adult-women-273x300.png 273w\" sizes=\"(max-width: 400px) 100vw, 400px\" \/>\t\t\t\t\t\t\t\t<\/a>\n\t\t\t\t\t\t\t\t\t\t\t\t\t\t\t<\/div>\n\t\t\t\t<\/div>\n\t\t\t\t<\/div>\n\t\t<div class=\"elementor-element elementor-element-7f8c3660 e-con-full e-flex e-con e-child\" data-id=\"7f8c3660\" data-element_type=\"container\" data-e-type=\"container\">\n\t\t\t\t<div class=\"elementor-element elementor-element-4b69ee29 elementor-widget elementor-widget-heading\" data-id=\"4b69ee29\" data-element_type=\"widget\" data-e-type=\"widget\" data-widget_type=\"heading.default\">\n\t\t\t\t<div class=\"elementor-widget-container\">\n\t\t\t\t\t<h3 class=\"elementor-heading-title elementor-size-default\">\u00dcber folgenden Link gelangen Sie zu weiteren Informationen<\/h3>\t\t\t\t<\/div>\n\t\t\t\t<\/div>\n\t\t\t\t<div class=\"elementor-element elementor-element-37188788 elementor-nav-menu--dropdown-none elementor-widget elementor-widget-nav-menu\" data-id=\"37188788\" data-element_type=\"widget\" data-e-type=\"widget\" data-settings=\"{&quot;layout&quot;:&quot;vertical&quot;,&quot;submenu_icon&quot;:{&quot;value&quot;:&quot;&lt;svg aria-hidden=\\&quot;true\\&quot; class=\\&quot;e-font-icon-svg e-fas-caret-down\\&quot; viewBox=\\&quot;0 0 320 512\\&quot; xmlns=\\&quot;http:\\\/\\\/www.w3.org\\\/2000\\\/svg\\&quot;&gt;&lt;path d=\\&quot;M31.3 192h257.3c17.8 0 26.7 21.5 14.1 34.1L174.1 354.8c-7.8 7.8-20.5 7.8-28.3 0L17.2 226.1C4.6 213.5 13.5 192 31.3 192z\\&quot;&gt;&lt;\\\/path&gt;&lt;\\\/svg&gt;&quot;,&quot;library&quot;:&quot;fa-solid&quot;}}\" data-widget_type=\"nav-menu.default\">\n\t\t\t\t<div class=\"elementor-widget-container\">\n\t\t\t\t\t\t\t\t<nav aria-label=\"Menu\" class=\"elementor-nav-menu--main elementor-nav-menu__container elementor-nav-menu--layout-vertical e--pointer-none\">\n\t\t\t\t<ul id=\"menu-1-37188788\" class=\"elementor-nav-menu sm-vertical\"><li class=\"menu-item menu-item-type-post_type menu-item-object-page menu-item-6859\"><a href=\"https:\/\/cancerfertilityandme.org.uk\/adult-women\/cancer-fertility-and-the-reproductive-system\/\" class=\"elementor-item\">Krebs, Fruchtbarkeit und das Fortpflanzungssystem<\/a><\/li>\n<li class=\"menu-item menu-item-type-post_type menu-item-object-page menu-item-6853\"><a href=\"https:\/\/cancerfertilityandme.org.uk\/adult-women\/cancer-fertility-and-the-reproductive-system\/how-cancer-treatments-affect-fertility\/\" class=\"elementor-item\">Wie Krebsbehandlungen die Fruchtbarkeit beeinflussen<\/a><\/li>\n<li class=\"menu-item menu-item-type-post_type menu-item-object-page menu-item-6851\"><a href=\"https:\/\/cancerfertilityandme.org.uk\/adult-women\/cancer-fertility-and-the-reproductive-system\/chemotherapy\/\" class=\"elementor-item\">Chemotherapy<\/a><\/li>\n<li class=\"menu-item menu-item-type-post_type menu-item-object-page menu-item-6856\"><a href=\"https:\/\/cancerfertilityandme.org.uk\/adult-women\/cancer-fertility-and-the-reproductive-system\/radiotherapy\/\" class=\"elementor-item\">Strahlentherapie<\/a><\/li>\n<li class=\"menu-item menu-item-type-post_type menu-item-object-page menu-item-6857\"><a href=\"https:\/\/cancerfertilityandme.org.uk\/adult-women\/cancer-fertility-and-the-reproductive-system\/surgery\/\" class=\"elementor-item\">Chirurgie<\/a><\/li>\n<li class=\"menu-item menu-item-type-post_type menu-item-object-page menu-item-6852\"><a href=\"https:\/\/cancerfertilityandme.org.uk\/adult-women\/cancer-fertility-and-the-reproductive-system\/hormone-therapy\/\" class=\"elementor-item\">Hormontherapie<\/a><\/li>\n<li class=\"menu-item menu-item-type-post_type menu-item-object-page menu-item-6858\"><a href=\"https:\/\/cancerfertilityandme.org.uk\/adult-women\/cancer-fertility-and-the-reproductive-system\/targeted-drug-therapies\/\" class=\"elementor-item\">Zielgerichtete medikament\u00f6se Therapien<\/a><\/li>\n<li class=\"menu-item menu-item-type-post_type menu-item-object-page menu-item-6855\"><a href=\"https:\/\/cancerfertilityandme.org.uk\/adult-women\/cancer-fertility-and-the-reproductive-system\/questions-to-ask\/\" class=\"elementor-item\">Zu stellende Fragen<\/a><\/li>\n<\/ul>\t\t\t<\/nav>\n\t\t\t\t\t\t<nav class=\"elementor-nav-menu--dropdown elementor-nav-menu__container\" aria-hidden=\"true\">\n\t\t\t\t<ul id=\"menu-2-37188788\" class=\"elementor-nav-menu sm-vertical\"><li class=\"menu-item menu-item-type-post_type menu-item-object-page menu-item-6859\"><a href=\"https:\/\/cancerfertilityandme.org.uk\/adult-women\/cancer-fertility-and-the-reproductive-system\/\" class=\"elementor-item\" tabindex=\"-1\">Krebs, Fruchtbarkeit und das Fortpflanzungssystem<\/a><\/li>\n<li class=\"menu-item menu-item-type-post_type menu-item-object-page menu-item-6853\"><a href=\"https:\/\/cancerfertilityandme.org.uk\/adult-women\/cancer-fertility-and-the-reproductive-system\/how-cancer-treatments-affect-fertility\/\" class=\"elementor-item\" tabindex=\"-1\">Wie Krebsbehandlungen die Fruchtbarkeit beeinflussen<\/a><\/li>\n<li class=\"menu-item menu-item-type-post_type menu-item-object-page menu-item-6851\"><a href=\"https:\/\/cancerfertilityandme.org.uk\/adult-women\/cancer-fertility-and-the-reproductive-system\/chemotherapy\/\" class=\"elementor-item\" tabindex=\"-1\">Chemotherapy<\/a><\/li>\n<li class=\"menu-item menu-item-type-post_type menu-item-object-page menu-item-6856\"><a href=\"https:\/\/cancerfertilityandme.org.uk\/adult-women\/cancer-fertility-and-the-reproductive-system\/radiotherapy\/\" class=\"elementor-item\" tabindex=\"-1\">Strahlentherapie<\/a><\/li>\n<li class=\"menu-item menu-item-type-post_type menu-item-object-page menu-item-6857\"><a href=\"https:\/\/cancerfertilityandme.org.uk\/adult-women\/cancer-fertility-and-the-reproductive-system\/surgery\/\" class=\"elementor-item\" tabindex=\"-1\">Chirurgie<\/a><\/li>\n<li class=\"menu-item menu-item-type-post_type menu-item-object-page menu-item-6852\"><a href=\"https:\/\/cancerfertilityandme.org.uk\/adult-women\/cancer-fertility-and-the-reproductive-system\/hormone-therapy\/\" class=\"elementor-item\" tabindex=\"-1\">Hormontherapie<\/a><\/li>\n<li class=\"menu-item menu-item-type-post_type menu-item-object-page menu-item-6858\"><a href=\"https:\/\/cancerfertilityandme.org.uk\/adult-women\/cancer-fertility-and-the-reproductive-system\/targeted-drug-therapies\/\" class=\"elementor-item\" tabindex=\"-1\">Zielgerichtete medikament\u00f6se Therapien<\/a><\/li>\n<li class=\"menu-item menu-item-type-post_type menu-item-object-page menu-item-6855\"><a href=\"https:\/\/cancerfertilityandme.org.uk\/adult-women\/cancer-fertility-and-the-reproductive-system\/questions-to-ask\/\" class=\"elementor-item\" tabindex=\"-1\">Zu stellende Fragen<\/a><\/li>\n<\/ul>\t\t\t<\/nav>\n\t\t\t\t\t\t<\/div>\n\t\t\t\t<\/div>\n\t\t\t\t<\/div>\n\t\t\t\t<\/div>\n\t\t\t\t\t<\/div>\n\t\t\t\t<\/main>\n\t\t\t\t<\/div>\n\t\t","protected":false},"excerpt":{"rendered":"<p>Einf\u00fchrung in Krebs, Fruchtbarkeit und das Fortpflanzungssystem In diesem Abschnitt finden Sie Informationen, die Ihnen helfen sollen zu verstehen, wie sich eine Krebsbehandlung auf die Fruchtbarkeit auswirken kann. Als Krebs werden Krankheiten bezeichnet, die dadurch entstehen, dass sich die Zellen des K\u00f6rpers unaufh\u00f6rlich teilen, Wucherungen bilden und in Teile des K\u00f6rpers wandern, wo sie nicht [&hellip;]<\/p>\n","protected":false},"author":1,"featured_media":5371,"parent":6760,"menu_order":0,"comment_status":"closed","ping_status":"open","template":"","meta":{"footnotes":""},"class_list":["post-5921","page","type-page","status-publish","has-post-thumbnail","hentry"],"_links":{"self":[{"href":"https:\/\/cancerfertilityandme.org.uk\/de\/wp-json\/wp\/v2\/pages\/5921","targetHints":{"allow":["GET"]}}],"collection":[{"href":"https:\/\/cancerfertilityandme.org.uk\/de\/wp-json\/wp\/v2\/pages"}],"about":[{"href":"https:\/\/cancerfertilityandme.org.uk\/de\/wp-json\/wp\/v2\/types\/page"}],"author":[{"embeddable":true,"href":"https:\/\/cancerfertilityandme.org.uk\/de\/wp-json\/wp\/v2\/users\/1"}],"replies":[{"embeddable":true,"href":"https:\/\/cancerfertilityandme.org.uk\/de\/wp-json\/wp\/v2\/comments?post=5921"}],"version-history":[{"count":9,"href":"https:\/\/cancerfertilityandme.org.uk\/de\/wp-json\/wp\/v2\/pages\/5921\/revisions"}],"predecessor-version":[{"id":10883,"href":"https:\/\/cancerfertilityandme.org.uk\/de\/wp-json\/wp\/v2\/pages\/5921\/revisions\/10883"}],"up":[{"embeddable":true,"href":"https:\/\/cancerfertilityandme.org.uk\/de\/wp-json\/wp\/v2\/pages\/6760"}],"wp:featuredmedia":[{"embeddable":true,"href":"https:\/\/cancerfertilityandme.org.uk\/de\/wp-json\/wp\/v2\/media\/5371"}],"wp:attachment":[{"href":"https:\/\/cancerfertilityandme.org.uk\/de\/wp-json\/wp\/v2\/media?parent=5921"}],"curies":[{"name":"wp","href":"https:\/\/api.w.org\/{rel}","templated":true}]}}