{"id":5919,"date":"2019-02-07T16:57:21","date_gmt":"2019-02-07T16:57:21","guid":{"rendered":"https:\/\/cancerfertilityandme.org.uk\/diese-website-benutzen\/"},"modified":"2025-11-17T10:53:49","modified_gmt":"2025-11-17T10:53:49","slug":"diese-website-benutzen","status":"publish","type":"page","link":"https:\/\/cancerfertilityandme.org.uk\/de\/erwachsene-frauen\/ueber-diese-website\/diese-website-benutzen\/","title":{"rendered":"Diese Website benutzen"},"content":{"rendered":"\t\t<div data-elementor-type=\"wp-page\" data-elementor-id=\"5919\" class=\"elementor elementor-5919 elementor-5603\" data-elementor-post-type=\"page\">\n\t\t\t\t<main class=\"elementor-element elementor-element-2122ebfc e-flex e-con-boxed e-con e-parent\" data-id=\"2122ebfc\" data-element_type=\"container\" data-e-type=\"container\">\n\t\t\t\t\t<div class=\"e-con-inner\">\n\t\t<div class=\"elementor-element elementor-element-70263d2a e-con-full e-flex e-con e-child\" data-id=\"70263d2a\" data-element_type=\"container\" data-e-type=\"container\">\n\t\t\t\t<div class=\"elementor-element elementor-element-4e959baf elementor-widget elementor-widget-text-editor\" data-id=\"4e959baf\" data-element_type=\"widget\" data-e-type=\"widget\" data-widget_type=\"text-editor.default\">\n\t\t\t\t<div class=\"elementor-widget-container\">\n\t\t\t\t\t\t\t\t\t<h2>Diese Webseite soll Ihnen bei Ihrer Entscheidung helfen<\/h2><p>Einige Frauen, die eine Krebsbehandlung beginnen, wissen genau, ob sie eine Fruchtbarkeitserhaltung in Betracht ziehen oder nicht. Andere Frauen sind sich unsicher, ob sie sich f\u00fcr eine Fruchtbarkeitserhaltung entscheiden sollen und welche Optionen f\u00fcr sie am besten sind. <\/p><p>Um Sie bei dieser Entscheidung zu unterst\u00fctzen, finden Sie auf dieser Webseite Informationen, die Ihnen helfen sollen.<\/p><ul><li>Erfahren Sie mehr \u00fcber die verschiedenen M\u00f6glichkeiten der Fruchtbarkeitserhaltung.<\/li><li>\u00dcberlegen Sie, ob die Fruchtbarkeitserhaltung f\u00fcr Sie eine Option sein k\u00f6nnte.<\/li><li>\u00dcberlegen Sie, was f\u00fcr Ihr Leben jetzt und in der Zukunft wichtig ist.<\/li><li>Sprechen Sie mit Ihrem Krebsteam und Ihrem Fertilit\u00e4tsbehandlungsteam, w\u00e4hrend Sie Ihre Entscheidung treffen.<\/li><li>Besprechen Sie mit Ihrem Krebsteam und Ihrem Fertilit\u00e4tsbehandlungsteam die Folgen und Vorteile jeglicher Entscheidungen, die Sie treffen.<\/li><\/ul><p>Sie k\u00f6nnen diese Webseite auf verschiedene Weise nutzen. Vielleicht finden Sie es n\u00fctzlich, sie ein paar Mal durchzugehen oder sich in einzelne Abschnitte zu vertiefen. Sie k\u00f6nnen sie alleine lesen oder sie mit Ihrem Krebsteam und Ihrem Fertilit\u00e4tsbehandlungsteam, Ihrem Partner, Ihrer Familie und Ihren Freunden teilen, w\u00e4hrend Sie \u00fcber Ihre Entscheidung nachdenken.  <\/p><p>Die Webseite wurde so gestaltet, dass sie klare Informationen liefert und Folgendes bietet:<\/p><ul><li>Eine \u00fcbersichtliche Navigation durch die Bereiche der Krebsbehandlung, Fruchtbarkeitsprobleme, Entscheidungen zur Erhaltung der Fruchtbarkeit und Familienplanung.<\/li><li>Entscheidungsbilder verdeutlichen, welche Entscheidungen f\u00fcr Frauen <u>vor<\/u>, <u>w\u00e4hrend<\/u> und <u>nach <\/u>einer Krebsbehandlung zu treffen sind.<\/li><li>Tabellen beschreiben die Merkmale der verschiedenen Optionen zur Fruchtbarkeitserhaltung nebeneinander, damit Sie vergleichen k\u00f6nnen, was bei jeder Option gleich oder anders ist.<\/li><li>Fragen, die Sie Ihrem Krebsteam und Ihrem Fertilit\u00e4tsbehandlungsteam stellen k\u00f6nnen.<\/li><li>Aufforderungen Notizen oder Fragen aufzuschreiben, die Ihnen im Bezug auf Ihr Leben, Ihre Krebsdiagnose und Ihre zuk\u00fcnftige Fruchtbarkeit wichtig sind.<\/li><li>Ein Glossar mit der Bedeutung der Begriffe, die bei der Diskussion \u00fcber Krebs und seine Behandlung, Fruchtbarkeit und Fruchtbarkeitserhalt verwendet werden.<\/li><\/ul>\t\t\t\t\t\t\t\t<\/div>\n\t\t\t\t<\/div>\n\t\t<div class=\"elementor-element elementor-element-338bd4e9 e-con-full e-flex e-con e-child\" data-id=\"338bd4e9\" data-element_type=\"container\" data-e-type=\"container\" data-settings=\"{&quot;background_background&quot;:&quot;classic&quot;}\">\n\t\t\t\t<div class=\"elementor-element elementor-element-15254727 elementor-widget elementor-widget-text-editor\" data-id=\"15254727\" data-element_type=\"widget\" data-e-type=\"widget\" data-widget_type=\"text-editor.default\">\n\t\t\t\t<div class=\"elementor-widget-container\">\n\t\t\t\t\t\t\t\t\t<h3>Bitte beachten Sie<\/h3>\n<p>Diese Webseite verdeutlicht, wie wichtig es ist <b>vor<\/b> Beginn der Krebsbehandlung mit Ihrem Krebsteam und Ihrem Fertilit\u00e4tsbehandlungsteam zu sprechen. Sie hilft Ihnen dabei, zu \u00fcberlegen, welche Fragen Sie stellen sollten, und gibt Ihnen Anregungen f\u00fcr die Gespr\u00e4che, die Sie mit ihnen f\u00fchren m\u00f6chten. <\/p>\n<ul>\n<li>Nicht alle der auf dieser Webseite beschriebenen Verfahren zur Erhaltung der Fruchtbarkeit sind auch f\u00fcr alle Frauen geeignet.<\/li>\n<li>Nicht alle Frauen k\u00f6nnen die auf dieser Webseite beschriebenen Verfahren zur Erhaltung der Fruchtbarkeit zum jetzigen Zeitpunkt durchf\u00fchren lassen.<\/li>\n<li>Nicht alle Frauen, die wegen einer Krebserkrankung behandelt werden, werden in Zukunft ein Fruchtbarkeitsproblem haben.<\/li>\n<li>Einige der auf dieser Webseite beschriebenen Verfahren zur Erhaltung der Fruchtbarkeit sind m\u00f6glicherweise nicht in allen Fruchtbarkeitskliniken verf\u00fcgbar.<\/li>\n<\/ul>\t\t\t\t\t\t\t\t<\/div>\n\t\t\t\t<\/div>\n\t\t\t\t<\/div>\n\t\t\t\t<\/div>\n\t\t<div class=\"elementor-element elementor-element-4c45813a e-con-full e-flex e-con e-child\" data-id=\"4c45813a\" data-element_type=\"container\" data-e-type=\"container\">\n\t\t<div class=\"elementor-element elementor-element-74317676 e-con-full e-flex e-con e-child\" data-id=\"74317676\" data-element_type=\"container\" data-e-type=\"container\">\n\t\t\t\t<div class=\"elementor-element elementor-element-13a82141 elementor-widget elementor-widget-image\" data-id=\"13a82141\" data-element_type=\"widget\" data-e-type=\"widget\" data-widget_type=\"image.default\">\n\t\t\t\t<div class=\"elementor-widget-container\">\n\t\t\t\t\t\t\t\t\t\t\t\t\t\t\t\t<a href=\"http:\/\/.\/\">\n\t\t\t\t\t\t\t<img fetchpriority=\"high\" decoding=\"async\" width=\"400\" height=\"440\" src=\"https:\/\/cancerfertilityandme.org.uk\/wp-content\/uploads\/cancerfertilityandme-logo-column-adult-women.png\" class=\"attachment-full size-full wp-image-2281\" alt=\"\" srcset=\"https:\/\/cancerfertilityandme.org.uk\/wp-content\/uploads\/cancerfertilityandme-logo-column-adult-women.png 400w, https:\/\/cancerfertilityandme.org.uk\/wp-content\/uploads\/cancerfertilityandme-logo-column-adult-women-273x300.png 273w\" sizes=\"(max-width: 400px) 100vw, 400px\" \/>\t\t\t\t\t\t\t\t<\/a>\n\t\t\t\t\t\t\t\t\t\t\t\t\t\t\t<\/div>\n\t\t\t\t<\/div>\n\t\t\t\t<\/div>\n\t\t<div class=\"elementor-element elementor-element-49f00865 e-con-full e-flex e-con e-child\" data-id=\"49f00865\" data-element_type=\"container\" data-e-type=\"container\">\n\t\t\t\t<div class=\"elementor-element elementor-element-3815a980 elementor-widget elementor-widget-heading\" data-id=\"3815a980\" data-element_type=\"widget\" data-e-type=\"widget\" data-widget_type=\"heading.default\">\n\t\t\t\t<div class=\"elementor-widget-container\">\n\t\t\t\t\t<h3 class=\"elementor-heading-title elementor-size-default\">\u00dcber folgenden Link gelangen Sie zu weiteren Informationen<\/h3>\t\t\t\t<\/div>\n\t\t\t\t<\/div>\n\t\t\t\t<div class=\"elementor-element elementor-element-6332b58a elementor-nav-menu--dropdown-none elementor-widget elementor-widget-nav-menu\" data-id=\"6332b58a\" data-element_type=\"widget\" data-e-type=\"widget\" data-settings=\"{&quot;layout&quot;:&quot;vertical&quot;,&quot;submenu_icon&quot;:{&quot;value&quot;:&quot;&lt;svg aria-hidden=\\&quot;true\\&quot; class=\\&quot;e-font-icon-svg e-fas-caret-down\\&quot; viewBox=\\&quot;0 0 320 512\\&quot; xmlns=\\&quot;http:\\\/\\\/www.w3.org\\\/2000\\\/svg\\&quot;&gt;&lt;path d=\\&quot;M31.3 192h257.3c17.8 0 26.7 21.5 14.1 34.1L174.1 354.8c-7.8 7.8-20.5 7.8-28.3 0L17.2 226.1C4.6 213.5 13.5 192 31.3 192z\\&quot;&gt;&lt;\\\/path&gt;&lt;\\\/svg&gt;&quot;,&quot;library&quot;:&quot;fa-solid&quot;}}\" data-widget_type=\"nav-menu.default\">\n\t\t\t\t<div class=\"elementor-widget-container\">\n\t\t\t\t\t\t\t\t<nav aria-label=\"Menu\" class=\"elementor-nav-menu--main elementor-nav-menu__container elementor-nav-menu--layout-vertical e--pointer-none\">\n\t\t\t\t<ul id=\"menu-1-6332b58a\" class=\"elementor-nav-menu sm-vertical\"><li class=\"menu-item menu-item-type-post_type menu-item-object-page menu-item-6817\"><a href=\"https:\/\/cancerfertilityandme.org.uk\/adult-women\/about-this-project\/\" class=\"elementor-item\">\u00dcber dieses Projekt<\/a><\/li>\n<li class=\"menu-item menu-item-type-post_type menu-item-object-page menu-item-6818\"><a href=\"https:\/\/cancerfertilityandme.org.uk\/adult-women\/about-this-project\/decisions-before-during-and-after-treatment\/\" class=\"elementor-item\">Entscheidungen vor, w\u00e4hrend und nach der Behandlung<\/a><\/li>\n<li class=\"menu-item menu-item-type-post_type menu-item-object-page menu-item-6820\"><a href=\"https:\/\/cancerfertilityandme.org.uk\/adult-women\/about-this-project\/using-this-website\/\" class=\"elementor-item\">Diese Website benutzen<\/a><\/li>\n<li class=\"menu-item menu-item-type-post_type menu-item-object-page menu-item-6819\"><a href=\"https:\/\/cancerfertilityandme.org.uk\/glossary\/\" class=\"elementor-item\">Glossar<\/a><\/li>\n<\/ul>\t\t\t<\/nav>\n\t\t\t\t\t\t<nav class=\"elementor-nav-menu--dropdown elementor-nav-menu__container\" aria-hidden=\"true\">\n\t\t\t\t<ul id=\"menu-2-6332b58a\" class=\"elementor-nav-menu sm-vertical\"><li class=\"menu-item menu-item-type-post_type menu-item-object-page menu-item-6817\"><a href=\"https:\/\/cancerfertilityandme.org.uk\/adult-women\/about-this-project\/\" class=\"elementor-item\" tabindex=\"-1\">\u00dcber dieses Projekt<\/a><\/li>\n<li class=\"menu-item menu-item-type-post_type menu-item-object-page menu-item-6818\"><a href=\"https:\/\/cancerfertilityandme.org.uk\/adult-women\/about-this-project\/decisions-before-during-and-after-treatment\/\" class=\"elementor-item\" tabindex=\"-1\">Entscheidungen vor, w\u00e4hrend und nach der Behandlung<\/a><\/li>\n<li class=\"menu-item menu-item-type-post_type menu-item-object-page menu-item-6820\"><a href=\"https:\/\/cancerfertilityandme.org.uk\/adult-women\/about-this-project\/using-this-website\/\" class=\"elementor-item\" tabindex=\"-1\">Diese Website benutzen<\/a><\/li>\n<li class=\"menu-item menu-item-type-post_type menu-item-object-page menu-item-6819\"><a href=\"https:\/\/cancerfertilityandme.org.uk\/glossary\/\" class=\"elementor-item\" tabindex=\"-1\">Glossar<\/a><\/li>\n<\/ul>\t\t\t<\/nav>\n\t\t\t\t\t\t<\/div>\n\t\t\t\t<\/div>\n\t\t\t\t<\/div>\n\t\t\t\t<\/div>\n\t\t\t\t\t<\/div>\n\t\t\t\t<\/main>\n\t\t\t\t<\/div>\n\t\t","protected":false},"excerpt":{"rendered":"<p>Diese Webseite soll Ihnen bei Ihrer Entscheidung helfen Einige Frauen, die eine Krebsbehandlung beginnen, wissen genau, ob sie eine Fruchtbarkeitserhaltung in Betracht ziehen oder nicht. Andere Frauen sind sich unsicher, ob sie sich f\u00fcr eine Fruchtbarkeitserhaltung entscheiden sollen und welche Optionen f\u00fcr sie am besten sind. Um Sie bei dieser Entscheidung zu unterst\u00fctzen, finden Sie [&hellip;]<\/p>\n","protected":false},"author":1,"featured_media":0,"parent":5915,"menu_order":0,"comment_status":"closed","ping_status":"open","template":"","meta":{"footnotes":""},"class_list":["post-5919","page","type-page","status-publish","hentry"],"_links":{"self":[{"href":"https:\/\/cancerfertilityandme.org.uk\/de\/wp-json\/wp\/v2\/pages\/5919","targetHints":{"allow":["GET"]}}],"collection":[{"href":"https:\/\/cancerfertilityandme.org.uk\/de\/wp-json\/wp\/v2\/pages"}],"about":[{"href":"https:\/\/cancerfertilityandme.org.uk\/de\/wp-json\/wp\/v2\/types\/page"}],"author":[{"embeddable":true,"href":"https:\/\/cancerfertilityandme.org.uk\/de\/wp-json\/wp\/v2\/users\/1"}],"replies":[{"embeddable":true,"href":"https:\/\/cancerfertilityandme.org.uk\/de\/wp-json\/wp\/v2\/comments?post=5919"}],"version-history":[{"count":3,"href":"https:\/\/cancerfertilityandme.org.uk\/de\/wp-json\/wp\/v2\/pages\/5919\/revisions"}],"predecessor-version":[{"id":9331,"href":"https:\/\/cancerfertilityandme.org.uk\/de\/wp-json\/wp\/v2\/pages\/5919\/revisions\/9331"}],"up":[{"embeddable":true,"href":"https:\/\/cancerfertilityandme.org.uk\/de\/wp-json\/wp\/v2\/pages\/5915"}],"wp:attachment":[{"href":"https:\/\/cancerfertilityandme.org.uk\/de\/wp-json\/wp\/v2\/media?parent=5919"}],"curies":[{"name":"wp","href":"https:\/\/api.w.org\/{rel}","templated":true}]}}