{"id":3412,"date":"2023-08-07T09:35:20","date_gmt":"2023-08-07T09:35:20","guid":{"rendered":"https:\/\/cancerfertilityandme.org.uk\/junge-maenner\/"},"modified":"2023-08-07T09:35:20","modified_gmt":"2023-08-07T09:35:20","slug":"junge-maenner","status":"publish","type":"page","link":"https:\/\/cancerfertilityandme.org.uk\/de\/junge-maenner\/","title":{"rendered":"Junge M\u00e4nner"},"content":{"rendered":"<h2>Krebs, Fruchtbarkeit und ich f\u00fcr junge M\u00e4nner<\/h2>\n<p>Dieser Leitfaden ist noch in Produktion.<\/p>\n<p>Wenn Sie benachrichtigt werden m\u00f6chten, sobald es verf\u00fcgbar ist, <a href=\"\/contact\">kontaktieren Sie uns<\/a> bitte.<\/p>\n<p>\u203a Zur\u00fcck zum <a href=\"\/\">CFM-Portal<\/a><\/p>\n<p><img decoding=\"async\" class=\"alignleft size-full wp-image-4437\" src=\"\/wp-content\/uploads\/2019\/04\/cfm-sumbenu-leaves.png\" alt=\"section menu\" width=\"126\" height=\"127\"><\/p>\n","protected":false},"excerpt":{"rendered":"<p>Krebs, Fruchtbarkeit und ich f\u00fcr junge M\u00e4nner Dieser Leitfaden ist noch in Produktion. Wenn Sie benachrichtigt werden m\u00f6chten, sobald es verf\u00fcgbar ist, kontaktieren Sie uns bitte. \u203a Zur\u00fcck zum CFM-Portal<\/p>\n","protected":false},"author":1,"featured_media":0,"parent":0,"menu_order":0,"comment_status":"closed","ping_status":"closed","template":"","meta":{"footnotes":""},"class_list":["post-3412","page","type-page","status-publish","hentry"],"_links":{"self":[{"href":"https:\/\/cancerfertilityandme.org.uk\/de\/wp-json\/wp\/v2\/pages\/3412","targetHints":{"allow":["GET"]}}],"collection":[{"href":"https:\/\/cancerfertilityandme.org.uk\/de\/wp-json\/wp\/v2\/pages"}],"about":[{"href":"https:\/\/cancerfertilityandme.org.uk\/de\/wp-json\/wp\/v2\/types\/page"}],"author":[{"embeddable":true,"href":"https:\/\/cancerfertilityandme.org.uk\/de\/wp-json\/wp\/v2\/users\/1"}],"replies":[{"embeddable":true,"href":"https:\/\/cancerfertilityandme.org.uk\/de\/wp-json\/wp\/v2\/comments?post=3412"}],"version-history":[{"count":0,"href":"https:\/\/cancerfertilityandme.org.uk\/de\/wp-json\/wp\/v2\/pages\/3412\/revisions"}],"wp:attachment":[{"href":"https:\/\/cancerfertilityandme.org.uk\/de\/wp-json\/wp\/v2\/media?parent=3412"}],"curies":[{"name":"wp","href":"https:\/\/api.w.org\/{rel}","templated":true}]}}