{"id":11670,"date":"2023-04-06T13:56:01","date_gmt":"2023-04-06T13:56:01","guid":{"rendered":"https:\/\/cancerfertilityandme.org.uk\/home\/entscheidung-ueber-den-erhalt-der-fruchtbarkeit\/weitere-zu-beruecksichtigende-entscheidungen-zur-fruchtbarkeit\/"},"modified":"2026-03-23T15:44:56","modified_gmt":"2026-03-23T15:44:56","slug":"weitere-zu-beruecksichtigende-entscheidungen-zur-fruchtbarkeit","status":"publish","type":"page","link":"https:\/\/cancerfertilityandme.org.uk\/de\/junge-frauen\/entscheidung-ueber-den-erhalt-der-fruchtbarkeit\/weitere-zu-beruecksichtigende-entscheidungen-zur-fruchtbarkeit\/","title":{"rendered":"Weitere zu ber\u00fccksichtigende Entscheidungen zur Fruchtbarkeit"},"content":{"rendered":"\t\t<div data-elementor-type=\"wp-page\" data-elementor-id=\"11670\" class=\"elementor elementor-11670\" data-elementor-post-type=\"page\">\n\t\t\t\t<main class=\"elementor-element elementor-element-3ff4da75 e-flex e-con-boxed e-con e-parent\" data-id=\"3ff4da75\" data-element_type=\"container\" data-e-type=\"container\">\n\t\t\t\t\t<div class=\"e-con-inner\">\n\t\t<div class=\"elementor-element elementor-element-2ab9ba32 e-con-full e-flex e-con e-child\" data-id=\"2ab9ba32\" data-element_type=\"container\" data-e-type=\"container\">\n\t\t\t\t<div class=\"elementor-element elementor-element-5bac70ef elementor-widget elementor-widget-text-editor\" data-id=\"5bac70ef\" data-element_type=\"widget\" data-e-type=\"widget\" data-widget_type=\"text-editor.default\">\n\t\t\t\t<div class=\"elementor-widget-container\">\n\t\t\t\t\t\t\t\t\t<h2>Weitere zu ber\u00fccksichtigende Entscheidungen zur Fruchtbarkeit<\/h2><p>Bisher lag der Schwerpunkt dieser Website darauf, Ihnen dabei zu helfen, die richtigen Entscheidungen zur Erhaltung Ihrer Fruchtbarkeit vor Beginn der Krebsbehandlung zu treffen. In diesem Abschnitt finden Sie Informationen \u00fcber Verh\u00fctungs- und Familienplanungsentscheidungen, die Sie m\u00f6glicherweise w\u00e4hrend und nach der Krebsbehandlung treffen m\u00f6chten.<\/p><p><strong>\u2022 W\u00e4hrend der Krebsbehandlung:<\/strong><\/p><p>Zu diesen Entscheidungen kann auch geh\u00f6ren, welche Art von Verh\u00fctungsmitteln Sie verwenden m\u00f6chten.<\/p><p><strong>\u2022 Nach der Krebsbehandlung und Nachsorge:<\/strong><\/p><p>Diese Entscheidungen k\u00f6nnen die Wahl des Verh\u00fctungsmittels, die Durchf\u00fchrung von Fruchtbarkeitstests und die Planung einer zuk\u00fcnftigen Familie betreffen.<\/p><p><strong>Empf\u00e4ngnisverh\u00fctung w\u00e4hrend einer Krebsbehandlung<\/strong><\/p><p>Frauen wird dringend geraten, w\u00e4hrend einer Krebsbehandlung nicht schwanger zu werden. Der Grund daf\u00fcr ist, dass Krebsbehandlungen ein ungeborenes Kind in den fr\u00fchen Entwicklungsstadien sch\u00e4digen k\u00f6nnen. Auch wenn Ihre Periode w\u00e4hrend der Behandlung ausbleibt, bedeutet dies nicht, dass Sie nicht schwanger werden k\u00f6nnen.  <\/p><p>Wenn Sie sexuell aktiv sind, sollten Sie w\u00e4hrend Ihrer Krebsbehandlung eine zuverl\u00e4ssige Verh\u00fctungsmethode verwenden.<\/p><p>Picture 2 below shows the different types of contraception you should consider. Das folgende Diagramm zeigt die verschiedenen Arten der Empf\u00e4ngnisverh\u00fctung, die in Frage kommen.<\/p><p><img fetchpriority=\"high\" decoding=\"async\" class=\"aligncenter wp-image-9184 size-full\" src=\"https:\/\/cancerfertilityandme.org.uk\/wp-content\/uploads\/DE-05-4.png\" alt=\"\" width=\"1024\" height=\"390\"><\/p><p>Frauen, die sich einer Hormonbehandlung unterziehen, wird empfohlen, nicht-hormonelle Verh\u00fctungsmethoden anzuwenden. Dazu geh\u00f6ren Kondome, Kondome f\u00fcr Frauen, und Diaphragmen. Die Antibabypille wird Frauen mit hormonempfindlichen Krebserkrankungen seltener empfohlen. Denn es besteht die M\u00f6glichkeit, dass die Hormone in der Pille verbleibende Krebszellen stimulieren k\u00f6nnten.   Es ist ratsam, dass Sie diese verschiedenen Verh\u00fctungsmethoden mit Ihrem Krebsteam besprechen.<\/p><p><strong>Die folgenden Fragen k\u00f6nnen Ihnen helfen, mit Ihrem Krebsteam oder Ihrem Hausarzt \u00fcber Empf\u00e4ngnisverh\u00fctung zu sprechen<\/strong><\/p><p>Die folgenden Fragen k\u00f6nnen Ihnen helfen, mit Ihrem onkologischen Behandlungsteam oder Ihrem Hausarzt \u00fcber Verh\u00fctung zu sprechen.<\/p><ul><li>Welches Verh\u00fctungsmittel ist f\u00fcr mich w\u00e4hrend meiner Krebsbehandlung am besten geeignet?<\/li><li>Wie lange muss ich dieses Verh\u00fctungsmittel anwenden?<\/li><li>Muss ich bei meiner Krebsart nicht-hormonelle Verh\u00fctungsmethoden anwenden?<\/li><li>Wenn ich w\u00e4hrend meiner Krebsbehandlung keine Periode habe, sollte ich dann trotzdem verh\u00fcten?<\/li><li>Hat es Auswirkungen auf mich oder mein ungeborenes Kind, wenn ich keine Verh\u00fctungsmittel verwende und w\u00e4hrend meiner Krebsbehandlung schwanger werde?<\/li><\/ul><h2>Entscheidungen zur Familienplanung nach einer Krebsbehandlung<\/h2><p>F\u00fcr viele Frauen ist es schwierig, nach einer Krebsdiagnose zu entscheiden, ob sie versuchen sollen, schwanger zu werden. In dieser Zeit treffen die Frauen Entscheidungen \u00fcber das Fruchtbarkeitsmanagement, die ihrem Leben am besten entsprechen. Dazu geh\u00f6ren Tests zur \u00dcberpr\u00fcfung der Fruchtbarkeit, die Wahl einer Verh\u00fctungsmethode und die Planung einer zuk\u00fcnftigen Familie.   Dies ist in Abbildung 3 unten dargestellt.<\/p><p><img decoding=\"async\" class=\"aligncenter size-full wp-image-9194\" src=\"https:\/\/cancerfertilityandme.org.uk\/wp-content\/uploads\/DE-06-4.png\" alt=\"\" width=\"980\" height=\"492\"><\/p><p> <\/p><p>Es ist schwierig, genau vorherzusagen, wie sich die Krebsbehandlung auf Ihre Fruchtbarkeit auswirken wird. Das Fruchtbarkeitsteam kann Ihre Fruchtbarkeit durch eine Reihe von Tests \u00fcberpr\u00fcfen. Dazu geh\u00f6ren Bluttests zur \u00dcberpr\u00fcfung des Hormonspiegels oder eine Ultraschalluntersuchung der Eierst\u00f6cke. Sie k\u00f6nnen Ihr Krebsteam oder Ihren Hausarzt bitten, Sie an eine Fruchtbarkeitsklinik zu \u00fcberweisen.  <\/p><p>Ihre Fruchtbarkeit kann danach auf nat\u00fcrliche Weise zur\u00fcckkehren. Auch wenn Ihre Periode nicht wieder eingesetzt hat, k\u00f6nnen Sie noch Eizellen produzieren und schwanger werden. Es ist ratsam, dass Sie mit Ihrem Krebsteam oder Ihrem Hausarzt \u00fcber Methoden der Empf\u00e4ngnisverh\u00fctung sprechen. Sie k\u00f6nnen Sie \u00fcber die M\u00f6glichkeiten und die f\u00fcr Sie geeignete Art der Empf\u00e4ngnisverh\u00fctung beraten lassen. Es wird empfohlen, zwei Jahre nach Abschluss der Krebsbehandlung zu warten, bevor Sie versuchen, ein Kind zu bekommen.   <\/p><p>Es gibt keine Daten, die darauf hindeuten, dass eine Schwangerschaft die Wahrscheinlichkeit des Wiederauftretens einer Krebserkrankung beeinflusst. Es gibt keine Daten, die darauf hindeuten, dass die Gesundheit von Kindern, die nach einer Krebsbehandlung geboren werden, beeintr\u00e4chtigt wird. Wenn Sie dar\u00fcber nachdenken, schwanger zu werden, sprechen Sie mit Ihrem Krebsteam.  <\/p><p>Nicht alle jungen Frauen, die sich einer Krebsbehandlung unterziehen, haben ein Fruchtbarkeitsproblem; die meisten jungen Frauen, die sich nach einer Krebsbehandlung ein Kind w\u00fcnschen, k\u00f6nnen auch eines bekommen.<\/p><p>Gelegentlich kann es vorkommen, dass eine junge Frau keine Kinder bekommen kann, was sehr beunruhigend sein kann und schwer zu verkraften ist. Unterst\u00fctzung und Hilfe erhalten Sie von Ihrem Fertilit\u00e4tsbehandlungsteam. Diese k\u00f6nnen emotionale Unterst\u00fctzung und Informationen \u00fcber andere M\u00f6glichkeiten anbieten. Dazu geh\u00f6ren Leihmutterschaft, Adoption und Pflegeeltern. Sie k\u00f6nnen Sie auch \u00fcber Methoden der assistierten Schwangerschaft beraten, wie z. B. Eizell- und Embryonenspenden oder die Verwendung Ihrer eigenen geretteten Eizellen, Embryonen und Eierstockgewebe.    <\/p><p><a href=\"https:\/\/www.hfea.gov.uk\/\" target=\"_blank\" rel=\"noopener\">www.hfea.gov.uk<\/a> Auf der Webseite der HFEA finden Sie weitere Informationen \u00fcber Eizell- und Embryonenspende und Leihmutterschaft.<\/p><p>Die <a href=\"https:\/\/cancerfertilityandme.org.uk\/de\/home\/nuetzliche-kontakte-2\/\">hier <\/a>aufgef\u00fchrten Organisationen bieten Informationen und Unterst\u00fctzung f\u00fcr Personen, die sich f\u00fcr eine Pflege und Adoption interessieren.<\/p><p><strong>Nachfolgend finden Sie einige Fragen, die Ihnen helfen k\u00f6nnen, mit Ihrem Krebsteam oder Ihrem Hausarzt \u00fcber die Geburt eines Kindes nach einer Krebsbehandlung zu sprechen:<\/strong><\/p><ul><li>Wie kann ich feststellen, ob ich nach der Krebsbehandlung fruchtbar bin?<\/li><li>Wie lange dauert es, bis ich wei\u00df, ob ich fruchtbar bin?<\/li><li>Gibt es Tests, mit denen ich feststellen kann, ob ich nach einer Krebsbehandlung noch fruchtbar bin?<\/li><li>Kann der Krebs zur\u00fcckkommen, wenn ich schwanger w\u00fcrde?<\/li><li>Wenn ich noch ein Kind bekommen kann, wie lange sollte ich nach der Behandlung warten?<\/li><li>Wenn ich nach einer Krebsbehandlung schwanger werde, hat mein Kind dann ein h\u00f6heres Risiko, an Krebs zu erkranken?<\/li><li>Wenn ich vor der Krebsbehandlung keinen Kinderwunsch hatte, habe ich dann noch M\u00f6glichkeiten?<\/li><\/ul><p> <\/p>\t\t\t\t\t\t\t\t<\/div>\n\t\t\t\t<\/div>\n\t\t\t\t<\/div>\n\t\t<div class=\"elementor-element elementor-element-70a0f153 e-con-full e-flex e-con e-child\" data-id=\"70a0f153\" data-element_type=\"container\" data-e-type=\"container\">\n\t\t<div class=\"elementor-element elementor-element-2958a1d3 e-con-full e-flex e-con e-child\" data-id=\"2958a1d3\" data-element_type=\"container\" data-e-type=\"container\">\n\t\t\t\t<div class=\"elementor-element elementor-element-591329c4 elementor-widget elementor-widget-image\" data-id=\"591329c4\" data-element_type=\"widget\" data-e-type=\"widget\" data-widget_type=\"image.default\">\n\t\t\t\t<div class=\"elementor-widget-container\">\n\t\t\t\t\t\t\t\t\t\t\t\t\t\t\t\t<a href=\"http:\/\/.\/\">\n\t\t\t\t\t\t\t<img decoding=\"async\" width=\"200\" height=\"200\" src=\"https:\/\/cancerfertilityandme.org.uk\/wp-content\/uploads\/cancerfertilityandme-logo-header-young-women.png\" class=\"attachment-full size-full wp-image-3191\" alt=\"\" srcset=\"https:\/\/cancerfertilityandme.org.uk\/wp-content\/uploads\/cancerfertilityandme-logo-header-young-women.png 200w, https:\/\/cancerfertilityandme.org.uk\/wp-content\/uploads\/cancerfertilityandme-logo-header-young-women-150x150.png 150w, https:\/\/cancerfertilityandme.org.uk\/wp-content\/uploads\/elementor\/thumbs\/cancerfertilityandme-logo-header-young-women-r4vfcv1ro149or8nkxzol3x986uodd6lq6no4gpb6w.png 100w\" sizes=\"(max-width: 200px) 100vw, 200px\" \/>\t\t\t\t\t\t\t\t<\/a>\n\t\t\t\t\t\t\t\t\t\t\t\t\t\t\t<\/div>\n\t\t\t\t<\/div>\n\t\t\t\t<\/div>\n\t\t<div class=\"elementor-element elementor-element-817e9ca e-con-full e-flex e-con e-child\" data-id=\"817e9ca\" data-element_type=\"container\" data-e-type=\"container\">\n\t\t\t\t<div class=\"elementor-element elementor-element-562636c3 elementor-widget elementor-widget-heading\" data-id=\"562636c3\" data-element_type=\"widget\" data-e-type=\"widget\" data-widget_type=\"heading.default\">\n\t\t\t\t<div class=\"elementor-widget-container\">\n\t\t\t\t\t<h3 class=\"elementor-heading-title elementor-size-default\">\u00dcber folgenden Link gelangen Sie zu weiteren Informationen<\/h3>\t\t\t\t<\/div>\n\t\t\t\t<\/div>\n\t\t\t\t<div class=\"elementor-element elementor-element-44a325b5 elementor-nav-menu--dropdown-none elementor-widget elementor-widget-nav-menu\" data-id=\"44a325b5\" data-element_type=\"widget\" data-e-type=\"widget\" data-settings=\"{&quot;layout&quot;:&quot;vertical&quot;,&quot;submenu_icon&quot;:{&quot;value&quot;:&quot;&lt;svg aria-hidden=\\&quot;true\\&quot; class=\\&quot;e-font-icon-svg e-fas-caret-down\\&quot; viewBox=\\&quot;0 0 320 512\\&quot; xmlns=\\&quot;http:\\\/\\\/www.w3.org\\\/2000\\\/svg\\&quot;&gt;&lt;path d=\\&quot;M31.3 192h257.3c17.8 0 26.7 21.5 14.1 34.1L174.1 354.8c-7.8 7.8-20.5 7.8-28.3 0L17.2 226.1C4.6 213.5 13.5 192 31.3 192z\\&quot;&gt;&lt;\\\/path&gt;&lt;\\\/svg&gt;&quot;,&quot;library&quot;:&quot;fa-solid&quot;}}\" data-widget_type=\"nav-menu.default\">\n\t\t\t\t<div class=\"elementor-widget-container\">\n\t\t\t\t\t\t\t\t<nav aria-label=\"Menu\" class=\"elementor-nav-menu--main elementor-nav-menu__container elementor-nav-menu--layout-vertical e--pointer-none\">\n\t\t\t\t<ul id=\"menu-1-44a325b5\" class=\"elementor-nav-menu sm-vertical\"><li class=\"menu-item menu-item-type-post_type menu-item-object-page menu-item-8524\"><a href=\"https:\/\/cancerfertilityandme.org.uk\/young-women\/making-your-decision\/\" class=\"elementor-item\">Entscheidung \u00fcber den Erhalt der Fruchtbarkeit<\/a><\/li>\n<li class=\"menu-item menu-item-type-post_type menu-item-object-page menu-item-8525\"><a href=\"https:\/\/cancerfertilityandme.org.uk\/young-women\/making-your-decision\/talking-about-fertility-preservation\/\" class=\"elementor-item\">Sprechen Sie mit Ihrem Fertilit\u00e4tsbehandlungsteam \u00fcber Fruchtbarkeitserhalt<\/a><\/li>\n<li class=\"menu-item menu-item-type-post_type menu-item-object-page menu-item-8526\"><a href=\"https:\/\/cancerfertilityandme.org.uk\/young-women\/making-your-decision\/talking-about-fertility-preservation-decision-with-others\/\" class=\"elementor-item\">Mit anderen \u00fcber die Entscheidung zur Erhaltung der Fruchtbarkeit sprechen<\/a><\/li>\n<\/ul>\t\t\t<\/nav>\n\t\t\t\t\t\t<nav class=\"elementor-nav-menu--dropdown elementor-nav-menu__container\" aria-hidden=\"true\">\n\t\t\t\t<ul id=\"menu-2-44a325b5\" class=\"elementor-nav-menu sm-vertical\"><li class=\"menu-item menu-item-type-post_type menu-item-object-page menu-item-8524\"><a href=\"https:\/\/cancerfertilityandme.org.uk\/young-women\/making-your-decision\/\" class=\"elementor-item\" tabindex=\"-1\">Entscheidung \u00fcber den Erhalt der Fruchtbarkeit<\/a><\/li>\n<li class=\"menu-item menu-item-type-post_type menu-item-object-page menu-item-8525\"><a href=\"https:\/\/cancerfertilityandme.org.uk\/young-women\/making-your-decision\/talking-about-fertility-preservation\/\" class=\"elementor-item\" tabindex=\"-1\">Sprechen Sie mit Ihrem Fertilit\u00e4tsbehandlungsteam \u00fcber Fruchtbarkeitserhalt<\/a><\/li>\n<li class=\"menu-item menu-item-type-post_type menu-item-object-page menu-item-8526\"><a href=\"https:\/\/cancerfertilityandme.org.uk\/young-women\/making-your-decision\/talking-about-fertility-preservation-decision-with-others\/\" class=\"elementor-item\" tabindex=\"-1\">Mit anderen \u00fcber die Entscheidung zur Erhaltung der Fruchtbarkeit sprechen<\/a><\/li>\n<\/ul>\t\t\t<\/nav>\n\t\t\t\t\t\t<\/div>\n\t\t\t\t<\/div>\n\t\t\t\t<\/div>\n\t\t\t\t<\/div>\n\t\t\t\t\t<\/div>\n\t\t\t\t<\/main>\n\t\t\t\t<\/div>\n\t\t","protected":false},"excerpt":{"rendered":"<p>Weitere zu ber\u00fccksichtigende Entscheidungen zur Fruchtbarkeit Bisher lag der Schwerpunkt dieser Website darauf, Ihnen dabei zu helfen, die richtigen Entscheidungen zur Erhaltung Ihrer Fruchtbarkeit vor Beginn der Krebsbehandlung zu treffen. In diesem Abschnitt finden Sie Informationen \u00fcber Verh\u00fctungs- und Familienplanungsentscheidungen, die Sie m\u00f6glicherweise w\u00e4hrend und nach der Krebsbehandlung treffen m\u00f6chten. \u2022 W\u00e4hrend der Krebsbehandlung: Zu [&hellip;]<\/p>\n","protected":false},"author":1,"featured_media":0,"parent":8397,"menu_order":0,"comment_status":"open","ping_status":"closed","template":"","meta":{"footnotes":""},"class_list":["post-11670","page","type-page","status-publish","hentry"],"_links":{"self":[{"href":"https:\/\/cancerfertilityandme.org.uk\/de\/wp-json\/wp\/v2\/pages\/11670","targetHints":{"allow":["GET"]}}],"collection":[{"href":"https:\/\/cancerfertilityandme.org.uk\/de\/wp-json\/wp\/v2\/pages"}],"about":[{"href":"https:\/\/cancerfertilityandme.org.uk\/de\/wp-json\/wp\/v2\/types\/page"}],"author":[{"embeddable":true,"href":"https:\/\/cancerfertilityandme.org.uk\/de\/wp-json\/wp\/v2\/users\/1"}],"replies":[{"embeddable":true,"href":"https:\/\/cancerfertilityandme.org.uk\/de\/wp-json\/wp\/v2\/comments?post=11670"}],"version-history":[{"count":3,"href":"https:\/\/cancerfertilityandme.org.uk\/de\/wp-json\/wp\/v2\/pages\/11670\/revisions"}],"predecessor-version":[{"id":11713,"href":"https:\/\/cancerfertilityandme.org.uk\/de\/wp-json\/wp\/v2\/pages\/11670\/revisions\/11713"}],"up":[{"embeddable":true,"href":"https:\/\/cancerfertilityandme.org.uk\/de\/wp-json\/wp\/v2\/pages\/8397"}],"wp:attachment":[{"href":"https:\/\/cancerfertilityandme.org.uk\/de\/wp-json\/wp\/v2\/media?parent=11670"}],"curies":[{"name":"wp","href":"https:\/\/api.w.org\/{rel}","templated":true}]}}